{"id":323,"date":"2025-11-05T16:45:16","date_gmt":"2025-11-05T15:45:16","guid":{"rendered":"http:\/\/sudariumchristi.stage.bergwerk-it.de\/sudarium-chrystusa-i-chusta-z-oviedo\/"},"modified":"2025-12-18T13:38:17","modified_gmt":"2025-12-18T12:38:17","slug":"sudarium-chrystusa-i-chusta-z-oviedo","status":"publish","type":"page","link":"https:\/\/www.sudariumchristi.com\/pl\/sudarium-chrystusa-i-chusta-z-oviedo\/","title":{"rendered":"Sudarium Chrystusa i chusta z Oviedo"},"content":{"rendered":"\t\t<div data-elementor-type=\"wp-page\" data-elementor-id=\"323\" class=\"elementor elementor-323 elementor-33\" data-elementor-post-type=\"page\">\n\t\t\t\t<div class=\"elementor-element elementor-element-8c597f6 e-flex e-con-boxed e-con e-parent\" data-id=\"8c597f6\" data-element_type=\"container\" data-e-type=\"container\">\n\t\t\t\t\t<div class=\"e-con-inner\">\n\t\t\t\t<div class=\"elementor-element elementor-element-ad54b9b elementor-widget elementor-widget-heading\" data-id=\"ad54b9b\" data-element_type=\"widget\" data-e-type=\"widget\" data-widget_type=\"heading.default\">\n\t\t\t\t\t<h2 class=\"elementor-heading-title elementor-size-default\">Por\u00f3wnanie chust<\/h2>\t\t\t\t<\/div>\n\t\t\t\t<div class=\"elementor-element elementor-element-13b3790 elementor-widget-divider--view-line elementor-widget elementor-widget-divider\" data-id=\"13b3790\" data-element_type=\"widget\" data-e-type=\"widget\" data-widget_type=\"divider.default\">\n\t\t\t\t\t\t\t<div class=\"elementor-divider\">\n\t\t\t<span class=\"elementor-divider-separator\">\n\t\t\t\t\t\t<\/span>\n\t\t<\/div>\n\t\t\t\t\t\t<\/div>\n\t\t\t\t<div class=\"elementor-element elementor-element-5b76897 elementor-widget elementor-widget-image\" data-id=\"5b76897\" data-element_type=\"widget\" data-e-type=\"widget\" data-widget_type=\"image.default\">\n\t\t\t\t\t\t\t\t\t\t\t\t\t\t\t<img fetchpriority=\"high\" decoding=\"async\" width=\"700\" height=\"375\" src=\"https:\/\/www.sudariumchristi.com\/wp-content\/uploads\/2025\/12\/compare_2.jpg\" class=\"attachment-large size-large wp-image-1974\" alt=\"\" srcset=\"https:\/\/www.sudariumchristi.com\/wp-content\/uploads\/2025\/12\/compare_2.jpg 700w, https:\/\/www.sudariumchristi.com\/wp-content\/uploads\/2025\/12\/compare_2-300x161.jpg 300w\" sizes=\"(max-width: 700px) 100vw, 700px\" \/>\t\t\t\t\t\t\t\t\t\t\t\t\t\t\t<\/div>\n\t\t\t\t<div class=\"elementor-element elementor-element-bc86e29 elementor-widget elementor-widget-text-editor\" data-id=\"bc86e29\" data-element_type=\"widget\" data-e-type=\"widget\" data-widget_type=\"text-editor.default\">\n\t\t\t\t\t\t\t\t\t<p><b>Chusta z Oviedo<\/b> zatamowa\u0142a krew p\u0142yn\u0105c\u0105 z nosa, ust i ran na g\u0142owie martwego Jezusa Chrystusa. Na Sudarium Chrystusa z Manoppello ukazuje si\u0119 nam naznaczone m\u0119k\u0105 oblicze Zmartwychwsta\u0142ego. Jego oczy s\u0105 otwarte.  <\/p><p><a href=\"https:\/\/www.sudariumchristi.com\/pl\/grob-jest-pusty\/bisior-i-czysty-len-2\/\">Wi\u0119cej na ten temat \u2026<\/a><\/p>\t\t\t\t\t\t\t\t<\/div>\n\t\t\t\t\t<\/div>\n\t\t\t\t<\/div>\n\t\t\t\t<\/div>\n\t\t","protected":false},"excerpt":{"rendered":"<p>Por\u00f3wnanie chust Chusta z Oviedo zatamowa\u0142a krew p\u0142yn\u0105c\u0105 z nosa, ust i ran na g\u0142owie martwego Jezusa Chrystusa. Na Sudarium Chrystusa z Manoppello ukazuje si\u0119 nam naznaczone m\u0119k\u0105 oblicze Zmartwychwsta\u0142ego. Jego oczy s\u0105 otwarte. Wi\u0119cej na ten temat \u2026<\/p>\n","protected":false},"author":1,"featured_media":0,"parent":0,"menu_order":0,"comment_status":"closed","ping_status":"closed","template":"","meta":{"footnotes":""},"class_list":["post-323","page","type-page","status-publish","hentry"],"_links":{"self":[{"href":"https:\/\/www.sudariumchristi.com\/pl\/wp-json\/wp\/v2\/pages\/323","targetHints":{"allow":["GET"]}}],"collection":[{"href":"https:\/\/www.sudariumchristi.com\/pl\/wp-json\/wp\/v2\/pages"}],"about":[{"href":"https:\/\/www.sudariumchristi.com\/pl\/wp-json\/wp\/v2\/types\/page"}],"author":[{"embeddable":true,"href":"https:\/\/www.sudariumchristi.com\/pl\/wp-json\/wp\/v2\/users\/1"}],"replies":[{"embeddable":true,"href":"https:\/\/www.sudariumchristi.com\/pl\/wp-json\/wp\/v2\/comments?post=323"}],"version-history":[{"count":6,"href":"https:\/\/www.sudariumchristi.com\/pl\/wp-json\/wp\/v2\/pages\/323\/revisions"}],"predecessor-version":[{"id":3090,"href":"https:\/\/www.sudariumchristi.com\/pl\/wp-json\/wp\/v2\/pages\/323\/revisions\/3090"}],"wp:attachment":[{"href":"https:\/\/www.sudariumchristi.com\/pl\/wp-json\/wp\/v2\/media?parent=323"}],"curies":[{"name":"wp","href":"https:\/\/api.w.org\/{rel}","templated":true}]}}