{"id":331,"date":"2025-11-05T16:45:26","date_gmt":"2025-11-05T15:45:26","guid":{"rendered":"http:\/\/sudariumchristi.stage.bergwerk-it.de\/malowidla-freski-i-ikony\/"},"modified":"2025-12-19T13:42:36","modified_gmt":"2025-12-19T12:42:36","slug":"malowidla-freski-i-ikony","status":"publish","type":"page","link":"https:\/\/www.sudariumchristi.com\/pl\/malowidla-freski-i-ikony\/","title":{"rendered":"Malowid\u0142a, freski i ikony"},"content":{"rendered":"\t\t<div data-elementor-type=\"wp-page\" data-elementor-id=\"331\" class=\"elementor elementor-331 elementor-35\" data-elementor-post-type=\"page\">\n\t\t\t\t<div class=\"elementor-element elementor-element-ec9d5da e-flex e-con-boxed e-con e-parent\" data-id=\"ec9d5da\" data-element_type=\"container\" data-e-type=\"container\">\n\t\t\t\t\t<div class=\"e-con-inner\">\n\t\t<div class=\"elementor-element elementor-element-710d013 e-con-full e-flex e-con e-child\" data-id=\"710d013\" data-element_type=\"container\" data-e-type=\"container\">\n\t\t\t\t<div class=\"elementor-element elementor-element-aff23a6 elementor-blockquote--skin-quotation elementor-blockquote--align-left elementor-widget elementor-widget-blockquote\" data-id=\"aff23a6\" data-element_type=\"widget\" data-e-type=\"widget\" data-widget_type=\"blockquote.default\">\n\t\t\t\t\t\t\t<blockquote class=\"elementor-blockquote\">\n\t\t\t<p class=\"elementor-blockquote__content\">\n\t\t\t\tDas Sch\u00f6nste auf der ganzen Welt:\nein Angesicht, vom Geist erhellt,\nauf welchem Seelenreinheit wohnt,\nauf welchem Himmelsfrieden thront.\n\n- Friedrich Gottlieb Klopstock (1724 - 1803)\t\t\t<\/p>\n\t\t\t\t\t<\/blockquote>\n\t\t\t\t\t\t<\/div>\n\t\t\t\t<div class=\"elementor-element elementor-element-a6c556d elementor-widget elementor-widget-text-editor\" data-id=\"a6c556d\" data-element_type=\"widget\" data-e-type=\"widget\" data-widget_type=\"text-editor.default\">\n\t\t\t\t\t\t\t\t\t<p class=\"txt1\"><b>Przez ca\u0142\u0105 histori\u0119 malarstwa <\/b>przewija si\u0119 motyw k\u0119pki w\u0142os\u00f3w na czole Jezusa Chrystusa, kt\u00f3ry wywodzi si\u0119 z Sudarium Chrystusa z Manoppello. Nieostre kontury z Ca\u0142unu Tury\u0144skiego nie by\u0142yby w stanie przekaza\u0107 a\u017c takich szczeg\u00f3\u0142\u00f3w. <\/p><p class=\"txt1\"><b>Pomimo zakazu tworzenia wizerunk\u00f3w<\/b> w Starym Testamencie oraz bizantyjskich spor\u00f3w o malowanie obraz\u00f3w, w \u015bwiecie chrze\u015bcija\u0144skim przewa\u017cy\u0142a ostatecznie potrzeba stworzenia wizerunku Chrystusa. Andreas Resch w roku 2005 w swojej ksi\u0105\u017cce \u201eOblicze Chrystusa\u201c ukaza\u0142 jako ukryte obrazy Chrystusa takie dzie\u0142a jak \u201eDobry pasterz\u201c (katakumby Pryscylli). Zastosowa\u0142 on zasad\u0119 suprapozycji, rozpracowan\u0105 przez siostr\u0119 Blandin\u0119 w celu udowodnienia zgodno\u015bci poszczeg\u00f3lnych ca\u0142un\u00f3w, na podstawie wczesnochrze\u015bcija\u0144skich malowide\u0142 w katakumbach Rzymu oraz na ikonach.  <\/p><p class=\"txt1\"><b>A\u017c do XVII <\/b>w. rozmaite dzie\u0142a sztuki wykazywa\u0142y uderzaj\u0105ce podobie\u0144stwo do pewnych cech Sudarium, jak na przyk\u0142ad Vera Icon na chu\u015bcie wch\u0142aniaj\u0105cej pot mistrza z Fl\u00e9maille (prawdopodobnie 1375-1444). W przypadku tego rodzaju replik, kt\u00f3re \u015bci\u015ble odnosi\u0142y si\u0119 do oryginalu, odtwarzane by\u0142y twarz i w\u0142osy g\u0142owy (z chust\u0105 i bez chusty). <\/p><p class=\"txt1\">Sudarium jako <b>wzorcowa ikona,<\/b> z geometrycznego punktu widzenia, s\u0142u\u017cy\u0142a zar\u00f3wno na Wschodzie (w Bizancjum), jak te\u017c na Zachodzie, rozwojowi Boskiego Idea\u0142u Pi\u0119kna. Odnosi si\u0119 to zar\u00f3wno nie tylko do kopii i wzor\u00f3w ikon, lecz tak\u017ce do dzie\u0142 sztuki interpretowanych w osobisty spos\u00f3b. Na wiele przedstawie\u0144 mia\u0142a wp\u0142yw epoka ich powstania. Przestrzegano odpowiednich zasad, takich jak np. zasada malowania portret\u00f3w. Niekiedy stosowano stary styl malowania, aby wizerunek sprawia\u0142 bardziej autentyczne wra\u017cenie. R\u00f3wnie\u017c wyraz twarzy odwzierciedla\u0142 rol\u0119 Jezusa Chrystysu, kt\u00f3r\u0105 mu przypisywano.    <\/p><p class=\"txt1\">Cz\u0119sto replika Sudarium \u0142\u0105czona jest z <b>obrazowym opowiadaniem.<\/b> Pochodzenie relikwii jest wyja\u015bniane na r\u00f3\u017cny spos\u00f3b, na przyk\u0142ad poprzez wprowadzenie figur wyznawc\u00f3w. Je\u017celi \u201eVeronika\u201c prezentuje obraz z chusty, kt\u00f3ry ma by\u0107 czczony, to na nim w ca\u0142o\u015b\u0107 \u0142\u0105czona jest relikwia z legend\u0105. Je\u017celi Anio\u0142owie trzymaj\u0105 obraz Chrystusa, podkre\u015blane jest jego niebia\u0144skie pochodzenie. R\u00f3wnie\u017c fakt, \u017ce uk\u0142ad fa\u0142d\u00f3w na obliczu Jezusa Chrystusa nie jest kontynuowany, czyli jakby unosi\u0142 si\u0119 nad tkanin\u0105, wskazuje na nadnaturalne pochodzenie.    <\/p>\t\t\t\t\t\t\t\t<\/div>\n\t\t\t\t<\/div>\n\t\t<div class=\"elementor-element elementor-element-797ddf0 e-con-full e-flex e-con e-child\" data-id=\"797ddf0\" data-element_type=\"container\" data-e-type=\"container\">\n\t\t\t\t<div class=\"elementor-element elementor-element-f30ddd2 elementor-widget elementor-widget-image\" data-id=\"f30ddd2\" data-element_type=\"widget\" data-e-type=\"widget\" data-widget_type=\"image.default\">\n\t\t\t\t\t\t\t\t\t\t\t\t\t\t\t<img fetchpriority=\"high\" decoding=\"async\" width=\"300\" height=\"352\" src=\"https:\/\/www.sudariumchristi.com\/wp-content\/uploads\/2025\/12\/ikonen.jpg\" class=\"attachment-large size-large wp-image-1987\" alt=\"\" srcset=\"https:\/\/www.sudariumchristi.com\/wp-content\/uploads\/2025\/12\/ikonen.jpg 300w, https:\/\/www.sudariumchristi.com\/wp-content\/uploads\/2025\/12\/ikonen-256x300.jpg 256w\" sizes=\"(max-width: 300px) 100vw, 300px\" \/>\t\t\t\t\t\t\t\t\t\t\t\t\t\t\t<\/div>\n\t\t\t\t<\/div>\n\t\t\t\t\t<\/div>\n\t\t\t\t<\/div>\n\t\t\t\t<\/div>\n\t\t","protected":false},"excerpt":{"rendered":"<p>Das Sch\u00f6nste auf der ganzen Welt: ein Angesicht, vom Geist erhellt, auf welchem Seelenreinheit wohnt, auf welchem Himmelsfrieden thront. &#8211; Friedrich Gottlieb Klopstock (1724 &#8211; 1803) Przez ca\u0142\u0105 histori\u0119 malarstwa przewija si\u0119 motyw k\u0119pki w\u0142os\u00f3w na czole Jezusa Chrystusa, kt\u00f3ry wywodzi si\u0119 z Sudarium Chrystusa z Manoppello. Nieostre kontury z Ca\u0142unu Tury\u0144skiego nie by\u0142yby w [&hellip;]<\/p>\n","protected":false},"author":1,"featured_media":0,"parent":0,"menu_order":0,"comment_status":"closed","ping_status":"closed","template":"","meta":{"footnotes":""},"class_list":["post-331","page","type-page","status-publish","hentry"],"_links":{"self":[{"href":"https:\/\/www.sudariumchristi.com\/pl\/wp-json\/wp\/v2\/pages\/331","targetHints":{"allow":["GET"]}}],"collection":[{"href":"https:\/\/www.sudariumchristi.com\/pl\/wp-json\/wp\/v2\/pages"}],"about":[{"href":"https:\/\/www.sudariumchristi.com\/pl\/wp-json\/wp\/v2\/types\/page"}],"author":[{"embeddable":true,"href":"https:\/\/www.sudariumchristi.com\/pl\/wp-json\/wp\/v2\/users\/1"}],"replies":[{"embeddable":true,"href":"https:\/\/www.sudariumchristi.com\/pl\/wp-json\/wp\/v2\/comments?post=331"}],"version-history":[{"count":4,"href":"https:\/\/www.sudariumchristi.com\/pl\/wp-json\/wp\/v2\/pages\/331\/revisions"}],"predecessor-version":[{"id":3656,"href":"https:\/\/www.sudariumchristi.com\/pl\/wp-json\/wp\/v2\/pages\/331\/revisions\/3656"}],"wp:attachment":[{"href":"https:\/\/www.sudariumchristi.com\/pl\/wp-json\/wp\/v2\/media?parent=331"}],"curies":[{"name":"wp","href":"https:\/\/api.w.org\/{rel}","templated":true}]}}