{"id":380,"date":"2025-11-05T16:46:57","date_gmt":"2025-11-05T15:46:57","guid":{"rendered":"http:\/\/sudariumchristi.stage.bergwerk-it.de\/poezja-i-fakty\/sprzecznosc-widniejaca-na-slupie-weroniki\/"},"modified":"2025-12-19T13:44:18","modified_gmt":"2025-12-19T12:44:18","slug":"sprzecznosc-widniejaca-na-slupie-weroniki","status":"publish","type":"page","link":"https:\/\/www.sudariumchristi.com\/pl\/poezja-i-fakty\/sprzecznosc-widniejaca-na-slupie-weroniki\/","title":{"rendered":"Sprzeczno\u015b\u0107 widniej\u0105ca na s\u0142upie Weroniki"},"content":{"rendered":"\t\t<div data-elementor-type=\"wp-page\" data-elementor-id=\"380\" class=\"elementor elementor-380 elementor-45\" data-elementor-post-type=\"page\">\n\t\t\t\t<div class=\"elementor-element elementor-element-afb83c0 e-flex e-con-boxed e-con e-parent\" data-id=\"afb83c0\" data-element_type=\"container\" data-e-type=\"container\">\n\t\t\t\t\t<div class=\"e-con-inner\">\n\t\t\t\t<div class=\"elementor-element elementor-element-4b76fd5 elementor-blockquote--skin-quotation elementor-blockquote--align-left elementor-widget elementor-widget-blockquote\" data-id=\"4b76fd5\" data-element_type=\"widget\" data-e-type=\"widget\" data-widget_type=\"blockquote.default\">\n\t\t\t\t\t\t\t<blockquote class=\"elementor-blockquote\">\n\t\t\t<p class=\"elementor-blockquote__content\">\n\t\t\t\tAVULTUM TUUM DEPRECABUNTUR \u2013 B\u0142agaj\u0105 Twoje oblicze\t\t\t<\/p>\n\t\t\t\t\t\t\t<div class=\"e-q-footer\">\n\t\t\t\t\t\t\t\t\t\t\t<cite class=\"elementor-blockquote__author\">(Ps 45,13)<\/cite>\n\t\t\t\t\t\t\t\t\t\t\t\t\t\t<\/div>\n\t\t\t\t\t<\/blockquote>\n\t\t\t\t\t\t<\/div>\n\t\t\t\t<div class=\"elementor-element elementor-element-ec493d8 elementor-widget__width-initial elementor-widget elementor-widget-image-carousel\" data-id=\"ec493d8\" data-element_type=\"widget\" data-e-type=\"widget\" data-settings=\"{&quot;slides_to_show&quot;:&quot;1&quot;,&quot;navigation&quot;:&quot;none&quot;,&quot;lazyload&quot;:&quot;yes&quot;,&quot;autoplay&quot;:&quot;yes&quot;,&quot;pause_on_hover&quot;:&quot;yes&quot;,&quot;pause_on_interaction&quot;:&quot;yes&quot;,&quot;autoplay_speed&quot;:5000,&quot;infinite&quot;:&quot;yes&quot;,&quot;effect&quot;:&quot;slide&quot;,&quot;speed&quot;:500}\" data-widget_type=\"image-carousel.default\">\n\t\t\t\t\t\t\t<div class=\"elementor-image-carousel-wrapper swiper\" role=\"region\" aria-roledescription=\"carousel\" aria-label=\"Bild Karussell\" dir=\"ltr\">\n\t\t\t<div class=\"elementor-image-carousel swiper-wrapper swiper-image-stretch\" aria-live=\"off\">\n\t\t\t\t\t\t\t\t<div class=\"swiper-slide\" role=\"group\" aria-roledescription=\"slide\" aria-label=\"1 z 7\"><figure class=\"swiper-slide-inner\"><img class=\"swiper-slide-image swiper-lazy\" data-src=\"https:\/\/www.sudariumchristi.com\/wp-content\/uploads\/2025\/12\/veronica_01.jpg\" alt=\"Veronika-Pfeiler\" \/><div class=\"swiper-lazy-preloader\"><\/div><figcaption class=\"elementor-image-carousel-caption\">Veronika-Pfeiler<\/figcaption><\/figure><\/div><div class=\"swiper-slide\" role=\"group\" aria-roledescription=\"slide\" aria-label=\"2 z 7\"><figure class=\"swiper-slide-inner\"><img class=\"swiper-slide-image swiper-lazy\" data-src=\"https:\/\/www.sudariumchristi.com\/wp-content\/uploads\/2025\/12\/veronica_02.jpg\" alt=\"Veronika mit Schwei\u00dftuch\" \/><div class=\"swiper-lazy-preloader\"><\/div><figcaption class=\"elementor-image-carousel-caption\">Veronika mit Schwei\u00dftuch<\/figcaption><\/figure><\/div><div class=\"swiper-slide\" role=\"group\" aria-roledescription=\"slide\" aria-label=\"3 z 7\"><figure class=\"swiper-slide-inner\"><img class=\"swiper-slide-image swiper-lazy\" data-src=\"https:\/\/www.sudariumchristi.com\/wp-content\/uploads\/2025\/12\/veronica_03.jpg\" alt=\"Veronika mit Schwei\u00dftuch\" \/><div class=\"swiper-lazy-preloader\"><\/div><figcaption class=\"elementor-image-carousel-caption\">Veronika mit Schwei\u00dftuch<\/figcaption><\/figure><\/div><div class=\"swiper-slide\" role=\"group\" aria-roledescription=\"slide\" aria-label=\"4 z 7\"><figure class=\"swiper-slide-inner\"><img class=\"swiper-slide-image swiper-lazy\" data-src=\"https:\/\/www.sudariumchristi.com\/wp-content\/uploads\/2025\/12\/veronica_04.jpg\" alt=\"Veronika mit Schwei\u00dftuch\" \/><div class=\"swiper-lazy-preloader\"><\/div><figcaption class=\"elementor-image-carousel-caption\">Veronika mit Schwei\u00dftuch<\/figcaption><\/figure><\/div><div class=\"swiper-slide\" role=\"group\" aria-roledescription=\"slide\" aria-label=\"5 z 7\"><figure class=\"swiper-slide-inner\"><img class=\"swiper-slide-image swiper-lazy\" data-src=\"https:\/\/www.sudariumchristi.com\/wp-content\/uploads\/2025\/12\/veronica_05.jpg\" alt=\"Engel mit dem Sudarium Christi\" \/><div class=\"swiper-lazy-preloader\"><\/div><figcaption class=\"elementor-image-carousel-caption\">Engel mit dem Sudarium Christi<\/figcaption><\/figure><\/div><div class=\"swiper-slide\" role=\"group\" aria-roledescription=\"slide\" aria-label=\"6 z 7\"><figure class=\"swiper-slide-inner\"><img class=\"swiper-slide-image swiper-lazy\" data-src=\"https:\/\/www.sudariumchristi.com\/wp-content\/uploads\/2025\/12\/veronica_06.jpg\" alt=\"Engel mit dem Sudarium Christi\" \/><div class=\"swiper-lazy-preloader\"><\/div><figcaption class=\"elementor-image-carousel-caption\">Engel mit dem Sudarium Christi<\/figcaption><\/figure><\/div><div class=\"swiper-slide\" role=\"group\" aria-roledescription=\"slide\" aria-label=\"7 z 7\"><figure class=\"swiper-slide-inner\"><img class=\"swiper-slide-image swiper-lazy\" data-src=\"https:\/\/www.sudariumchristi.com\/wp-content\/uploads\/2025\/12\/veronica_07.jpg\" alt=\"Engel mit dem Sudarium Christi\" \/><div class=\"swiper-lazy-preloader\"><\/div><figcaption class=\"elementor-image-carousel-caption\">Engel mit dem Sudarium Christi<\/figcaption><\/figure><\/div>\t\t\t<\/div>\n\t\t\t\t\t\t\t\n\t\t\t\t\t\t\t\t\t<\/div>\n\t\t\t\t\t\t<\/div>\n\t\t\t\t<div class=\"elementor-element elementor-element-1e1a280 elementor-widget elementor-widget-text-editor\" data-id=\"1e1a280\" data-element_type=\"widget\" data-e-type=\"widget\" data-widget_type=\"text-editor.default\">\n\t\t\t\t\t\t\t\t\t<p class=\"txt1\">Na kolumnie Veroniki w Bazylice \u015awi\u0119tego Piotra w Rzymie widoczna jest pewna niezgodno\u015b\u0107. W jej dolnym obszarze, wyrze\u017abiona w 1646 przez Francesco Mochi Weronika, rozpo\u015bciera chust\u0119, na kt\u00f3rej mo\u017cna rozpozna\u0107 twarz z zamkni\u0119tymi oczami. Z kolei anio\u0142 nad balkonem, pochodz\u0105cy prawdopodobnie ze szko\u0142y Gianlorenzo Bernini, niesie chust\u0119, na kt\u00f3rej widoczna jest twarz z otwartymi oczami. Jest ona identyczna z Sudarium z Manoppello i jest na niej Oblicze Pana.   <\/p><p class=\"txt1\">W dziele \u201eOpusculum de Sacrosanto Veronicae Sudario\u201c (Dzie\u0142ko o przenaj\u015bwi\u0119tszej Chu\u015bcie napotnej \u201eVeronika\u201d) <b>Jacopo Grimaldiego<\/b> \u2013 inwentarzu skarb\u00f3w starego ko\u015bcio\u0142a \u015bwi\u0119tego Piotra \u2013 udokumentowano tak\u017ce w imponuj\u0105cy spos\u00f3b przemian\u0119 wizerunk\u00f3w Chrystusa w XVII wieku. Na stronie tytu\u0142owej zosta\u0142o przedstawione Sudarium w wydaniach z roku 1618 oraz 1620 by\u0142o to znajome oblicze z otwartymi oczyma, ale w wiernym odpisie z roku 1635 by\u0142o to nieznane oblicze z zamkni\u0119tymi oczyma. <\/p>\t\t\t\t\t\t\t\t<\/div>\n\t\t\t\t\t<\/div>\n\t\t\t\t<\/div>\n\t\t\t\t<\/div>\n\t\t","protected":false},"excerpt":{"rendered":"<p>AVULTUM TUUM DEPRECABUNTUR \u2013 B\u0142agaj\u0105 Twoje oblicze (Ps 45,13) Veronika-Pfeiler Veronika mit Schwei\u00dftuch Veronika mit Schwei\u00dftuch Veronika mit Schwei\u00dftuch Engel mit dem Sudarium Christi Engel mit dem Sudarium Christi Engel mit dem Sudarium Christi Na kolumnie Veroniki w Bazylice \u015awi\u0119tego Piotra w Rzymie widoczna jest pewna niezgodno\u015b\u0107. W jej dolnym obszarze, wyrze\u017abiona w 1646 przez [&hellip;]<\/p>\n","protected":false},"author":1,"featured_media":0,"parent":347,"menu_order":0,"comment_status":"closed","ping_status":"closed","template":"","meta":{"footnotes":""},"class_list":["post-380","page","type-page","status-publish","hentry"],"_links":{"self":[{"href":"https:\/\/www.sudariumchristi.com\/pl\/wp-json\/wp\/v2\/pages\/380","targetHints":{"allow":["GET"]}}],"collection":[{"href":"https:\/\/www.sudariumchristi.com\/pl\/wp-json\/wp\/v2\/pages"}],"about":[{"href":"https:\/\/www.sudariumchristi.com\/pl\/wp-json\/wp\/v2\/types\/page"}],"author":[{"embeddable":true,"href":"https:\/\/www.sudariumchristi.com\/pl\/wp-json\/wp\/v2\/users\/1"}],"replies":[{"embeddable":true,"href":"https:\/\/www.sudariumchristi.com\/pl\/wp-json\/wp\/v2\/comments?post=380"}],"version-history":[{"count":6,"href":"https:\/\/www.sudariumchristi.com\/pl\/wp-json\/wp\/v2\/pages\/380\/revisions"}],"predecessor-version":[{"id":3709,"href":"https:\/\/www.sudariumchristi.com\/pl\/wp-json\/wp\/v2\/pages\/380\/revisions\/3709"}],"up":[{"embeddable":true,"href":"https:\/\/www.sudariumchristi.com\/pl\/wp-json\/wp\/v2\/pages\/347"}],"wp:attachment":[{"href":"https:\/\/www.sudariumchristi.com\/pl\/wp-json\/wp\/v2\/media?parent=380"}],"curies":[{"name":"wp","href":"https:\/\/api.w.org\/{rel}","templated":true}]}}