{"id":410,"date":"2025-11-05T16:49:20","date_gmt":"2025-11-05T15:49:20","guid":{"rendered":"http:\/\/sudariumchristi.stage.bergwerk-it.de\/maryja-z-gwadelupe\/roze-w-zimie\/"},"modified":"2025-12-19T13:45:22","modified_gmt":"2025-12-19T12:45:22","slug":"roze-w-zimie","status":"publish","type":"page","link":"https:\/\/www.sudariumchristi.com\/pl\/maryja-z-gwadelupe\/roze-w-zimie\/","title":{"rendered":"R\u00f3\u017ce w zimie"},"content":{"rendered":"\t\t<div data-elementor-type=\"wp-page\" data-elementor-id=\"410\" class=\"elementor elementor-410 elementor-54\" data-elementor-post-type=\"page\">\n\t\t\t\t<div class=\"elementor-element elementor-element-0c17328 e-flex e-con-boxed e-con e-parent\" data-id=\"0c17328\" data-element_type=\"container\" data-e-type=\"container\">\n\t\t\t\t\t<div class=\"e-con-inner\">\n\t\t\t\t<div class=\"elementor-element elementor-element-22ef8f8 elementor-widget__width-initial elementor-widget elementor-widget-image-carousel\" data-id=\"22ef8f8\" data-element_type=\"widget\" data-e-type=\"widget\" data-settings=\"{&quot;slides_to_show&quot;:&quot;1&quot;,&quot;navigation&quot;:&quot;none&quot;,&quot;lazyload&quot;:&quot;yes&quot;,&quot;autoplay&quot;:&quot;yes&quot;,&quot;pause_on_hover&quot;:&quot;yes&quot;,&quot;pause_on_interaction&quot;:&quot;yes&quot;,&quot;autoplay_speed&quot;:5000,&quot;infinite&quot;:&quot;yes&quot;,&quot;effect&quot;:&quot;slide&quot;,&quot;speed&quot;:500}\" data-widget_type=\"image-carousel.default\">\n\t\t\t\t\t\t\t<div class=\"elementor-image-carousel-wrapper swiper\" role=\"region\" aria-roledescription=\"carousel\" aria-label=\"Bild Karussell\" dir=\"ltr\">\n\t\t\t<div class=\"elementor-image-carousel swiper-wrapper swiper-image-stretch\" aria-live=\"off\">\n\t\t\t\t\t\t\t\t<div class=\"swiper-slide\" role=\"group\" aria-roledescription=\"slide\" aria-label=\"1 z 6\"><figure class=\"swiper-slide-inner\"><img class=\"swiper-slide-image swiper-lazy\" data-src=\"https:\/\/www.sudariumchristi.com\/wp-content\/uploads\/2025\/12\/la-villa_01.jpg\" alt=\"La Villa, Mexico D.F.\" \/><div class=\"swiper-lazy-preloader\"><\/div><figcaption class=\"elementor-image-carousel-caption\">La Villa, Mexico D.F.<\/figcaption><\/figure><\/div><div class=\"swiper-slide\" role=\"group\" aria-roledescription=\"slide\" aria-label=\"2 z 6\"><figure class=\"swiper-slide-inner\"><img class=\"swiper-slide-image swiper-lazy\" data-src=\"https:\/\/www.sudariumchristi.com\/wp-content\/uploads\/2025\/12\/la-villa_02.jpg\" alt=\"La Villa, Mexico D.F.\" \/><div class=\"swiper-lazy-preloader\"><\/div><figcaption class=\"elementor-image-carousel-caption\">La Villa, Mexico D.F.<\/figcaption><\/figure><\/div><div class=\"swiper-slide\" role=\"group\" aria-roledescription=\"slide\" aria-label=\"3 z 6\"><figure class=\"swiper-slide-inner\"><img class=\"swiper-slide-image swiper-lazy\" data-src=\"https:\/\/www.sudariumchristi.com\/wp-content\/uploads\/2025\/12\/la-villa_03.jpg\" alt=\"La Villa, Mexico D.F.\" \/><div class=\"swiper-lazy-preloader\"><\/div><figcaption class=\"elementor-image-carousel-caption\">La Villa, Mexico D.F.<\/figcaption><\/figure><\/div><div class=\"swiper-slide\" role=\"group\" aria-roledescription=\"slide\" aria-label=\"4 z 6\"><figure class=\"swiper-slide-inner\"><img class=\"swiper-slide-image swiper-lazy\" data-src=\"https:\/\/www.sudariumchristi.com\/wp-content\/uploads\/2025\/12\/la-villa_04.jpg\" alt=\"La Villa, Mexico D.F.\" \/><div class=\"swiper-lazy-preloader\"><\/div><figcaption class=\"elementor-image-carousel-caption\">La Villa, Mexico D.F.<\/figcaption><\/figure><\/div><div class=\"swiper-slide\" role=\"group\" aria-roledescription=\"slide\" aria-label=\"5 z 6\"><figure class=\"swiper-slide-inner\"><img class=\"swiper-slide-image swiper-lazy\" data-src=\"https:\/\/www.sudariumchristi.com\/wp-content\/uploads\/2025\/12\/la-villa_05.jpg\" alt=\"La Villa, Mexico D.F.\" \/><div class=\"swiper-lazy-preloader\"><\/div><figcaption class=\"elementor-image-carousel-caption\">La Villa, Mexico D.F.<\/figcaption><\/figure><\/div><div class=\"swiper-slide\" role=\"group\" aria-roledescription=\"slide\" aria-label=\"6 z 6\"><figure class=\"swiper-slide-inner\"><img class=\"swiper-slide-image swiper-lazy\" data-src=\"https:\/\/www.sudariumchristi.com\/wp-content\/uploads\/2025\/12\/la-villa_06.jpg\" alt=\"La Villa, Mexico D.F.\" \/><div class=\"swiper-lazy-preloader\"><\/div><figcaption class=\"elementor-image-carousel-caption\">La Villa, Mexico D.F.<\/figcaption><\/figure><\/div>\t\t\t<\/div>\n\t\t\t\t\t\t\t\n\t\t\t\t\t\t\t\t\t<\/div>\n\t\t\t\t\t\t<\/div>\n\t\t\t\t<div class=\"elementor-element elementor-element-8960847 elementor-widget elementor-widget-text-editor\" data-id=\"8960847\" data-element_type=\"widget\" data-e-type=\"widget\" data-widget_type=\"text-editor.default\">\n\t\t\t\t\t\t\t\t\t<p class=\"txt1\"><b>9-go grudnia 1531 r. <\/b>na g\u00f3rze Tepeyac Naj\u015bwi\u0119tsza Maryja Panna ukaza\u0142a si\u0119 Aztekowi, kt\u00f3remu nadano w czasie chrztu imi\u0119 Juan Diego. Na p\u00f3\u0142noc od miasta Meksyk, w tym samym miejscu , kt\u00f3re przed 10-ciu laty zosta\u0142o zdobyte przez Hiszpan\u00f3w, znajdowa\u0142a si\u0119 wcze\u015bniej \u015bwi\u0105tynia azteckiej Bogini Ziemi i Matki Bog\u00f3w Tonantzin. Maryja wys\u0142a\u0142a Juan Diego do biskupa z pro\u015bb\u0105, aby w tym miejscu wybudowa\u0107 ko\u015bci\u00f3\u0142. Biskup jednak na pocz\u0105tku nie dowierza\u0142 relacji prostego cz\u0142owieka. Juan Diego, zach\u0119cany przez kolejne objawienia Maryi Panny, musia\u0142 wielokrotnie przychodzi\u0107 do niego. W ko\u0144cu biskup za\u017c\u0105da\u0142 dowodu. Maryja dostarczy\u0142a go Juanowi Diego w trakcie swojego czwartego i ostatniego spotkania z nim 12-go grudnia: na szczycie g\u00f3ry, na kt\u00f3rej ros\u0142y tylko ro\u015bliny wyj\u0105tkowo odporne na warunki klimatyczne, znalaz\u0142 on w \u015brodku zimy kwitn\u0105ce r\u00f3\u017ce. Gdy podczas wizyty u biskupa pachn\u0105ce kwiaty wypad\u0142y z jego tilmy, w tym samym momencie na tkaninie pojawi\u0142 si\u0119 te\u017c wizerunek Maryi Panny. Tego samego dnia Maryja objawi\u0142a si\u0119 r\u00f3wnie\u017c jego wujkowi, kt\u00f3rego uzdrowi\u0142a ze \u015bmiertelnej choroby i powiedzia\u0142a, i\u017c nale\u017cy J\u0105 czci\u0107 jako Naj\u015bwi\u0119tsz\u0105 Maryj\u0119 Pann\u0119 z Gwadelupe.       <\/p><p class=\"txt1\">Tego samego roku 26-go grudnia na na g\u00f3rze Tepeyac zosta\u0142a zbudowana ma\u0142a kaplica. W dniu dzisiejszym \u201eBas\u00edlica de Nuestra Se\u00f1ora de Guadalupe\u201c, w kt\u00f3rej znajduje si\u0119 cudowny obraz, jest w stanie pomie\u015bci\u0107 10.000 pielgrzym\u00f3w. Rocznie bazylik\u0119 odwiedza 20 milion\u00f3w pielgrzym\u00f3w, co sprawia, \u017ce jest to najcz\u0119\u015bciej odwiedzane przez chrze\u015bcijan miejsce pielgrzymek.  <\/p>\t\t\t\t\t\t\t\t<\/div>\n\t\t\t\t\t<\/div>\n\t\t\t\t<\/div>\n\t\t\t\t<\/div>\n\t\t","protected":false},"excerpt":{"rendered":"<p>La Villa, Mexico D.F. La Villa, Mexico D.F. La Villa, Mexico D.F. La Villa, Mexico D.F. La Villa, Mexico D.F. La Villa, Mexico D.F. 9-go grudnia 1531 r. na g\u00f3rze Tepeyac Naj\u015bwi\u0119tsza Maryja Panna ukaza\u0142a si\u0119 Aztekowi, kt\u00f3remu nadano w czasie chrztu imi\u0119 Juan Diego. Na p\u00f3\u0142noc od miasta Meksyk, w tym samym miejscu , [&hellip;]<\/p>\n","protected":false},"author":1,"featured_media":0,"parent":402,"menu_order":0,"comment_status":"closed","ping_status":"closed","template":"","meta":{"footnotes":""},"class_list":["post-410","page","type-page","status-publish","hentry"],"_links":{"self":[{"href":"https:\/\/www.sudariumchristi.com\/pl\/wp-json\/wp\/v2\/pages\/410","targetHints":{"allow":["GET"]}}],"collection":[{"href":"https:\/\/www.sudariumchristi.com\/pl\/wp-json\/wp\/v2\/pages"}],"about":[{"href":"https:\/\/www.sudariumchristi.com\/pl\/wp-json\/wp\/v2\/types\/page"}],"author":[{"embeddable":true,"href":"https:\/\/www.sudariumchristi.com\/pl\/wp-json\/wp\/v2\/users\/1"}],"replies":[{"embeddable":true,"href":"https:\/\/www.sudariumchristi.com\/pl\/wp-json\/wp\/v2\/comments?post=410"}],"version-history":[{"count":4,"href":"https:\/\/www.sudariumchristi.com\/pl\/wp-json\/wp\/v2\/pages\/410\/revisions"}],"predecessor-version":[{"id":3747,"href":"https:\/\/www.sudariumchristi.com\/pl\/wp-json\/wp\/v2\/pages\/410\/revisions\/3747"}],"up":[{"embeddable":true,"href":"https:\/\/www.sudariumchristi.com\/pl\/wp-json\/wp\/v2\/pages\/402"}],"wp:attachment":[{"href":"https:\/\/www.sudariumchristi.com\/pl\/wp-json\/wp\/v2\/media?parent=410"}],"curies":[{"name":"wp","href":"https:\/\/api.w.org\/{rel}","templated":true}]}}