{"id":4151,"date":"2025-11-05T14:06:44","date_gmt":"2025-11-05T13:06:44","guid":{"rendered":"https:\/\/www.sudariumchristi.com\/witamy\/"},"modified":"2026-03-24T10:20:13","modified_gmt":"2026-03-24T09:20:13","slug":"witamy","status":"publish","type":"page","link":"https:\/\/www.sudariumchristi.com\/pl\/","title":{"rendered":"Witamy"},"content":{"rendered":"\t\t<div data-elementor-type=\"wp-page\" data-elementor-id=\"4151\" class=\"elementor elementor-4151 elementor-9\" data-elementor-post-type=\"page\">\n\t\t\t\t<div class=\"elementor-element elementor-element-0027e72 e-flex e-con-boxed e-con e-parent\" data-id=\"0027e72\" data-element_type=\"container\" data-e-type=\"container\">\n\t\t\t\t\t<div class=\"e-con-inner\">\n\t\t<div class=\"elementor-element elementor-element-552bc82 e-con-full e-flex e-con e-child\" data-id=\"552bc82\" data-element_type=\"container\" data-e-type=\"container\">\n\t\t\t\t<div class=\"elementor-element elementor-element-4645ec2 elementor-blockquote--skin-quotation elementor-blockquote--align-left elementor-widget elementor-widget-blockquote\" data-id=\"4645ec2\" data-element_type=\"widget\" data-e-type=\"widget\" data-widget_type=\"blockquote.default\">\n\t\t\t\t\t\t\t<blockquote class=\"elementor-blockquote\">\n\t\t\t<p class=\"elementor-blockquote__content\">\n\t\t\t\tKto Mnie zobaczy\u0142, zobaczy\u0142 tak\u017ce i Ojca. (Jan 14,9)\t\t\t<\/p>\n\t\t\t\t\t\t\t<div class=\"e-q-footer\">\n\t\t\t\t\t\t\t\t\t\t\t<cite class=\"elementor-blockquote__author\">(Joh 14,9)<\/cite>\n\t\t\t\t\t\t\t\t\t\t\t\t\t\t<\/div>\n\t\t\t\t\t<\/blockquote>\n\t\t\t\t\t\t<\/div>\n\t\t\t\t<div class=\"elementor-element elementor-element-b417377 elementor-widget elementor-widget-text-editor\" data-id=\"b417377\" data-element_type=\"widget\" data-e-type=\"widget\" data-widget_type=\"text-editor.default\">\n\t\t\t\t\t\t\t\t\t<p><strong>Ju\u017c od czas\u00f3w wczesnochrze\u015bcija\u0144skich<\/strong> istniej\u0105 ustne i pisemne przekazy m\u00f3wi\u0105ce o chu\u015bcie z odbiciem oblicza Jezusa Chrystusa. Welon z Kamuli, Mandylion, Acheiropo\u00edetos, Veronica lub Volto Santo \u2013 szereg tajemniczo brzmi\u0105cych nazw, towarzysz\u0105cych sudarium w d\u0142ugiej drodze z Jerozolimy przez Edess\u0119, Konstantynopol i Rzym do Manopello \u2013 odleg\u0142ego miejsca we w\u0142oskich Abruzzach. <\/p><p><strong>Chusta z p\u00f3\u0142nocnohiszpa\u0144skiego Oviedo, \u015bwi\u0119ty czepek z Cahors, Ca\u0142un Tury\u0144ski, chusta napotna z Kornelim\u00fcnster<\/strong> \u2013 to do\u015b\u0107 spora liczba relikwii z tkanin zwi\u0105zanych z pogrzebem Jezusa, gdy\u017c \u015awi\u0119ty Jan wspomina o kilku p\u0142\u00f3tnach w swojej paschalnej Ewangelii.<\/p><p>Trappistka Blandina Paschalis Schl\u00f6mer, stosuj\u0105c technik\u0119 nak\u0142adania warstw \u2013 sopraposition \u2013 udowodni\u0142a, \u017ce wizerunki na sudarium z Manoppello i Ca\u0142unie Tury\u0144skim przedstawiaj\u0105 t\u0119 sam\u0105 osob\u0119. P\u00f3\u017aniej zastosowa\u0142a t\u0119 technik\u0119 z takim samym rezultatem na Ca\u0142unie z Oviedo.  <\/p><p>Sudarium z Manoppello wykonane jest z bisioru \u2013 zwanego r\u00f3wnie\u017c jedwabiem muszlowym \u2013 co sprawia, \u017ce w zale\u017cno\u015bci od padania \u015bwiat\u0142a wydaje si\u0119 zmienia\u0107 sw\u00f3j wygl\u0105d.<\/p><p>Relikwie takie jak Ca\u0142un Tury\u0144ski i Sudarium z Manoppello, ale tak\u017ce obraz Matki Bo\u017cej z Guadalupe czy cudowny obraz z Absam okre\u015bla si\u0119 mianem acheiropo\u00edetos (\u201enie wykonane r\u0119k\u0105 ludzk\u0105\u201d).<\/p>\t\t\t\t\t\t\t\t<\/div>\n\t\t\t\t<\/div>\n\t\t<div class=\"elementor-element elementor-element-cce47c0 e-con-full e-flex e-con e-child\" data-id=\"cce47c0\" data-element_type=\"container\" data-e-type=\"container\">\n\t\t\t\t<div class=\"elementor-element elementor-element-2e6101e elementor-widget elementor-widget-video\" data-id=\"2e6101e\" data-element_type=\"widget\" data-e-type=\"widget\" data-settings=\"{&quot;video_type&quot;:&quot;hosted&quot;,&quot;controls&quot;:&quot;yes&quot;}\" data-widget_type=\"video.default\">\n\t\t\t\t\t\t\t<div class=\"e-hosted-video elementor-wrapper elementor-open-inline\">\n\t\t\t\t\t<video class=\"elementor-video\" src=\"https:\/\/www.sudariumchristi.com\/wp-content\/uploads\/2025\/12\/start.mp4\" controls=\"\" preload=\"metadata\" controlsList=\"nodownload\" poster=\"https:\/\/www.sudariumchristi.com\/wp-content\/uploads\/2025\/12\/start.jpg\"><\/video>\n\t\t\t\t<\/div>\n\t\t\t\t\t\t<\/div>\n\t\t\t\t<\/div>\n\t\t\t\t\t<\/div>\n\t\t\t\t<\/div>\n\t\t\t\t<\/div>\n\t\t","protected":false},"excerpt":{"rendered":"<p>Kto Mnie zobaczy\u0142, zobaczy\u0142 tak\u017ce i Ojca. (Jan 14,9) (Joh 14,9) Ju\u017c od czas\u00f3w wczesnochrze\u015bcija\u0144skich istniej\u0105 ustne i pisemne przekazy m\u00f3wi\u0105ce o chu\u015bcie z odbiciem oblicza Jezusa Chrystusa. Welon z Kamuli, Mandylion, Acheiropo\u00edetos, Veronica lub Volto Santo \u2013 szereg tajemniczo brzmi\u0105cych nazw, towarzysz\u0105cych sudarium w d\u0142ugiej drodze z Jerozolimy przez Edess\u0119, Konstantynopol i Rzym do [&hellip;]<\/p>\n","protected":false},"author":1,"featured_media":0,"parent":0,"menu_order":0,"comment_status":"closed","ping_status":"closed","template":"","meta":{"footnotes":""},"class_list":["post-4151","page","type-page","status-publish","hentry"],"_links":{"self":[{"href":"https:\/\/www.sudariumchristi.com\/pl\/wp-json\/wp\/v2\/pages\/4151","targetHints":{"allow":["GET"]}}],"collection":[{"href":"https:\/\/www.sudariumchristi.com\/pl\/wp-json\/wp\/v2\/pages"}],"about":[{"href":"https:\/\/www.sudariumchristi.com\/pl\/wp-json\/wp\/v2\/types\/page"}],"author":[{"embeddable":true,"href":"https:\/\/www.sudariumchristi.com\/pl\/wp-json\/wp\/v2\/users\/1"}],"replies":[{"embeddable":true,"href":"https:\/\/www.sudariumchristi.com\/pl\/wp-json\/wp\/v2\/comments?post=4151"}],"version-history":[{"count":1,"href":"https:\/\/www.sudariumchristi.com\/pl\/wp-json\/wp\/v2\/pages\/4151\/revisions"}],"predecessor-version":[{"id":4154,"href":"https:\/\/www.sudariumchristi.com\/pl\/wp-json\/wp\/v2\/pages\/4151\/revisions\/4154"}],"wp:attachment":[{"href":"https:\/\/www.sudariumchristi.com\/pl\/wp-json\/wp\/v2\/media?parent=4151"}],"curies":[{"name":"wp","href":"https:\/\/api.w.org\/{rel}","templated":true}]}}