{"id":4156,"date":"2025-11-05T16:42:09","date_gmt":"2025-11-05T15:42:09","guid":{"rendered":"https:\/\/www.sudariumchristi.com\/chodzcie-a-zobaczycie\/"},"modified":"2026-03-24T10:22:30","modified_gmt":"2026-03-24T09:22:30","slug":"chodzcie-a-zobaczycie","status":"publish","type":"page","link":"https:\/\/www.sudariumchristi.com\/pl\/chodzcie-a-zobaczycie\/","title":{"rendered":"Chod\u017acie, a zobaczycie."},"content":{"rendered":"\t\t<div data-elementor-type=\"wp-page\" data-elementor-id=\"4156\" class=\"elementor elementor-4156 elementor-19\" data-elementor-post-type=\"page\">\n\t\t\t\t<div class=\"elementor-element elementor-element-2559779 e-flex e-con-boxed e-con e-parent\" data-id=\"2559779\" data-element_type=\"container\" data-e-type=\"container\">\n\t\t\t\t\t<div class=\"e-con-inner\">\n\t\t\t\t<div class=\"elementor-element elementor-element-1e4a1d3 elementor-blockquote--skin-quotation elementor-blockquote--align-left elementor-widget elementor-widget-blockquote\" data-id=\"1e4a1d3\" data-element_type=\"widget\" data-e-type=\"widget\" data-widget_type=\"blockquote.default\">\n\t\t\t\t\t\t\t<blockquote class=\"elementor-blockquote\">\n\t\t\t<p class=\"elementor-blockquote__content\">\n\t\t\t\t\u201eNauczycielu - gdzie mieszkasz? Odpowiedzia\u0142 im: Chod\u017acie, a zobaczycie.\u201c<br>(Jan 1,38-39) \t\t\t<\/p>\n\t\t\t\t\t\t\t<div class=\"e-q-footer\">\n\t\t\t\t\t\t\t\t\t\t\t<cite class=\"elementor-blockquote__author\">\u2013 Joh 1,38-39<\/cite>\n\t\t\t\t\t\t\t\t\t\t\t\t\t\t<\/div>\n\t\t\t\t\t<\/blockquote>\n\t\t\t\t\t\t<\/div>\n\t\t\t\t<div class=\"elementor-element elementor-element-866364b elementor-widget elementor-widget-text-editor\" data-id=\"866364b\" data-element_type=\"widget\" data-e-type=\"widget\" data-widget_type=\"text-editor.default\">\n\t\t\t\t\t\t\t\t\t<p> <\/p><p>\u201eSantuario del Volto Santo\u201c lub \u201eBazylika \u015awi\u0119tego Oblicza\u201c \u2013 tak nazywane jest po\u0142o\u017cone na wzg\u00f3rzu niedaleko Starego Miasta sanktuarium, kt\u00f3rym opiekuj\u0105 si\u0119 Ojcowie Kapucyni. To w jego murach znajduje si\u0119 Sudarium Chrystusa. Sanktuarium zosta\u0142o zbudowane w 1620 r. Podczas jego remontu i rozbudowy w 1960 r. zosta\u0142o ozdobione fasad\u0105 z czerwonych i bia\u0142ych kamieni, wzorowan\u0105 na fasadzie ko\u015bcio\u0142a roma\u0144skiego i wczesnogotyckiego Santa Maria di Collemaggio w L&#8217;Aquila. W 1999 r. otworzono obok sanktuarium sta\u0142\u0105 ekspozycj\u0119 o nazwie Penuel (hebr. \u201eOblicze Pana\u201d). Zobaczy\u0107 warto r\u00f3wnie\u017c wystaw\u0119 na pierwszym pi\u0119trze dotycz\u0105c\u0105 tematu \u201ePrzemiana Jezusa w zachodniej i wschodniej ikonografii\u201c.   <\/p><p>Ka\u017cdego roku odbywaj\u0105 si\u0119 dwie procesje z Sudarium Chrystusowym \u2013 d\u0142u\u017csza procesja w trzeci\u0105 niedziel\u0119 maja i kr\u00f3tsza procesja w dniu 6 sierpnia, w \u015awi\u0119to Przemienienia Pa\u0144skiego na g\u00f3rze Tabor. Rankiem w dniu procesji majowej figura \u015awi\u0119tego Pankracego, kt\u00f3ra p\u00f3\u017aniej b\u0119dzie przewodzi\u0107 procesji z Sudarium, zostaje przeniesiona z ko\u015bcio\u0142a miejskiego do bazyliki \u015awi\u0119tego Oblicza. Zwi\u0105zek mi\u0119dzy Sudarium a \u015awi\u0119tym Pankracym mo\u017cna wykaza\u0107 na podstawie apokryf\u00f3w Nowego Testamentu: \u201ePrzynie\u015b obraz naszego Pana Jezusa Chrystusa i umie\u015b\u0107 go w wie\u017cy, aby narody mog\u0142y zobaczy\u0107, jak\u0105 posta\u0107 przyj\u0105\u0142 Syn Bo\u017cy\u201d \u2013 czytamy w dekrecie aposto\u0142a Piotra zawartym w aktach \u015bw. Pankracego, pierwszego biskupa Taorminy na Sycylii.   <\/p>\t\t\t\t\t\t\t\t<\/div>\n\t\t\t\t<div class=\"elementor-element elementor-element-aabef69 elementor-widget elementor-widget-video\" data-id=\"aabef69\" data-element_type=\"widget\" data-e-type=\"widget\" data-settings=\"{&quot;video_type&quot;:&quot;hosted&quot;,&quot;autoplay&quot;:&quot;yes&quot;,&quot;play_on_mobile&quot;:&quot;yes&quot;,&quot;start&quot;:1,&quot;end&quot;:1,&quot;mute&quot;:&quot;yes&quot;,&quot;loop&quot;:&quot;yes&quot;,&quot;controls&quot;:&quot;yes&quot;}\" data-widget_type=\"video.default\">\n\t\t\t\t\t\t\t<div class=\"e-hosted-video elementor-wrapper elementor-open-inline\">\n\t\t\t\t\t<video class=\"elementor-video\" src=\"https:\/\/www.sudariumchristi.com\/wp-content\/uploads\/2026\/03\/come-min.mp4#t=1,1\" autoplay=\"\" loop=\"\" controls=\"\" muted=\"muted\" playsinline=\"\" controlsList=\"nodownload\" poster=\"https:\/\/www.sudariumchristi.com\/wp-content\/uploads\/2025\/12\/santuario.jpg\"><\/video>\n\t\t\t\t<\/div>\n\t\t\t\t\t\t<\/div>\n\t\t\t\t\t<\/div>\n\t\t\t\t<\/div>\n\t\t\t\t<\/div>\n\t\t","protected":false},"excerpt":{"rendered":"<p>\u201eNauczycielu &#8211; gdzie mieszkasz? Odpowiedzia\u0142 im: Chod\u017acie, a zobaczycie.\u201c(Jan 1,38-39) \u2013 Joh 1,38-39 \u201eSantuario del Volto Santo\u201c lub \u201eBazylika \u015awi\u0119tego Oblicza\u201c \u2013 tak nazywane jest po\u0142o\u017cone na wzg\u00f3rzu niedaleko Starego Miasta sanktuarium, kt\u00f3rym opiekuj\u0105 si\u0119 Ojcowie Kapucyni. To w jego murach znajduje si\u0119 Sudarium Chrystusa. Sanktuarium zosta\u0142o zbudowane w 1620 r. Podczas jego remontu i [&hellip;]<\/p>\n","protected":false},"author":1,"featured_media":0,"parent":0,"menu_order":0,"comment_status":"closed","ping_status":"closed","template":"","meta":{"footnotes":""},"class_list":["post-4156","page","type-page","status-publish","hentry"],"_links":{"self":[{"href":"https:\/\/www.sudariumchristi.com\/pl\/wp-json\/wp\/v2\/pages\/4156","targetHints":{"allow":["GET"]}}],"collection":[{"href":"https:\/\/www.sudariumchristi.com\/pl\/wp-json\/wp\/v2\/pages"}],"about":[{"href":"https:\/\/www.sudariumchristi.com\/pl\/wp-json\/wp\/v2\/types\/page"}],"author":[{"embeddable":true,"href":"https:\/\/www.sudariumchristi.com\/pl\/wp-json\/wp\/v2\/users\/1"}],"replies":[{"embeddable":true,"href":"https:\/\/www.sudariumchristi.com\/pl\/wp-json\/wp\/v2\/comments?post=4156"}],"version-history":[{"count":1,"href":"https:\/\/www.sudariumchristi.com\/pl\/wp-json\/wp\/v2\/pages\/4156\/revisions"}],"predecessor-version":[{"id":4158,"href":"https:\/\/www.sudariumchristi.com\/pl\/wp-json\/wp\/v2\/pages\/4156\/revisions\/4158"}],"wp:attachment":[{"href":"https:\/\/www.sudariumchristi.com\/pl\/wp-json\/wp\/v2\/media?parent=4156"}],"curies":[{"name":"wp","href":"https:\/\/api.w.org\/{rel}","templated":true}]}}