{"id":4174,"date":"2025-11-05T16:48:44","date_gmt":"2025-11-05T15:48:44","guid":{"rendered":"https:\/\/www.sudariumchristi.com\/maria-matka-boza\/"},"modified":"2026-03-24T10:30:50","modified_gmt":"2026-03-24T09:30:50","slug":"maria-matka-boza","status":"publish","type":"page","link":"https:\/\/www.sudariumchristi.com\/pl\/maria-matka-boza\/","title":{"rendered":"Maria, Matka Bo\u017ca"},"content":{"rendered":"\t\t<div data-elementor-type=\"wp-page\" data-elementor-id=\"4174\" class=\"elementor elementor-4174 elementor-51\" data-elementor-post-type=\"page\">\n\t\t\t\t<div class=\"elementor-element elementor-element-7891ae7 e-flex e-con-boxed e-con e-parent\" data-id=\"7891ae7\" data-element_type=\"container\" data-e-type=\"container\">\n\t\t\t\t\t<div class=\"e-con-inner\">\n\t\t<div class=\"elementor-element elementor-element-9c9a684 e-con-full e-flex e-con e-child\" data-id=\"9c9a684\" data-element_type=\"container\" data-e-type=\"container\">\n\t\t\t\t<div class=\"elementor-element elementor-element-15256e5 elementor-widget elementor-widget-text-editor\" data-id=\"15256e5\" data-element_type=\"widget\" data-e-type=\"widget\" data-widget_type=\"text-editor.default\">\n\t\t\t\t\t\t\t\t\t<p>Tak jak w prawdziwym \u017cyciu Maria wyprzedza\u0142a Jezusa, tak najpierw jej welon, a nast\u0119pnie ca\u0142un jej Syna \u2013 oba wykonane z bisioru \u2013 trafi\u0142y do Manoppello: w 1320 roku hrabia Tommaso degli Orsini z Manoppello podarowa\u0142 welon Franciszkowi z Asy\u017cu po tym, jak wyleczy\u0142 si\u0119 z nieuleczalnej choroby.<\/p>\t\t\t\t\t\t\t\t<\/div>\n\t\t\t\t<\/div>\n\t\t<div class=\"elementor-element elementor-element-17684ca e-con-full e-flex e-con e-child\" data-id=\"17684ca\" data-element_type=\"container\" data-e-type=\"container\">\n\t\t\t\t<div class=\"elementor-element elementor-element-8170f8b elementor-widget elementor-widget-image\" data-id=\"8170f8b\" data-element_type=\"widget\" data-e-type=\"widget\" data-widget_type=\"image.default\">\n\t\t\t\t\t\t\t\t\t\t\t\t<figure class=\"wp-caption\">\n\t\t\t\t\t\t\t\t\t\t<img fetchpriority=\"high\" decoding=\"async\" width=\"300\" height=\"224\" src=\"https:\/\/www.sudariumchristi.com\/wp-content\/uploads\/2025\/12\/maria_1.jpg\" class=\"attachment-large size-large wp-image-2054\" alt=\"\" \/>\t\t\t\t\t\t\t\t\t\t\t<figcaption class=\"widget-image-caption wp-caption-text\"><br><\/figcaption>\n\t\t\t\t\t\t\t\t\t\t<\/figure>\n\t\t\t\t\t\t\t\t\t<\/div>\n\t\t\t\t<\/div>\n\t\t\t\t\t<\/div>\n\t\t\t\t<\/div>\n\t\t\t\t<\/div>\n\t\t","protected":false},"excerpt":{"rendered":"<p>Tak jak w prawdziwym \u017cyciu Maria wyprzedza\u0142a Jezusa, tak najpierw jej welon, a nast\u0119pnie ca\u0142un jej Syna \u2013 oba wykonane z bisioru \u2013 trafi\u0142y do Manoppello: w 1320 roku hrabia Tommaso degli Orsini z Manoppello podarowa\u0142 welon Franciszkowi z Asy\u017cu po tym, jak wyleczy\u0142 si\u0119 z nieuleczalnej choroby.<\/p>\n","protected":false},"author":1,"featured_media":0,"parent":0,"menu_order":0,"comment_status":"closed","ping_status":"closed","template":"","meta":{"footnotes":""},"class_list":["post-4174","page","type-page","status-publish","hentry"],"_links":{"self":[{"href":"https:\/\/www.sudariumchristi.com\/pl\/wp-json\/wp\/v2\/pages\/4174","targetHints":{"allow":["GET"]}}],"collection":[{"href":"https:\/\/www.sudariumchristi.com\/pl\/wp-json\/wp\/v2\/pages"}],"about":[{"href":"https:\/\/www.sudariumchristi.com\/pl\/wp-json\/wp\/v2\/types\/page"}],"author":[{"embeddable":true,"href":"https:\/\/www.sudariumchristi.com\/pl\/wp-json\/wp\/v2\/users\/1"}],"replies":[{"embeddable":true,"href":"https:\/\/www.sudariumchristi.com\/pl\/wp-json\/wp\/v2\/comments?post=4174"}],"version-history":[{"count":5,"href":"https:\/\/www.sudariumchristi.com\/pl\/wp-json\/wp\/v2\/pages\/4174\/revisions"}],"predecessor-version":[{"id":4179,"href":"https:\/\/www.sudariumchristi.com\/pl\/wp-json\/wp\/v2\/pages\/4174\/revisions\/4179"}],"wp:attachment":[{"href":"https:\/\/www.sudariumchristi.com\/pl\/wp-json\/wp\/v2\/media?parent=4174"}],"curies":[{"name":"wp","href":"https:\/\/api.w.org\/{rel}","templated":true}]}}