{"id":498,"date":"2025-11-05T16:52:22","date_gmt":"2025-11-05T15:52:22","guid":{"rendered":"http:\/\/sudariumchristi.stage.bergwerk-it.de\/warto-wiedziec\/dojazd\/"},"modified":"2025-12-16T14:04:51","modified_gmt":"2025-12-16T13:04:51","slug":"dojazd","status":"publish","type":"page","link":"https:\/\/www.sudariumchristi.com\/pl\/warto-wiedziec\/dojazd\/","title":{"rendered":"Dojazd"},"content":{"rendered":"\t\t<div data-elementor-type=\"wp-page\" data-elementor-id=\"498\" class=\"elementor elementor-498 elementor-72\" data-elementor-post-type=\"page\">\n\t\t\t\t<div class=\"elementor-element elementor-element-9e5099a e-flex e-con-boxed e-con e-parent\" data-id=\"9e5099a\" data-element_type=\"container\" data-e-type=\"container\">\n\t\t\t\t\t<div class=\"e-con-inner\">\n\t\t<div class=\"elementor-element elementor-element-a1b1b55 e-con-full e-flex e-con e-child\" data-id=\"a1b1b55\" data-element_type=\"container\" data-e-type=\"container\">\n\t\t\t\t<div class=\"elementor-element elementor-element-807fd2f elementor-widget elementor-widget-text-editor\" data-id=\"807fd2f\" data-element_type=\"widget\" data-e-type=\"widget\" data-widget_type=\"text-editor.default\">\n\t\t\t\t\t\t\t\t\t<p class=\"directions\">Manoppello ist eine italienische Gemeinde mit ca. 6.700 Einwohnern in der Provinz Pescara in den Abruzzen, ca. 30 km westlich von Pescara (Adria) und ca. 2 Autostunden nord\u00f6stlich von Rom gelegen.<\/p><p class=\"directions\">Wej\u015bcie do ko\u015bcio\u0142a jest pozbawione barier architektonicznych. Jedynie bezpo\u015brednie podej\u015bcie do Sudarium od ty\u0142u o\u0142tarza wymaga pokonania kilku schod\u00f3w. <\/p><p class=\"directions\">SAMOCHODEM<br><b>z Rzymu: <\/b>autostrad\u0105 A 25 w kierunku Pescary, zjazd Alanno-Scafa, zwraca\u0107 uwag\u0119 na kierunkowskaz do bazyliki \u201eSantuario del Volto Santo\u201c<br><b>z Pescary: <\/b>drog\u0105 krajow\u0105 Ss 5 (Tiburtina-Valeria) w kierunku Popoli, zwraca\u0107 uwag\u0119 na kierunkowskaz do bazyliki \u201eSantuario del Volto Santo\u201c<br><b>z Bolonii:<\/b> autostrad\u0105 A 14 na po\u0142udnie i dalej od Pescary A 25 w kierunku Rzymu, zjazd Alanno-Scafa, zwraca\u0107 uwag\u0119 na kierunkowskaz do bazyliki \u201eSantuario del Volto Santo\u201c<br><b>z Bari:<\/b> autostrad\u0105 A 14 na p\u00f3\u0142noc i dalej od Pescary A 25 w kierunku Rzymu, zjazd Alanno-Scafa, zwraca\u0107 uwag\u0119 na kierunkowskaz do bazyliki \u201eSantuario del Volto Santo\u201c.<\/p><p class=\"directions\">AUTOBUSEM<br><b>z Rzymu: <\/b>odjazd z placu przed dworcem Tiburtina do Pescary, w Pescarze dalej autobusem linii ARPA Pescara-Manoppello-Serramonacesca<br><a href=\"http:\/\/www.gruppolapanoramica.it\/\">www.gruppolapanoramica.it<\/a><br><a href=\"http:\/\/www.arpaonline.com\/\">www.arpaonline.com<\/a><br><a href=\"http:\/\/www.regione.abruzzo.it\/turismo\">www.regione.abruzzo.it\/turismo<\/a><\/p><p class=\"directions\">POCI\u0104GIEM<br><b>z Rzymu:<\/b> Odjazd z dworca kolejowego Tiburtina w kierunku Pescary, wysi\u0105\u015b\u0107 na stacji Manoppello Scalo<br><b>z Pescary: <\/b>w kierunku Sulmona &#8211; Rzym, wysi\u0105\u015b\u0107 na stacji Manoppello Scalo<br><a href=\"http:\/\/www.trenitalia.com\/\">www.trenitalia.com<\/a><\/p><p class=\"directions\">SAMOLOTEM<br>Aeroporto Internazionale d\u00b4Abruzzo w Pescarze<br><a href=\"http:\/\/www.abruzzoairport.com\/\">www.abruzzoairport.com<\/a><\/p>\t\t\t\t\t\t\t\t<\/div>\n\t\t\t\t<\/div>\n\t\t<div class=\"elementor-element elementor-element-7ccfff7 e-con-full e-flex e-con e-child\" data-id=\"7ccfff7\" data-element_type=\"container\" data-e-type=\"container\">\n\t\t\t\t<div class=\"elementor-element elementor-element-1f5fe77 elementor-widget elementor-widget-image\" data-id=\"1f5fe77\" data-element_type=\"widget\" data-e-type=\"widget\" data-widget_type=\"image.default\">\n\t\t\t\t\t\t\t\t\t\t\t\t\t\t\t<img fetchpriority=\"high\" decoding=\"async\" width=\"300\" height=\"300\" src=\"https:\/\/www.sudariumchristi.com\/wp-content\/uploads\/2025\/12\/anfahrt.gif\" class=\"attachment-large size-large wp-image-1679\" alt=\"\" \/>\t\t\t\t\t\t\t\t\t\t\t\t\t\t\t<\/div>\n\t\t\t\t<\/div>\n\t\t\t\t\t<\/div>\n\t\t\t\t<\/div>\n\t\t\t\t<\/div>\n\t\t","protected":false},"excerpt":{"rendered":"<p>Manoppello ist eine italienische Gemeinde mit ca. 6.700 Einwohnern in der Provinz Pescara in den Abruzzen, ca. 30 km westlich von Pescara (Adria) und ca. 2 Autostunden nord\u00f6stlich von Rom gelegen. Wej\u015bcie do ko\u015bcio\u0142a jest pozbawione barier architektonicznych. Jedynie bezpo\u015brednie podej\u015bcie do Sudarium od ty\u0142u o\u0142tarza wymaga pokonania kilku schod\u00f3w. SAMOCHODEMz Rzymu: autostrad\u0105 A 25 [&hellip;]<\/p>\n","protected":false},"author":1,"featured_media":0,"parent":450,"menu_order":0,"comment_status":"closed","ping_status":"closed","template":"","meta":{"footnotes":""},"class_list":["post-498","page","type-page","status-publish","hentry"],"_links":{"self":[{"href":"https:\/\/www.sudariumchristi.com\/pl\/wp-json\/wp\/v2\/pages\/498","targetHints":{"allow":["GET"]}}],"collection":[{"href":"https:\/\/www.sudariumchristi.com\/pl\/wp-json\/wp\/v2\/pages"}],"about":[{"href":"https:\/\/www.sudariumchristi.com\/pl\/wp-json\/wp\/v2\/types\/page"}],"author":[{"embeddable":true,"href":"https:\/\/www.sudariumchristi.com\/pl\/wp-json\/wp\/v2\/users\/1"}],"replies":[{"embeddable":true,"href":"https:\/\/www.sudariumchristi.com\/pl\/wp-json\/wp\/v2\/comments?post=498"}],"version-history":[{"count":3,"href":"https:\/\/www.sudariumchristi.com\/pl\/wp-json\/wp\/v2\/pages\/498\/revisions"}],"predecessor-version":[{"id":1838,"href":"https:\/\/www.sudariumchristi.com\/pl\/wp-json\/wp\/v2\/pages\/498\/revisions\/1838"}],"up":[{"embeddable":true,"href":"https:\/\/www.sudariumchristi.com\/pl\/wp-json\/wp\/v2\/pages\/450"}],"wp:attachment":[{"href":"https:\/\/www.sudariumchristi.com\/pl\/wp-json\/wp\/v2\/media?parent=498"}],"curies":[{"name":"wp","href":"https:\/\/api.w.org\/{rel}","templated":true}]}}