{"id":176,"date":"2025-11-05T14:06:44","date_gmt":"2025-11-05T13:06:44","guid":{"rendered":"http:\/\/sudariumchristi.stage.bergwerk-it.de\/bem-vindo\/"},"modified":"2025-12-19T13:37:05","modified_gmt":"2025-12-19T12:37:05","slug":"bem-vindo","status":"publish","type":"page","link":"https:\/\/www.sudariumchristi.com\/pt-pt\/","title":{"rendered":"Bem-vindo"},"content":{"rendered":"\t\t<div data-elementor-type=\"wp-page\" data-elementor-id=\"176\" class=\"elementor elementor-176 elementor-9\" data-elementor-post-type=\"page\">\n\t\t\t\t<div class=\"elementor-element elementor-element-0027e72 e-flex e-con-boxed e-con e-parent\" data-id=\"0027e72\" data-element_type=\"container\" data-e-type=\"container\">\n\t\t\t\t\t<div class=\"e-con-inner\">\n\t\t<div class=\"elementor-element elementor-element-552bc82 e-con-full e-flex e-con e-child\" data-id=\"552bc82\" data-element_type=\"container\" data-e-type=\"container\">\n\t\t\t\t<div class=\"elementor-element elementor-element-4645ec2 elementor-blockquote--skin-quotation elementor-blockquote--align-left elementor-widget elementor-widget-blockquote\" data-id=\"4645ec2\" data-element_type=\"widget\" data-e-type=\"widget\" data-widget_type=\"blockquote.default\">\n\t\t\t\t\t\t\t<blockquote class=\"elementor-blockquote\">\n\t\t\t<p class=\"elementor-blockquote__content\">\n\t\t\t\t\u201cQuem Me v\u00ea, v\u00ea o Pai.\u201d\t\t\t<\/p>\n\t\t\t\t\t\t\t<div class=\"e-q-footer\">\n\t\t\t\t\t\t\t\t\t\t\t<cite class=\"elementor-blockquote__author\">(Joh 14,9)<\/cite>\n\t\t\t\t\t\t\t\t\t\t\t\t\t\t<\/div>\n\t\t\t\t\t<\/blockquote>\n\t\t\t\t\t\t<\/div>\n\t\t\t\t<div class=\"elementor-element elementor-element-b417377 elementor-widget elementor-widget-text-editor\" data-id=\"b417377\" data-element_type=\"widget\" data-e-type=\"widget\" data-widget_type=\"text-editor.default\">\n\t\t\t\t\t\t\t\t\t<p><strong>Desde os primeiros tempos da era crist\u00e3<\/strong>, a tradi\u00e7\u00e3o oral e escrita fala de um pano com a face de Jesus Cristo. Os v\u00e9us de Cam\u00falia, Mandylion, Acheiropoi\u00e9tos, Ver\u00f3nica ou Santo V\u00e9u \u2013 uma multiplicidade de designa\u00e7\u00f5es misteriosas acompanhou o v\u00e9u no longo caminho de Jerusal\u00e9m at\u00e9 Manoppello, uma localidade isolada na regi\u00e3o de Abruzo, passando por Edessa, Constantinopla e Roma. <\/p><p><strong>O Sud\u00e1rio de Oviedo no norte de Espanha, a Santa Coifa de Cahors, o Sud\u00e1rio de Turim, os Sud\u00e1rios de Kornelim\u00fcnster<\/strong> \u2013 um consider\u00e1vel n\u00famero de rel\u00edquias t\u00eaxteis est\u00e1 relacionado com o enterro de Jesus, pois S. Jo\u00e3o menciona v\u00e1rios sud\u00e1rios no seu Evangelho sobre a Ressurrei\u00e7\u00e3o.<\/p><p>Recorrendo a pontos de orienta\u00e7\u00e3o \u2013 a designada \u201csopraposition\u201d \u2013 a monja trapista alem\u00e3, Blandina Paschalis Schl\u00f6mer, conseguiu provar que nas imagens<strong> do sud\u00e1rio de Manoppello e do sud\u00e1rio de Turim<\/strong> se trata da mesma pessoa. Posteriormente, aplicou esta mesma t\u00e9cnica ao Sud\u00e1rio de Oviedo e obteve o mesmo resultado. <\/p><p>O V\u00e9u de Manoppello \u00e9 feito de bisso marinho \u2013 tamb\u00e9m chamado seda marinha \u2013 e tem como efeito parecer mudar conforme a incid\u00eancia da luz.<\/p><p>As rel\u00edquias como o Sud\u00e1rio de Turim e o V\u00e9u de Manoppello, mas tamb\u00e9m a imagem de Nossa Senhora de Guadalupe ou a imagem miraculosa de Absam s\u00e3o designadas acheiropo\u00edetos (\u201cn\u00e3o realizadas por m\u00e3os humanas\u201d).<\/p>\t\t\t\t\t\t\t\t<\/div>\n\t\t\t\t<\/div>\n\t\t<div class=\"elementor-element elementor-element-cce47c0 e-con-full e-flex e-con e-child\" data-id=\"cce47c0\" data-element_type=\"container\" data-e-type=\"container\">\n\t\t\t\t<div class=\"elementor-element elementor-element-2e6101e elementor-widget elementor-widget-video\" data-id=\"2e6101e\" data-element_type=\"widget\" data-e-type=\"widget\" data-settings=\"{&quot;video_type&quot;:&quot;hosted&quot;,&quot;controls&quot;:&quot;yes&quot;}\" data-widget_type=\"video.default\">\n\t\t\t\t\t\t\t<div class=\"e-hosted-video elementor-wrapper elementor-open-inline\">\n\t\t\t\t\t<video class=\"elementor-video\" src=\"https:\/\/www.sudariumchristi.com\/wp-content\/uploads\/2025\/12\/start.mp4\" controls=\"\" preload=\"metadata\" controlsList=\"nodownload\" poster=\"https:\/\/www.sudariumchristi.com\/wp-content\/uploads\/2025\/12\/start.jpg\"><\/video>\n\t\t\t\t<\/div>\n\t\t\t\t\t\t<\/div>\n\t\t\t\t<\/div>\n\t\t\t\t\t<\/div>\n\t\t\t\t<\/div>\n\t\t\t\t<\/div>\n\t\t","protected":false},"excerpt":{"rendered":"<p>\u201cQuem Me v\u00ea, v\u00ea o Pai.\u201d (Joh 14,9) Desde os primeiros tempos da era crist\u00e3, a tradi\u00e7\u00e3o oral e escrita fala de um pano com a face de Jesus Cristo. Os v\u00e9us de Cam\u00falia, Mandylion, Acheiropoi\u00e9tos, Ver\u00f3nica ou Santo V\u00e9u \u2013 uma multiplicidade de designa\u00e7\u00f5es misteriosas acompanhou o v\u00e9u no longo caminho de Jerusal\u00e9m at\u00e9 [&hellip;]<\/p>\n","protected":false},"author":1,"featured_media":0,"parent":0,"menu_order":0,"comment_status":"closed","ping_status":"closed","template":"","meta":{"footnotes":""},"class_list":["post-176","page","type-page","status-publish","hentry"],"_links":{"self":[{"href":"https:\/\/www.sudariumchristi.com\/pt-pt\/wp-json\/wp\/v2\/pages\/176","targetHints":{"allow":["GET"]}}],"collection":[{"href":"https:\/\/www.sudariumchristi.com\/pt-pt\/wp-json\/wp\/v2\/pages"}],"about":[{"href":"https:\/\/www.sudariumchristi.com\/pt-pt\/wp-json\/wp\/v2\/types\/page"}],"author":[{"embeddable":true,"href":"https:\/\/www.sudariumchristi.com\/pt-pt\/wp-json\/wp\/v2\/users\/1"}],"replies":[{"embeddable":true,"href":"https:\/\/www.sudariumchristi.com\/pt-pt\/wp-json\/wp\/v2\/comments?post=176"}],"version-history":[{"count":6,"href":"https:\/\/www.sudariumchristi.com\/pt-pt\/wp-json\/wp\/v2\/pages\/176\/revisions"}],"predecessor-version":[{"id":3582,"href":"https:\/\/www.sudariumchristi.com\/pt-pt\/wp-json\/wp\/v2\/pages\/176\/revisions\/3582"}],"wp:attachment":[{"href":"https:\/\/www.sudariumchristi.com\/pt-pt\/wp-json\/wp\/v2\/media?parent=176"}],"curies":[{"name":"wp","href":"https:\/\/api.w.org\/{rel}","templated":true}]}}