{"id":206,"date":"2025-11-05T16:41:52","date_gmt":"2025-11-05T15:41:52","guid":{"rendered":"http:\/\/sudariumchristi.stage.bergwerk-it.de\/introducao\/"},"modified":"2025-12-19T13:37:47","modified_gmt":"2025-12-19T12:37:47","slug":"introducao","status":"publish","type":"page","link":"https:\/\/www.sudariumchristi.com\/pt-pt\/introducao\/","title":{"rendered":"Introdu\u00e7\u00e3o"},"content":{"rendered":"\t\t<div data-elementor-type=\"wp-page\" data-elementor-id=\"206\" class=\"elementor elementor-206 elementor-17\" data-elementor-post-type=\"page\">\n\t\t\t\t<div class=\"elementor-element elementor-element-3c76bd5 e-flex e-con-boxed e-con e-parent\" data-id=\"3c76bd5\" data-element_type=\"container\" data-e-type=\"container\">\n\t\t\t\t\t<div class=\"e-con-inner\">\n\t\t<div class=\"elementor-element elementor-element-8ae4f50 e-con-full e-flex e-con e-child\" data-id=\"8ae4f50\" data-element_type=\"container\" data-e-type=\"container\">\n\t\t\t\t<div class=\"elementor-element elementor-element-006c8ce elementor-blockquote--skin-quotation elementor-blockquote--align-left elementor-widget elementor-widget-blockquote\" data-id=\"006c8ce\" data-element_type=\"widget\" data-e-type=\"widget\" data-widget_type=\"blockquote.default\">\n\t\t\t\t\t\t\t<blockquote class=\"elementor-blockquote\">\n\t\t\t<p class=\"elementor-blockquote__content\">\n\t\t\t\tAqueles que semeiam com l\u00e1grimas, v\u00e3o recolher com alegria. \u00c0 ida v\u00e3o a chorar, carregando e lan\u00e7ando as sementes, no regresso cantam de alegria, transportando os feixes de espigas \u2013 manipulus \u2013. \t\t\t<\/p>\n\t\t\t\t\t\t\t<div class=\"e-q-footer\">\n\t\t\t\t\t\t\t\t\t\t\t<cite class=\"elementor-blockquote__author\">\u2013 Ps 126,5 f.<\/cite>\n\t\t\t\t\t\t\t\t\t\t\t\t\t\t<\/div>\n\t\t\t\t\t<\/blockquote>\n\t\t\t\t\t\t<\/div>\n\t\t\t\t<div class=\"elementor-element elementor-element-dd7c92c elementor-widget elementor-widget-text-editor\" data-id=\"dd7c92c\" data-element_type=\"widget\" data-e-type=\"widget\" data-widget_type=\"text-editor.default\">\n\t\t\t\t\t\t\t\t\t<p><strong>Inserida na paisagem montanhosa<\/strong>, nas faldas do maci\u00e7o de Majella nos Abruzos italianos, encontra-se a pequena cidade de Manoppello. Neste rec\u00f4ndito local \u00e9 conservada uma rel\u00edquia de inestim\u00e1vel valor: um v\u00e9u onde est\u00e1 reproduzida a face de Jesus Cristo. <\/p><p><strong>Durante quase 400 anos<\/strong> este v\u00e9u, ou sud\u00e1rio, apenas deu consolo e esperan\u00e7a a um reduzido n\u00famero de crentes, enquanto permaneceu quase oculto para o resto da cristandade. No entanto, cada vez h\u00e1 mais ind\u00edcios de que se trata da \u201cimagem aut\u00eantica\u201d, que devia afinal encontrar-se na Catedral de S. Pedro em Roma. <\/p><p><strong>Dissimula\u00e7\u00e3o, mist\u00e9rio, desvendamento<\/strong> \u2013 A natureza do sud\u00e1rio aponta j\u00e1 para o seu car\u00e1cter enigm\u00e1tico e misterioso: um v\u00e9u transparente, onde a imagem de Jesus Cristo parece estar em transforma\u00e7\u00e3o permanente dependendo da diferente incid\u00eancia de luz. S\u00f3 durante as prociss\u00f5es desabrocha toda a sua variedade \u00e0 luz do dia. Prestigiados artistas tentaram j\u00e1 reproduzir este motivo, mas nem sequer a mais moderna t\u00e9cnica de fotografia consegue reproduzir adequadamente esta face tremeluzente. Al\u00e9m disso, o sud\u00e1rio \u00e9 feito de um material especial: bisso, um tecido da Antiguidade, envolto em lendas. Um tecido para a eternidade, que j\u00e1 durou 2.000 anos desde a morte de Jesus Cristo. J\u00e1 aos primeiros crist\u00e3os se colocava a quest\u00e3o quanto ao modo como a face de Jesus Cristo tinha ficado no sud\u00e1rio, uma quest\u00e3o que ainda hoje levanta muitos enigmas.     <\/p><p><strong>Manoppello, manipulus, man\u00edpulo<\/strong> \u2013 o nome da pequena cidade aparentemente sem import\u00e2ncia, que desde h\u00e1 s\u00e9culos conserva o Sud\u00e1rio de Cristo, n\u00e3o podia ser mais rico em significado: Manoppello prov\u00e9m da palavra latina \u201cmanipulus\u201d, uma \u201cm\u00e3o cheia\u201d, que, nas armas da cidade, est\u00e1 representada como \u201cm\u00e3o cheia de espigas\u201d. As espigas recordam o p\u00e3o, tal como Bel\u00e9m, o local de nascimento de Jesus Cristo, que em hebraico significa \u201ccasa do p\u00e3o\u201d. \u201cAqueles que semeiam com l\u00e1grimas, v\u00e3o recolher com alegria. \u00c0 ida v\u00e3o a chorar, carregando e lan\u00e7ando as sementes, no regresso cantam de alegria \u2013 transportando os feixes de espigas \u2013 manipulos\u201d (Sl 126,5 ss.) \u2013 assim reza o Salmo a que o sacerdote se refere ao colocar o man\u00edpulo, originalmente era um sud\u00e1rio e posteriormente servia na Missa para envolver a m\u00e3o esquerda ao apresentar o c\u00e1lice, a patena e um ostens\u00f3rio vazio. O nome de Manopello, povoa\u00e7\u00e3o fundada muito antes da chegada do Sud\u00e1rio, n\u00e3o cont\u00e9m apenas uma refer\u00eancia ao pr\u00f3prio sud\u00e1rio. Estando ao mesmo tempo relacionado com o p\u00e3o e os objetos lit\u00fargicos, real\u00e7a duplamente a import\u00e2ncia da Eucaristia:    <\/p><p><strong>\u201cTomou, ent\u00e3o, o p\u00e3o <\/strong>e, depois de dar gra\u00e7as, partiu-o e distribui-o por eles dizendo: Isto \u00e9 o meu corpo, que vai ser entregue por v\u00f3s. Fazei isto em minha mem\u00f3ria! Depois da ceia, fez o mesmo com o c\u00e1lice, dizendo: Este c\u00e1lice \u00e9 a nova Alian\u00e7a no meu sangue, que vai ser derramado por v\u00f3s.\u201d (Lc 22, 19-20)<\/p><p>Tamb\u00e9m assim real\u00e7ava o Padre Ignazio Scurti, um frade capuchinho de Manoppello: <strong>\u201cA aut\u00eantica ver\u00f3nica, o aut\u00eantico v\u00e9u \u00e9 a h\u00f3stia eucar\u00edstica, e o aut\u00eantico rosto de Deus, encontramo-lo no rosto do nosso pr\u00f3ximo.\u201d<\/strong><\/p>\t\t\t\t\t\t\t\t<\/div>\n\t\t\t\t<\/div>\n\t\t<div class=\"elementor-element elementor-element-98bb79e e-con-full e-flex e-con e-child\" data-id=\"98bb79e\" data-element_type=\"container\" data-e-type=\"container\">\n\t\t\t\t<div class=\"elementor-element elementor-element-51b12cf elementor-widget elementor-widget-image\" data-id=\"51b12cf\" data-element_type=\"widget\" data-e-type=\"widget\" data-widget_type=\"image.default\">\n\t\t\t\t\t\t\t\t\t\t\t\t<figure class=\"wp-caption\">\n\t\t\t\t\t\t\t\t\t\t<img fetchpriority=\"high\" decoding=\"async\" width=\"300\" height=\"222\" src=\"https:\/\/www.sudariumchristi.com\/wp-content\/uploads\/2025\/12\/santuario_1.jpg\" class=\"attachment-large size-large wp-image-1921\" alt=\"\" \/>\t\t\t\t\t\t\t\t\t\t\t<figcaption class=\"widget-image-caption wp-caption-text\">Manoppello situa-se em local rec\u00f4ndito, nos Abruzos italianos<\/figcaption>\n\t\t\t\t\t\t\t\t\t\t<\/figure>\n\t\t\t\t\t\t\t\t\t<\/div>\n\t\t\t\t<div class=\"elementor-element elementor-element-faa043f elementor-widget elementor-widget-image\" data-id=\"faa043f\" data-element_type=\"widget\" data-e-type=\"widget\" data-widget_type=\"image.default\">\n\t\t\t\t\t\t\t\t\t\t\t\t<figure class=\"wp-caption\">\n\t\t\t\t\t\t\t\t\t\t<img decoding=\"async\" width=\"278\" height=\"170\" src=\"https:\/\/www.sudariumchristi.com\/wp-content\/uploads\/2025\/12\/emblem.jpg\" class=\"attachment-large size-large wp-image-1922\" alt=\"\" \/>\t\t\t\t\t\t\t\t\t\t\t<figcaption class=\"widget-image-caption wp-caption-text\">As armas de Manoppello e as de Bel\u00e9m<\/figcaption>\n\t\t\t\t\t\t\t\t\t\t<\/figure>\n\t\t\t\t\t\t\t\t\t<\/div>\n\t\t\t\t<div class=\"elementor-element elementor-element-2b62c74 elementor-widget elementor-widget-image\" data-id=\"2b62c74\" data-element_type=\"widget\" data-e-type=\"widget\" data-widget_type=\"image.default\">\n\t\t\t\t\t\t\t\t\t\t\t\t<figure class=\"wp-caption\">\n\t\t\t\t\t\t\t\t\t\t<img decoding=\"async\" width=\"300\" height=\"256\" src=\"https:\/\/www.sudariumchristi.com\/wp-content\/uploads\/2025\/12\/santuario_2.jpg\" class=\"attachment-large size-large wp-image-1923\" alt=\"\" \/>\t\t\t\t\t\t\t\t\t\t\t<figcaption class=\"widget-image-caption wp-caption-text\">A bas\u00edlica pontif\u00edcia do Santo V\u00e9u em Manoppello<\/figcaption>\n\t\t\t\t\t\t\t\t\t\t<\/figure>\n\t\t\t\t\t\t\t\t\t<\/div>\n\t\t\t\t<\/div>\n\t\t\t\t\t<\/div>\n\t\t\t\t<\/div>\n\t\t\t\t<\/div>\n\t\t","protected":false},"excerpt":{"rendered":"<p>Aqueles que semeiam com l\u00e1grimas, v\u00e3o recolher com alegria. \u00c0 ida v\u00e3o a chorar, carregando e lan\u00e7ando as sementes, no regresso cantam de alegria, transportando os feixes de espigas \u2013 manipulus \u2013. \u2013 Ps 126,5 f. Inserida na paisagem montanhosa, nas faldas do maci\u00e7o de Majella nos Abruzos italianos, encontra-se a pequena cidade de Manoppello. [&hellip;]<\/p>\n","protected":false},"author":1,"featured_media":0,"parent":0,"menu_order":0,"comment_status":"closed","ping_status":"closed","template":"","meta":{"footnotes":""},"class_list":["post-206","page","type-page","status-publish","hentry"],"_links":{"self":[{"href":"https:\/\/www.sudariumchristi.com\/pt-pt\/wp-json\/wp\/v2\/pages\/206","targetHints":{"allow":["GET"]}}],"collection":[{"href":"https:\/\/www.sudariumchristi.com\/pt-pt\/wp-json\/wp\/v2\/pages"}],"about":[{"href":"https:\/\/www.sudariumchristi.com\/pt-pt\/wp-json\/wp\/v2\/types\/page"}],"author":[{"embeddable":true,"href":"https:\/\/www.sudariumchristi.com\/pt-pt\/wp-json\/wp\/v2\/users\/1"}],"replies":[{"embeddable":true,"href":"https:\/\/www.sudariumchristi.com\/pt-pt\/wp-json\/wp\/v2\/comments?post=206"}],"version-history":[{"count":10,"href":"https:\/\/www.sudariumchristi.com\/pt-pt\/wp-json\/wp\/v2\/pages\/206\/revisions"}],"predecessor-version":[{"id":3592,"href":"https:\/\/www.sudariumchristi.com\/pt-pt\/wp-json\/wp\/v2\/pages\/206\/revisions\/3592"}],"wp:attachment":[{"href":"https:\/\/www.sudariumchristi.com\/pt-pt\/wp-json\/wp\/v2\/media?parent=206"}],"curies":[{"name":"wp","href":"https:\/\/api.w.org\/{rel}","templated":true}]}}