{"id":288,"date":"2025-11-05T16:42:32","date_gmt":"2025-11-05T15:42:32","guid":{"rendered":"http:\/\/sudariumchristi.stage.bergwerk-it.de\/face-a-face\/face-a-face\/"},"modified":"2025-12-19T13:40:16","modified_gmt":"2025-12-19T12:40:16","slug":"face-a-face","status":"publish","type":"page","link":"https:\/\/www.sudariumchristi.com\/pt-pt\/face-a-face\/face-a-face\/","title":{"rendered":"Face a face \u2013"},"content":{"rendered":"\t\t<div data-elementor-type=\"wp-page\" data-elementor-id=\"288\" class=\"elementor elementor-288 elementor-23\" data-elementor-post-type=\"page\">\n\t\t\t\t<div class=\"elementor-element elementor-element-946e17c e-flex e-con-boxed e-con e-parent\" data-id=\"946e17c\" data-element_type=\"container\" data-e-type=\"container\">\n\t\t\t\t\t<div class=\"e-con-inner\">\n\t\t\t\t<div class=\"elementor-element elementor-element-a112764 elementor-blockquote--skin-quotation elementor-blockquote--align-left elementor-widget elementor-widget-blockquote\" data-id=\"a112764\" data-element_type=\"widget\" data-e-type=\"widget\" data-widget_type=\"blockquote.default\">\n\t\t\t\t\t\t\t<blockquote class=\"elementor-blockquote\">\n\t\t\t<p class=\"elementor-blockquote__content\">\n\t\t\t\tComo se imprimiu a ef\u00edgie do Senhor\nnaquele v\u00e9u dos v\u00e9us.\t\t\t<\/p>\n\t\t\t\t\t\t\t<div class=\"e-q-footer\">\n\t\t\t\t\t\t\t\t\t\t\t<cite class=\"elementor-blockquote__author\">\u2013 Johann-Wolfgang von Goethe (1749-1832)<\/cite>\n\t\t\t\t\t\t\t\t\t\t\t\t\t\t<\/div>\n\t\t\t\t\t<\/blockquote>\n\t\t\t\t\t\t<\/div>\n\t\t\t\t<div class=\"elementor-element elementor-element-f2abf6c elementor-widget elementor-widget-text-editor\" data-id=\"f2abf6c\" data-element_type=\"widget\" data-e-type=\"widget\" data-widget_type=\"text-editor.default\">\n\t\t\t\t\t\t\t\t\t<p><strong>A \u00faltima tecel\u00e3 de bisso,<\/strong> Chiara Vigo, natural da Sardenha, declarou em 1 de setembro de 2004 em Manoppello que o tecido do Sud\u00e1rio era feito de bisso. Tamb\u00e9m se mostrou impressionada com a fina qualidade da tecelagem. Este material t\u00eaxtil tamb\u00e9m \u00e9 chamado seda marinha, porque se obt\u00e9m dos filamentos que segrega o molusco nobre (Pinna nobilis). O bisso pode ser tingido com algumas, embora poucas, subst\u00e2ncias. Mas n\u00e3o pode ser pintado. Nem \u00e9 sol\u00favel na \u00e1gua, nem \u00e9 inflam\u00e1vel. Al\u00e9m disso, \u00e9 resistente a variados qu\u00edmicos. Os filamentos podem armazenar luz, \u00e0 semelhan\u00e7a de informa\u00e7\u00f5es armazenadas num computador.     <\/p>\t\t\t\t\t\t\t\t<\/div>\n\t\t\t\t<div class=\"elementor-element elementor-element-40ca82e gallery-spacing-custom elementor-widget elementor-widget-image-gallery\" data-id=\"40ca82e\" data-element_type=\"widget\" data-e-type=\"widget\" data-widget_type=\"image-gallery.default\">\n\t\t\t\t\t\t\t<div class=\"elementor-image-gallery\">\n\t\t\t<div id='gallery-1' class='gallery galleryid-288 gallery-columns-5 gallery-size-large'><figure class='gallery-item'>\n\t\t\t<div class='gallery-icon landscape'>\n\t\t\t\t<a data-elementor-open-lightbox=\"yes\" data-elementor-lightbox-slideshow=\"40ca82e\" data-elementor-lightbox-title=\"shell_1\" data-e-action-hash=\"#elementor-action%3Aaction%3Dlightbox%26settings%3DeyJpZCI6MTkxNSwidXJsIjoiaHR0cHM6XC9cL3d3dy5zdWRhcml1bWNocmlzdGkuY29tXC93cC1jb250ZW50XC91cGxvYWRzXC8yMDI1XC8xMlwvc2hlbGxfMS5qcGciLCJzbGlkZXNob3ciOiI0MGNhODJlIn0%3D\" href='https:\/\/www.sudariumchristi.com\/wp-content\/uploads\/2025\/12\/shell_1.jpg'><img decoding=\"async\" width=\"190\" height=\"127\" src=\"https:\/\/www.sudariumchristi.com\/wp-content\/uploads\/2025\/12\/shell_1.jpg\" class=\"attachment-large size-large\" alt=\"\" \/><\/a>\n\t\t\t<\/div><\/figure><figure class='gallery-item'>\n\t\t\t<div class='gallery-icon landscape'>\n\t\t\t\t<a data-elementor-open-lightbox=\"yes\" data-elementor-lightbox-slideshow=\"40ca82e\" data-elementor-lightbox-title=\"shell_2\" data-e-action-hash=\"#elementor-action%3Aaction%3Dlightbox%26settings%3DeyJpZCI6MTkxNiwidXJsIjoiaHR0cHM6XC9cL3d3dy5zdWRhcml1bWNocmlzdGkuY29tXC93cC1jb250ZW50XC91cGxvYWRzXC8yMDI1XC8xMlwvc2hlbGxfMi5qcGciLCJzbGlkZXNob3ciOiI0MGNhODJlIn0%3D\" href='https:\/\/www.sudariumchristi.com\/wp-content\/uploads\/2025\/12\/shell_2.jpg'><img decoding=\"async\" width=\"190\" height=\"127\" src=\"https:\/\/www.sudariumchristi.com\/wp-content\/uploads\/2025\/12\/shell_2.jpg\" class=\"attachment-large size-large\" alt=\"\" \/><\/a>\n\t\t\t<\/div><\/figure><figure class='gallery-item'>\n\t\t\t<div class='gallery-icon landscape'>\n\t\t\t\t<a data-elementor-open-lightbox=\"yes\" data-elementor-lightbox-slideshow=\"40ca82e\" data-elementor-lightbox-title=\"shell_5\" data-e-action-hash=\"#elementor-action%3Aaction%3Dlightbox%26settings%3DeyJpZCI6MTkxNywidXJsIjoiaHR0cHM6XC9cL3d3dy5zdWRhcml1bWNocmlzdGkuY29tXC93cC1jb250ZW50XC91cGxvYWRzXC8yMDI1XC8xMlwvc2hlbGxfNS5qcGciLCJzbGlkZXNob3ciOiI0MGNhODJlIn0%3D\" href='https:\/\/www.sudariumchristi.com\/wp-content\/uploads\/2025\/12\/shell_5.jpg'><img decoding=\"async\" width=\"190\" height=\"127\" src=\"https:\/\/www.sudariumchristi.com\/wp-content\/uploads\/2025\/12\/shell_5.jpg\" class=\"attachment-large size-large\" alt=\"\" \/><\/a>\n\t\t\t<\/div><\/figure><figure class='gallery-item'>\n\t\t\t<div class='gallery-icon landscape'>\n\t\t\t\t<a data-elementor-open-lightbox=\"yes\" data-elementor-lightbox-slideshow=\"40ca82e\" data-elementor-lightbox-title=\"shell_4\" data-e-action-hash=\"#elementor-action%3Aaction%3Dlightbox%26settings%3DeyJpZCI6MTkxOCwidXJsIjoiaHR0cHM6XC9cL3d3dy5zdWRhcml1bWNocmlzdGkuY29tXC93cC1jb250ZW50XC91cGxvYWRzXC8yMDI1XC8xMlwvc2hlbGxfNC5qcGciLCJzbGlkZXNob3ciOiI0MGNhODJlIn0%3D\" href='https:\/\/www.sudariumchristi.com\/wp-content\/uploads\/2025\/12\/shell_4.jpg'><img loading=\"lazy\" decoding=\"async\" width=\"190\" height=\"127\" src=\"https:\/\/www.sudariumchristi.com\/wp-content\/uploads\/2025\/12\/shell_4.jpg\" class=\"attachment-large size-large\" alt=\"\" \/><\/a>\n\t\t\t<\/div><\/figure><figure class='gallery-item'>\n\t\t\t<div class='gallery-icon landscape'>\n\t\t\t\t<a data-elementor-open-lightbox=\"yes\" data-elementor-lightbox-slideshow=\"40ca82e\" data-elementor-lightbox-title=\"shell_3\" data-e-action-hash=\"#elementor-action%3Aaction%3Dlightbox%26settings%3DeyJpZCI6MTkxOSwidXJsIjoiaHR0cHM6XC9cL3d3dy5zdWRhcml1bWNocmlzdGkuY29tXC93cC1jb250ZW50XC91cGxvYWRzXC8yMDI1XC8xMlwvc2hlbGxfMy5qcGciLCJzbGlkZXNob3ciOiI0MGNhODJlIn0%3D\" href='https:\/\/www.sudariumchristi.com\/wp-content\/uploads\/2025\/12\/shell_3.jpg'><img loading=\"lazy\" decoding=\"async\" width=\"190\" height=\"127\" src=\"https:\/\/www.sudariumchristi.com\/wp-content\/uploads\/2025\/12\/shell_3.jpg\" class=\"attachment-large size-large\" alt=\"\" \/><\/a>\n\t\t\t<\/div><\/figure>\n\t\t<\/div>\n\t\t<\/div>\n\t\t\t\t\t\t<\/div>\n\t\t\t\t\t<\/div>\n\t\t\t\t<\/div>\n\t\t\t\t<\/div>\n\t\t","protected":false},"excerpt":{"rendered":"<p>Como se imprimiu a ef\u00edgie do Senhor naquele v\u00e9u dos v\u00e9us. \u2013 Johann-Wolfgang von Goethe (1749-1832) A \u00faltima tecel\u00e3 de bisso, Chiara Vigo, natural da Sardenha, declarou em 1 de setembro de 2004 em Manoppello que o tecido do Sud\u00e1rio era feito de bisso. Tamb\u00e9m se mostrou impressionada com a fina qualidade da tecelagem. Este [&hellip;]<\/p>\n","protected":false},"author":1,"featured_media":0,"parent":246,"menu_order":0,"comment_status":"closed","ping_status":"closed","template":"","meta":{"footnotes":""},"class_list":["post-288","page","type-page","status-publish","hentry"],"_links":{"self":[{"href":"https:\/\/www.sudariumchristi.com\/pt-pt\/wp-json\/wp\/v2\/pages\/288","targetHints":{"allow":["GET"]}}],"collection":[{"href":"https:\/\/www.sudariumchristi.com\/pt-pt\/wp-json\/wp\/v2\/pages"}],"about":[{"href":"https:\/\/www.sudariumchristi.com\/pt-pt\/wp-json\/wp\/v2\/types\/page"}],"author":[{"embeddable":true,"href":"https:\/\/www.sudariumchristi.com\/pt-pt\/wp-json\/wp\/v2\/users\/1"}],"replies":[{"embeddable":true,"href":"https:\/\/www.sudariumchristi.com\/pt-pt\/wp-json\/wp\/v2\/comments?post=288"}],"version-history":[{"count":4,"href":"https:\/\/www.sudariumchristi.com\/pt-pt\/wp-json\/wp\/v2\/pages\/288\/revisions"}],"predecessor-version":[{"id":3621,"href":"https:\/\/www.sudariumchristi.com\/pt-pt\/wp-json\/wp\/v2\/pages\/288\/revisions\/3621"}],"up":[{"embeddable":true,"href":"https:\/\/www.sudariumchristi.com\/pt-pt\/wp-json\/wp\/v2\/pages\/246"}],"wp:attachment":[{"href":"https:\/\/www.sudariumchristi.com\/pt-pt\/wp-json\/wp\/v2\/media?parent=288"}],"curies":[{"name":"wp","href":"https:\/\/api.w.org\/{rel}","templated":true}]}}