{"id":307,"date":"2025-11-05T16:44:34","date_gmt":"2025-11-05T15:44:34","guid":{"rendered":"http:\/\/sudariumchristi.stage.bergwerk-it.de\/o-tumulo-esta-vazio\/bisso-marinho-e-linho-puro-2\/"},"modified":"2025-12-19T14:18:37","modified_gmt":"2025-12-19T13:18:37","slug":"bisso-marinho-e-linho-puro-2","status":"publish","type":"page","link":"https:\/\/www.sudariumchristi.com\/pt-pt\/o-tumulo-esta-vazio\/bisso-marinho-e-linho-puro-2\/","title":{"rendered":"N\u00e3o feito por m\u00e3os humanas \u2013 Uma compara\u00e7\u00e3o"},"content":{"rendered":"\t\t<div data-elementor-type=\"wp-page\" data-elementor-id=\"307\" class=\"elementor elementor-307 elementor-29\" data-elementor-post-type=\"page\">\n\t\t\t\t<div class=\"elementor-element elementor-element-b49a01f e-flex e-con-boxed e-con e-parent\" data-id=\"b49a01f\" data-element_type=\"container\" data-e-type=\"container\">\n\t\t\t\t\t<div class=\"e-con-inner\">\n\t\t\t\t<div class=\"elementor-element elementor-element-605c662 elementor-widget-divider--view-line elementor-widget elementor-widget-divider\" data-id=\"605c662\" data-element_type=\"widget\" data-e-type=\"widget\" data-widget_type=\"divider.default\">\n\t\t\t\t\t\t\t<div class=\"elementor-divider\">\n\t\t\t<span class=\"elementor-divider-separator\">\n\t\t\t\t\t\t<\/span>\n\t\t<\/div>\n\t\t\t\t\t\t<\/div>\n\t\t\t\t<div class=\"elementor-element elementor-element-cc6e72f elementor-widget elementor-widget-text-editor\" data-id=\"cc6e72f\" data-element_type=\"widget\" data-e-type=\"widget\" data-widget_type=\"text-editor.default\">\n\t\t\t\t\t\t\t\t\t<p class=\"txt1\"><b>A primeira fotografia do Sud\u00e1rio de Turim,<\/b> do ano de 1898, revelou que pode comparar-se com um negativo fotogr\u00e1fico. Pelo contr\u00e1rio, o Sud\u00e1rio de Manoppello faz lembrar um diapositivo. No entanto, n\u00e3o s\u00e3o fotografias. No Santo Sud\u00e1rio est\u00e1 representado um homem morto, mas no Santo V\u00e9u est\u00e1 um homem vivo, marcado pelo mart\u00edrio.   <\/p><p class=\"txt1\">O padre capuchinho Domenico da Cese (1905 \u2013 1978) reconheceu a coincid\u00eancia de <strong>tra\u00e7os do rosto no V\u00e9u e no Sud\u00e1rio de Turim.<\/strong> Recorrendo a pontos de orienta\u00e7\u00e3o, a monja trapista alem\u00e3, Blandina Paschalis Schl\u00f6mer, uma farmac\u00eautica e pintora de \u00edcones, desenvolveu uma t\u00e9cnica de sobreposi\u00e7\u00e3o \u2013 \u201csopraposition\u201d \u2013 e foi-lhe poss\u00edvel, por concord\u00e2ncia, provar que nas imagens dos dois sud\u00e1rios se trata da mesma pessoa.  <b>Posteriormente, aplicou esta mesma t\u00e9cnica ao Sud\u00e1rio de Oviedo e obteve o mesmo resultado.<\/b><\/p>\t\t\t\t\t\t\t\t<\/div>\n\t\t\t\t<div class=\"elementor-element elementor-element-00b28ae elementor-widget-divider--view-line elementor-widget elementor-widget-divider\" data-id=\"00b28ae\" data-element_type=\"widget\" data-e-type=\"widget\" data-widget_type=\"divider.default\">\n\t\t\t\t\t\t\t<div class=\"elementor-divider\">\n\t\t\t<span class=\"elementor-divider-separator\">\n\t\t\t\t\t\t<\/span>\n\t\t<\/div>\n\t\t\t\t\t\t<\/div>\n\t\t\t\t<div class=\"elementor-element elementor-element-28a4d03 elementor-widget elementor-widget-heading\" data-id=\"28a4d03\" data-element_type=\"widget\" data-e-type=\"widget\" data-widget_type=\"heading.default\">\n\t\t\t\t\t<span class=\"elementor-heading-title elementor-size-default\">Compara\u00e7\u00e3o do Sud\u00e1rio de Turim com o Sud\u00e1rio de Cristo (Santo V\u00e9u)<\/span>\t\t\t\t<\/div>\n\t\t<div class=\"elementor-element elementor-element-e70a8c9 e-con-full e-flex e-con e-child\" data-id=\"e70a8c9\" data-element_type=\"container\" data-e-type=\"container\">\n\t\t\t\t<div class=\"elementor-element elementor-element-f0709e6 elementor-widget elementor-widget-image\" data-id=\"f0709e6\" data-element_type=\"widget\" data-e-type=\"widget\" data-widget_type=\"image.default\">\n\t\t\t\t\t\t\t\t\t\t\t\t<figure class=\"wp-caption\">\n\t\t\t\t\t\t\t\t\t\t<img fetchpriority=\"high\" decoding=\"async\" width=\"221\" height=\"300\" src=\"https:\/\/www.sudariumchristi.com\/wp-content\/uploads\/2025\/12\/turin.jpg\" class=\"attachment-large size-large wp-image-3726\" alt=\"\" \/>\t\t\t\t\t\t\t\t\t\t\t<figcaption class=\"widget-image-caption wp-caption-text\">Sud\u00e1rio de Turim<\/figcaption>\n\t\t\t\t\t\t\t\t\t\t<\/figure>\n\t\t\t\t\t\t\t\t\t<\/div>\n\t\t\t\t<div class=\"elementor-element elementor-element-94e1853 elementor-widget elementor-widget-image\" data-id=\"94e1853\" data-element_type=\"widget\" data-e-type=\"widget\" data-widget_type=\"image.default\">\n\t\t\t\t\t\t\t\t\t\t\t\t<figure class=\"wp-caption\">\n\t\t\t\t\t\t\t\t\t\t<img decoding=\"async\" width=\"221\" height=\"300\" src=\"https:\/\/www.sudariumchristi.com\/wp-content\/uploads\/2025\/12\/sudarium_1.jpg\" class=\"attachment-large size-large wp-image-3727\" alt=\"\" \/>\t\t\t\t\t\t\t\t\t\t\t<figcaption class=\"widget-image-caption wp-caption-text\">Sud\u00e1rio de Cristo (Santo V\u00e9u)<\/figcaption>\n\t\t\t\t\t\t\t\t\t\t<\/figure>\n\t\t\t\t\t\t\t\t\t<\/div>\n\t\t\t\t<div class=\"elementor-element elementor-element-b7e4ca4 elementor-widget elementor-widget-image\" data-id=\"b7e4ca4\" data-element_type=\"widget\" data-e-type=\"widget\" data-widget_type=\"image.default\">\n\t\t\t\t\t\t\t\t\t\t\t\t<figure class=\"wp-caption\">\n\t\t\t\t\t\t\t\t\t\t<img decoding=\"async\" width=\"200\" height=\"300\" src=\"https:\/\/www.sudariumchristi.com\/wp-content\/uploads\/2025\/12\/turinvoltosanto.jpg\" class=\"attachment-large size-large wp-image-3728\" alt=\"\" \/>\t\t\t\t\t\t\t\t\t\t\t<figcaption class=\"widget-image-caption wp-caption-text\">Sobreposi\u00e7\u00e3o<\/figcaption>\n\t\t\t\t\t\t\t\t\t\t<\/figure>\n\t\t\t\t\t\t\t\t\t<\/div>\n\t\t\t\t<\/div>\n\t\t\t\t<div class=\"elementor-element elementor-element-4d694b7 elementor-widget elementor-widget-heading\" data-id=\"4d694b7\" data-element_type=\"widget\" data-e-type=\"widget\" data-widget_type=\"heading.default\">\n\t\t\t\t\t<span class=\"elementor-heading-title elementor-size-default\">Pontos de especial correspond\u00eancia<\/span>\t\t\t\t<\/div>\n\t\t<div class=\"elementor-element elementor-element-a9a4bd0 e-con-full e-flex e-con e-child\" data-id=\"a9a4bd0\" data-element_type=\"container\" data-e-type=\"container\">\n\t\t\t\t<div class=\"elementor-element elementor-element-4552951 elementor-widget__width-initial elementor-icon-list--layout-traditional elementor-list-item-link-full_width elementor-widget elementor-widget-icon-list\" data-id=\"4552951\" data-element_type=\"widget\" data-e-type=\"widget\" data-widget_type=\"icon-list.default\">\n\t\t\t\t\t\t\t<ul class=\"elementor-icon-list-items\">\n\t\t\t\t\t\t\t<li class=\"elementor-icon-list-item\">\n\t\t\t\t\t\t\t\t\t\t<span class=\"elementor-icon-list-text\"><span class=\"number\">1<\/span> Pupila esquerda<\/span>\n\t\t\t\t\t\t\t\t\t<\/li>\n\t\t\t\t\t\t\t\t<li class=\"elementor-icon-list-item\">\n\t\t\t\t\t\t\t\t\t\t<span class=\"elementor-icon-list-text\"><span class=\"number\">2<\/span> P\u00e1lpebra inferior esquerda<\/span>\n\t\t\t\t\t\t\t\t\t<\/li>\n\t\t\t\t\t\t\t\t<li class=\"elementor-icon-list-item\">\n\t\t\t\t\t\t\t\t\t\t<span class=\"elementor-icon-list-text\"><span class=\"number\">3<\/span> Pupila direita<\/span>\n\t\t\t\t\t\t\t\t\t<\/li>\n\t\t\t\t\t\t\t\t<li class=\"elementor-icon-list-item\">\n\t\t\t\t\t\t\t\t\t\t<span class=\"elementor-icon-list-text\"><span class=\"number\">4<\/span> Hematoma na fratura do osso nasal<\/span>\n\t\t\t\t\t\t\t\t\t<\/li>\n\t\t\t\t\t\t\t\t<li class=\"elementor-icon-list-item\">\n\t\t\t\t\t\t\t\t\t\t<span class=\"elementor-icon-list-text\"><span class=\"number\">5<\/span> Marcas de pun\u00e7\u00e3o de espinhos na ma\u00e7\u00e3 do rosto esquerda e na sobrancelha direita ou no \u00e2ngulo da \u00f3rbita ocular direita<\/span>\n\t\t\t\t\t\t\t\t\t<\/li>\n\t\t\t\t\t\t<\/ul>\n\t\t\t\t\t\t<\/div>\n\t\t\t\t<div class=\"elementor-element elementor-element-4b1d88c elementor-widget__width-initial elementor-icon-list--layout-traditional elementor-list-item-link-full_width elementor-widget elementor-widget-icon-list\" data-id=\"4b1d88c\" data-element_type=\"widget\" data-e-type=\"widget\" data-widget_type=\"icon-list.default\">\n\t\t\t\t\t\t\t<ul class=\"elementor-icon-list-items\">\n\t\t\t\t\t\t\t<li class=\"elementor-icon-list-item\">\n\t\t\t\t\t\t\t\t\t\t<span class=\"elementor-icon-list-text\"><span class=\"number\">6<\/span> Asa direita do nariz<\/span>\n\t\t\t\t\t\t\t\t\t<\/li>\n\t\t\t\t\t\t\t\t<li class=\"elementor-icon-list-item\">\n\t\t\t\t\t\t\t\t\t\t<span class=\"elementor-icon-list-text\"><span class=\"number\">7<\/span> Asa esquerda do nariz ferida<\/span>\n\t\t\t\t\t\t\t\t\t<\/li>\n\t\t\t\t\t\t\t\t<li class=\"elementor-icon-list-item\">\n\t\t\t\t\t\t\t\t\t\t<span class=\"elementor-icon-list-text\"><span class=\"number\">8<\/span> Linhas transversais e arqueadas no \u00e2ngulo esquerdo da boca<\/span>\n\t\t\t\t\t\t\t\t\t<\/li>\n\t\t\t\t\t\t\t\t<li class=\"elementor-icon-list-item\">\n\t\t\t\t\t\t\t\t\t\t<span class=\"elementor-icon-list-text\"><span class=\"number\">9<\/span> Linha de dentes, \u00faltimo dente vis\u00edvel<\/span>\n\t\t\t\t\t\t\t\t\t<\/li>\n\t\t\t\t\t\t\t\t<li class=\"elementor-icon-list-item\">\n\t\t\t\t\t\t\t\t\t\t<span class=\"elementor-icon-list-text\"><span class=\"number\">10<\/span> Les\u00e3o do l\u00e1bio inferior<\/span>\n\t\t\t\t\t\t\t\t\t<\/li>\n\t\t\t\t\t\t<\/ul>\n\t\t\t\t\t\t<\/div>\n\t\t\t\t<\/div>\n\t\t\t\t<div class=\"elementor-element elementor-element-2d5d117 elementor-widget-divider--view-line elementor-widget elementor-widget-divider\" data-id=\"2d5d117\" data-element_type=\"widget\" data-e-type=\"widget\" data-widget_type=\"divider.default\">\n\t\t\t\t\t\t\t<div class=\"elementor-divider\">\n\t\t\t<span class=\"elementor-divider-separator\">\n\t\t\t\t\t\t<\/span>\n\t\t<\/div>\n\t\t\t\t\t\t<\/div>\n\t\t\t\t<div class=\"elementor-element elementor-element-10e5007 elementor-widget elementor-widget-heading\" data-id=\"10e5007\" data-element_type=\"widget\" data-e-type=\"widget\" data-widget_type=\"heading.default\">\n\t\t\t\t\t<span class=\"elementor-heading-title elementor-size-default\">Compara\u00e7\u00e3o do Sud\u00e1rio de Oviedo com o Sud\u00e1rio de Cristo (Santo V\u00e9u)<\/span>\t\t\t\t<\/div>\n\t\t<div class=\"elementor-element elementor-element-dae0f33 e-con-full e-flex e-con e-child\" data-id=\"dae0f33\" data-element_type=\"container\" data-e-type=\"container\">\n\t\t\t\t<div class=\"elementor-element elementor-element-30625b3 elementor-widget elementor-widget-image\" data-id=\"30625b3\" data-element_type=\"widget\" data-e-type=\"widget\" data-widget_type=\"image.default\">\n\t\t\t\t\t\t\t\t\t\t\t\t<figure class=\"wp-caption\">\n\t\t\t\t\t\t\t\t\t\t<img loading=\"lazy\" decoding=\"async\" width=\"221\" height=\"300\" src=\"https:\/\/www.sudariumchristi.com\/wp-content\/uploads\/2025\/12\/oviedo.jpg\" class=\"attachment-large size-large wp-image-3729\" alt=\"\" \/>\t\t\t\t\t\t\t\t\t\t\t<figcaption class=\"widget-image-caption wp-caption-text\">Sud\u00e1rio de Oviedo<\/figcaption>\n\t\t\t\t\t\t\t\t\t\t<\/figure>\n\t\t\t\t\t\t\t\t\t<\/div>\n\t\t\t\t<div class=\"elementor-element elementor-element-da8a64f elementor-widget elementor-widget-image\" data-id=\"da8a64f\" data-element_type=\"widget\" data-e-type=\"widget\" data-widget_type=\"image.default\">\n\t\t\t\t\t\t\t\t\t\t\t\t<figure class=\"wp-caption\">\n\t\t\t\t\t\t\t\t\t\t<img loading=\"lazy\" decoding=\"async\" width=\"221\" height=\"300\" src=\"https:\/\/www.sudariumchristi.com\/wp-content\/uploads\/2025\/12\/sudarium_2.jpg\" class=\"attachment-large size-large wp-image-3730\" alt=\"\" \/>\t\t\t\t\t\t\t\t\t\t\t<figcaption class=\"widget-image-caption wp-caption-text\">Sud\u00e1rio de Cristo (Santo V\u00e9u)<\/figcaption>\n\t\t\t\t\t\t\t\t\t\t<\/figure>\n\t\t\t\t\t\t\t\t\t<\/div>\n\t\t\t\t<div class=\"elementor-element elementor-element-2199fee elementor-widget elementor-widget-image\" data-id=\"2199fee\" data-element_type=\"widget\" data-e-type=\"widget\" data-widget_type=\"image.default\">\n\t\t\t\t\t\t\t\t\t\t\t\t<figure class=\"wp-caption\">\n\t\t\t\t\t\t\t\t\t\t<img loading=\"lazy\" decoding=\"async\" width=\"200\" height=\"300\" src=\"https:\/\/www.sudariumchristi.com\/wp-content\/uploads\/2025\/12\/oviedovoltosanto.jpg\" class=\"attachment-large size-large wp-image-3731\" alt=\"\" \/>\t\t\t\t\t\t\t\t\t\t\t<figcaption class=\"widget-image-caption wp-caption-text\">Sobreposi\u00e7\u00e3o<\/figcaption>\n\t\t\t\t\t\t\t\t\t\t<\/figure>\n\t\t\t\t\t\t\t\t\t<\/div>\n\t\t\t\t<\/div>\n\t\t\t\t<div class=\"elementor-element elementor-element-4fa06e3 elementor-widget elementor-widget-heading\" data-id=\"4fa06e3\" data-element_type=\"widget\" data-e-type=\"widget\" data-widget_type=\"heading.default\">\n\t\t\t\t\t<span class=\"elementor-heading-title elementor-size-default\">Pontos de especial correspond\u00eancia<\/span>\t\t\t\t<\/div>\n\t\t<div class=\"elementor-element elementor-element-1e7c452 e-con-full e-flex e-con e-child\" data-id=\"1e7c452\" data-element_type=\"container\" data-e-type=\"container\">\n\t\t\t\t<div class=\"elementor-element elementor-element-8291c59 elementor-widget__width-initial elementor-icon-list--layout-traditional elementor-list-item-link-full_width elementor-widget elementor-widget-icon-list\" data-id=\"8291c59\" data-element_type=\"widget\" data-e-type=\"widget\" data-widget_type=\"icon-list.default\">\n\t\t\t\t\t\t\t<ul class=\"elementor-icon-list-items\">\n\t\t\t\t\t\t\t<li class=\"elementor-icon-list-item\">\n\t\t\t\t\t\t\t\t\t\t<span class=\"elementor-icon-list-text\"><span class=\"number\">1<\/span> Incis\u00e3o entre os dois dentes vis\u00edveis no sud\u00e1rio<\/span>\n\t\t\t\t\t\t\t\t\t<\/li>\n\t\t\t\t\t\t\t\t<li class=\"elementor-icon-list-item\">\n\t\t\t\t\t\t\t\t\t\t<span class=\"elementor-icon-list-text\"><span class=\"number\">2<\/span> Incis\u00e3o de espinhos na extremidade interior da sobrancelha esquerda<\/span>\n\t\t\t\t\t\t\t\t\t<\/li>\n\t\t\t\t\t\t\t\t<li class=\"elementor-icon-list-item\">\n\t\t\t\t\t\t\t\t\t\t<span class=\"elementor-icon-list-text\"><span class=\"number\">3<\/span> Mancha sobre uma ferida da sobrancelha direita<\/span>\n\t\t\t\t\t\t\t\t\t<\/li>\n\t\t\t\t\t\t\t\t<li class=\"elementor-icon-list-item\">\n\t\t\t\t\t\t\t\t\t\t<span class=\"elementor-icon-list-text\"><span class=\"number\">4<\/span> Linha obl\u00edqua, em concord\u00e2ncia com um tra\u00e7o vermelho claro no Santo V\u00e9u<\/span>\n\t\t\t\t\t\t\t\t\t<\/li>\n\t\t\t\t\t\t\t\t<li class=\"elementor-icon-list-item\">\n\t\t\t\t\t\t\t\t\t\t<span class=\"elementor-icon-list-text\"><span class=\"number\">5<\/span> Les\u00e3o no nariz, provocada pelo golpe de uma vara. Surgem tra\u00e7os escuros paralelos e uma linha clara de tri\u00e2ngulo, cujo v\u00e9rtice est\u00e1 virado para baixo. <\/span>\n\t\t\t\t\t\t\t\t\t<\/li>\n\t\t\t\t\t\t<\/ul>\n\t\t\t\t\t\t<\/div>\n\t\t\t\t<div class=\"elementor-element elementor-element-b34fde3 elementor-widget__width-initial elementor-icon-list--layout-traditional elementor-list-item-link-full_width elementor-widget elementor-widget-icon-list\" data-id=\"b34fde3\" data-element_type=\"widget\" data-e-type=\"widget\" data-widget_type=\"icon-list.default\">\n\t\t\t\t\t\t\t<ul class=\"elementor-icon-list-items\">\n\t\t\t\t\t\t\t<li class=\"elementor-icon-list-item\">\n\t\t\t\t\t\t\t\t\t\t<span class=\"elementor-icon-list-text\"><span class=\"number\">6<\/span> Linha horizontal, um pouco interrompida e que limita para baixo a fratura no centro do nariz<\/span>\n\t\t\t\t\t\t\t\t\t<\/li>\n\t\t\t\t\t\t\t\t<li class=\"elementor-icon-list-item\">\n\t\t\t\t\t\t\t\t\t\t<span class=\"elementor-icon-list-text\"><span class=\"number\">7<\/span> Ponta do nariz escoriada ou contundida<\/span>\n\t\t\t\t\t\t\t\t\t<\/li>\n\t\t\t\t\t\t\t\t<li class=\"elementor-icon-list-item\">\n\t\t\t\t\t\t\t\t\t\t<span class=\"elementor-icon-list-text\"><span class=\"number\">8<\/span> Les\u00e3o no l\u00e1bio superior. Veem-se pontos escuros numa linha reta, passando um pouco a linha dos l\u00e1bios, e uma n\u00edtida vermelhid\u00e3o, que se prolonga para cima a partir destas poss\u00edveis picadas. H\u00e1, al\u00e9m disso, uma les\u00e3o no l\u00e1bio superior.  <\/span>\n\t\t\t\t\t\t\t\t\t<\/li>\n\t\t\t\t\t\t\t\t<li class=\"elementor-icon-list-item\">\n\t\t\t\t\t\t\t\t\t\t<span class=\"elementor-icon-list-text\"><span class=\"number\">9<\/span> Vest\u00edgio de l\u00edquido, com in\u00edcio exatamente onde est\u00e1 a pupila. O olho parece ferido por picadas de espinhos. <\/span>\n\t\t\t\t\t\t\t\t\t<\/li>\n\t\t\t\t\t\t\t\t<li class=\"elementor-icon-list-item\">\n\t\t\t\t\t\t\t\t\t\t<span class=\"elementor-icon-list-text\"><span class=\"number\">10<\/span> Ferimento causado por espinhos na ma\u00e7\u00e3 direita do rosto, na forma geom\u00e9trica de um trap\u00e9zio com o v\u00e9rtice para baixo<\/span>\n\t\t\t\t\t\t\t\t\t<\/li>\n\t\t\t\t\t\t<\/ul>\n\t\t\t\t\t\t<\/div>\n\t\t\t\t<\/div>\n\t\t\t\t\t<\/div>\n\t\t\t\t<\/div>\n\t\t\t\t<\/div>\n\t\t","protected":false},"excerpt":{"rendered":"<p>A primeira fotografia do Sud\u00e1rio de Turim, do ano de 1898, revelou que pode comparar-se com um negativo fotogr\u00e1fico. Pelo contr\u00e1rio, o Sud\u00e1rio de Manoppello faz lembrar um diapositivo. No entanto, n\u00e3o s\u00e3o fotografias. No Santo Sud\u00e1rio est\u00e1 representado um homem morto, mas no Santo V\u00e9u est\u00e1 um homem vivo, marcado pelo mart\u00edrio. O padre [&hellip;]<\/p>\n","protected":false},"author":1,"featured_media":0,"parent":268,"menu_order":0,"comment_status":"closed","ping_status":"closed","template":"","meta":{"footnotes":""},"class_list":["post-307","page","type-page","status-publish","hentry"],"_links":{"self":[{"href":"https:\/\/www.sudariumchristi.com\/pt-pt\/wp-json\/wp\/v2\/pages\/307","targetHints":{"allow":["GET"]}}],"collection":[{"href":"https:\/\/www.sudariumchristi.com\/pt-pt\/wp-json\/wp\/v2\/pages"}],"about":[{"href":"https:\/\/www.sudariumchristi.com\/pt-pt\/wp-json\/wp\/v2\/types\/page"}],"author":[{"embeddable":true,"href":"https:\/\/www.sudariumchristi.com\/pt-pt\/wp-json\/wp\/v2\/users\/1"}],"replies":[{"embeddable":true,"href":"https:\/\/www.sudariumchristi.com\/pt-pt\/wp-json\/wp\/v2\/comments?post=307"}],"version-history":[{"count":9,"href":"https:\/\/www.sudariumchristi.com\/pt-pt\/wp-json\/wp\/v2\/pages\/307\/revisions"}],"predecessor-version":[{"id":3866,"href":"https:\/\/www.sudariumchristi.com\/pt-pt\/wp-json\/wp\/v2\/pages\/307\/revisions\/3866"}],"up":[{"embeddable":true,"href":"https:\/\/www.sudariumchristi.com\/pt-pt\/wp-json\/wp\/v2\/pages\/268"}],"wp:attachment":[{"href":"https:\/\/www.sudariumchristi.com\/pt-pt\/wp-json\/wp\/v2\/media?parent=307"}],"curies":[{"name":"wp","href":"https:\/\/api.w.org\/{rel}","templated":true}]}}