{"id":316,"date":"2025-11-05T16:45:04","date_gmt":"2025-11-05T15:45:04","guid":{"rendered":"http:\/\/sudariumchristi.stage.bergwerk-it.de\/sudario-de-cristo-santo-veu-esudario-de-turim\/"},"modified":"2025-12-18T13:34:38","modified_gmt":"2025-12-18T12:34:38","slug":"sudario-de-cristo-santo-veu-esudario-de-turim","status":"publish","type":"page","link":"https:\/\/www.sudariumchristi.com\/pt-pt\/sudario-de-cristo-santo-veu-esudario-de-turim\/","title":{"rendered":"Sud\u00e1rio de Cristo (Santo V\u00e9u) e<br>Sud\u00e1rio de Turim"},"content":{"rendered":"\t\t<div data-elementor-type=\"wp-page\" data-elementor-id=\"316\" class=\"elementor elementor-316 elementor-31\" data-elementor-post-type=\"page\">\n\t\t\t\t<div class=\"elementor-element elementor-element-42a2e65 e-flex e-con-boxed e-con e-parent\" data-id=\"42a2e65\" data-element_type=\"container\" data-e-type=\"container\">\n\t\t\t\t\t<div class=\"e-con-inner\">\n\t\t\t\t<div class=\"elementor-element elementor-element-541ecfd elementor-widget elementor-widget-heading\" data-id=\"541ecfd\" data-element_type=\"widget\" data-e-type=\"widget\" data-widget_type=\"heading.default\">\n\t\t\t\t\t<h2 class=\"elementor-heading-title elementor-size-default\">A sobreposi\u00e7\u00e3o<\/h2>\t\t\t\t<\/div>\n\t\t\t\t<div class=\"elementor-element elementor-element-fab683a elementor-widget-divider--view-line elementor-widget elementor-widget-divider\" data-id=\"fab683a\" data-element_type=\"widget\" data-e-type=\"widget\" data-widget_type=\"divider.default\">\n\t\t\t\t\t\t\t<div class=\"elementor-divider\">\n\t\t\t<span class=\"elementor-divider-separator\">\n\t\t\t\t\t\t<\/span>\n\t\t<\/div>\n\t\t\t\t\t\t<\/div>\n\t\t\t\t<div class=\"elementor-element elementor-element-2d8c9c3 elementor-widget elementor-widget-image\" data-id=\"2d8c9c3\" data-element_type=\"widget\" data-e-type=\"widget\" data-widget_type=\"image.default\">\n\t\t\t\t\t\t\t\t\t\t\t\t\t\t\t<img fetchpriority=\"high\" decoding=\"async\" width=\"700\" height=\"375\" src=\"https:\/\/www.sudariumchristi.com\/wp-content\/uploads\/2025\/12\/compare_1.jpg\" class=\"attachment-large size-large wp-image-2025\" alt=\"\" srcset=\"https:\/\/www.sudariumchristi.com\/wp-content\/uploads\/2025\/12\/compare_1.jpg 700w, https:\/\/www.sudariumchristi.com\/wp-content\/uploads\/2025\/12\/compare_1-300x161.jpg 300w\" sizes=\"(max-width: 700px) 100vw, 700px\" \/>\t\t\t\t\t\t\t\t\t\t\t\t\t\t\t<\/div>\n\t\t\t\t<div class=\"elementor-element elementor-element-efcee2c elementor-widget elementor-widget-text-editor\" data-id=\"efcee2c\" data-element_type=\"widget\" data-e-type=\"widget\" data-widget_type=\"text-editor.default\">\n\t\t\t\t\t\t\t\t\t<p><b>Com o Sud\u00e1rio de Oviedo<\/b> v\u00ea-se o sofrimento e a morte de Jesus Cristo. Ele est\u00e1 morto e o seu olhar apagado. Pelo contr\u00e1rio, a face marcada pelo mart\u00edrio do Ressuscitado no Sud\u00e1rio de Cristo parece fixar o observador com um olhar desperto.  <\/p><p><a href=\"https:\/\/www.sudariumchristi.com\/pt-pt\/o-tumulo-esta-vazio\/bisso-marinho-e-linho-puro-2\/\">Ler mais \u2026<\/a><\/p>\t\t\t\t\t\t\t\t<\/div>\n\t\t\t\t\t<\/div>\n\t\t\t\t<\/div>\n\t\t\t\t<\/div>\n\t\t","protected":false},"excerpt":{"rendered":"<p>A sobreposi\u00e7\u00e3o Com o Sud\u00e1rio de Oviedo v\u00ea-se o sofrimento e a morte de Jesus Cristo. Ele est\u00e1 morto e o seu olhar apagado. Pelo contr\u00e1rio, a face marcada pelo mart\u00edrio do Ressuscitado no Sud\u00e1rio de Cristo parece fixar o observador com um olhar desperto. Ler mais \u2026<\/p>\n","protected":false},"author":1,"featured_media":0,"parent":0,"menu_order":0,"comment_status":"closed","ping_status":"closed","template":"","meta":{"footnotes":""},"class_list":["post-316","page","type-page","status-publish","hentry"],"_links":{"self":[{"href":"https:\/\/www.sudariumchristi.com\/pt-pt\/wp-json\/wp\/v2\/pages\/316","targetHints":{"allow":["GET"]}}],"collection":[{"href":"https:\/\/www.sudariumchristi.com\/pt-pt\/wp-json\/wp\/v2\/pages"}],"about":[{"href":"https:\/\/www.sudariumchristi.com\/pt-pt\/wp-json\/wp\/v2\/types\/page"}],"author":[{"embeddable":true,"href":"https:\/\/www.sudariumchristi.com\/pt-pt\/wp-json\/wp\/v2\/users\/1"}],"replies":[{"embeddable":true,"href":"https:\/\/www.sudariumchristi.com\/pt-pt\/wp-json\/wp\/v2\/comments?post=316"}],"version-history":[{"count":8,"href":"https:\/\/www.sudariumchristi.com\/pt-pt\/wp-json\/wp\/v2\/pages\/316\/revisions"}],"predecessor-version":[{"id":3076,"href":"https:\/\/www.sudariumchristi.com\/pt-pt\/wp-json\/wp\/v2\/pages\/316\/revisions\/3076"}],"wp:attachment":[{"href":"https:\/\/www.sudariumchristi.com\/pt-pt\/wp-json\/wp\/v2\/media?parent=316"}],"curies":[{"name":"wp","href":"https:\/\/api.w.org\/{rel}","templated":true}]}}