{"id":381,"date":"2025-11-05T16:46:57","date_gmt":"2025-11-05T15:46:57","guid":{"rendered":"http:\/\/sudariumchristi.stage.bergwerk-it.de\/poesia-e-veracidade\/a-contradicao-sobre-o-pilar-de-santa-veronica\/"},"modified":"2025-12-19T13:44:18","modified_gmt":"2025-12-19T12:44:18","slug":"a-contradicao-sobre-o-pilar-de-santa-veronica","status":"publish","type":"page","link":"https:\/\/www.sudariumchristi.com\/pt-pt\/poesia-e-veracidade\/a-contradicao-sobre-o-pilar-de-santa-veronica\/","title":{"rendered":"A contradi\u00e7\u00e3o sobre o pilar de Santa Ver\u00f3nica"},"content":{"rendered":"\t\t<div data-elementor-type=\"wp-page\" data-elementor-id=\"381\" class=\"elementor elementor-381 elementor-45\" data-elementor-post-type=\"page\">\n\t\t\t\t<div class=\"elementor-element elementor-element-afb83c0 e-flex e-con-boxed e-con e-parent\" data-id=\"afb83c0\" data-element_type=\"container\" data-e-type=\"container\">\n\t\t\t\t\t<div class=\"e-con-inner\">\n\t\t\t\t<div class=\"elementor-element elementor-element-4b76fd5 elementor-blockquote--skin-quotation elementor-blockquote--align-left elementor-widget elementor-widget-blockquote\" data-id=\"4b76fd5\" data-element_type=\"widget\" data-e-type=\"widget\" data-widget_type=\"blockquote.default\">\n\t\t\t\t\t\t\t<blockquote class=\"elementor-blockquote\">\n\t\t\t<p class=\"elementor-blockquote__content\">\n\t\t\t\tVULTUM TUUM DEPRECABUNTUR \u2013 Invoco a Tua Face\t\t\t<\/p>\n\t\t\t\t\t\t\t<div class=\"e-q-footer\">\n\t\t\t\t\t\t\t\t\t\t\t<cite class=\"elementor-blockquote__author\">(Ps 45,13)<\/cite>\n\t\t\t\t\t\t\t\t\t\t\t\t\t\t<\/div>\n\t\t\t\t\t<\/blockquote>\n\t\t\t\t\t\t<\/div>\n\t\t\t\t<div class=\"elementor-element elementor-element-ec493d8 elementor-widget__width-initial elementor-widget elementor-widget-image-carousel\" data-id=\"ec493d8\" data-element_type=\"widget\" data-e-type=\"widget\" data-settings=\"{&quot;slides_to_show&quot;:&quot;1&quot;,&quot;navigation&quot;:&quot;none&quot;,&quot;lazyload&quot;:&quot;yes&quot;,&quot;autoplay&quot;:&quot;yes&quot;,&quot;pause_on_hover&quot;:&quot;yes&quot;,&quot;pause_on_interaction&quot;:&quot;yes&quot;,&quot;autoplay_speed&quot;:5000,&quot;infinite&quot;:&quot;yes&quot;,&quot;effect&quot;:&quot;slide&quot;,&quot;speed&quot;:500}\" data-widget_type=\"image-carousel.default\">\n\t\t\t\t\t\t\t<div class=\"elementor-image-carousel-wrapper swiper\" role=\"region\" aria-roledescription=\"carousel\" aria-label=\"Bild Karussell\" dir=\"ltr\">\n\t\t\t<div class=\"elementor-image-carousel swiper-wrapper swiper-image-stretch\" aria-live=\"off\">\n\t\t\t\t\t\t\t\t<div class=\"swiper-slide\" role=\"group\" aria-roledescription=\"slide\" aria-label=\"1 of 7\"><figure class=\"swiper-slide-inner\"><img class=\"swiper-slide-image swiper-lazy\" data-src=\"https:\/\/www.sudariumchristi.com\/wp-content\/uploads\/2025\/12\/veronica_01.jpg\" alt=\"Veronika-Pfeiler\" \/><div class=\"swiper-lazy-preloader\"><\/div><figcaption class=\"elementor-image-carousel-caption\">Veronika-Pfeiler<\/figcaption><\/figure><\/div><div class=\"swiper-slide\" role=\"group\" aria-roledescription=\"slide\" aria-label=\"2 of 7\"><figure class=\"swiper-slide-inner\"><img class=\"swiper-slide-image swiper-lazy\" data-src=\"https:\/\/www.sudariumchristi.com\/wp-content\/uploads\/2025\/12\/veronica_02.jpg\" alt=\"Veronika mit Schwei\u00dftuch\" \/><div class=\"swiper-lazy-preloader\"><\/div><figcaption class=\"elementor-image-carousel-caption\">Veronika mit Schwei\u00dftuch<\/figcaption><\/figure><\/div><div class=\"swiper-slide\" role=\"group\" aria-roledescription=\"slide\" aria-label=\"3 of 7\"><figure class=\"swiper-slide-inner\"><img class=\"swiper-slide-image swiper-lazy\" data-src=\"https:\/\/www.sudariumchristi.com\/wp-content\/uploads\/2025\/12\/veronica_03.jpg\" alt=\"Veronika mit Schwei\u00dftuch\" \/><div class=\"swiper-lazy-preloader\"><\/div><figcaption class=\"elementor-image-carousel-caption\">Veronika mit Schwei\u00dftuch<\/figcaption><\/figure><\/div><div class=\"swiper-slide\" role=\"group\" aria-roledescription=\"slide\" aria-label=\"4 of 7\"><figure class=\"swiper-slide-inner\"><img class=\"swiper-slide-image swiper-lazy\" data-src=\"https:\/\/www.sudariumchristi.com\/wp-content\/uploads\/2025\/12\/veronica_04.jpg\" alt=\"Veronika mit Schwei\u00dftuch\" \/><div class=\"swiper-lazy-preloader\"><\/div><figcaption class=\"elementor-image-carousel-caption\">Veronika mit Schwei\u00dftuch<\/figcaption><\/figure><\/div><div class=\"swiper-slide\" role=\"group\" aria-roledescription=\"slide\" aria-label=\"5 of 7\"><figure class=\"swiper-slide-inner\"><img class=\"swiper-slide-image swiper-lazy\" data-src=\"https:\/\/www.sudariumchristi.com\/wp-content\/uploads\/2025\/12\/veronica_05.jpg\" alt=\"Engel mit dem Sudarium Christi\" \/><div class=\"swiper-lazy-preloader\"><\/div><figcaption class=\"elementor-image-carousel-caption\">Engel mit dem Sudarium Christi<\/figcaption><\/figure><\/div><div class=\"swiper-slide\" role=\"group\" aria-roledescription=\"slide\" aria-label=\"6 of 7\"><figure class=\"swiper-slide-inner\"><img class=\"swiper-slide-image swiper-lazy\" data-src=\"https:\/\/www.sudariumchristi.com\/wp-content\/uploads\/2025\/12\/veronica_06.jpg\" alt=\"Engel mit dem Sudarium Christi\" \/><div class=\"swiper-lazy-preloader\"><\/div><figcaption class=\"elementor-image-carousel-caption\">Engel mit dem Sudarium Christi<\/figcaption><\/figure><\/div><div class=\"swiper-slide\" role=\"group\" aria-roledescription=\"slide\" aria-label=\"7 of 7\"><figure class=\"swiper-slide-inner\"><img class=\"swiper-slide-image swiper-lazy\" data-src=\"https:\/\/www.sudariumchristi.com\/wp-content\/uploads\/2025\/12\/veronica_07.jpg\" alt=\"Engel mit dem Sudarium Christi\" \/><div class=\"swiper-lazy-preloader\"><\/div><figcaption class=\"elementor-image-carousel-caption\">Engel mit dem Sudarium Christi<\/figcaption><\/figure><\/div>\t\t\t<\/div>\n\t\t\t\t\t\t\t\n\t\t\t\t\t\t\t\t\t<\/div>\n\t\t\t\t\t\t<\/div>\n\t\t\t\t<div class=\"elementor-element elementor-element-1e1a280 elementor-widget elementor-widget-text-editor\" data-id=\"1e1a280\" data-element_type=\"widget\" data-e-type=\"widget\" data-widget_type=\"text-editor.default\">\n\t\t\t\t\t\t\t\t\t<p class=\"txt1\">Uma contradi\u00e7\u00e3o esculpida na pedra revela-se sobre o pilar de Santa Ver\u00f3nica na Catedral de S\u00e3o Pedro. Na parte inferior, a escultura de Santa Ver\u00f3nica executada em 1646 por Francesco Mochi apresenta um tecido onde se pode ver um rosto com os olhos fechados. Em contrapartida, um anjo sobrevoando a varanda, origin\u00e1rio provavelmente da escola de Gianlorenzo Bernini, segura num len\u00e7o onde aparece um rosto com os olhos abertos. Assemelha-se ao V\u00e9u de Manoppello. \u00c9 a face do Senhor.   <\/p><p class=\"txt1\">Com a obra \u201cOpusculum de Sacrosanto Veronicae Sudario\u201d (Pequena obra relativa ao Sant\u00edssimo Sud\u00e1rio de Ver\u00f3nica) de <b>Jacopo Grimaldi,<\/b> um invent\u00e1rio dos tesouros da antiga Igreja de S\u00e3o Pedro, \u00e9 documentada, igualmente de uma forma impressionante, a transforma\u00e7\u00e3o das representa\u00e7\u00f5es de Cristo no s\u00e9culo XVII. Na capa, encontra-se apresentado o sud\u00e1rio, nas edi\u00e7\u00f5es de 1618 e 1620, a face familiar com olhos abertos, mas na c\u00f3pia fiel de 1635, um rosto desconhecido com olhos fechados. <\/p>\t\t\t\t\t\t\t\t<\/div>\n\t\t\t\t\t<\/div>\n\t\t\t\t<\/div>\n\t\t\t\t<\/div>\n\t\t","protected":false},"excerpt":{"rendered":"<p>VULTUM TUUM DEPRECABUNTUR \u2013 Invoco a Tua Face (Ps 45,13) Veronika-Pfeiler Veronika mit Schwei\u00dftuch Veronika mit Schwei\u00dftuch Veronika mit Schwei\u00dftuch Engel mit dem Sudarium Christi Engel mit dem Sudarium Christi Engel mit dem Sudarium Christi Uma contradi\u00e7\u00e3o esculpida na pedra revela-se sobre o pilar de Santa Ver\u00f3nica na Catedral de S\u00e3o Pedro. Na parte inferior, [&hellip;]<\/p>\n","protected":false},"author":1,"featured_media":0,"parent":348,"menu_order":0,"comment_status":"closed","ping_status":"closed","template":"","meta":{"footnotes":""},"class_list":["post-381","page","type-page","status-publish","hentry"],"_links":{"self":[{"href":"https:\/\/www.sudariumchristi.com\/pt-pt\/wp-json\/wp\/v2\/pages\/381","targetHints":{"allow":["GET"]}}],"collection":[{"href":"https:\/\/www.sudariumchristi.com\/pt-pt\/wp-json\/wp\/v2\/pages"}],"about":[{"href":"https:\/\/www.sudariumchristi.com\/pt-pt\/wp-json\/wp\/v2\/types\/page"}],"author":[{"embeddable":true,"href":"https:\/\/www.sudariumchristi.com\/pt-pt\/wp-json\/wp\/v2\/users\/1"}],"replies":[{"embeddable":true,"href":"https:\/\/www.sudariumchristi.com\/pt-pt\/wp-json\/wp\/v2\/comments?post=381"}],"version-history":[{"count":7,"href":"https:\/\/www.sudariumchristi.com\/pt-pt\/wp-json\/wp\/v2\/pages\/381\/revisions"}],"predecessor-version":[{"id":3710,"href":"https:\/\/www.sudariumchristi.com\/pt-pt\/wp-json\/wp\/v2\/pages\/381\/revisions\/3710"}],"up":[{"embeddable":true,"href":"https:\/\/www.sudariumchristi.com\/pt-pt\/wp-json\/wp\/v2\/pages\/348"}],"wp:attachment":[{"href":"https:\/\/www.sudariumchristi.com\/pt-pt\/wp-json\/wp\/v2\/media?parent=381"}],"curies":[{"name":"wp","href":"https:\/\/api.w.org\/{rel}","templated":true}]}}