{"id":389,"date":"2025-11-05T16:47:07","date_gmt":"2025-11-05T15:47:07","guid":{"rendered":"http:\/\/sudariumchristi.stage.bergwerk-it.de\/levanta-se-o-veu\/"},"modified":"2025-12-19T13:44:42","modified_gmt":"2025-12-19T12:44:42","slug":"levanta-se-o-veu","status":"publish","type":"page","link":"https:\/\/www.sudariumchristi.com\/pt-pt\/poesia-e-veracidade\/levanta-se-o-veu\/","title":{"rendered":"Levanta-se o v\u00e9u"},"content":{"rendered":"\t\t<div data-elementor-type=\"wp-page\" data-elementor-id=\"389\" class=\"elementor elementor-389 elementor-41\" data-elementor-post-type=\"page\">\n\t\t\t\t<div class=\"elementor-element elementor-element-b9eddc1 e-flex e-con-boxed e-con e-parent\" data-id=\"b9eddc1\" data-element_type=\"container\" data-e-type=\"container\">\n\t\t\t\t\t<div class=\"e-con-inner\">\n\t\t<div class=\"elementor-element elementor-element-e67f4bb e-con-full e-flex e-con e-child\" data-id=\"e67f4bb\" data-element_type=\"container\" data-e-type=\"container\">\n\t\t\t\t<div class=\"elementor-element elementor-element-7874ebf elementor-widget elementor-widget-text-editor\" data-id=\"7874ebf\" data-element_type=\"widget\" data-e-type=\"widget\" data-widget_type=\"text-editor.default\">\n\t\t\t\t\t\t\t\t\t<p class=\"txt1\">O frade capuchinho Domenico da Cese, cujo processo de beatifica\u00e7\u00e3o foi iniciado, organizou em 1977, para o Congresso Eucar\u00edstico em Pescara, uma exposi\u00e7\u00e3o com fotografias do sud\u00e1rio. O jornalista italiano, Renzo Allegri, dedicou um artigo a esta exposi\u00e7\u00e3o. Este artigo chegou \u00e0s m\u00e3os da monja trapista alem\u00e3, Blandina Paschalis Schl\u00f6mer, que detectou concord\u00e2ncias nos tra\u00e7os faciais existentes no Santo V\u00e9u e no Sud\u00e1rio de Turim. Recorrendo a pontos de orienta\u00e7\u00e3o, esta farmac\u00eautica e pintora de \u00edcones desenvolveu uma t\u00e9cnica de sobreposi\u00e7\u00e3o \u2013 \u201csopraposition\u201d \u2013 e foi-lhe poss\u00edvel, por concord\u00e2ncia, provar que nas imagens dos dois sud\u00e1rios se trata da mesma pessoa. Desde 2003, a Irm\u00e3 Blandina vive como eremita em Manoppello.   <\/p><p class=\"txt1\">Conseguiu despertar o interesse do Dr. Heinrich Pfeiffer S.J., professor de Hist\u00f3ria de Arte Crist\u00e3 na Universidade Pontif\u00edcia Gregoriana em Roma, o qual chegou \u00e0 conclus\u00e3o que o Sud\u00e1rio de Manoppello \u00e9 a Ver\u00f3nica desaparecida do Vaticano.<\/p><p class=\"txt1\">\u201cA verdadeira face de Jesus\u201d foi o t\u00edtulo do artigo publicou em 23 de setembro de 2004 no di\u00e1rio alem\u00e3o WELT onde o jornalista Paul Badde apresentou pela primeira vez os resultados dos seus amplos estudos.<\/p><p class=\"txt1\">Em 1 de setembro de 2006, o Papa Bento XVI visitou o Sud\u00e1rio de Cristo em Manoppello.<\/p>\t\t\t\t\t\t\t\t<\/div>\n\t\t\t\t<div class=\"elementor-element elementor-element-73e0241 elementor-widget elementor-widget-text-editor\" data-id=\"73e0241\" data-element_type=\"widget\" data-e-type=\"widget\" data-widget_type=\"text-editor.default\">\n\t\t\t\t\t\t\t\t\t<div class=\"thoughts2\"><a href=\"https:\/\/www.sudariumchristi.com\/wp-content\/uploads\/2025\/12\/speech.pdf\">Jesus Christus, Mittler und F\u00fclle der Offenbarung (PDF herunterladen)<\/a><br>Ansprache von Papst Benedikt XVI. bei der Generalaudienz am 16. Januar 2013<br><i>Vatikanstadt, 16. Januar 2013 (ZENIT.org).<\/i><\/div>\t\t\t\t\t\t\t\t<\/div>\n\t\t\t\t<\/div>\n\t\t<div class=\"elementor-element elementor-element-c5e86ff e-con-full e-flex e-con e-child\" data-id=\"c5e86ff\" data-element_type=\"container\" data-e-type=\"container\">\n\t\t\t\t<div class=\"elementor-element elementor-element-b525252 elementor-widget elementor-widget-image\" data-id=\"b525252\" data-element_type=\"widget\" data-e-type=\"widget\" data-widget_type=\"image.default\">\n\t\t\t\t\t\t\t\t\t\t\t\t<figure class=\"wp-caption\">\n\t\t\t\t\t\t\t\t\t\t<img fetchpriority=\"high\" decoding=\"async\" width=\"300\" height=\"400\" src=\"https:\/\/www.sudariumchristi.com\/wp-content\/uploads\/2025\/12\/veil.jpg\" class=\"attachment-large size-large wp-image-1492\" alt=\"\" srcset=\"https:\/\/www.sudariumchristi.com\/wp-content\/uploads\/2025\/12\/veil.jpg 300w, https:\/\/www.sudariumchristi.com\/wp-content\/uploads\/2025\/12\/veil-225x300.jpg 225w\" sizes=\"(max-width: 300px) 100vw, 300px\" \/>\t\t\t\t\t\t\t\t\t\t\t<figcaption class=\"widget-image-caption wp-caption-text\">Sobreposi\u00e7\u00e3o do V\u00e9u de Manoppello com o Sud\u00e1rio de Turim<\/figcaption>\n\t\t\t\t\t\t\t\t\t\t<\/figure>\n\t\t\t\t\t\t\t\t\t<\/div>\n\t\t\t\t<div class=\"elementor-element elementor-element-c0ef2c3 elementor-widget elementor-widget-image\" data-id=\"c0ef2c3\" data-element_type=\"widget\" data-e-type=\"widget\" data-widget_type=\"image.default\">\n\t\t\t\t\t\t\t\t\t\t\t\t<figure class=\"wp-caption\">\n\t\t\t\t\t\t\t\t\t\t<img decoding=\"async\" width=\"300\" height=\"185\" src=\"https:\/\/www.sudariumchristi.com\/wp-content\/uploads\/2025\/12\/pope.jpg\" class=\"attachment-large size-large wp-image-1493\" alt=\"\" \/>\t\t\t\t\t\t\t\t\t\t\t<figcaption class=\"widget-image-caption wp-caption-text\">Em 1 de setembro de 2006, o Papa Bento XVI visitou o Sud\u00e1rio de Cristo em Manoppello.<\/figcaption>\n\t\t\t\t\t\t\t\t\t\t<\/figure>\n\t\t\t\t\t\t\t\t\t<\/div>\n\t\t\t\t<\/div>\n\t\t\t\t\t<\/div>\n\t\t\t\t<\/div>\n\t\t\t\t<\/div>\n\t\t","protected":false},"excerpt":{"rendered":"<p>O frade capuchinho Domenico da Cese, cujo processo de beatifica\u00e7\u00e3o foi iniciado, organizou em 1977, para o Congresso Eucar\u00edstico em Pescara, uma exposi\u00e7\u00e3o com fotografias do sud\u00e1rio. O jornalista italiano, Renzo Allegri, dedicou um artigo a esta exposi\u00e7\u00e3o. Este artigo chegou \u00e0s m\u00e3os da monja trapista alem\u00e3, Blandina Paschalis Schl\u00f6mer, que detectou concord\u00e2ncias nos tra\u00e7os [&hellip;]<\/p>\n","protected":false},"author":1,"featured_media":0,"parent":348,"menu_order":0,"comment_status":"closed","ping_status":"closed","template":"","meta":{"footnotes":""},"class_list":["post-389","page","type-page","status-publish","hentry"],"_links":{"self":[{"href":"https:\/\/www.sudariumchristi.com\/pt-pt\/wp-json\/wp\/v2\/pages\/389","targetHints":{"allow":["GET"]}}],"collection":[{"href":"https:\/\/www.sudariumchristi.com\/pt-pt\/wp-json\/wp\/v2\/pages"}],"about":[{"href":"https:\/\/www.sudariumchristi.com\/pt-pt\/wp-json\/wp\/v2\/types\/page"}],"author":[{"embeddable":true,"href":"https:\/\/www.sudariumchristi.com\/pt-pt\/wp-json\/wp\/v2\/users\/1"}],"replies":[{"embeddable":true,"href":"https:\/\/www.sudariumchristi.com\/pt-pt\/wp-json\/wp\/v2\/comments?post=389"}],"version-history":[{"count":4,"href":"https:\/\/www.sudariumchristi.com\/pt-pt\/wp-json\/wp\/v2\/pages\/389\/revisions"}],"predecessor-version":[{"id":3721,"href":"https:\/\/www.sudariumchristi.com\/pt-pt\/wp-json\/wp\/v2\/pages\/389\/revisions\/3721"}],"up":[{"embeddable":true,"href":"https:\/\/www.sudariumchristi.com\/pt-pt\/wp-json\/wp\/v2\/pages\/348"}],"wp:attachment":[{"href":"https:\/\/www.sudariumchristi.com\/pt-pt\/wp-json\/wp\/v2\/media?parent=389"}],"curies":[{"name":"wp","href":"https:\/\/api.w.org\/{rel}","templated":true}]}}