{"id":396,"date":"2025-11-05T16:48:44","date_gmt":"2025-11-05T15:48:44","guid":{"rendered":"http:\/\/sudariumchristi.stage.bergwerk-it.de\/maria-mae-de-deus\/"},"modified":"2025-12-19T13:45:03","modified_gmt":"2025-12-19T12:45:03","slug":"maria-mae-de-deus","status":"publish","type":"page","link":"https:\/\/www.sudariumchristi.com\/pt-pt\/maria-mae-de-deus\/","title":{"rendered":"Maria, M\u00e3e de Deus"},"content":{"rendered":"\t\t<div data-elementor-type=\"wp-page\" data-elementor-id=\"396\" class=\"elementor elementor-396 elementor-51\" data-elementor-post-type=\"page\">\n\t\t\t\t<div class=\"elementor-element elementor-element-7891ae7 e-flex e-con-boxed e-con e-parent\" data-id=\"7891ae7\" data-element_type=\"container\" data-e-type=\"container\">\n\t\t\t\t\t<div class=\"e-con-inner\">\n\t\t<div class=\"elementor-element elementor-element-9c9a684 e-con-full e-flex e-con e-child\" data-id=\"9c9a684\" data-element_type=\"container\" data-e-type=\"container\">\n\t\t\t\t<div class=\"elementor-element elementor-element-15256e5 elementor-widget elementor-widget-text-editor\" data-id=\"15256e5\" data-element_type=\"widget\" data-e-type=\"widget\" data-widget_type=\"text-editor.default\">\n\t\t\t\t\t\t\t\t\t<p>Assim como Maria precedeu Jesus na sua vida, tamb\u00e9m o seu V\u00e9u chegou primeiro Manoppello e posteriormente a mortalha do seu Filho, ambos tecidos em bisso marinho: Em 1320, o conde Tommaso degli Orsini, de Manoppello, ofereceu o V\u00e9u a Francisco de Assis, ap\u00f3s se recuperar de uma doen\u00e7a incur\u00e1vel.<\/p>\t\t\t\t\t\t\t\t<\/div>\n\t\t\t\t<\/div>\n\t\t<div class=\"elementor-element elementor-element-17684ca e-con-full e-flex e-con e-child\" data-id=\"17684ca\" data-element_type=\"container\" data-e-type=\"container\">\n\t\t\t\t<div class=\"elementor-element elementor-element-8170f8b elementor-widget elementor-widget-image\" data-id=\"8170f8b\" data-element_type=\"widget\" data-e-type=\"widget\" data-widget_type=\"image.default\">\n\t\t\t\t\t\t\t\t\t\t\t\t<figure class=\"wp-caption\">\n\t\t\t\t\t\t\t\t\t\t<img fetchpriority=\"high\" decoding=\"async\" width=\"300\" height=\"224\" src=\"https:\/\/www.sudariumchristi.com\/wp-content\/uploads\/2025\/12\/maria_1.jpg\" class=\"attachment-large size-large wp-image-2058\" alt=\"\" \/>\t\t\t\t\t\t\t\t\t\t\t<figcaption class=\"widget-image-caption wp-caption-text\">O V\u00e9u de Bisso da Virgem Maria em Assis<\/figcaption>\n\t\t\t\t\t\t\t\t\t\t<\/figure>\n\t\t\t\t\t\t\t\t\t<\/div>\n\t\t\t\t<\/div>\n\t\t\t\t\t<\/div>\n\t\t\t\t<\/div>\n\t\t\t\t<\/div>\n\t\t","protected":false},"excerpt":{"rendered":"<p>Assim como Maria precedeu Jesus na sua vida, tamb\u00e9m o seu V\u00e9u chegou primeiro Manoppello e posteriormente a mortalha do seu Filho, ambos tecidos em bisso marinho: Em 1320, o conde Tommaso degli Orsini, de Manoppello, ofereceu o V\u00e9u a Francisco de Assis, ap\u00f3s se recuperar de uma doen\u00e7a incur\u00e1vel. O V\u00e9u de Bisso da [&hellip;]<\/p>\n","protected":false},"author":1,"featured_media":0,"parent":0,"menu_order":0,"comment_status":"closed","ping_status":"closed","template":"","meta":{"footnotes":""},"class_list":["post-396","page","type-page","status-publish","hentry"],"_links":{"self":[{"href":"https:\/\/www.sudariumchristi.com\/pt-pt\/wp-json\/wp\/v2\/pages\/396","targetHints":{"allow":["GET"]}}],"collection":[{"href":"https:\/\/www.sudariumchristi.com\/pt-pt\/wp-json\/wp\/v2\/pages"}],"about":[{"href":"https:\/\/www.sudariumchristi.com\/pt-pt\/wp-json\/wp\/v2\/types\/page"}],"author":[{"embeddable":true,"href":"https:\/\/www.sudariumchristi.com\/pt-pt\/wp-json\/wp\/v2\/users\/1"}],"replies":[{"embeddable":true,"href":"https:\/\/www.sudariumchristi.com\/pt-pt\/wp-json\/wp\/v2\/comments?post=396"}],"version-history":[{"count":4,"href":"https:\/\/www.sudariumchristi.com\/pt-pt\/wp-json\/wp\/v2\/pages\/396\/revisions"}],"predecessor-version":[{"id":3738,"href":"https:\/\/www.sudariumchristi.com\/pt-pt\/wp-json\/wp\/v2\/pages\/396\/revisions\/3738"}],"wp:attachment":[{"href":"https:\/\/www.sudariumchristi.com\/pt-pt\/wp-json\/wp\/v2\/media?parent=396"}],"curies":[{"name":"wp","href":"https:\/\/api.w.org\/{rel}","templated":true}]}}