{"id":411,"date":"2025-11-05T16:49:20","date_gmt":"2025-11-05T15:49:20","guid":{"rendered":"http:\/\/sudariumchristi.stage.bergwerk-it.de\/nossa-senhora-de-guadalupe\/rosas-no-inverno\/"},"modified":"2025-12-19T13:45:22","modified_gmt":"2025-12-19T12:45:22","slug":"rosas-no-inverno","status":"publish","type":"page","link":"https:\/\/www.sudariumchristi.com\/pt-pt\/nossa-senhora-de-guadalupe\/rosas-no-inverno\/","title":{"rendered":"Rosas no inverno"},"content":{"rendered":"\t\t<div data-elementor-type=\"wp-page\" data-elementor-id=\"411\" class=\"elementor elementor-411 elementor-54\" data-elementor-post-type=\"page\">\n\t\t\t\t<div class=\"elementor-element elementor-element-0c17328 e-flex e-con-boxed e-con e-parent\" data-id=\"0c17328\" data-element_type=\"container\" data-e-type=\"container\">\n\t\t\t\t\t<div class=\"e-con-inner\">\n\t\t\t\t<div class=\"elementor-element elementor-element-22ef8f8 elementor-widget__width-initial elementor-widget elementor-widget-image-carousel\" data-id=\"22ef8f8\" data-element_type=\"widget\" data-e-type=\"widget\" data-settings=\"{&quot;slides_to_show&quot;:&quot;1&quot;,&quot;navigation&quot;:&quot;none&quot;,&quot;lazyload&quot;:&quot;yes&quot;,&quot;autoplay&quot;:&quot;yes&quot;,&quot;pause_on_hover&quot;:&quot;yes&quot;,&quot;pause_on_interaction&quot;:&quot;yes&quot;,&quot;autoplay_speed&quot;:5000,&quot;infinite&quot;:&quot;yes&quot;,&quot;effect&quot;:&quot;slide&quot;,&quot;speed&quot;:500}\" data-widget_type=\"image-carousel.default\">\n\t\t\t\t\t\t\t<div class=\"elementor-image-carousel-wrapper swiper\" role=\"region\" aria-roledescription=\"carousel\" aria-label=\"Bild Karussell\" dir=\"ltr\">\n\t\t\t<div class=\"elementor-image-carousel swiper-wrapper swiper-image-stretch\" aria-live=\"off\">\n\t\t\t\t\t\t\t\t<div class=\"swiper-slide\" role=\"group\" aria-roledescription=\"slide\" aria-label=\"1 of 6\"><figure class=\"swiper-slide-inner\"><img class=\"swiper-slide-image swiper-lazy\" data-src=\"https:\/\/www.sudariumchristi.com\/wp-content\/uploads\/2025\/12\/la-villa_01.jpg\" alt=\"La Villa, Mexico D.F.\" \/><div class=\"swiper-lazy-preloader\"><\/div><figcaption class=\"elementor-image-carousel-caption\">La Villa, Mexico D.F.<\/figcaption><\/figure><\/div><div class=\"swiper-slide\" role=\"group\" aria-roledescription=\"slide\" aria-label=\"2 of 6\"><figure class=\"swiper-slide-inner\"><img class=\"swiper-slide-image swiper-lazy\" data-src=\"https:\/\/www.sudariumchristi.com\/wp-content\/uploads\/2025\/12\/la-villa_02.jpg\" alt=\"La Villa, Mexico D.F.\" \/><div class=\"swiper-lazy-preloader\"><\/div><figcaption class=\"elementor-image-carousel-caption\">La Villa, Mexico D.F.<\/figcaption><\/figure><\/div><div class=\"swiper-slide\" role=\"group\" aria-roledescription=\"slide\" aria-label=\"3 of 6\"><figure class=\"swiper-slide-inner\"><img class=\"swiper-slide-image swiper-lazy\" data-src=\"https:\/\/www.sudariumchristi.com\/wp-content\/uploads\/2025\/12\/la-villa_03.jpg\" alt=\"La Villa, Mexico D.F.\" \/><div class=\"swiper-lazy-preloader\"><\/div><figcaption class=\"elementor-image-carousel-caption\">La Villa, Mexico D.F.<\/figcaption><\/figure><\/div><div class=\"swiper-slide\" role=\"group\" aria-roledescription=\"slide\" aria-label=\"4 of 6\"><figure class=\"swiper-slide-inner\"><img class=\"swiper-slide-image swiper-lazy\" data-src=\"https:\/\/www.sudariumchristi.com\/wp-content\/uploads\/2025\/12\/la-villa_04.jpg\" alt=\"La Villa, Mexico D.F.\" \/><div class=\"swiper-lazy-preloader\"><\/div><figcaption class=\"elementor-image-carousel-caption\">La Villa, Mexico D.F.<\/figcaption><\/figure><\/div><div class=\"swiper-slide\" role=\"group\" aria-roledescription=\"slide\" aria-label=\"5 of 6\"><figure class=\"swiper-slide-inner\"><img class=\"swiper-slide-image swiper-lazy\" data-src=\"https:\/\/www.sudariumchristi.com\/wp-content\/uploads\/2025\/12\/la-villa_05.jpg\" alt=\"La Villa, Mexico D.F.\" \/><div class=\"swiper-lazy-preloader\"><\/div><figcaption class=\"elementor-image-carousel-caption\">La Villa, Mexico D.F.<\/figcaption><\/figure><\/div><div class=\"swiper-slide\" role=\"group\" aria-roledescription=\"slide\" aria-label=\"6 of 6\"><figure class=\"swiper-slide-inner\"><img class=\"swiper-slide-image swiper-lazy\" data-src=\"https:\/\/www.sudariumchristi.com\/wp-content\/uploads\/2025\/12\/la-villa_06.jpg\" alt=\"La Villa, Mexico D.F.\" \/><div class=\"swiper-lazy-preloader\"><\/div><figcaption class=\"elementor-image-carousel-caption\">La Villa, Mexico D.F.<\/figcaption><\/figure><\/div>\t\t\t<\/div>\n\t\t\t\t\t\t\t\n\t\t\t\t\t\t\t\t\t<\/div>\n\t\t\t\t\t\t<\/div>\n\t\t\t\t<div class=\"elementor-element elementor-element-8960847 elementor-widget elementor-widget-text-editor\" data-id=\"8960847\" data-element_type=\"widget\" data-e-type=\"widget\" data-widget_type=\"text-editor.default\">\n\t\t\t\t\t\t\t\t\t<p class=\"txt1\"><b>Em 9 de dezembro de 1531,<\/b> apareceu a Sant\u00edssima Virgem Maria no monte Tepeyac ao \u00edndio asteca com nome de batismo Jo\u00e3o Diego. No mesmo s\u00edtio, a norte da Cidade do M\u00e9xico, 10 anos antes conquistada pelos espanh\u00f3is, encontrava-se anteriormente um santu\u00e1rio de Tonantzin, a deusa da terra e deusa m\u00e3e asteca. A Virgem Maria enviou Jo\u00e3o Diego ao bispo para lhe pedir que edificasse uma ermida nesse local. Mas a princ\u00edpio o bispo n\u00e3o queria acreditar na narra\u00e7\u00e3o deste homem simples. Por isso, Jo\u00e3o Diego precisou de recorrer a v\u00e1rias audi\u00eancias, a isso encorajado em outras apari\u00e7\u00f5es da Virgem. Por fim, o bispo exigiu um sinal. Na sua quarta e \u00faltima apari\u00e7\u00e3o, ocorrida em 12 de dezembro, a Virgem Maria concedeu a Jo\u00e3o Diego o seguinte: no cume do monte, onde apenas cresciam plantas muito resistentes, ele encontrou rosas desabrochadas em pleno inverno. Quando estas flores perfumadas ca\u00edram do seu manto na resid\u00eancia do bispo, reproduziu-se no tecido a imagem da Virgem Maria. Nesse mesmo dia, Nossa Senhora tamb\u00e9m apareceu ao tio de Jo\u00e3o Diego, que curou de uma doen\u00e7a grave e a quem disse que deveriam vener\u00e1-la como a Nossa Senhora de Guadalupe.       <\/p><p class=\"txt1\">Ainda nesse mesmo ano foi conclu\u00edda uma pequena capela no dia 26 de dezembro. Hoje em dia, a \u201cBas\u00edlica de Nossa Senhora de Guadalupe\u201d com a imagem milagrosa oferece espa\u00e7o para 10.000 peregrinos. Com 20 milh\u00f5es de peregrinos ao ano, \u00e9 o local de peregrina\u00e7\u00e3o mais visitado de toda a cristandade.  <\/p>\t\t\t\t\t\t\t\t<\/div>\n\t\t\t\t\t<\/div>\n\t\t\t\t<\/div>\n\t\t\t\t<\/div>\n\t\t","protected":false},"excerpt":{"rendered":"<p>La Villa, Mexico D.F. La Villa, Mexico D.F. La Villa, Mexico D.F. La Villa, Mexico D.F. La Villa, Mexico D.F. La Villa, Mexico D.F. Em 9 de dezembro de 1531, apareceu a Sant\u00edssima Virgem Maria no monte Tepeyac ao \u00edndio asteca com nome de batismo Jo\u00e3o Diego. No mesmo s\u00edtio, a norte da Cidade do [&hellip;]<\/p>\n","protected":false},"author":1,"featured_media":0,"parent":403,"menu_order":0,"comment_status":"closed","ping_status":"closed","template":"","meta":{"footnotes":""},"class_list":["post-411","page","type-page","status-publish","hentry"],"_links":{"self":[{"href":"https:\/\/www.sudariumchristi.com\/pt-pt\/wp-json\/wp\/v2\/pages\/411","targetHints":{"allow":["GET"]}}],"collection":[{"href":"https:\/\/www.sudariumchristi.com\/pt-pt\/wp-json\/wp\/v2\/pages"}],"about":[{"href":"https:\/\/www.sudariumchristi.com\/pt-pt\/wp-json\/wp\/v2\/types\/page"}],"author":[{"embeddable":true,"href":"https:\/\/www.sudariumchristi.com\/pt-pt\/wp-json\/wp\/v2\/users\/1"}],"replies":[{"embeddable":true,"href":"https:\/\/www.sudariumchristi.com\/pt-pt\/wp-json\/wp\/v2\/comments?post=411"}],"version-history":[{"count":4,"href":"https:\/\/www.sudariumchristi.com\/pt-pt\/wp-json\/wp\/v2\/pages\/411\/revisions"}],"predecessor-version":[{"id":3748,"href":"https:\/\/www.sudariumchristi.com\/pt-pt\/wp-json\/wp\/v2\/pages\/411\/revisions\/3748"}],"up":[{"embeddable":true,"href":"https:\/\/www.sudariumchristi.com\/pt-pt\/wp-json\/wp\/v2\/pages\/403"}],"wp:attachment":[{"href":"https:\/\/www.sudariumchristi.com\/pt-pt\/wp-json\/wp\/v2\/media?parent=411"}],"curies":[{"name":"wp","href":"https:\/\/api.w.org\/{rel}","templated":true}]}}