{"id":419,"date":"2025-11-05T16:49:46","date_gmt":"2025-11-05T15:49:46","guid":{"rendered":"http:\/\/sudariumchristi.stage.bergwerk-it.de\/nossa-senhora-de-guadalupe\/nao-feito-por-maos-humanas-uma-comparacao\/"},"modified":"2025-12-19T13:41:48","modified_gmt":"2025-12-19T12:41:48","slug":"nao-feito-por-maos-humanas-uma-comparacao","status":"publish","type":"page","link":"https:\/\/www.sudariumchristi.com\/pt-pt\/nossa-senhora-de-guadalupe\/nao-feito-por-maos-humanas-uma-comparacao\/","title":{"rendered":"N\u00e3o feito por m\u00e3os humanas \u2013 Uma compara\u00e7\u00e3o"},"content":{"rendered":"\t\t<div data-elementor-type=\"wp-page\" data-elementor-id=\"419\" class=\"elementor elementor-419 elementor-55\" data-elementor-post-type=\"page\">\n\t\t\t\t<div class=\"elementor-element elementor-element-a55d9d8 e-flex e-con-boxed e-con e-parent\" data-id=\"a55d9d8\" data-element_type=\"container\" data-e-type=\"container\">\n\t\t\t\t\t<div class=\"e-con-inner\">\n\t\t\t\t<div class=\"elementor-element elementor-element-fb8fbe6 elementor-widget__width-initial elementor-widget elementor-widget-image-carousel\" data-id=\"fb8fbe6\" data-element_type=\"widget\" data-e-type=\"widget\" data-settings=\"{&quot;slides_to_show&quot;:&quot;1&quot;,&quot;navigation&quot;:&quot;none&quot;,&quot;lazyload&quot;:&quot;yes&quot;,&quot;autoplay&quot;:&quot;yes&quot;,&quot;pause_on_hover&quot;:&quot;yes&quot;,&quot;pause_on_interaction&quot;:&quot;yes&quot;,&quot;autoplay_speed&quot;:5000,&quot;infinite&quot;:&quot;yes&quot;,&quot;effect&quot;:&quot;slide&quot;,&quot;speed&quot;:500}\" data-widget_type=\"image-carousel.default\">\n\t\t\t\t\t\t\t<div class=\"elementor-image-carousel-wrapper swiper\" role=\"region\" aria-roledescription=\"carousel\" aria-label=\"Bild Karussell\" dir=\"ltr\">\n\t\t\t<div class=\"elementor-image-carousel swiper-wrapper swiper-image-stretch\" aria-live=\"off\">\n\t\t\t\t\t\t\t\t<div class=\"swiper-slide\" role=\"group\" aria-roledescription=\"slide\" aria-label=\"1 of 9\"><figure class=\"swiper-slide-inner\"><img class=\"swiper-slide-image swiper-lazy\" data-src=\"https:\/\/www.sudariumchristi.com\/wp-content\/uploads\/2025\/12\/la-villa_07.jpg\" alt=\"La Villa, Mexico D.F.\" \/><div class=\"swiper-lazy-preloader\"><\/div><figcaption class=\"elementor-image-carousel-caption\">La Villa, Mexico D.F.<\/figcaption><\/figure><\/div><div class=\"swiper-slide\" role=\"group\" aria-roledescription=\"slide\" aria-label=\"2 of 9\"><figure class=\"swiper-slide-inner\"><img class=\"swiper-slide-image swiper-lazy\" data-src=\"https:\/\/www.sudariumchristi.com\/wp-content\/uploads\/2025\/12\/la-villa_08.jpg\" alt=\"La Villa, Mexico D.F.\" \/><div class=\"swiper-lazy-preloader\"><\/div><figcaption class=\"elementor-image-carousel-caption\">La Villa, Mexico D.F.<\/figcaption><\/figure><\/div><div class=\"swiper-slide\" role=\"group\" aria-roledescription=\"slide\" aria-label=\"3 of 9\"><figure class=\"swiper-slide-inner\"><img class=\"swiper-slide-image swiper-lazy\" data-src=\"https:\/\/www.sudariumchristi.com\/wp-content\/uploads\/2025\/12\/la-villa_09.jpg\" alt=\"La Villa, Mexico D.F.\" \/><div class=\"swiper-lazy-preloader\"><\/div><figcaption class=\"elementor-image-carousel-caption\">La Villa, Mexico D.F.<\/figcaption><\/figure><\/div><div class=\"swiper-slide\" role=\"group\" aria-roledescription=\"slide\" aria-label=\"4 of 9\"><figure class=\"swiper-slide-inner\"><img class=\"swiper-slide-image swiper-lazy\" data-src=\"https:\/\/www.sudariumchristi.com\/wp-content\/uploads\/2025\/12\/la-villa_10.jpg\" alt=\"La Villa, Mexico D.F.\" \/><div class=\"swiper-lazy-preloader\"><\/div><figcaption class=\"elementor-image-carousel-caption\">La Villa, Mexico D.F.<\/figcaption><\/figure><\/div><div class=\"swiper-slide\" role=\"group\" aria-roledescription=\"slide\" aria-label=\"5 of 9\"><figure class=\"swiper-slide-inner\"><img class=\"swiper-slide-image swiper-lazy\" data-src=\"https:\/\/www.sudariumchristi.com\/wp-content\/uploads\/2025\/12\/la-villa_11.jpg\" alt=\"La Villa, Mexico D.F.\" \/><div class=\"swiper-lazy-preloader\"><\/div><figcaption class=\"elementor-image-carousel-caption\">La Villa, Mexico D.F.<\/figcaption><\/figure><\/div><div class=\"swiper-slide\" role=\"group\" aria-roledescription=\"slide\" aria-label=\"6 of 9\"><figure class=\"swiper-slide-inner\"><img class=\"swiper-slide-image swiper-lazy\" data-src=\"https:\/\/www.sudariumchristi.com\/wp-content\/uploads\/2025\/12\/capilla-del-pocito_01.jpg\" alt=\"Capilla del Pocito\" \/><div class=\"swiper-lazy-preloader\"><\/div><figcaption class=\"elementor-image-carousel-caption\">Capilla del Pocito<\/figcaption><\/figure><\/div><div class=\"swiper-slide\" role=\"group\" aria-roledescription=\"slide\" aria-label=\"7 of 9\"><figure class=\"swiper-slide-inner\"><img class=\"swiper-slide-image swiper-lazy\" data-src=\"https:\/\/www.sudariumchristi.com\/wp-content\/uploads\/2025\/12\/basilica_01.jpg\" alt=\"Basilica del Volto Santo, Manoppello\" \/><div class=\"swiper-lazy-preloader\"><\/div><figcaption class=\"elementor-image-carousel-caption\">Basilica del Volto Santo, Manoppello<\/figcaption><\/figure><\/div><div class=\"swiper-slide\" role=\"group\" aria-roledescription=\"slide\" aria-label=\"8 of 9\"><figure class=\"swiper-slide-inner\"><img class=\"swiper-slide-image swiper-lazy\" data-src=\"https:\/\/www.sudariumchristi.com\/wp-content\/uploads\/2025\/12\/la-villa_12.jpg\" alt=\"La Villa, Mexico D.F.\" \/><div class=\"swiper-lazy-preloader\"><\/div><figcaption class=\"elementor-image-carousel-caption\">La Villa, Mexico D.F.<\/figcaption><\/figure><\/div><div class=\"swiper-slide\" role=\"group\" aria-roledescription=\"slide\" aria-label=\"9 of 9\"><figure class=\"swiper-slide-inner\"><img class=\"swiper-slide-image swiper-lazy\" data-src=\"https:\/\/www.sudariumchristi.com\/wp-content\/uploads\/2025\/12\/la-villa_13.jpg\" alt=\"La Villa, Mexico D.F.\" \/><div class=\"swiper-lazy-preloader\"><\/div><figcaption class=\"elementor-image-carousel-caption\">La Villa, Mexico D.F.<\/figcaption><\/figure><\/div>\t\t\t<\/div>\n\t\t\t\t\t\t\t\n\t\t\t\t\t\t\t\t\t<\/div>\n\t\t\t\t\t\t<\/div>\n\t\t\t\t<div class=\"elementor-element elementor-element-12396a9 elementor-widget elementor-widget-text-editor\" data-id=\"12396a9\" data-element_type=\"widget\" data-e-type=\"widget\" data-widget_type=\"text-editor.default\">\n\t\t\t\t\t\t\t\t\t<div class=\"main\"><p class=\"txt1\">O sud\u00e1rio de Turim e o v\u00e9u de Manopello, com a sua perspetiva frontal, t\u00eam o efeito de fotografias e s\u00e3o como imagens biom\u00e9tricas. Mas a imagem da Nossa Senhora de Guadalupe, no M\u00e9xico, assemelha-se bem mais a uma pintura, fazendo lembrar representa\u00e7\u00f5es marianas da arte crist\u00e3. \u00d3leo, t\u00eampera, aguarela e t\u00eampera processada \u2013 parecem ter sido utilizadas as mais diferentes t\u00e9cnicas de pintura. No entanto, n\u00e3o se detecta qualquer tra\u00e7o de pincel.  <\/p><p class=\"txt1\">Enquanto que na sele\u00e7\u00e3o dos sud\u00e1rios, como sinal de rever\u00eancia, se olhava \u00e0 qualidade, na imagem da Nossa Senhora de Guadalupe trata-se de um material portador de qualidade inferior, ao qual normalmente se atribui no m\u00e1ximo uma dura\u00e7\u00e3o de 20 anos. A tilma, ou seja, a capa que Jo\u00e3o Diego usava ao estilo de toga romana, \u00e9 composta por um tecido rude feito de fibra de agave. Para se poder pintar um material deste tipo, \u00e9 imprescind\u00edvel aplicar uma base seladora. Esta base est\u00e1 totalmente ausente. Caso contr\u00e1rio, n\u00e3o consegu\u00edamos ver o desenho a partir do lado de tr\u00e1s. Algumas irregularidades foram obviamente aproveitadas para conferir profundidade ao rosto. No entanto, a superf\u00edcie apresenta-se de tal forma lisa que os investigadores n\u00e3o conseguem explicar. Enquanto que o v\u00e9u de Manoppello pode ser visto dos dois lados, a imagem da Nossa Senhora de Guadalupe oferece apenas uma transpar\u00eancia de um lado, e uma mancha verde no lado de tr\u00e1s n\u00e3o \u00e9 vis\u00edvel no lado da frente.      <\/p><p class=\"txt1\">Tal como em ambas as outras imagens sobre pano, poder\u00e1 tratar-se de uma representa\u00e7\u00e3o em tamanho natural: a figura graciosa representada no manto bipartido, com um tamanho aproximado de 1,67 m x 1,05 m, tem uma altura de 1,43 m. Vista da dist\u00e2ncia, a imagem parece ser maior e mais n\u00edtida.<\/p><p class=\"txt1\">Ao contr\u00e1rio do sud\u00e1rio e do v\u00e9u, a imagem milagrosa da Nossa Senhora de Guadalupe tem estado amplamente acess\u00edvel ao p\u00fablico desde a sua forma\u00e7\u00e3o e durante longo tempo sem qualquer prote\u00e7\u00e3o especial. Apesar das condi\u00e7\u00f5es atmosf\u00e9ricas adversas devido \u00e0 situa\u00e7\u00e3o geogr\u00e1fica, da luz de velas, fuligem e incenso, do toque de in\u00fameros peregrinos, de um acidente com \u00e1cido e um ataque, n\u00e3o apenas o tecido mas tamb\u00e9m as cores apresentam um surpreendente bom estado de conserva\u00e7\u00e3o. Os tons rosa s\u00e3o invulgarmente perme\u00e1veis aos infravermelhos e n\u00e3o foi poss\u00edvel descobrir tinta org\u00e2nica ou mineral. Tal como no sud\u00e1rio e nas asas das borboletas, as cores, que parecem mudar conforme o \u00e2ngulo visual, s\u00e3o produzidas por refra\u00e7\u00e3o.   <\/p><p class=\"txt1\">De particular import\u00e2ncia neste acheiropoi\u00e9tos (\u201cn\u00e3o feito por m\u00e3os humanas\u201d) revestem-se os olhos que, vistos \u00e0 dist\u00e2ncia, parecem estar quase fechados e que t\u00eam a mesma cor como o sud\u00e1rio. Nos olhos da Nossa Senhora de Guadalupe, detectam-se diferentes fen\u00f3menos do olho humano, descobertos no s\u00e9c. XIX, relacionados com reflexos de luz (Helmholtz) e reflex\u00f5es (Purkinje-Samson). Al\u00e9m disso, nas pupilas reflecte-se a cena da forma\u00e7\u00e3o de uma imagem tal como ocorre num olho vivo, com as respectivas distor\u00e7\u00f5es causadas pela curvatura da c\u00f3rnea, assim como de um deslocamento no segundo olho. Foi poss\u00edvel identificar numerosas pessoas presentes.    <\/p><\/div>\t\t\t\t\t\t\t\t<\/div>\n\t\t\t\t\t<\/div>\n\t\t\t\t<\/div>\n\t\t\t\t<\/div>\n\t\t","protected":false},"excerpt":{"rendered":"<p>La Villa, Mexico D.F. La Villa, Mexico D.F. La Villa, Mexico D.F. La Villa, Mexico D.F. La Villa, Mexico D.F. Capilla del Pocito Basilica del Volto Santo, Manoppello La Villa, Mexico D.F. La Villa, Mexico D.F. O sud\u00e1rio de Turim e o v\u00e9u de Manopello, com a sua perspetiva frontal, t\u00eam o efeito de fotografias [&hellip;]<\/p>\n","protected":false},"author":1,"featured_media":0,"parent":403,"menu_order":0,"comment_status":"closed","ping_status":"closed","template":"","meta":{"footnotes":""},"class_list":["post-419","page","type-page","status-publish","hentry"],"_links":{"self":[{"href":"https:\/\/www.sudariumchristi.com\/pt-pt\/wp-json\/wp\/v2\/pages\/419","targetHints":{"allow":["GET"]}}],"collection":[{"href":"https:\/\/www.sudariumchristi.com\/pt-pt\/wp-json\/wp\/v2\/pages"}],"about":[{"href":"https:\/\/www.sudariumchristi.com\/pt-pt\/wp-json\/wp\/v2\/types\/page"}],"author":[{"embeddable":true,"href":"https:\/\/www.sudariumchristi.com\/pt-pt\/wp-json\/wp\/v2\/users\/1"}],"replies":[{"embeddable":true,"href":"https:\/\/www.sudariumchristi.com\/pt-pt\/wp-json\/wp\/v2\/comments?post=419"}],"version-history":[{"count":6,"href":"https:\/\/www.sudariumchristi.com\/pt-pt\/wp-json\/wp\/v2\/pages\/419\/revisions"}],"predecessor-version":[{"id":3646,"href":"https:\/\/www.sudariumchristi.com\/pt-pt\/wp-json\/wp\/v2\/pages\/419\/revisions\/3646"}],"up":[{"embeddable":true,"href":"https:\/\/www.sudariumchristi.com\/pt-pt\/wp-json\/wp\/v2\/pages\/403"}],"wp:attachment":[{"href":"https:\/\/www.sudariumchristi.com\/pt-pt\/wp-json\/wp\/v2\/media?parent=419"}],"curies":[{"name":"wp","href":"https:\/\/api.w.org\/{rel}","templated":true}]}}