{"id":467,"date":"2025-11-05T16:51:48","date_gmt":"2025-11-05T15:51:48","guid":{"rendered":"http:\/\/sudariumchristi.stage.bergwerk-it.de\/dados-de-interesse\/livros\/"},"modified":"2025-12-19T13:48:23","modified_gmt":"2025-12-19T12:48:23","slug":"livros","status":"publish","type":"page","link":"https:\/\/www.sudariumchristi.com\/pt-pt\/dados-de-interesse\/livros\/","title":{"rendered":"Livros"},"content":{"rendered":"\t\t<div data-elementor-type=\"wp-page\" data-elementor-id=\"467\" class=\"elementor elementor-467 elementor-68\" data-elementor-post-type=\"page\">\n\t\t\t\t<div class=\"elementor-element elementor-element-892c269 e-flex e-con-boxed e-con e-parent\" data-id=\"892c269\" data-element_type=\"container\" data-e-type=\"container\">\n\t\t\t\t\t<div class=\"e-con-inner\">\n\t\t<div class=\"elementor-element elementor-element-c3185a7 e-con-full e-flex e-con e-child\" data-id=\"c3185a7\" data-element_type=\"container\" data-e-type=\"container\">\n\t\t\t\t<div class=\"elementor-element elementor-element-84d256c elementor-widget__width-initial elementor-widget elementor-widget-image\" data-id=\"84d256c\" data-element_type=\"widget\" data-e-type=\"widget\" data-widget_type=\"image.default\">\n\t\t\t\t\t\t\t\t\t\t\t\t\t\t\t<img decoding=\"async\" width=\"130\" height=\"182\" src=\"https:\/\/www.sudariumchristi.com\/wp-content\/uploads\/2025\/12\/book_1.jpg\" class=\"attachment-large size-large wp-image-1781\" alt=\"\" \/>\t\t\t\t\t\t\t\t\t\t\t\t\t\t\t<\/div>\n\t\t\t\t<div class=\"elementor-element elementor-element-83ed6f6 elementor-widget elementor-widget-text-editor\" data-id=\"83ed6f6\" data-element_type=\"widget\" data-e-type=\"widget\" data-widget_type=\"text-editor.default\">\n\t\t\t\t\t\t\t\t\t<h5>Das G\u00f6ttliche Gesicht<br>Paul Badde<\/h5><p>Die Nachricht erscheint unglaublich: Ein Mann behauptet, er habe das wahre Antlitz Jesu entdeckt. Der renommierte r\u00f6mische Autor Paul Badde will in Manoppello, einem abgelegenen Ort in den Abruzzen, ein geheimnisvolles Bild aufgesp\u00fcrt haben, in dem sich die Jahrtausende alte Sehnsucht erf\u00fcllt, Jesus von Angesicht zu Angesicht zu sehen. <\/p>\t\t\t\t\t\t\t\t<\/div>\n\t\t\t\t<\/div>\n\t\t<div class=\"elementor-element elementor-element-2e8c173 e-con-full e-flex e-con e-child\" data-id=\"2e8c173\" data-element_type=\"container\" data-e-type=\"container\">\n\t\t\t\t<div class=\"elementor-element elementor-element-af9f40c elementor-widget__width-initial elementor-widget elementor-widget-image\" data-id=\"af9f40c\" data-element_type=\"widget\" data-e-type=\"widget\" data-widget_type=\"image.default\">\n\t\t\t\t\t\t\t\t\t\t\t\t\t\t\t<img decoding=\"async\" width=\"130\" height=\"182\" src=\"https:\/\/www.sudariumchristi.com\/wp-content\/uploads\/2025\/12\/book_2.jpg\" class=\"attachment-large size-large wp-image-1702\" alt=\"\" \/>\t\t\t\t\t\t\t\t\t\t\t\t\t\t\t<\/div>\n\t\t\t\t<div class=\"elementor-element elementor-element-24df49d elementor-widget elementor-widget-text-editor\" data-id=\"24df49d\" data-element_type=\"widget\" data-e-type=\"widget\" data-widget_type=\"text-editor.default\">\n\t\t\t\t\t\t\t\t\t<h5>Das Grabtuch von Turin<br>Paul Badde<\/h5><p>Der Historiker und Bestsellerautor Paul Badde geht von der Echtheit des Grabtuchs aus; f\u00fcr ihn ist es ein \u00bbnicht von Menschenhand gemaltes Bild\u00ab. Badde liefert ein bezwingendes Pl\u00e4doyer f\u00fcr die Echtheit des Turiner Grabtuchs; er zeigt nie gesehene Fotos und entschl\u00fcsselt die geheime Botschaft dieses Tuchs und anderer Bilder, die uns auf geheimnisvolle Weise zu Zeitgenossen und Augenzeugen Jesu machen. <\/p>\t\t\t\t\t\t\t\t<\/div>\n\t\t\t\t<\/div>\n\t\t<div class=\"elementor-element elementor-element-95893fd e-con-full e-flex e-con e-child\" data-id=\"95893fd\" data-element_type=\"container\" data-e-type=\"container\">\n\t\t\t\t<div class=\"elementor-element elementor-element-850465c elementor-widget__width-initial elementor-widget elementor-widget-image\" data-id=\"850465c\" data-element_type=\"widget\" data-e-type=\"widget\" data-widget_type=\"image.default\">\n\t\t\t\t\t\t\t\t\t\t\t\t\t\t\t<img decoding=\"async\" width=\"130\" height=\"184\" src=\"https:\/\/www.sudariumchristi.com\/wp-content\/uploads\/2025\/12\/grabtuecher_jesu_badde.jpg\" class=\"attachment-large size-large wp-image-1703\" alt=\"\" \/>\t\t\t\t\t\t\t\t\t\t\t\t\t\t\t<\/div>\n\t\t\t\t<div class=\"elementor-element elementor-element-f81bfb1 elementor-widget elementor-widget-text-editor\" data-id=\"f81bfb1\" data-element_type=\"widget\" data-e-type=\"widget\" data-widget_type=\"text-editor.default\">\n\t\t\t\t\t\t\t\t\t<h5>Die Grabt\u00fccher Jesu in Turin und Manoppello<br>Paul Badde<\/h5><p>Paul Badde reist auf den geheimnisvollen Spuren der T\u00fccher von der Grabkammer und den Orten des fr\u00fchen Christentums zu den europ\u00e4ischen Verstecken und heutigen Verwahrorten der uralten Leinen. In seiner leidenschaftlichen Reportage schildert er die schier unglaubliche Geschichte der kostbarsten Bilder der Christenheit und fragt: Was ist, wenn sie echt sind? <\/p>\t\t\t\t\t\t\t\t<\/div>\n\t\t\t\t<\/div>\n\t\t<div class=\"elementor-element elementor-element-1bbe742 e-con-full e-flex e-con e-child\" data-id=\"1bbe742\" data-element_type=\"container\" data-e-type=\"container\">\n\t\t\t\t<div class=\"elementor-element elementor-element-5a99053 elementor-widget elementor-widget-text-editor\" data-id=\"5a99053\" data-element_type=\"widget\" data-e-type=\"widget\" data-widget_type=\"text-editor.default\">\n\t\t\t\t\t\t\t\t\t<h5>Maria von Guadalupe: Wie das Erscheinen der Jungfrau Weltgeschichte schrieb<br>Paul Badde<\/h5><p>Mexiko 1531: Die Jungfrau Maria erscheint dem Indio Juan Diego und hinterl\u00e4sst ihr Bildnis auf seinem Poncho. Vor allem aufgrund dieser Begebenheit traten die Einwohner Mittel- und S\u00fcdamerikas zum Christentum \u00fcber. Paul Badde erz\u00e4hlt in seiner spannenden Reportage die phantastische Geschichte einer Erscheinung, die die Weltgeschichte ver\u00e4nderte.  <\/p>\t\t\t\t\t\t\t\t<\/div>\n\t\t\t\t<\/div>\n\t\t<div class=\"elementor-element elementor-element-7f18f83 e-con-full e-flex e-con e-child\" data-id=\"7f18f83\" data-element_type=\"container\" data-e-type=\"container\">\n\t\t\t\t<div class=\"elementor-element elementor-element-ff274ea elementor-widget__width-initial elementor-widget elementor-widget-image\" data-id=\"ff274ea\" data-element_type=\"widget\" data-e-type=\"widget\" data-widget_type=\"image.default\">\n\t\t\t\t\t\t\t\t\t\t\t\t\t\t\t<img loading=\"lazy\" decoding=\"async\" width=\"130\" height=\"182\" src=\"https:\/\/www.sudariumchristi.com\/wp-content\/uploads\/2025\/12\/book_3.jpg\" class=\"attachment-large size-large wp-image-1704\" alt=\"\" \/>\t\t\t\t\t\t\t\t\t\t\t\t\t\t\t<\/div>\n\t\t\t\t<div class=\"elementor-element elementor-element-647322b elementor-widget elementor-widget-text-editor\" data-id=\"647322b\" data-element_type=\"widget\" data-e-type=\"widget\" data-widget_type=\"text-editor.default\">\n\t\t\t\t\t\t\t\t\t<h5>Das Turiner Grabtuch und das Christusbild \u2013 Das Echte Christusbild<br>Werner Bulst\/ Heinrich Pfeiffer<\/h5><p>Aufgrund sorgf\u00e4ltigen Quellenstudiums k\u00f6nnen die Autoren zeigen, dass der Schleier von Manoppello identisch ist mit dem verloren geglaubten Schwei\u00dftuch der Veronika aus St. Peter in Rom. Damit nicht genug, besteht die wahre Sensation der hier ver\u00f6ffentlichten Erkenntnisse darin, dass sich die Bilder auf dem Grabtuch und dem Schleier als v\u00f6llig deckungsgleich erweisen. <\/p>\t\t\t\t\t\t\t\t<\/div>\n\t\t\t\t<\/div>\n\t\t<div class=\"elementor-element elementor-element-ea419e4 e-con-full e-flex e-con e-child\" data-id=\"ea419e4\" data-element_type=\"container\" data-e-type=\"container\">\n\t\t\t\t<div class=\"elementor-element elementor-element-2c5979f elementor-widget__width-initial elementor-widget elementor-widget-image\" data-id=\"2c5979f\" data-element_type=\"widget\" data-e-type=\"widget\" data-widget_type=\"image.default\">\n\t\t\t\t\t\t\t\t\t\t\t\t\t\t\t<img loading=\"lazy\" decoding=\"async\" width=\"130\" height=\"184\" src=\"https:\/\/www.sudariumchristi.com\/wp-content\/uploads\/2025\/12\/manoppello_code_hoevel_2.jpg\" class=\"attachment-large size-large wp-image-1782\" alt=\"\" \/>\t\t\t\t\t\t\t\t\t\t\t\t\t\t\t<\/div>\n\t\t\t\t<div class=\"elementor-element elementor-element-1ceb8ac elementor-widget elementor-widget-text-editor\" data-id=\"1ceb8ac\" data-element_type=\"widget\" data-e-type=\"widget\" data-widget_type=\"text-editor.default\">\n\t\t\t\t\t\t\t\t\t<h5>Der Manoppello-Code: Anmerkungen eines Juristen<br>Markus van den H\u00f6vel<\/h5><p>Das geheimnisvolle Muschelseidentuch von Manoppello ist seit dem Papstbesuch im Jahre 2006 in den Blickpunkt der Welt\u00f6ffentlichkeit ger\u00fcckt. Handelt es sich um das authentische \u201eJesus\u201c-Foto? Befindet sich in dem italienischen Kleinst\u00e4dtchen Manoppello wirklich das \u201evera ikon\u201c, volkst\u00fcmlich: die \u201eVeronika\u201c, das wahre Antlitz Christi? Zahlreiche zerst\u00f6rungsfreie Untersuchungen des Byssus-Schleiers deuten auf ein nicht von Menschenhand entstandenes \u201eAbbild\u201c hin. Aber warum befindet es sich gerade in Manoppello \u2013 was bedeutet dieser Ortsname wirklich? Der Verfasser, ein skeptischer Jurist, hat sich vor Ort selbst auf Spurensuche begeben\u2026     <\/p>\t\t\t\t\t\t\t\t<\/div>\n\t\t\t\t<\/div>\n\t\t<div class=\"elementor-element elementor-element-f72335f e-con-full e-flex e-con e-child\" data-id=\"f72335f\" data-element_type=\"container\" data-e-type=\"container\">\n\t\t\t\t<div class=\"elementor-element elementor-element-f0c5e48 elementor-widget__width-initial elementor-widget elementor-widget-image\" data-id=\"f0c5e48\" data-element_type=\"widget\" data-e-type=\"widget\" data-widget_type=\"image.default\">\n\t\t\t\t\t\t\t\t\t\t\t\t\t\t\t<img loading=\"lazy\" decoding=\"async\" width=\"130\" height=\"182\" src=\"https:\/\/www.sudariumchristi.com\/wp-content\/uploads\/2025\/12\/antlitz_jesu_hoevel.jpg\" class=\"attachment-large size-large wp-image-1783\" alt=\"\" \/>\t\t\t\t\t\t\t\t\t\t\t\t\t\t\t<\/div>\n\t\t\t\t<div class=\"elementor-element elementor-element-f5ec20d elementor-widget elementor-widget-text-editor\" data-id=\"f5ec20d\" data-element_type=\"widget\" data-e-type=\"widget\" data-widget_type=\"text-editor.default\">\n\t\t\t\t\t\t\t\t\t<h5>Das wahre Antlitz Jesu Christi<br>Markus van den H\u00f6vel<\/h5><p>Dr. jur. Markus van den H\u00f6vel, Jahrgang 1963, ist Vorsitzender Richter am Landgericht in Bochum; seit 2007 ist er Vorsitzender einer Wirt\u00adschafts\u00adstraf\u00adkammer. Im Jahre 2006 wurde van den H\u00f6vel durch das Buch des Journalisten Paul Badde \u201eDas G\u00f6ttliche Gesicht\u201c auf die unglaubliche Geschichte des geheim\u00adnisvollen Muschel\u00adseiden\u00adtuches von Manoppello aufmerksam. Seither hat er sich in zahlreichen Reisen auf Spuren\u00adsuche vor Ort begeben. In seinem im November 2009 erschienenen Buch \u201eDer Manoppello-Code\u201c pr\u00e4sentiert er die nach\u00adpr\u00fcf\u00adbaren Fakten \u2013 atem\u00adberau\u00adbend, ber\u00fchrend, unglaublich \u2013 und wahr. In zwei spannenden Vortr\u00e4gen im Rahmen des \u201eAuditorium Stiepel\u201c pr\u00e4sentierte er im Februar 2010 die neuesten Forschungen \u00fcber das Turiner Grabtuch und den geheimnisvollen Schleier von Manoppello, die hier ver\u00f6ffentlicht werden.     <\/p>\t\t\t\t\t\t\t\t<\/div>\n\t\t\t\t<\/div>\n\t\t<div class=\"elementor-element elementor-element-e5f12b0 e-con-full e-flex e-con e-child\" data-id=\"e5f12b0\" data-element_type=\"container\" data-e-type=\"container\">\n\t\t\t\t<div class=\"elementor-element elementor-element-5234d43 elementor-widget__width-initial elementor-widget elementor-widget-image\" data-id=\"5234d43\" data-element_type=\"widget\" data-e-type=\"widget\" data-widget_type=\"image.default\">\n\t\t\t\t\t\t\t\t\t\t\t\t\t\t\t<img loading=\"lazy\" decoding=\"async\" width=\"130\" height=\"184\" src=\"https:\/\/www.sudariumchristi.com\/wp-content\/uploads\/2025\/12\/manoppello_code_hoevel.jpg\" class=\"attachment-large size-large wp-image-1701\" alt=\"\" \/>\t\t\t\t\t\t\t\t\t\t\t\t\t\t\t<\/div>\n\t\t\t\t<div class=\"elementor-element elementor-element-c298dbf elementor-widget elementor-widget-text-editor\" data-id=\"c298dbf\" data-element_type=\"widget\" data-e-type=\"widget\" data-widget_type=\"text-editor.default\">\n\t\t\t\t\t\t\t\t\t<h5>Der Manoppello-Code \u2013 Veronica Manipuli<br>Markus van den H\u00f6vel<\/h5><p>Neben der \u00dcberarbeitung und Erg\u00e4nzung des bisherigen Textes werden in zehn vollst\u00e4ndig neuen Kapiteln verbl\u00fcffende Einsichten in die Bedeutung des \u201eLichts\u201c sowie des Blutes bzw. dessen Abwesenheit f\u00fcr das Muschelseidentuch von Manoppello sowie in die Rekonstruktion des historischen Weges des Schwei\u00dftuches \u00fcber 2.000 Jahre vermittelt. Spannende Berichte \u00fcber Ansichten interessanter Zeitzeugen, hochkar\u00e4tige Vortragsveranstaltungen, neueste Erkenntnisse zu \u201eTurin\u201c, etc. runden die Neuauflage des \u201eManoppello-Code\u201c ab und entschl\u00fcsseln die \u201eVeronica Manipuli\u201c wiederum ein wenig mehr\u2026 <\/p>\t\t\t\t\t\t\t\t<\/div>\n\t\t\t\t<\/div>\n\t\t<div class=\"elementor-element elementor-element-8e0574a e-con-full e-flex e-con e-child\" data-id=\"8e0574a\" data-element_type=\"container\" data-e-type=\"container\">\n\t\t\t\t<div class=\"elementor-element elementor-element-37f927d elementor-widget__width-initial elementor-widget elementor-widget-image\" data-id=\"37f927d\" data-element_type=\"widget\" data-e-type=\"widget\" data-widget_type=\"image.default\">\n\t\t\t\t\t\t\t\t\t\t\t\t\t\t\t<img loading=\"lazy\" decoding=\"async\" width=\"130\" height=\"182\" src=\"https:\/\/www.sudariumchristi.com\/wp-content\/uploads\/2025\/12\/book_4.jpg\" class=\"attachment-large size-large wp-image-1784\" alt=\"\" \/>\t\t\t\t\t\t\t\t\t\t\t\t\t\t\t<\/div>\n\t\t\t\t<div class=\"elementor-element elementor-element-d5cd58e elementor-widget elementor-widget-text-editor\" data-id=\"d5cd58e\" data-element_type=\"widget\" data-e-type=\"widget\" data-widget_type=\"text-editor.default\">\n\t\t\t\t\t\t\t\t\t<h5>Volto Santo<br>Ulrich Moskopp<\/h5><p>Die hier dokumentierte Installation beruht auf Videoaufnahmen des Volto Santo (Heiliges Antlitz), einem d\u00fcnnen Schleier aus so genannter Muschelseide (Perlmuttf\u00e4den). Auf dem im Gegenlicht durchsichtigen Stoff ist bei wechselndem Beleuchtungswinkel ein m\u00e4nnliches Gesicht zu erkennen, das nach der \u00dcberlieferung die wahren Z\u00fcge Christi zeigt. <\/p>\t\t\t\t\t\t\t\t<\/div>\n\t\t\t\t<\/div>\n\t\t<div class=\"elementor-element elementor-element-40bd9d3 e-con-full e-flex e-con e-child\" data-id=\"40bd9d3\" data-element_type=\"container\" data-e-type=\"container\">\n\t\t\t\t<div class=\"elementor-element elementor-element-9607082 elementor-widget__width-initial elementor-widget elementor-widget-image\" data-id=\"9607082\" data-element_type=\"widget\" data-e-type=\"widget\" data-widget_type=\"image.default\">\n\t\t\t\t\t\t\t\t\t\t\t\t\t\t\t<img loading=\"lazy\" decoding=\"async\" width=\"130\" height=\"182\" src=\"https:\/\/www.sudariumchristi.com\/wp-content\/uploads\/2025\/12\/book_5.jpg\" class=\"attachment-large size-large wp-image-1785\" alt=\"\" \/>\t\t\t\t\t\t\t\t\t\t\t\t\t\t\t<\/div>\n\t\t\t\t<div class=\"elementor-element elementor-element-b87d888 elementor-widget elementor-widget-text-editor\" data-id=\"b87d888\" data-element_type=\"widget\" data-e-type=\"widget\" data-widget_type=\"text-editor.default\">\n\t\t\t\t\t\t\t\t\t<h5>Das Antlitz Christi<br>Andreas Resch<\/h5><p>Nach einem stichwortartigen \u00dcberblick \u00fcber die Geschichte des Grabtuchs und der Veronika wird zun\u00e4chst die Deckungsgleichheit des Antlitzes auf dem Grabtuch mit der Veronika bildhaft ausgewiesen. Sodann werden Darstellungen in den Katakomben und in der Ikonographie auf ihre Deckungsgleichheit mit dem Antlitz auf dem Grabtuch und mit der Veronika \u00fcberpr\u00fcft. <\/p>\t\t\t\t\t\t\t\t<\/div>\n\t\t\t\t<\/div>\n\t\t<div class=\"elementor-element elementor-element-bd3ac71 e-con-full e-flex e-con e-child\" data-id=\"bd3ac71\" data-element_type=\"container\" data-e-type=\"container\">\n\t\t\t\t<div class=\"elementor-element elementor-element-d8da2a9 elementor-widget__width-initial elementor-widget elementor-widget-image\" data-id=\"d8da2a9\" data-element_type=\"widget\" data-e-type=\"widget\" data-widget_type=\"image.default\">\n\t\t\t\t\t\t\t\t\t\t\t\t\t\t\t<img loading=\"lazy\" decoding=\"async\" width=\"130\" height=\"357\" src=\"https:\/\/www.sudariumchristi.com\/wp-content\/uploads\/2025\/12\/book_7.jpg\" class=\"attachment-large size-large wp-image-1786\" alt=\"\" srcset=\"https:\/\/www.sudariumchristi.com\/wp-content\/uploads\/2025\/12\/book_7.jpg 130w, https:\/\/www.sudariumchristi.com\/wp-content\/uploads\/2025\/12\/book_7-109x300.jpg 109w\" sizes=\"(max-width: 130px) 100vw, 130px\" \/>\t\t\t\t\t\t\t\t\t\t\t\t\t\t\t<\/div>\n\t\t\t\t<div class=\"elementor-element elementor-element-9f76a8a elementor-widget elementor-widget-text-editor\" data-id=\"9f76a8a\" data-element_type=\"widget\" data-e-type=\"widget\" data-widget_type=\"text-editor.default\">\n\t\t\t\t\t\t\t\t\t<h5>JESUS CHRISTUS<br>im Selbstzeugnis seiner Grabt\u00fccher (Atlas)<br>Blandina Paschalis Schl\u00f6mer<\/h5><p>Dieser Atlas ist kein ersch\u00f6pfendes, wissenschaftliches Buch \u00fcber die noch existierenden Tuchreliquien Jesu Christi; er will aber auch nicht nur Meditationsbuch sein.<br>Die polnische Ausgabe mit deutscher \u00dcbersetzung ist ausf\u00fchrlicher als die deutsche Ausgabe.<\/p>\t\t\t\t\t\t\t\t<\/div>\n\t\t\t\t<\/div>\n\t\t<div class=\"elementor-element elementor-element-9119b97 e-con-full e-flex e-con e-child\" data-id=\"9119b97\" data-element_type=\"container\" data-e-type=\"container\">\n\t\t\t\t<div class=\"elementor-element elementor-element-491fc9e elementor-widget__width-initial elementor-widget elementor-widget-image\" data-id=\"491fc9e\" data-element_type=\"widget\" data-e-type=\"widget\" data-widget_type=\"image.default\">\n\t\t\t\t\t\t\t\t\t\t\t\t\t\t\t<img loading=\"lazy\" decoding=\"async\" width=\"130\" height=\"182\" src=\"https:\/\/www.sudariumchristi.com\/wp-content\/uploads\/2025\/12\/book_9.jpg\" class=\"attachment-large size-large wp-image-1787\" alt=\"\" \/>\t\t\t\t\t\t\t\t\t\t\t\t\t\t\t<\/div>\n\t\t\t\t<div class=\"elementor-element elementor-element-7195af6 elementor-widget elementor-widget-text-editor\" data-id=\"7195af6\" data-element_type=\"widget\" data-e-type=\"widget\" data-widget_type=\"text-editor.default\">\n\t\t\t\t\t\t\t\t\t<h5>Jesus \u2013 Das Gesicht des Wortes<br>Blandina Paschalis Schl\u00f6mer und Lidia Basti<\/h5><p>In diesem kleinen Buch behandelt Sr. Blandina nicht eigentlich das Heilige Antlitz. Sie bedient sich des Bildes wie eines sprechenden Textes. Sie l\u00e4dt den Leser ein, mit einer lebendigen Person Kontakt aufzunehmen, die mit ihm spricht und ihn anschaut.  <\/p>\t\t\t\t\t\t\t\t<\/div>\n\t\t\t\t<\/div>\n\t\t<div class=\"elementor-element elementor-element-8652f3d e-con-full e-flex e-con e-child\" data-id=\"8652f3d\" data-element_type=\"container\" data-e-type=\"container\">\n\t\t\t\t<div class=\"elementor-element elementor-element-481a265 elementor-widget__width-initial elementor-widget elementor-widget-image\" data-id=\"481a265\" data-element_type=\"widget\" data-e-type=\"widget\" data-widget_type=\"image.default\">\n\t\t\t\t\t\t\t\t\t\t\t\t\t\t\t<img loading=\"lazy\" decoding=\"async\" width=\"130\" height=\"182\" src=\"https:\/\/www.sudariumchristi.com\/wp-content\/uploads\/2025\/12\/book_6.jpg\" class=\"attachment-large size-large wp-image-1788\" alt=\"\" \/>\t\t\t\t\t\t\t\t\t\t\t\t\t\t\t<\/div>\n\t\t\t\t<div class=\"elementor-element elementor-element-52d5524 elementor-widget elementor-widget-text-editor\" data-id=\"52d5524\" data-element_type=\"widget\" data-e-type=\"widget\" data-widget_type=\"text-editor.default\">\n\t\t\t\t\t\t\t\t\t<h5>Der Schleier von Manoppello und das Grabtuch von Turin<br>Blandina Paschalis Schl\u00f6mer<\/h5><p>Im ersten Teil der Arbeit berichtet Schl\u00f6mer \u00fcber den Weg ihrer Begegnung mit dem Schleier, um dann im zweiten Teil die Entsprechungen mit Christusikonen der verschiedenen Epochen aufzuzeigen. Im dritten Teil werden das Turiner Grabtuch und der Schleier von Manoppello als die beiden Urbilder der Christusdarstellungen vorgestellt. <\/p>\t\t\t\t\t\t\t\t<\/div>\n\t\t\t\t<\/div>\n\t\t<div class=\"elementor-element elementor-element-c2eb7f8 e-con-full e-flex e-con e-child\" data-id=\"c2eb7f8\" data-element_type=\"container\" data-e-type=\"container\">\n\t\t\t\t<div class=\"elementor-element elementor-element-94b3fe0 elementor-widget__width-initial elementor-widget elementor-widget-image\" data-id=\"94b3fe0\" data-element_type=\"widget\" data-e-type=\"widget\" data-widget_type=\"image.default\">\n\t\t\t\t\t\t\t\t\t\t\t\t\t\t\t<img loading=\"lazy\" decoding=\"async\" width=\"130\" height=\"182\" src=\"https:\/\/www.sudariumchristi.com\/wp-content\/uploads\/2025\/12\/gottmensch_valtorta.jpg\" class=\"attachment-large size-large wp-image-1789\" alt=\"\" \/>\t\t\t\t\t\t\t\t\t\t\t\t\t\t\t<\/div>\n\t\t\t\t<div class=\"elementor-element elementor-element-b3dddda elementor-widget elementor-widget-text-editor\" data-id=\"b3dddda\" data-element_type=\"widget\" data-e-type=\"widget\" data-widget_type=\"text-editor.default\">\n\t\t\t\t\t\t\t\t\t<h5>Der Gottmensch<br>Maria Valtorta<\/h5><p>In diesem 12-b\u00e4ndigen Werk wird das Leben und Leiden Jesu Christi beschrieben, wie es sich der italienischen Mystikerin Maria Valtorta (1897 \u2013 1961) in ihren Visionen offenbarte. Es stellt eine Erg\u00e4nzung zur Bibel dar, keinen Widerspruch. <\/p>\t\t\t\t\t\t\t\t<\/div>\n\t\t\t\t<\/div>\n\t\t\t\t\t<\/div>\n\t\t\t\t<\/div>\n\t\t\t\t<\/div>\n\t\t","protected":false},"excerpt":{"rendered":"<p>Das G\u00f6ttliche GesichtPaul Badde Die Nachricht erscheint unglaublich: Ein Mann behauptet, er habe das wahre Antlitz Jesu entdeckt. Der renommierte r\u00f6mische Autor Paul Badde will in Manoppello, einem abgelegenen Ort in den Abruzzen, ein geheimnisvolles Bild aufgesp\u00fcrt haben, in dem sich die Jahrtausende alte Sehnsucht erf\u00fcllt, Jesus von Angesicht zu Angesicht zu sehen. Das Grabtuch [&hellip;]<\/p>\n","protected":false},"author":1,"featured_media":0,"parent":451,"menu_order":0,"comment_status":"closed","ping_status":"closed","template":"","meta":{"footnotes":""},"class_list":["post-467","page","type-page","status-publish","hentry"],"_links":{"self":[{"href":"https:\/\/www.sudariumchristi.com\/pt-pt\/wp-json\/wp\/v2\/pages\/467","targetHints":{"allow":["GET"]}}],"collection":[{"href":"https:\/\/www.sudariumchristi.com\/pt-pt\/wp-json\/wp\/v2\/pages"}],"about":[{"href":"https:\/\/www.sudariumchristi.com\/pt-pt\/wp-json\/wp\/v2\/types\/page"}],"author":[{"embeddable":true,"href":"https:\/\/www.sudariumchristi.com\/pt-pt\/wp-json\/wp\/v2\/users\/1"}],"replies":[{"embeddable":true,"href":"https:\/\/www.sudariumchristi.com\/pt-pt\/wp-json\/wp\/v2\/comments?post=467"}],"version-history":[{"count":3,"href":"https:\/\/www.sudariumchristi.com\/pt-pt\/wp-json\/wp\/v2\/pages\/467\/revisions"}],"predecessor-version":[{"id":3790,"href":"https:\/\/www.sudariumchristi.com\/pt-pt\/wp-json\/wp\/v2\/pages\/467\/revisions\/3790"}],"up":[{"embeddable":true,"href":"https:\/\/www.sudariumchristi.com\/pt-pt\/wp-json\/wp\/v2\/pages\/451"}],"wp:attachment":[{"href":"https:\/\/www.sudariumchristi.com\/pt-pt\/wp-json\/wp\/v2\/media?parent=467"}],"curies":[{"name":"wp","href":"https:\/\/api.w.org\/{rel}","templated":true}]}}