{"id":499,"date":"2025-11-05T16:52:22","date_gmt":"2025-11-05T15:52:22","guid":{"rendered":"http:\/\/sudariumchristi.stage.bergwerk-it.de\/dados-de-interesse\/como-chegar\/"},"modified":"2025-12-16T14:05:08","modified_gmt":"2025-12-16T13:05:08","slug":"como-chegar","status":"publish","type":"page","link":"https:\/\/www.sudariumchristi.com\/pt-pt\/dados-de-interesse\/como-chegar\/","title":{"rendered":"Como chegar"},"content":{"rendered":"\t\t<div data-elementor-type=\"wp-page\" data-elementor-id=\"499\" class=\"elementor elementor-499 elementor-72\" data-elementor-post-type=\"page\">\n\t\t\t\t<div class=\"elementor-element elementor-element-9e5099a e-flex e-con-boxed e-con e-parent\" data-id=\"9e5099a\" data-element_type=\"container\" data-e-type=\"container\">\n\t\t\t\t\t<div class=\"e-con-inner\">\n\t\t<div class=\"elementor-element elementor-element-a1b1b55 e-con-full e-flex e-con e-child\" data-id=\"a1b1b55\" data-element_type=\"container\" data-e-type=\"container\">\n\t\t\t\t<div class=\"elementor-element elementor-element-807fd2f elementor-widget elementor-widget-text-editor\" data-id=\"807fd2f\" data-element_type=\"widget\" data-e-type=\"widget\" data-widget_type=\"text-editor.default\">\n\t\t\t\t\t\t\t\t\t<p class=\"directions\">Manoppello ist eine italienische Gemeinde mit ca. 6.700 Einwohnern in der Provinz Pescara in den Abruzzen, ca. 30 km westlich von Pescara (Adria) und ca. 2 Autostunden nord\u00f6stlich von Rom gelegen.<\/p><p class=\"directions\">A Igreja \u00e9 acess\u00edvel a pessoas de mobilidade reduzida. No entanto, para aceder \u00e0 proximidade imediata do Santo V\u00e9u por tr\u00e1s do altar, \u00e9 necess\u00e1rio ainda transpor uma escada. <\/p><p class=\"directions\">AUTOM\u00d3VEL<br><b>desde Roma: <\/b>Seguir a autoestrada A 25 no sentido Pescara, sa\u00edda Alanno-Scafa, seguir as placas para a Bas\u00edlica \u201cSantuario del Volto Santo\u201c<br><b>desde Pescara: <\/b>Estrada nacional Ss 5 (Tiburtina-Valeria) sentido Popoli, sa\u00edda Ponte Alba, seguir as placas para a Bas\u00edlica \u201cSantuario del Volto Santo\u201d<br><b>desde Bolonha: <\/b>Autoestrada A 14 no sentido Sul e depois a partir de Pescara no sentido Roma, sa\u00edda Alanno-Scafa, seguir as placas para a Bas\u00edlica \u201cSantuario del Volto Santo\u201d<br><b>desde Bari: <\/b>Autoestrada A 14 no sentido Norte e depois a partir de Pescara, A 25 sentido Roma, sa\u00edda Alanno-Scafa, seguir as placas para a Bas\u00edlica \u201cSantuario del Volto Santo\u201d<\/p><p class=\"directions\">AUTOCARRO<br><b>desde Roma: <\/b>Partida para Pescara, da pra\u00e7a da esta\u00e7\u00e3o de caminho de ferro de Tiburtina, em Pescara continuar de autocarro da Linha ARPA Pescara-Manoppello-Serramonacesca<br><a href=\"http:\/\/www.gruppolapanoramica.it\/\">www.gruppolapanoramica.it<\/a><br><a href=\"http:\/\/www.arpaonline.com\/\">www.arpaonline.com<\/a><br><a href=\"http:\/\/www.regione.abruzzo.it\/turismo\">www.regione.abruzzo.it\/turismo<\/a><\/p><p class=\"directions\">COMBOIO<br><b>desde Roma:<\/b> Partida da Esta\u00e7\u00e3o de Caminho de Ferro de Tiburtina em dire\u00e7\u00e3o a Pescara. Sair na Esta\u00e7\u00e3o de Manoppello Scalo<br><b>desde Pescara:<\/b> em sentido a Sulmona &#8211; Rom, sair na Esta\u00e7\u00e3o de Manoppello Scalo<br><a href=\"http:\/\/www.trenitalia.com\/\">www.trenitalia.com<\/a><\/p><p class=\"directions\">AVI\u00c3O<br>Aeroporto Internazionale d\u00b4Abruzzo in Pescara<br><a href=\"http:\/\/www.abruzzoairport.com\/\">www.abruzzoairport.com<\/a><\/p>\t\t\t\t\t\t\t\t<\/div>\n\t\t\t\t<\/div>\n\t\t<div class=\"elementor-element elementor-element-7ccfff7 e-con-full e-flex e-con e-child\" data-id=\"7ccfff7\" data-element_type=\"container\" data-e-type=\"container\">\n\t\t\t\t<div class=\"elementor-element elementor-element-1f5fe77 elementor-widget elementor-widget-image\" data-id=\"1f5fe77\" data-element_type=\"widget\" data-e-type=\"widget\" data-widget_type=\"image.default\">\n\t\t\t\t\t\t\t\t\t\t\t\t\t\t\t<img fetchpriority=\"high\" decoding=\"async\" width=\"300\" height=\"300\" src=\"https:\/\/www.sudariumchristi.com\/wp-content\/uploads\/2025\/12\/anfahrt.gif\" class=\"attachment-large size-large wp-image-1680\" alt=\"\" \/>\t\t\t\t\t\t\t\t\t\t\t\t\t\t\t<\/div>\n\t\t\t\t<\/div>\n\t\t\t\t\t<\/div>\n\t\t\t\t<\/div>\n\t\t\t\t<\/div>\n\t\t","protected":false},"excerpt":{"rendered":"<p>Manoppello ist eine italienische Gemeinde mit ca. 6.700 Einwohnern in der Provinz Pescara in den Abruzzen, ca. 30 km westlich von Pescara (Adria) und ca. 2 Autostunden nord\u00f6stlich von Rom gelegen. A Igreja \u00e9 acess\u00edvel a pessoas de mobilidade reduzida. No entanto, para aceder \u00e0 proximidade imediata do Santo V\u00e9u por tr\u00e1s do altar, \u00e9 [&hellip;]<\/p>\n","protected":false},"author":1,"featured_media":0,"parent":451,"menu_order":0,"comment_status":"closed","ping_status":"closed","template":"","meta":{"footnotes":""},"class_list":["post-499","page","type-page","status-publish","hentry"],"_links":{"self":[{"href":"https:\/\/www.sudariumchristi.com\/pt-pt\/wp-json\/wp\/v2\/pages\/499","targetHints":{"allow":["GET"]}}],"collection":[{"href":"https:\/\/www.sudariumchristi.com\/pt-pt\/wp-json\/wp\/v2\/pages"}],"about":[{"href":"https:\/\/www.sudariumchristi.com\/pt-pt\/wp-json\/wp\/v2\/types\/page"}],"author":[{"embeddable":true,"href":"https:\/\/www.sudariumchristi.com\/pt-pt\/wp-json\/wp\/v2\/users\/1"}],"replies":[{"embeddable":true,"href":"https:\/\/www.sudariumchristi.com\/pt-pt\/wp-json\/wp\/v2\/comments?post=499"}],"version-history":[{"count":3,"href":"https:\/\/www.sudariumchristi.com\/pt-pt\/wp-json\/wp\/v2\/pages\/499\/revisions"}],"predecessor-version":[{"id":1849,"href":"https:\/\/www.sudariumchristi.com\/pt-pt\/wp-json\/wp\/v2\/pages\/499\/revisions\/1849"}],"up":[{"embeddable":true,"href":"https:\/\/www.sudariumchristi.com\/pt-pt\/wp-json\/wp\/v2\/pages\/451"}],"wp:attachment":[{"href":"https:\/\/www.sudariumchristi.com\/pt-pt\/wp-json\/wp\/v2\/media?parent=499"}],"curies":[{"name":"wp","href":"https:\/\/api.w.org\/{rel}","templated":true}]}}