{"id":519,"date":"2025-11-05T14:32:31","date_gmt":"2025-11-05T13:32:31","guid":{"rendered":"http:\/\/sudariumchristi.stage.bergwerk-it.de\/nota-legal\/"},"modified":"2025-11-14T13:55:35","modified_gmt":"2025-11-14T12:55:35","slug":"nota-legal","status":"publish","type":"page","link":"https:\/\/www.sudariumchristi.com\/pt-pt\/nota-legal\/","title":{"rendered":"Nota legal"},"content":{"rendered":"\n<p>Manfred Prosch<br\/>Bauernallee 23<br\/>19288 Ludwigslust<\/p>\n\n<p>Tel.: +49 3874 4240251<br\/>Fax: +49 3874 4240252<br\/>E-mail: info@sudariumchristi.com<\/p>\n\n<p>Cr\u00e9ditos:<br\/>Imagens do Sud\u00e1rio de Cristo: Blandina Paschalis Schl\u00f6mer,<br\/>Paul Badde, Prof. Andreas Resch, Dra. Raphaela Pallin<\/p>\n\n<p>Se nada em contr\u00e1rio tiver sido indicado, as imagens s\u00e3o propriedade de Blandina Paschalis Schl\u00f6mer, Paul Badde ou de Eva-Maria Proksch.<\/p>\n\n<p>Fontes:<br\/>Badde, Paul: Das G\u00f6ttliche Gesicht, M\u00fcnchen 2006<br\/>Badde, Paul: Das Grabtuch von Turin oder das Geheimnis der heiligen Bilder, M\u00fcnchen 2010<br\/>Badde, Paul: Maria von Guadalupe, Berlin 2004<br\/>Badde, Paul: Woher kommt Marias unsichtbarer Schleier, Die Welt, 25.12.10<br\/>Belting, Hans: Bild und Kult \u2013 Eine Geschichte des Bildes vor dem Zeitalter der Kunst, M\u00fcnchen 1991<br\/>Berger, Klaus: Jesusportrait sorgt f\u00fcr Aufsehen, Die Welt, 05.02.07<br\/>Frascadore, Antonio: Il Sacro Velo il Volto Santo di Manoppello, DVD 2010<br\/>Resch, Andreas: Das Antlitz Christi, Innsbruck 2006<br\/>The Human Face of God, Blagovest Media, 2010<br\/>Schl\u00f6mer, Blandina Paschalis: Jezus Chrystus swiadestwo jego calun\u00f3w, Radom 2009<br\/>Schl\u00f6mer, Blandina Paschalis und Basti, Lidia: Il Volto della Parola Ges\u00fa &#8211; Jesus das Gesicht des Wortes, Teramo 2010<br\/>http:\/\/www.alte-messe.de\/04_gewand.html<br\/>http:\/\/austria-catholica.blogspot.de\/2006\/02\/das-gnadenbild-von-absam-in-tirol_10.html<br\/>http:\/\/de.wikipedia.org<br\/>http:\/\/www.hall-wattens.at\/de\/das-gnadenbild-von-absam.html<br\/>http:\/\/kath-zdw.ch<br\/>http:\/\/www.mexiko-lexikon.de<br\/>http:\/\/www.virgendeguadalupe.org.mx<\/p>\n\n<p>Textos:<br\/>Blandina Paschalis Schl\u00f6mer, Astrid Schwarz,<br\/>Paul Badde, Eva-Maria Proksch<\/p>\n\n<p>Exclus\u00e3o de responsabilidade:<br\/>A nossa oferta inclui links para p\u00e1ginas web externas de terceiros, sobre cujos conte\u00fados n\u00e3o temos qualquer influ\u00eancia. Por isso, n\u00e3o podemos assumir qualquer responsabilidade por esses conte\u00fados externos. Pelos conte\u00fados das p\u00e1ginas hiperligadas s\u00e3o sempre respons\u00e1veis o respetivo fornecedor ou operador das respetivas p\u00e1ginas web. As p\u00e1ginas hiperligadas foram verificadas quanto a poss\u00edveis viola\u00e7\u00f5es legais no momento da sua liga\u00e7\u00e3o. No momento da liga\u00e7\u00e3o, n\u00e3o foram detectados conte\u00fados il\u00edcitos. No entanto, n\u00e3o \u00e9 poss\u00edvel realizar um controlo permanente de conte\u00fados disponibilizados nos sites hiperligados sem ind\u00edcios concretos de uma viola\u00e7\u00e3o da lei. Caso viermos a conhecer viola\u00e7\u00f5es da lei, eliminaremos imediatamente os respetivos links.      <\/p>\n\n<p>Realiza\u00e7\u00e3o:<br\/>Janner &amp; Sch\u00f6ne Medien GmbH, Schwerin<\/p>\n","protected":false},"excerpt":{"rendered":"<p>Manfred ProschBauernallee 2319288 Ludwigslust Tel.: +49 3874 4240251Fax: +49 3874 4240252E-mail: info@sudariumchristi.com Cr\u00e9ditos:Imagens do Sud\u00e1rio de Cristo: Blandina Paschalis Schl\u00f6mer,Paul Badde, Prof. Andreas Resch, Dra. Raphaela Pallin Se nada em contr\u00e1rio tiver sido indicado, as imagens s\u00e3o propriedade de Blandina Paschalis Schl\u00f6mer, Paul Badde ou de Eva-Maria Proksch. Fontes:Badde, Paul: Das G\u00f6ttliche Gesicht, M\u00fcnchen 2006Badde, [&hellip;]<\/p>\n","protected":false},"author":1,"featured_media":0,"parent":0,"menu_order":0,"comment_status":"closed","ping_status":"closed","template":"","meta":{"footnotes":""},"class_list":["post-519","page","type-page","status-publish","hentry"],"_links":{"self":[{"href":"https:\/\/www.sudariumchristi.com\/pt-pt\/wp-json\/wp\/v2\/pages\/519","targetHints":{"allow":["GET"]}}],"collection":[{"href":"https:\/\/www.sudariumchristi.com\/pt-pt\/wp-json\/wp\/v2\/pages"}],"about":[{"href":"https:\/\/www.sudariumchristi.com\/pt-pt\/wp-json\/wp\/v2\/types\/page"}],"author":[{"embeddable":true,"href":"https:\/\/www.sudariumchristi.com\/pt-pt\/wp-json\/wp\/v2\/users\/1"}],"replies":[{"embeddable":true,"href":"https:\/\/www.sudariumchristi.com\/pt-pt\/wp-json\/wp\/v2\/comments?post=519"}],"version-history":[{"count":1,"href":"https:\/\/www.sudariumchristi.com\/pt-pt\/wp-json\/wp\/v2\/pages\/519\/revisions"}],"predecessor-version":[{"id":520,"href":"https:\/\/www.sudariumchristi.com\/pt-pt\/wp-json\/wp\/v2\/pages\/519\/revisions\/520"}],"wp:attachment":[{"href":"https:\/\/www.sudariumchristi.com\/pt-pt\/wp-json\/wp\/v2\/media?parent=519"}],"curies":[{"name":"wp","href":"https:\/\/api.w.org\/{rel}","templated":true}]}}