{"id":535,"date":"2025-11-05T14:03:40","date_gmt":"2025-11-05T13:03:40","guid":{"rendered":"http:\/\/sudariumchristi.stage.bergwerk-it.de\/declaracao-de-protecao-de-dados\/"},"modified":"2025-11-14T14:29:42","modified_gmt":"2025-11-14T13:29:42","slug":"declaracao-de-protecao-de-dados","status":"publish","type":"page","link":"https:\/\/www.sudariumchristi.com\/pt-pt\/declaracao-de-protecao-de-dados\/","title":{"rendered":"Declara\u00e7\u00e3o de Prote\u00e7\u00e3o de dados"},"content":{"rendered":"\n<h2 class=\"wp-block-heading\">1. Recolha e armazenamento de dados pessoais, bem como forma e finalidade da sua utiliza\u00e7\u00e3o<\/h2>\n\n<p><strong>a) Durante uma visita do site<\/strong><\/p>\n\n<p>Ao visitar este site, o navegador utilizado no seu equipamento final envia automaticamente informa\u00e7\u00f5es para o servidor do nosso site. Estas informa\u00e7\u00f5es s\u00e3o armazenadas num designado \u201clogfile\u201d. Neste caso, as seguintes informa\u00e7\u00f5es s\u00e3o recolhidas e armazenadas sem a sua interven\u00e7\u00e3o:  <\/p>\n\n<ul class=\"wp-block-list\">\n<li>o site visitado,<\/li>\n\n\n\n<li>o tipo de navegador e a vers\u00e3o de navegador,<\/li>\n\n\n\n<li>o sistema operativo utilizado,<\/li>\n\n\n\n<li>o volume de dados enviados em bytes,<\/li>\n\n\n\n<li>a fonte\/refer\u00eancia a partir da qual teve acesso \u00e0 p\u00e1gina,<\/li>\n\n\n\n<li>o nome \u201chost\u201d do computador que acede \u00e0 informa\u00e7\u00e3o,<\/li>\n\n\n\n<li>a \/hora da consulta do servidor,<\/li>\n\n\n\n<li>o endere\u00e7o IP utilizado.<\/li>\n<\/ul>\n\n<p>Estes dados n\u00e3o podem ser identificados relativamente a determinadas pessoas. N\u00e3o \u00e9 efetuada uma fu\u00acs\u00e3o destes dados com outras fontes de dados. Reservamo-nos o direito de verificar estes dados em data ulterior, se tomarmos conhecimento de ind\u00edcios concretos de uma utiliza\u00e7\u00e3o il\u00edcita.  <\/p>\n\n<p>Os referidos dados s\u00e3o utilizados para as seguintes finalidades:<\/p>\n\n<ul class=\"wp-block-list\">\n<li>garantir um estabelecimento de liga\u00e7\u00e3o correto ao site,<\/li>\n\n\n\n<li>garantir uma utiliza\u00e7\u00e3o conveniente do nosso site,<\/li>\n\n\n\n<li>avaliar a seguran\u00e7a e estabilidade do sistema, bem como<\/li>\n\n\n\n<li>para outras finalidades administrativas.<\/li>\n<\/ul>\n\n<p><strong>b) Durante a utiliza\u00e7\u00e3o do nosso endere\u00e7o de e-mail<\/strong><\/p>\n\n<p>Em caso de perguntas de qualquer tipo, oferecemos-lhe a possibilidade de entrar em contacto connosco atrav\u00e9s de um endere\u00e7o de e-mail indicado no site. Para o efeito, \u00e9 necess\u00e1rio indicar um endere\u00e7o de e-mail v\u00e1lido, bem como o nome, para ficarmos a saber quem enviou a consulta e para podermos responder \u00e0 consulta. Podem ser disponibilizados outros dados numa base facultativa.  <\/p>\n\n<p>O tratamento dos dados para fins de entrada em contacto connosco \u00e9 feito ao abrigo do disposto no artigo 6.\u00ba, n.\u00ba 1, frase 1 da al\u00ednea a), do Regulamento Geral sobre a Prote\u00e7\u00e3o de Dados (RGPD), com base no seu consentimento volunt\u00e1rio.  <\/p>\n\n<p>Os dados pessoais por n\u00f3s recolhidos atrav\u00e9s da utiliza\u00e7\u00e3o do endere\u00e7o de e-mail s\u00e3o armazenados para fins de processamento do pedido que nos enviou, bem como para poss\u00edveis perguntas complementares.<\/p>\n\n<h2 class=\"wp-block-heading\">2. Apagamento e\/ou bloqueio de dados<\/h2>\n\n<p>Cumprimos os princ\u00edpios da evita\u00e7\u00e3o e da encomia de dados. Armazenamos os seus dados pessoais apenas durante o tempo necess\u00e1rio para o alcance das finalidades aqui indicadas ou na medida em que os diversos prazos de conserva\u00e7\u00e3o impostos pela lei o estabelecem. Persistindo a finalidade ou depois de decorridos estes prazos, os respetivos dados s\u00e3o bloqueados ou apagados, numa base rotineira, de acordo com a legisla\u00e7\u00e3o.  <\/p>\n\n<h2 class=\"wp-block-heading\">3. Direito do titular de dados a informa\u00e7\u00e3o, retifica\u00e7\u00e3o, bloqueio, apagamento e oposi\u00e7\u00e3o<\/h2>\n\n<p>Tem o direito de:<\/p>\n\n<ul class=\"wp-block-list\">\n<li>exigir informa\u00e7\u00e3o, ao abrigo do artigo 16.\u00ba do RGPD, sobre os seus dados pessoais que por n\u00f3s s\u00e3o tratados. Tem ainda o direito de obter a retifica\u00e7\u00e3o, o bloqueio ou o apagamento dos dados que lhe dizem respeito, salvo quando a legisla\u00e7\u00e3o exige o seu armazenamento para o processamento do pedido.<br\/>Para que um bloqueio possa ser considerado a qualquer momento, estes dados ser\u00e3o conservados em ficheiro de bloqueio para fins de controlo. Tamb\u00e9m pode exigir o apagamento dos dados, na medida em que n\u00e3o exista obriga\u00e7\u00e3o jur\u00eddica de arquivo. Havendo uma tal obriga\u00e7\u00e3o, procedemos ao bloqueio dos seus dados a pedido.   <\/li>\n\n\n\n<li>exigir a retifica\u00e7\u00e3o imediata de dados pessoais incorretos que lhe dizem respeito ou a que os seus dados pessoais incompletos, por n\u00f3s armazenados, sejam completados, ao abrigo do artigo 16.\u00ba do RGPD;<\/li>\n\n\n\n<li>exigir o apagamento dos seus dados pessoais, por n\u00f3s armazenados, ao abrigo do artigo 17.\u00ba do RGPD, salvo o tratamento seja necess\u00e1rio para o exerc\u00edcio do direito \u00e0 liberdade de express\u00e3o e de informa\u00e7\u00e3o, para o cumprimento de uma obriga\u00e7\u00e3o jur\u00eddica, por raz\u00f5es ligadas a interesses p\u00fablicos ou para reclama\u00e7\u00e3o, execu\u00e7\u00e3o ou defesa de direitos;<\/li>\n\n\n\n<li>exigir a limita\u00e7\u00e3o do tratamento dos seus dados pessoais, ao abrigo do artigo 18.\u00ba do RGPD, se contestar a exatid\u00e3o dos dados, se o tratamento for il\u00edcito, mas se opuser ao apagamento dos dados pessoais e se j\u00e1 n\u00e3o precisarmos dos dados pessoais para fins de tratamento, mas esses dados sejam requeridos por si para efeitos de declara\u00e7\u00e3o, exerc\u00edcio ou defesa de um direito num processo judicial ou se se tiver oposto contra o tratamento nos termos do artigo 21.\u00ba do RGPD;<\/li>\n\n\n\n<li>receber, nos termos do artigo 20.\u00ba do RGPD, os dados pessoais que lhe digam respeito e que nos tenha disponibilizado, num formato estruturado, de uso corrente e de leitura autom\u00e1tica, ou de exigir a transmiss\u00e3o desses dados a outro respons\u00e1vel pelo tratamento;<\/li>\n\n\n\n<li>retirar o seu consentimento concedido uma \u00fanica vez, a qualquer momento, perante n\u00f3s, nos termos do artigo 7.\u00ba, n.\u00ba 3, do RGPD. Em consequ\u00eancia disso, o tratamento de dados em que se baseia este consentimento deixa de ser prosseguido no futuro e deixa de  <\/li>\n\n\n\n<li>ser poss\u00edvel apresentar reclama\u00e7\u00e3o a uma autoridade de controlo nos termos do artigo 77.\u00ba do RGPD. Em regra, pode dirigir-se \u00e0 autoridade de controlo da sua resid\u00eancia habitual ou do posto de trabalho ou da sede da nossa empresa. <\/li>\n<\/ul>\n\n<h2 class=\"wp-block-heading\">4. Direito de oposi\u00e7\u00e3o<\/h2>\n\n<ul class=\"wp-block-list\">\n<li>Se o tratamento dos seus dados pessoais for necess\u00e1rio para efeito dos interesses leg\u00edtimos ao abrigo do artigo 6.\u00ba, n.\u00ba 1, frase 1 da al\u00ednea f), do RGPD, tem o direito a apresentar oposi\u00e7\u00e3o ao tratamento dos seus dados pessoais nos termos do artigo 21.\u00ba do RGPD, se existirem motivos relacionados com a sua situa\u00e7\u00e3o particular ou se a oposi\u00e7\u00e3o for dirigida contra a comercializa\u00e7\u00e3o direta. Neste \u00faltimo caso, cabe-lhe o direito geral de oposi\u00e7\u00e3o, que ser\u00e1 por n\u00f3s cumprido sem se referir a uma situa\u00e7\u00e3o particular.   <\/li>\n\n\n\n<li>Se pretender exercer o seu direito de oposi\u00e7\u00e3o ou resolu\u00e7\u00e3o, basta enviar-nos uma comunica\u00e7\u00e3o correspondente para o endere\u00e7o de e-mail <a href=\"mailto:info@sudariumchristi.com\">info@sudariumchristi.com<\/a>, com efeito futuro.<\/li>\n<\/ul>\n\n<h2 class=\"wp-block-heading\">5. Transfer\u00eancia de dados<\/h2>\n\n<p>\u00c9 il\u00edcita a transfer\u00eancia dos seus dados pessoais para terceiros para outras finalidades que n\u00e3o as indicadas a seguir. Transferimos os seus dados pessoais para terceiros apenas se: <\/p>\n\n<ul class=\"wp-block-list\">\n<li>tiver consentido expressamente na transfer\u00eancia nos termos do artigo 6.\u00ba, n.\u00ba 1, frase 1 da al\u00ednea a), do RGPD,  <\/li>\n\n\n\n<li>no caso de, para a transfer\u00eancia nos termos do artigo 6.\u00ba, n.\u00ba 1, frase 1 da al\u00ednea c), do RGPD, exista uma obriga\u00e7\u00e3o jur\u00eddica, desde que o tratamento for l\u00edcito por lei e for necess\u00e1rio, nos termos do artigo 6.\u00ba, n.\u00ba 1, frase 1 da al\u00ednea b), do RGPD, para o processamento do seu pedido.    <\/li>\n<\/ul>\n\n<h2 class=\"wp-block-heading\">6. \u201cCookies\u201d, ferramentas de an\u00e1lise, redes sociais e \u201cplug-ins\u201d de YouTube<\/h2>\n\n<p>N\u00e3o utilizamos na nossa p\u00e1gina da internet \u201ccookies\u201d, ferramentas de an\u00e1lise nem redes sociais e \u201cplug-ins\u201d de YouTube.<\/p>\n\n<h2 class=\"wp-block-heading\">7. Atualidade e altera\u00e7\u00e3o desta declara\u00e7\u00e3o de prote\u00e7\u00e3o de dados<\/h2>\n\n<p>Esta declara\u00e7\u00e3o de prote\u00e7\u00e3o de dados \u00e9 atualmente v\u00e1lida e foi ultimamente atualizada em <strong>maio de 2018.<\/strong><\/p>\n\n<p>Devido ao aperfei\u00e7oamento cont\u00ednuo do nosso site e das ofertas a\u00ed disponibilizadas ou em virtude da altera\u00e7\u00e3o da legisla\u00e7\u00e3o e de regulamentos das autoridades pode ser necess\u00e1rio alterar esta declara\u00e7\u00e3o de prote\u00e7\u00e3o de dados. A respetiva vers\u00e3o atual desta declara\u00e7\u00e3o de prote\u00e7\u00e3o de dados pode ser consultada e impressa a qualquer momento no site atrav\u00e9s de<a href=\"http:\/\/www.sudariumchristi.com\/de\/privacy\/index.htm\"> http:\/\/www.sudariumchristi.com\/pt\/privacy\/index.htm<\/a>. <\/p>\n","protected":false},"excerpt":{"rendered":"<p>1. Recolha e armazenamento de dados pessoais, bem como forma e finalidade da sua utiliza\u00e7\u00e3o a) Durante uma visita do site Ao visitar este site, o navegador utilizado no seu equipamento final envia automaticamente informa\u00e7\u00f5es para o servidor do nosso site. Estas informa\u00e7\u00f5es s\u00e3o armazenadas num designado \u201clogfile\u201d. Neste caso, as seguintes informa\u00e7\u00f5es s\u00e3o recolhidas [&hellip;]<\/p>\n","protected":false},"author":1,"featured_media":0,"parent":0,"menu_order":0,"comment_status":"closed","ping_status":"closed","template":"","meta":{"footnotes":""},"class_list":["post-535","page","type-page","status-publish","hentry"],"_links":{"self":[{"href":"https:\/\/www.sudariumchristi.com\/pt-pt\/wp-json\/wp\/v2\/pages\/535","targetHints":{"allow":["GET"]}}],"collection":[{"href":"https:\/\/www.sudariumchristi.com\/pt-pt\/wp-json\/wp\/v2\/pages"}],"about":[{"href":"https:\/\/www.sudariumchristi.com\/pt-pt\/wp-json\/wp\/v2\/types\/page"}],"author":[{"embeddable":true,"href":"https:\/\/www.sudariumchristi.com\/pt-pt\/wp-json\/wp\/v2\/users\/1"}],"replies":[{"embeddable":true,"href":"https:\/\/www.sudariumchristi.com\/pt-pt\/wp-json\/wp\/v2\/comments?post=535"}],"version-history":[{"count":1,"href":"https:\/\/www.sudariumchristi.com\/pt-pt\/wp-json\/wp\/v2\/pages\/535\/revisions"}],"predecessor-version":[{"id":536,"href":"https:\/\/www.sudariumchristi.com\/pt-pt\/wp-json\/wp\/v2\/pages\/535\/revisions\/536"}],"wp:attachment":[{"href":"https:\/\/www.sudariumchristi.com\/pt-pt\/wp-json\/wp\/v2\/media?parent=535"}],"curies":[{"name":"wp","href":"https:\/\/api.w.org\/{rel}","templated":true}]}}