{"id":290,"date":"2025-11-05T16:42:32","date_gmt":"2025-11-05T15:42:32","guid":{"rendered":"http:\/\/sudariumchristi.stage.bergwerk-it.de\/fata-in-fata-cu-mantuitorul\/"},"modified":"2026-03-23T09:52:47","modified_gmt":"2026-03-23T08:52:47","slug":"fata-in-fata-cu-mantuitorul","status":"publish","type":"page","link":"https:\/\/www.sudariumchristi.com\/ro\/fata-in-fata-cu-mantuitorul-2\/fata-in-fata-cu-mantuitorul\/","title":{"rendered":"\u0162es\u0103tura din m\u0103tase de scoici"},"content":{"rendered":"\t\t<div data-elementor-type=\"wp-page\" data-elementor-id=\"290\" class=\"elementor elementor-290 elementor-23\" data-elementor-post-type=\"page\">\n\t\t\t\t<div class=\"elementor-element elementor-element-946e17c e-flex e-con-boxed e-con e-parent\" data-id=\"946e17c\" data-element_type=\"container\" data-e-type=\"container\">\n\t\t\t\t\t<div class=\"e-con-inner\">\n\t\t\t\t<div class=\"elementor-element elementor-element-a112764 elementor-blockquote--skin-quotation elementor-blockquote--align-left elementor-widget elementor-widget-blockquote\" data-id=\"a112764\" data-element_type=\"widget\" data-e-type=\"widget\" data-widget_type=\"blockquote.default\">\n\t\t\t\t\t\t\t<blockquote class=\"elementor-blockquote\">\n\t\t\t<p class=\"elementor-blockquote__content\">\n\t\t\t\t\u201ePrecum Domnul ni s-a ar\u0103tat\npe cea mai de pre\u0163 dintre \u0163es\u0103turi.\u201c\t\t\t<\/p>\n\t\t\t\t\t\t\t<div class=\"e-q-footer\">\n\t\t\t\t\t\t\t\t\t\t\t<cite class=\"elementor-blockquote__author\">\u2013 Johann-Wolfgang von Goethe (1749-1832)<\/cite>\n\t\t\t\t\t\t\t\t\t\t\t\t\t\t<\/div>\n\t\t\t\t\t<\/blockquote>\n\t\t\t\t\t\t<\/div>\n\t\t\t\t<div class=\"elementor-element elementor-element-f2abf6c elementor-widget elementor-widget-text-editor\" data-id=\"f2abf6c\" data-element_type=\"widget\" data-e-type=\"widget\" data-widget_type=\"text-editor.default\">\n\t\t\t\t\t\t\t\t\t<p>La 1. septembrie 2004, Chiara Vigo din Sardinia, ultima \u0163es\u0103toare a materialului Byssus, confirm\u0103 faptul c\u0103 marama este \u00eentr-adevar confec\u0163ionat\u0103 din acest material legendar. De asemenea, r\u0103m\u00e2ne foarte impresionat\u0103 de modul deosebit \u00een care a fost \u0163esut v\u0103lul. Acest fir textil se mai nume\u015fte \u015fi m\u0103tase de scoici, deoarece este confec\u0163ionat din fire de ancor\u0103 de midie (Pinna nobilis), \u00ee\u015fi poate schimba culoarea cu ajutorul anumitor substan\u0163e, dar nu se poate picta. Este un material indizolvabil, neinflamabil dar rezistent in contact cu diferite substan\u0163e chimice. Fibra acestui material poate capta lumina, a\u015fa cum \u015fi un calculator salveaz\u0103 informa\u0163ii.     <\/p>\t\t\t\t\t\t\t\t<\/div>\n\t\t\t\t<div class=\"elementor-element elementor-element-40ca82e gallery-spacing-custom elementor-widget elementor-widget-image-gallery\" data-id=\"40ca82e\" data-element_type=\"widget\" data-e-type=\"widget\" data-widget_type=\"image-gallery.default\">\n\t\t\t\t\t\t\t<div class=\"elementor-image-gallery\">\n\t\t\t<div id='gallery-1' class='gallery galleryid-290 gallery-columns-5 gallery-size-large'><figure class='gallery-item'>\n\t\t\t<div class='gallery-icon landscape'>\n\t\t\t\t<a data-elementor-open-lightbox=\"yes\" data-elementor-lightbox-slideshow=\"40ca82e\" data-elementor-lightbox-title=\"shell_1\" data-e-action-hash=\"#elementor-action%3Aaction%3Dlightbox%26settings%3DeyJpZCI6MTkyNSwidXJsIjoiaHR0cHM6XC9cL3d3dy5zdWRhcml1bWNocmlzdGkuY29tXC93cC1jb250ZW50XC91cGxvYWRzXC8yMDI1XC8xMlwvc2hlbGxfMS5qcGciLCJzbGlkZXNob3ciOiI0MGNhODJlIn0%3D\" href='https:\/\/www.sudariumchristi.com\/wp-content\/uploads\/2025\/12\/shell_1.jpg'><img decoding=\"async\" width=\"190\" height=\"127\" src=\"https:\/\/www.sudariumchristi.com\/wp-content\/uploads\/2025\/12\/shell_1.jpg\" class=\"attachment-large size-large\" alt=\"\" \/><\/a>\n\t\t\t<\/div><\/figure><figure class='gallery-item'>\n\t\t\t<div class='gallery-icon landscape'>\n\t\t\t\t<a data-elementor-open-lightbox=\"yes\" data-elementor-lightbox-slideshow=\"40ca82e\" data-elementor-lightbox-title=\"shell_2\" data-e-action-hash=\"#elementor-action%3Aaction%3Dlightbox%26settings%3DeyJpZCI6MTkyNiwidXJsIjoiaHR0cHM6XC9cL3d3dy5zdWRhcml1bWNocmlzdGkuY29tXC93cC1jb250ZW50XC91cGxvYWRzXC8yMDI1XC8xMlwvc2hlbGxfMi5qcGciLCJzbGlkZXNob3ciOiI0MGNhODJlIn0%3D\" href='https:\/\/www.sudariumchristi.com\/wp-content\/uploads\/2025\/12\/shell_2.jpg'><img decoding=\"async\" width=\"190\" height=\"127\" src=\"https:\/\/www.sudariumchristi.com\/wp-content\/uploads\/2025\/12\/shell_2.jpg\" class=\"attachment-large size-large\" alt=\"\" \/><\/a>\n\t\t\t<\/div><\/figure><figure class='gallery-item'>\n\t\t\t<div class='gallery-icon landscape'>\n\t\t\t\t<a data-elementor-open-lightbox=\"yes\" data-elementor-lightbox-slideshow=\"40ca82e\" data-elementor-lightbox-title=\"shell_5\" data-e-action-hash=\"#elementor-action%3Aaction%3Dlightbox%26settings%3DeyJpZCI6MTkyNywidXJsIjoiaHR0cHM6XC9cL3d3dy5zdWRhcml1bWNocmlzdGkuY29tXC93cC1jb250ZW50XC91cGxvYWRzXC8yMDI1XC8xMlwvc2hlbGxfNS5qcGciLCJzbGlkZXNob3ciOiI0MGNhODJlIn0%3D\" href='https:\/\/www.sudariumchristi.com\/wp-content\/uploads\/2025\/12\/shell_5.jpg'><img decoding=\"async\" width=\"190\" height=\"127\" src=\"https:\/\/www.sudariumchristi.com\/wp-content\/uploads\/2025\/12\/shell_5.jpg\" class=\"attachment-large size-large\" alt=\"\" \/><\/a>\n\t\t\t<\/div><\/figure><figure class='gallery-item'>\n\t\t\t<div class='gallery-icon landscape'>\n\t\t\t\t<a data-elementor-open-lightbox=\"yes\" data-elementor-lightbox-slideshow=\"40ca82e\" data-elementor-lightbox-title=\"shell_4\" data-e-action-hash=\"#elementor-action%3Aaction%3Dlightbox%26settings%3DeyJpZCI6MTkyOCwidXJsIjoiaHR0cHM6XC9cL3d3dy5zdWRhcml1bWNocmlzdGkuY29tXC93cC1jb250ZW50XC91cGxvYWRzXC8yMDI1XC8xMlwvc2hlbGxfNC5qcGciLCJzbGlkZXNob3ciOiI0MGNhODJlIn0%3D\" href='https:\/\/www.sudariumchristi.com\/wp-content\/uploads\/2025\/12\/shell_4.jpg'><img loading=\"lazy\" decoding=\"async\" width=\"190\" height=\"127\" src=\"https:\/\/www.sudariumchristi.com\/wp-content\/uploads\/2025\/12\/shell_4.jpg\" class=\"attachment-large size-large\" alt=\"\" \/><\/a>\n\t\t\t<\/div><\/figure><figure class='gallery-item'>\n\t\t\t<div class='gallery-icon landscape'>\n\t\t\t\t<a data-elementor-open-lightbox=\"yes\" data-elementor-lightbox-slideshow=\"40ca82e\" data-elementor-lightbox-title=\"shell_3\" data-e-action-hash=\"#elementor-action%3Aaction%3Dlightbox%26settings%3DeyJpZCI6MTkyOSwidXJsIjoiaHR0cHM6XC9cL3d3dy5zdWRhcml1bWNocmlzdGkuY29tXC93cC1jb250ZW50XC91cGxvYWRzXC8yMDI1XC8xMlwvc2hlbGxfMy5qcGciLCJzbGlkZXNob3ciOiI0MGNhODJlIn0%3D\" href='https:\/\/www.sudariumchristi.com\/wp-content\/uploads\/2025\/12\/shell_3.jpg'><img loading=\"lazy\" decoding=\"async\" width=\"190\" height=\"127\" src=\"https:\/\/www.sudariumchristi.com\/wp-content\/uploads\/2025\/12\/shell_3.jpg\" class=\"attachment-large size-large\" alt=\"\" \/><\/a>\n\t\t\t<\/div><\/figure>\n\t\t<\/div>\n\t\t<\/div>\n\t\t\t\t\t\t<\/div>\n\t\t\t\t\t<\/div>\n\t\t\t\t<\/div>\n\t\t\t\t<\/div>\n\t\t","protected":false},"excerpt":{"rendered":"<p>\u201ePrecum Domnul ni s-a ar\u0103tat pe cea mai de pre\u0163 dintre \u0163es\u0103turi.\u201c \u2013 Johann-Wolfgang von Goethe (1749-1832) La 1. septembrie 2004, Chiara Vigo din Sardinia, ultima \u0163es\u0103toare a materialului Byssus, confirm\u0103 faptul c\u0103 marama este \u00eentr-adevar confec\u0163ionat\u0103 din acest material legendar. De asemenea, r\u0103m\u00e2ne foarte impresionat\u0103 de modul deosebit \u00een care a fost \u0163esut v\u0103lul. [&hellip;]<\/p>\n","protected":false},"author":1,"featured_media":0,"parent":4145,"menu_order":0,"comment_status":"closed","ping_status":"closed","template":"","meta":{"footnotes":""},"class_list":["post-290","page","type-page","status-publish","hentry"],"_links":{"self":[{"href":"https:\/\/www.sudariumchristi.com\/ro\/wp-json\/wp\/v2\/pages\/290","targetHints":{"allow":["GET"]}}],"collection":[{"href":"https:\/\/www.sudariumchristi.com\/ro\/wp-json\/wp\/v2\/pages"}],"about":[{"href":"https:\/\/www.sudariumchristi.com\/ro\/wp-json\/wp\/v2\/types\/page"}],"author":[{"embeddable":true,"href":"https:\/\/www.sudariumchristi.com\/ro\/wp-json\/wp\/v2\/users\/1"}],"replies":[{"embeddable":true,"href":"https:\/\/www.sudariumchristi.com\/ro\/wp-json\/wp\/v2\/comments?post=290"}],"version-history":[{"count":8,"href":"https:\/\/www.sudariumchristi.com\/ro\/wp-json\/wp\/v2\/pages\/290\/revisions"}],"predecessor-version":[{"id":4120,"href":"https:\/\/www.sudariumchristi.com\/ro\/wp-json\/wp\/v2\/pages\/290\/revisions\/4120"}],"up":[{"embeddable":true,"href":"https:\/\/www.sudariumchristi.com\/ro\/wp-json\/wp\/v2\/pages\/4145"}],"wp:attachment":[{"href":"https:\/\/www.sudariumchristi.com\/ro\/wp-json\/wp\/v2\/media?parent=290"}],"curies":[{"name":"wp","href":"https:\/\/api.w.org\/{rel}","templated":true}]}}