{"id":309,"date":"2025-11-05T16:44:34","date_gmt":"2025-11-05T15:44:34","guid":{"rendered":"http:\/\/sudariumchristi.stage.bergwerk-it.de\/mormantul-este-gol\/byssus-si-panza-fina-2\/"},"modified":"2025-12-19T14:21:52","modified_gmt":"2025-12-19T13:21:52","slug":"byssus-si-panza-fina-2","status":"publish","type":"page","link":"https:\/\/www.sudariumchristi.com\/ro\/mormantul-este-gol\/byssus-si-panza-fina-2\/","title":{"rendered":"Nez\u0103mislit de m\u00e2n\u0103 omeneasc\u0103 \u2013 o compara\u0163ie"},"content":{"rendered":"\t\t<div data-elementor-type=\"wp-page\" data-elementor-id=\"309\" class=\"elementor elementor-309 elementor-29\" data-elementor-post-type=\"page\">\n\t\t\t\t<div class=\"elementor-element elementor-element-b49a01f e-flex e-con-boxed e-con e-parent\" data-id=\"b49a01f\" data-element_type=\"container\" data-e-type=\"container\">\n\t\t\t\t\t<div class=\"e-con-inner\">\n\t\t\t\t<div class=\"elementor-element elementor-element-605c662 elementor-widget-divider--view-line elementor-widget elementor-widget-divider\" data-id=\"605c662\" data-element_type=\"widget\" data-e-type=\"widget\" data-widget_type=\"divider.default\">\n\t\t\t\t\t\t\t<div class=\"elementor-divider\">\n\t\t\t<span class=\"elementor-divider-separator\">\n\t\t\t\t\t\t<\/span>\n\t\t<\/div>\n\t\t\t\t\t\t<\/div>\n\t\t\t\t<div class=\"elementor-element elementor-element-cc6e72f elementor-widget elementor-widget-text-editor\" data-id=\"cc6e72f\" data-element_type=\"widget\" data-e-type=\"widget\" data-widget_type=\"text-editor.default\">\n\t\t\t\t\t\t\t\t\t<p class=\"txt1\">\u00cen anul 1898 se dovede\u015fte c\u0103 <b>prima fotografie realizat\u0103 a Giulgiului de la Torino<\/b> poate fi u\u015for comparat\u0103 cu o fotografie negativ. Spre deosebire de aceasta, marama de la Manoppello este comparabil\u0103 cu un diapozitiv. Trebuie \u00eens\u0103 s\u0103 re\u0163inem c\u0103 niciuna dintre acestea nu reprezint\u0103 o fotografie. Pe giulgiul de la Torino, ne este \u00eenf\u0103\u0163i\u015fat un b\u0103rbat decedat, pe marama de la Manoppello un b\u0103rbat viu, martirizat.   <\/p><p class=\"txt1\">Pictor iconograf german, cu studii \u00een farmaceutic\u0103, sora Blandina, maic\u0103 a ordinului trapist, distinge pe cele dou\u0103 \u0163es\u0103turi asem\u0103n\u0103ri la nivelul fe\u0163ei. Prin intermediul unor puncte orientative, ea dezvolt\u0103 o tehnic\u0103 de juxtapunere, numit\u0103 Sopraposition, cu ajutorul c\u0103reia descoper\u0103 faptul c\u0103 pe ambele materiale se afl\u0103 chipul acelea\u015fi persoane.  <b>Mai t\u00e2rziu, folose\u015fte aceea\u015fi tehnic\u0103 pentru a analiza \u0163es\u0103tura de la Oviedo \u015fi ajunge la acelea\u015fi rezultate.<\/b><\/p>\t\t\t\t\t\t\t\t<\/div>\n\t\t\t\t<div class=\"elementor-element elementor-element-00b28ae elementor-widget-divider--view-line elementor-widget elementor-widget-divider\" data-id=\"00b28ae\" data-element_type=\"widget\" data-e-type=\"widget\" data-widget_type=\"divider.default\">\n\t\t\t\t\t\t\t<div class=\"elementor-divider\">\n\t\t\t<span class=\"elementor-divider-separator\">\n\t\t\t\t\t\t<\/span>\n\t\t<\/div>\n\t\t\t\t\t\t<\/div>\n\t\t\t\t<div class=\"elementor-element elementor-element-28a4d03 elementor-widget elementor-widget-heading\" data-id=\"28a4d03\" data-element_type=\"widget\" data-e-type=\"widget\" data-widget_type=\"heading.default\">\n\t\t\t\t\t<span class=\"elementor-heading-title elementor-size-default\">Compara\u0163ie \u00eentre Giulgiul de la Torino \u015fi marama lui Hristos (Manoppello)<\/span>\t\t\t\t<\/div>\n\t\t<div class=\"elementor-element elementor-element-e70a8c9 e-con-full e-flex e-con e-child\" data-id=\"e70a8c9\" data-element_type=\"container\" data-e-type=\"container\">\n\t\t\t\t<div class=\"elementor-element elementor-element-f0709e6 elementor-widget elementor-widget-image\" data-id=\"f0709e6\" data-element_type=\"widget\" data-e-type=\"widget\" data-widget_type=\"image.default\">\n\t\t\t\t\t\t\t\t\t\t\t\t<figure class=\"wp-caption\">\n\t\t\t\t\t\t\t\t\t\t<img fetchpriority=\"high\" decoding=\"async\" width=\"221\" height=\"300\" src=\"https:\/\/www.sudariumchristi.com\/wp-content\/uploads\/2025\/12\/turin.jpg\" class=\"attachment-large size-large wp-image-3795\" alt=\"\" \/>\t\t\t\t\t\t\t\t\t\t\t<figcaption class=\"widget-image-caption wp-caption-text\">Giulgiul de la Torino<\/figcaption>\n\t\t\t\t\t\t\t\t\t\t<\/figure>\n\t\t\t\t\t\t\t\t\t<\/div>\n\t\t\t\t<div class=\"elementor-element elementor-element-94e1853 elementor-widget elementor-widget-image\" data-id=\"94e1853\" data-element_type=\"widget\" data-e-type=\"widget\" data-widget_type=\"image.default\">\n\t\t\t\t\t\t\t\t\t\t\t\t<figure class=\"wp-caption\">\n\t\t\t\t\t\t\t\t\t\t<img decoding=\"async\" width=\"221\" height=\"300\" src=\"https:\/\/www.sudariumchristi.com\/wp-content\/uploads\/2025\/12\/sudarium_1.jpg\" class=\"attachment-large size-large wp-image-3796\" alt=\"\" \/>\t\t\t\t\t\t\t\t\t\t\t<figcaption class=\"widget-image-caption wp-caption-text\">Marama lui Hristos<\/figcaption>\n\t\t\t\t\t\t\t\t\t\t<\/figure>\n\t\t\t\t\t\t\t\t\t<\/div>\n\t\t\t\t<div class=\"elementor-element elementor-element-b7e4ca4 elementor-widget elementor-widget-image\" data-id=\"b7e4ca4\" data-element_type=\"widget\" data-e-type=\"widget\" data-widget_type=\"image.default\">\n\t\t\t\t\t\t\t\t\t\t\t\t<figure class=\"wp-caption\">\n\t\t\t\t\t\t\t\t\t\t<img decoding=\"async\" width=\"200\" height=\"300\" src=\"https:\/\/www.sudariumchristi.com\/wp-content\/uploads\/2025\/12\/turinvoltosanto.jpg\" class=\"attachment-large size-large wp-image-3797\" alt=\"\" \/>\t\t\t\t\t\t\t\t\t\t\t<figcaption class=\"widget-image-caption wp-caption-text\">Juxtapunere<\/figcaption>\n\t\t\t\t\t\t\t\t\t\t<\/figure>\n\t\t\t\t\t\t\t\t\t<\/div>\n\t\t\t\t<\/div>\n\t\t\t\t<div class=\"elementor-element elementor-element-4d694b7 elementor-widget elementor-widget-heading\" data-id=\"4d694b7\" data-element_type=\"widget\" data-e-type=\"widget\" data-widget_type=\"heading.default\">\n\t\t\t\t\t<span class=\"elementor-heading-title elementor-size-default\">Zone cu congruen\u0163\u0103 deosebit\u0103<\/span>\t\t\t\t<\/div>\n\t\t<div class=\"elementor-element elementor-element-a9a4bd0 e-con-full e-flex e-con e-child\" data-id=\"a9a4bd0\" data-element_type=\"container\" data-e-type=\"container\">\n\t\t\t\t<div class=\"elementor-element elementor-element-4552951 elementor-widget__width-initial elementor-icon-list--layout-traditional elementor-list-item-link-full_width elementor-widget elementor-widget-icon-list\" data-id=\"4552951\" data-element_type=\"widget\" data-e-type=\"widget\" data-widget_type=\"icon-list.default\">\n\t\t\t\t\t\t\t<ul class=\"elementor-icon-list-items\">\n\t\t\t\t\t\t\t<li class=\"elementor-icon-list-item\">\n\t\t\t\t\t\t\t\t\t\t<span class=\"elementor-icon-list-text\"><span class=\"number\">1<\/span> pupila st\u00e2ng\u0103<\/span>\n\t\t\t\t\t\t\t\t\t<\/li>\n\t\t\t\t\t\t\t\t<li class=\"elementor-icon-list-item\">\n\t\t\t\t\t\t\t\t\t\t<span class=\"elementor-icon-list-text\"><span class=\"number\">2<\/span> partea de jos a pleoapei st\u00e2ngi<\/span>\n\t\t\t\t\t\t\t\t\t<\/li>\n\t\t\t\t\t\t\t\t<li class=\"elementor-icon-list-item\">\n\t\t\t\t\t\t\t\t\t\t<span class=\"elementor-icon-list-text\"><span class=\"number\">3<\/span> pupila dreapt\u0103<\/span>\n\t\t\t\t\t\t\t\t\t<\/li>\n\t\t\t\t\t\t\t\t<li class=\"elementor-icon-list-item\">\n\t\t\t\t\t\t\t\t\t\t<span class=\"elementor-icon-list-text\"><span class=\"number\">4<\/span> hematom \u00een zona fracturii nazale<\/span>\n\t\t\t\t\t\t\t\t\t<\/li>\n\t\t\t\t\t\t\t\t<li class=\"elementor-icon-list-item\">\n\t\t\t\t\t\t\t\t\t\t<span class=\"elementor-icon-list-text\"><span class=\"number\">5<\/span> urme de \u00een\u0163ep\u0103turi de spini pe obrazul st\u00e2ng \u015fi pe spr\u00e2nceana st\u00e2ng\u0103, respectiv \u00een unghiul orbital drept<\/span>\n\t\t\t\t\t\t\t\t\t<\/li>\n\t\t\t\t\t\t<\/ul>\n\t\t\t\t\t\t<\/div>\n\t\t\t\t<div class=\"elementor-element elementor-element-4b1d88c elementor-widget__width-initial elementor-icon-list--layout-traditional elementor-list-item-link-full_width elementor-widget elementor-widget-icon-list\" data-id=\"4b1d88c\" data-element_type=\"widget\" data-e-type=\"widget\" data-widget_type=\"icon-list.default\">\n\t\t\t\t\t\t\t<ul class=\"elementor-icon-list-items\">\n\t\t\t\t\t\t\t<li class=\"elementor-icon-list-item\">\n\t\t\t\t\t\t\t\t\t\t<span class=\"elementor-icon-list-text\"><span class=\"number\">6<\/span> nara dreapt\u0103<\/span>\n\t\t\t\t\t\t\t\t\t<\/li>\n\t\t\t\t\t\t\t\t<li class=\"elementor-icon-list-item\">\n\t\t\t\t\t\t\t\t\t\t<span class=\"elementor-icon-list-text\"><span class=\"number\">7<\/span> ran\u0103 la nara st\u00e2ng\u0103<\/span>\n\t\t\t\t\t\t\t\t\t<\/li>\n\t\t\t\t\t\t\t\t<li class=\"elementor-icon-list-item\">\n\t\t\t\t\t\t\t\t\t\t<span class=\"elementor-icon-list-text\"><span class=\"number\">8<\/span> linii transversale \u015fi arcuite la unghiul st\u00e2ng al gurii<\/span>\n\t\t\t\t\t\t\t\t\t<\/li>\n\t\t\t\t\t\t\t\t<li class=\"elementor-icon-list-item\">\n\t\t\t\t\t\t\t\t\t\t<span class=\"elementor-icon-list-text\"><span class=\"number\">9<\/span> r\u00e2nd de din\u0163i, ultimul dinte vizibil<\/span>\n\t\t\t\t\t\t\t\t\t<\/li>\n\t\t\t\t\t\t\t\t<li class=\"elementor-icon-list-item\">\n\t\t\t\t\t\t\t\t\t\t<span class=\"elementor-icon-list-text\"><span class=\"number\">10<\/span> ran\u0103 la buza inferioar\u0103<\/span>\n\t\t\t\t\t\t\t\t\t<\/li>\n\t\t\t\t\t\t<\/ul>\n\t\t\t\t\t\t<\/div>\n\t\t\t\t<\/div>\n\t\t\t\t<div class=\"elementor-element elementor-element-2d5d117 elementor-widget-divider--view-line elementor-widget elementor-widget-divider\" data-id=\"2d5d117\" data-element_type=\"widget\" data-e-type=\"widget\" data-widget_type=\"divider.default\">\n\t\t\t\t\t\t\t<div class=\"elementor-divider\">\n\t\t\t<span class=\"elementor-divider-separator\">\n\t\t\t\t\t\t<\/span>\n\t\t<\/div>\n\t\t\t\t\t\t<\/div>\n\t\t\t\t<div class=\"elementor-element elementor-element-10e5007 elementor-widget elementor-widget-heading\" data-id=\"10e5007\" data-element_type=\"widget\" data-e-type=\"widget\" data-widget_type=\"heading.default\">\n\t\t\t\t\t<span class=\"elementor-heading-title elementor-size-default\">Compara\u0163ie \u00eentre Sudarium de la Oviedo \u015fi marama lui Hristos (Manoppello)<\/span>\t\t\t\t<\/div>\n\t\t<div class=\"elementor-element elementor-element-dae0f33 e-con-full e-flex e-con e-child\" data-id=\"dae0f33\" data-element_type=\"container\" data-e-type=\"container\">\n\t\t\t\t<div class=\"elementor-element elementor-element-30625b3 elementor-widget elementor-widget-image\" data-id=\"30625b3\" data-element_type=\"widget\" data-e-type=\"widget\" data-widget_type=\"image.default\">\n\t\t\t\t\t\t\t\t\t\t\t\t<figure class=\"wp-caption\">\n\t\t\t\t\t\t\t\t\t\t<img loading=\"lazy\" decoding=\"async\" width=\"221\" height=\"300\" src=\"https:\/\/www.sudariumchristi.com\/wp-content\/uploads\/2025\/12\/oviedo.jpg\" class=\"attachment-large size-large wp-image-3798\" alt=\"\" \/>\t\t\t\t\t\t\t\t\t\t\t<figcaption class=\"widget-image-caption wp-caption-text\">Sudarium de la Oviedo<\/figcaption>\n\t\t\t\t\t\t\t\t\t\t<\/figure>\n\t\t\t\t\t\t\t\t\t<\/div>\n\t\t\t\t<div class=\"elementor-element elementor-element-da8a64f elementor-widget elementor-widget-image\" data-id=\"da8a64f\" data-element_type=\"widget\" data-e-type=\"widget\" data-widget_type=\"image.default\">\n\t\t\t\t\t\t\t\t\t\t\t\t<figure class=\"wp-caption\">\n\t\t\t\t\t\t\t\t\t\t<img loading=\"lazy\" decoding=\"async\" width=\"221\" height=\"300\" src=\"https:\/\/www.sudariumchristi.com\/wp-content\/uploads\/2025\/12\/sudarium_2.jpg\" class=\"attachment-large size-large wp-image-3799\" alt=\"\" \/>\t\t\t\t\t\t\t\t\t\t\t<figcaption class=\"widget-image-caption wp-caption-text\">Marama lui Hristos<\/figcaption>\n\t\t\t\t\t\t\t\t\t\t<\/figure>\n\t\t\t\t\t\t\t\t\t<\/div>\n\t\t\t\t<div class=\"elementor-element elementor-element-2199fee elementor-widget elementor-widget-image\" data-id=\"2199fee\" data-element_type=\"widget\" data-e-type=\"widget\" data-widget_type=\"image.default\">\n\t\t\t\t\t\t\t\t\t\t\t\t<figure class=\"wp-caption\">\n\t\t\t\t\t\t\t\t\t\t<img loading=\"lazy\" decoding=\"async\" width=\"200\" height=\"300\" src=\"https:\/\/www.sudariumchristi.com\/wp-content\/uploads\/2025\/12\/oviedovoltosanto.jpg\" class=\"attachment-large size-large wp-image-3800\" alt=\"\" \/>\t\t\t\t\t\t\t\t\t\t\t<figcaption class=\"widget-image-caption wp-caption-text\">Juxtapunere<\/figcaption>\n\t\t\t\t\t\t\t\t\t\t<\/figure>\n\t\t\t\t\t\t\t\t\t<\/div>\n\t\t\t\t<\/div>\n\t\t\t\t<div class=\"elementor-element elementor-element-4fa06e3 elementor-widget elementor-widget-heading\" data-id=\"4fa06e3\" data-element_type=\"widget\" data-e-type=\"widget\" data-widget_type=\"heading.default\">\n\t\t\t\t\t<span class=\"elementor-heading-title elementor-size-default\">Zone cu congruen\u0163\u0103 deosebit\u0103<\/span>\t\t\t\t<\/div>\n\t\t<div class=\"elementor-element elementor-element-1e7c452 e-con-full e-flex e-con e-child\" data-id=\"1e7c452\" data-element_type=\"container\" data-e-type=\"container\">\n\t\t\t\t<div class=\"elementor-element elementor-element-8291c59 elementor-widget__width-initial elementor-icon-list--layout-traditional elementor-list-item-link-full_width elementor-widget elementor-widget-icon-list\" data-id=\"8291c59\" data-element_type=\"widget\" data-e-type=\"widget\" data-widget_type=\"icon-list.default\">\n\t\t\t\t\t\t\t<ul class=\"elementor-icon-list-items\">\n\t\t\t\t\t\t\t<li class=\"elementor-icon-list-item\">\n\t\t\t\t\t\t\t\t\t\t<span class=\"elementor-icon-list-text\"><span class=\"number\">1<\/span> t\u0103ietur\u0103 \u00eentre din\u0163ii vizibili pe maram\u0103<\/span>\n\t\t\t\t\t\t\t\t\t<\/li>\n\t\t\t\t\t\t\t\t<li class=\"elementor-icon-list-item\">\n\t\t\t\t\t\t\t\t\t\t<span class=\"elementor-icon-list-text\"><span class=\"number\">2<\/span> t\u0103ietur\u0103 de spini la cap\u0103tul spr\u00e2ncenei st\u00e2ngi<\/span>\n\t\t\t\t\t\t\t\t\t<\/li>\n\t\t\t\t\t\t\t\t<li class=\"elementor-icon-list-item\">\n\t\t\t\t\t\t\t\t\t\t<span class=\"elementor-icon-list-text\"><span class=\"number\">3<\/span> pat\u0103 de ran\u0103 la spr\u00e2nceana dreapt\u0103<\/span>\n\t\t\t\t\t\t\t\t\t<\/li>\n\t\t\t\t\t\t\t\t<li class=\"elementor-icon-list-item\">\n\t\t\t\t\t\t\t\t\t\t<span class=\"elementor-icon-list-text\"><span class=\"number\">4<\/span> linie oblic\u0103 congruent\u0103 cu o linie de culoare ro\u015fu deschis pe V\u0103lul Sf\u00e2nt<\/span>\n\t\t\t\t\t\t\t\t\t<\/li>\n\t\t\t\t\t\t\t\t<li class=\"elementor-icon-list-item\">\n\t\t\t\t\t\t\t\t\t\t<span class=\"elementor-icon-list-text\"><span class=\"number\">5<\/span> ran\u0103 nazal\u0103, cauzat\u0103 de o lovitur\u0103 cu b\u00e2ta. Apar linii paralele de culoare \u00eenchis\u0103 \u015fi o linie de culoare deschis\u0103 \u00een form\u0103 de triunghi cu v\u00e2rful \u00een jos <\/span>\n\t\t\t\t\t\t\t\t\t<\/li>\n\t\t\t\t\t\t<\/ul>\n\t\t\t\t\t\t<\/div>\n\t\t\t\t<div class=\"elementor-element elementor-element-b34fde3 elementor-widget__width-initial elementor-icon-list--layout-traditional elementor-list-item-link-full_width elementor-widget elementor-widget-icon-list\" data-id=\"b34fde3\" data-element_type=\"widget\" data-e-type=\"widget\" data-widget_type=\"icon-list.default\">\n\t\t\t\t\t\t\t<ul class=\"elementor-icon-list-items\">\n\t\t\t\t\t\t\t<li class=\"elementor-icon-list-item\">\n\t\t\t\t\t\t\t\t\t\t<span class=\"elementor-icon-list-text\"><span class=\"number\">6<\/span> linie orizontal\u0103, u\u015for \u00eentrerupt\u0103, ce delimiteaz\u0103 ruptura din partea de mijloc a nasului<\/span>\n\t\t\t\t\t\t\t\t\t<\/li>\n\t\t\t\t\t\t\t\t<li class=\"elementor-icon-list-item\">\n\t\t\t\t\t\t\t\t\t\t<span class=\"elementor-icon-list-text\"><span class=\"number\">7<\/span> julitur\u0103 \u00een v\u00e2rful nasului<\/span>\n\t\t\t\t\t\t\t\t\t<\/li>\n\t\t\t\t\t\t\t\t<li class=\"elementor-icon-list-item\">\n\t\t\t\t\t\t\t\t\t\t<span class=\"elementor-icon-list-text\"><span class=\"number\">8<\/span> ran\u0103 la buza superioar\u0103. Pe o linie dreapt\u0103 se pot vedea puncte de culoare \u00eenchis\u0103. Aceast\u0103 linie trece de linia buzelor \u015fi se prelunge\u015fte \u00een partea de sus, l\u0103s\u00e2nd s\u0103 se vad\u0103 o ro\u015fea\u0163\u0103, posibil cauzat\u0103 de aceste \u00een\u0163ep\u0103turi. De asemenea putem observa o ran\u0103 la buza superioar\u0103.  <\/span>\n\t\t\t\t\t\t\t\t\t<\/li>\n\t\t\t\t\t\t\t\t<li class=\"elementor-icon-list-item\">\n\t\t\t\t\t\t\t\t\t\t<span class=\"elementor-icon-list-text\"><span class=\"number\">9<\/span> urme de lichid la pupil\u0103. Ochiul pare r\u0103nit de \u00een\u0163ep\u0103turi de spini. <\/span>\n\t\t\t\t\t\t\t\t\t<\/li>\n\t\t\t\t\t\t\t\t<li class=\"elementor-icon-list-item\">\n\t\t\t\t\t\t\t\t\t\t<span class=\"elementor-icon-list-text\"><span class=\"number\">10<\/span> ran\u0103 de spini pe obrazul drept \u00een form\u0103 de trapez cu v\u00e2rful \u00een jos<\/span>\n\t\t\t\t\t\t\t\t\t<\/li>\n\t\t\t\t\t\t<\/ul>\n\t\t\t\t\t\t<\/div>\n\t\t\t\t<\/div>\n\t\t\t\t\t<\/div>\n\t\t\t\t<\/div>\n\t\t\t\t<\/div>\n\t\t","protected":false},"excerpt":{"rendered":"<p>\u00cen anul 1898 se dovede\u015fte c\u0103 prima fotografie realizat\u0103 a Giulgiului de la Torino poate fi u\u015for comparat\u0103 cu o fotografie negativ. Spre deosebire de aceasta, marama de la Manoppello este comparabil\u0103 cu un diapozitiv. Trebuie \u00eens\u0103 s\u0103 re\u0163inem c\u0103 niciuna dintre acestea nu reprezint\u0103 o fotografie. Pe giulgiul de la Torino, ne este \u00eenf\u0103\u0163i\u015fat [&hellip;]<\/p>\n","protected":false},"author":1,"featured_media":0,"parent":270,"menu_order":0,"comment_status":"closed","ping_status":"closed","template":"","meta":{"footnotes":""},"class_list":["post-309","page","type-page","status-publish","hentry"],"_links":{"self":[{"href":"https:\/\/www.sudariumchristi.com\/ro\/wp-json\/wp\/v2\/pages\/309","targetHints":{"allow":["GET"]}}],"collection":[{"href":"https:\/\/www.sudariumchristi.com\/ro\/wp-json\/wp\/v2\/pages"}],"about":[{"href":"https:\/\/www.sudariumchristi.com\/ro\/wp-json\/wp\/v2\/types\/page"}],"author":[{"embeddable":true,"href":"https:\/\/www.sudariumchristi.com\/ro\/wp-json\/wp\/v2\/users\/1"}],"replies":[{"embeddable":true,"href":"https:\/\/www.sudariumchristi.com\/ro\/wp-json\/wp\/v2\/comments?post=309"}],"version-history":[{"count":9,"href":"https:\/\/www.sudariumchristi.com\/ro\/wp-json\/wp\/v2\/pages\/309\/revisions"}],"predecessor-version":[{"id":3869,"href":"https:\/\/www.sudariumchristi.com\/ro\/wp-json\/wp\/v2\/pages\/309\/revisions\/3869"}],"up":[{"embeddable":true,"href":"https:\/\/www.sudariumchristi.com\/ro\/wp-json\/wp\/v2\/pages\/270"}],"wp:attachment":[{"href":"https:\/\/www.sudariumchristi.com\/ro\/wp-json\/wp\/v2\/media?parent=309"}],"curies":[{"name":"wp","href":"https:\/\/api.w.org\/{rel}","templated":true}]}}