{"id":325,"date":"2025-11-05T16:45:16","date_gmt":"2025-11-05T15:45:16","guid":{"rendered":"http:\/\/sudariumchristi.stage.bergwerk-it.de\/marama-lui-iisus-si-panza-de-la-oviedo\/"},"modified":"2025-12-18T13:39:06","modified_gmt":"2025-12-18T12:39:06","slug":"marama-lui-iisus-si-panza-de-la-oviedo","status":"publish","type":"page","link":"https:\/\/www.sudariumchristi.com\/ro\/marama-lui-iisus-si-panza-de-la-oviedo\/","title":{"rendered":"Marama lui Iisus \u015fi p\u00e2nza de la Oviedo"},"content":{"rendered":"\t\t<div data-elementor-type=\"wp-page\" data-elementor-id=\"325\" class=\"elementor elementor-325 elementor-33\" data-elementor-post-type=\"page\">\n\t\t\t\t<div class=\"elementor-element elementor-element-8c597f6 e-flex e-con-boxed e-con e-parent\" data-id=\"8c597f6\" data-element_type=\"container\" data-e-type=\"container\">\n\t\t\t\t\t<div class=\"e-con-inner\">\n\t\t\t\t<div class=\"elementor-element elementor-element-ad54b9b elementor-widget elementor-widget-heading\" data-id=\"ad54b9b\" data-element_type=\"widget\" data-e-type=\"widget\" data-widget_type=\"heading.default\">\n\t\t\t\t\t<h2 class=\"elementor-heading-title elementor-size-default\">O compara\u0163ie a \u0163es\u0103turilor<\/h2>\t\t\t\t<\/div>\n\t\t\t\t<div class=\"elementor-element elementor-element-13b3790 elementor-widget-divider--view-line elementor-widget elementor-widget-divider\" data-id=\"13b3790\" data-element_type=\"widget\" data-e-type=\"widget\" data-widget_type=\"divider.default\">\n\t\t\t\t\t\t\t<div class=\"elementor-divider\">\n\t\t\t<span class=\"elementor-divider-separator\">\n\t\t\t\t\t\t<\/span>\n\t\t<\/div>\n\t\t\t\t\t\t<\/div>\n\t\t\t\t<div class=\"elementor-element elementor-element-5b76897 elementor-widget elementor-widget-image\" data-id=\"5b76897\" data-element_type=\"widget\" data-e-type=\"widget\" data-widget_type=\"image.default\">\n\t\t\t\t\t\t\t\t\t\t\t\t\t\t\t<img fetchpriority=\"high\" decoding=\"async\" width=\"700\" height=\"375\" src=\"https:\/\/www.sudariumchristi.com\/wp-content\/uploads\/2025\/12\/compare_2.jpg\" class=\"attachment-large size-large wp-image-1986\" alt=\"\" srcset=\"https:\/\/www.sudariumchristi.com\/wp-content\/uploads\/2025\/12\/compare_2.jpg 700w, https:\/\/www.sudariumchristi.com\/wp-content\/uploads\/2025\/12\/compare_2-300x161.jpg 300w\" sizes=\"(max-width: 700px) 100vw, 700px\" \/>\t\t\t\t\t\t\t\t\t\t\t\t\t\t\t<\/div>\n\t\t\t\t<div class=\"elementor-element elementor-element-bc86e29 elementor-widget elementor-widget-text-editor\" data-id=\"bc86e29\" data-element_type=\"widget\" data-e-type=\"widget\" data-widget_type=\"text-editor.default\">\n\t\t\t\t\t\t\t\t\t<p><b>Pe p\u00e2nza de la Oviedo<\/b> s-au p\u0103strat urmele de s\u00e2nge din nas, gur\u0103 \u015fi cele ale v\u00e2n\u0103t\u0103ilor Fe\u0163ei M\u00e2ntuitorului. Marama de la Manoppello \u00cel \u00eenf\u0103\u0163i\u015feaz\u0103 pe M\u00e2ntuitorul \u00eenviat, martirizat \u015fi cu ochii deschi\u015fi.  <\/p><p><a href=\"https:\/\/www.sudariumchristi.com\/ro\/mormantul-este-gol\/byssus-si-panza-fina-2\/\">Mai multe despre \u2026<\/a><\/p>\t\t\t\t\t\t\t\t<\/div>\n\t\t\t\t\t<\/div>\n\t\t\t\t<\/div>\n\t\t\t\t<\/div>\n\t\t","protected":false},"excerpt":{"rendered":"<p>O compara\u0163ie a \u0163es\u0103turilor Pe p\u00e2nza de la Oviedo s-au p\u0103strat urmele de s\u00e2nge din nas, gur\u0103 \u015fi cele ale v\u00e2n\u0103t\u0103ilor Fe\u0163ei M\u00e2ntuitorului. Marama de la Manoppello \u00cel \u00eenf\u0103\u0163i\u015feaz\u0103 pe M\u00e2ntuitorul \u00eenviat, martirizat \u015fi cu ochii deschi\u015fi. Mai multe despre \u2026<\/p>\n","protected":false},"author":1,"featured_media":0,"parent":0,"menu_order":0,"comment_status":"closed","ping_status":"closed","template":"","meta":{"footnotes":""},"class_list":["post-325","page","type-page","status-publish","hentry"],"_links":{"self":[{"href":"https:\/\/www.sudariumchristi.com\/ro\/wp-json\/wp\/v2\/pages\/325","targetHints":{"allow":["GET"]}}],"collection":[{"href":"https:\/\/www.sudariumchristi.com\/ro\/wp-json\/wp\/v2\/pages"}],"about":[{"href":"https:\/\/www.sudariumchristi.com\/ro\/wp-json\/wp\/v2\/types\/page"}],"author":[{"embeddable":true,"href":"https:\/\/www.sudariumchristi.com\/ro\/wp-json\/wp\/v2\/users\/1"}],"replies":[{"embeddable":true,"href":"https:\/\/www.sudariumchristi.com\/ro\/wp-json\/wp\/v2\/comments?post=325"}],"version-history":[{"count":6,"href":"https:\/\/www.sudariumchristi.com\/ro\/wp-json\/wp\/v2\/pages\/325\/revisions"}],"predecessor-version":[{"id":3094,"href":"https:\/\/www.sudariumchristi.com\/ro\/wp-json\/wp\/v2\/pages\/325\/revisions\/3094"}],"wp:attachment":[{"href":"https:\/\/www.sudariumchristi.com\/ro\/wp-json\/wp\/v2\/media?parent=325"}],"curies":[{"name":"wp","href":"https:\/\/api.w.org\/{rel}","templated":true}]}}