{"id":366,"date":"2025-11-05T16:46:37","date_gmt":"2025-11-05T15:46:37","guid":{"rendered":"http:\/\/sudariumchristi.stage.bergwerk-it.de\/poezie-si-adevar\/mituri-si-legende\/"},"modified":"2025-12-19T13:43:40","modified_gmt":"2025-12-19T12:43:40","slug":"mituri-si-legende","status":"publish","type":"page","link":"https:\/\/www.sudariumchristi.com\/ro\/poezie-si-adevar\/mituri-si-legende\/","title":{"rendered":"Mituri \u015fi legende"},"content":{"rendered":"\t\t<div data-elementor-type=\"wp-page\" data-elementor-id=\"366\" class=\"elementor elementor-366 elementor-43\" data-elementor-post-type=\"page\">\n\t\t\t\t<div class=\"elementor-element elementor-element-a258485 e-flex e-con-boxed e-con e-parent\" data-id=\"a258485\" data-element_type=\"container\" data-e-type=\"container\">\n\t\t\t\t\t<div class=\"e-con-inner\">\n\t\t<div class=\"elementor-element elementor-element-68ba511 e-con-full e-flex e-con e-child\" data-id=\"68ba511\" data-element_type=\"container\" data-e-type=\"container\">\n\t\t\t\t<div class=\"elementor-element elementor-element-e3d2476 elementor-widget elementor-widget-text-editor\" data-id=\"e3d2476\" data-element_type=\"widget\" data-e-type=\"widget\" data-widget_type=\"text-editor.default\">\n\t\t\t\t\t\t\t\t\t<p class=\"txt1\"><b>Numeroase drumuri de cruce<\/b> vestesc despre sim\u0163ul milostiv al Veronic\u0103i, care &#8211; conform unei legende ap\u0103rute \u00een sec. al 12-lea &#8211; \u00een Drumul Golgothei, \u00cei \u00eenm\u00e2neaz\u0103 lui Iisus un v\u0103l cu care Acesta avea s\u0103-\u015ei \u015ftearg\u0103 sudoarea \u015fi s\u00e2ngele de pe fa\u0163\u0103. Pe acest v\u0103l r\u0103m\u00e2n imprimate tr\u0103s\u0103turile Chipului S\u0103u. Numele de \u201eVeronica\u201c provine din latinescul \u201evera\u201c (\u201eadev\u0103rat\u201c) \u015fi grecescul \u201eeikon\u201c (\u201echip\u201c) &#8211; \u201eAdev\u0103ratul Chip\u201c, o aluzie, o alegorie poate la femeia din Sf. Evanghelie, pe nume Berenike ce s-a vindecat de s\u00e2nger\u0103ri dup\u0103 ce a atins haina M\u00e2ntuitorului.   <\/p><p class=\"txt1\">Lumea \u00eencepuse \u00eens\u0103 cu mult timp \u00eenainte s\u0103 vorbeasc\u0103 despre existen\u0163a unui portret cu Chipul M\u00e2ntuitorului.<\/p><p class=\"txt1\"><b>\u00cemp\u0103ratul Abgar V. din Edesa<\/b> (sec. 4 \u00ee.d.Hr. \u2013 sec. 7 d. Hr. \u015fi sec. 13 \u2013 50 d. Hr.) \u2013 pentru a se ins\u0103n\u0103to\u015fi &#8211; prime\u015fte de la Iuda Tadeu, apostol \u015fi veri\u015for a lui Iisus un portret cu Chipul M\u00e2ntuitorului. \u00centr-o relatare din jurul anului 400, st\u0103 scris c\u0103 portretul ar fi fost unul pictat. \u00centre anii 609 \u015fi 726 afl\u0103m \u00eens\u0103 c\u0103 acesta s-ar fi imprimat pe o \u0163es\u0103tur\u0103 pe care un pictor \u00eencercase \u00een zadar s\u0103-L picteze pe M\u00e2ntuitorul. La fel ca \u015fi pe marama de la Manoppello, pe acea \u0163es\u0103tur\u0103 se puteau distinge patru cute (tetr\u00e1diplon = \u00eemf\u0103\u015furat de patru ori).   <\/p><p class=\"txt1\">Legenda \u00eemp\u0103ratului Abgar se aseam\u0103n\u0103 foarte bine cu o alt\u0103 legend\u0103 mai veche a Veronic\u0103i \u00een care aceasta \u00cei cere lui Iisus un portret de-al S\u0103u. Veronica \u00eenm\u00e2neaz\u0103 portretul <b>\u00cemp\u0103ratului Tiberius<\/b> (42 \u00ee. d. Hr. \u2013 37 d. Hr.) \u015fi acesta se \u00eens\u0103n\u0103to\u015fe\u015fte.<\/p><p class=\"txt1\">O alt\u0103 legend\u0103, ap\u0103rut\u0103 \u00een Kamulia, \u00een apropiere de Edesa ne vorbe\u015fte despre faptul c\u0103 imaginea M\u00e2ntuitorului s-ar fi imprimat pe maram\u0103 \u00een timp ce aceasta se usca. Aceea\u015fi relatare o g\u0103sim \u015fi \u00eentr-un referat din Memphis din sec. al 6-lea.<\/p><p class=\"txt1\">\u00centr-o legend\u0103 ap\u0103rut\u0103 \u00eentre anii 560 \u015fi 574, o femeie p\u0103g\u00e2n\u0103 descoper\u0103 \u00eentr-un izvor o bucat\u0103 de p\u00e2nz\u0103 cu Chipul M\u00e2ntuitorului. C\u00e2nd scoate \u0163es\u0103tura din ap\u0103, constat\u0103 c\u0103 nu e deloc umed\u0103. \u00cen contact cu apa, aceea\u015fi este \u015fi reac\u0163ia materialului Byssus. \u00cen cele din urm\u0103, femeia ascunde \u0163es\u0103tura \u00een haina ei, pe care r\u0103m\u00e2ne din nou imprimat Chipul lui Iisus. Evident c\u0103 la acea vreme se \u015ftia de existen\u0163a mai multor \u0163es\u0103turi \u00eenf\u0103\u0163i\u015f\u00e2ndu-L pe M\u00e2ntuitorul.   <\/p>\t\t\t\t\t\t\t\t<\/div>\n\t\t\t\t<\/div>\n\t\t<div class=\"elementor-element elementor-element-fe43aab e-con-full e-flex e-con e-child\" data-id=\"fe43aab\" data-element_type=\"container\" data-e-type=\"container\">\n\t\t\t\t<div class=\"elementor-element elementor-element-a1d4b56 elementor-widget elementor-widget-image\" data-id=\"a1d4b56\" data-element_type=\"widget\" data-e-type=\"widget\" data-widget_type=\"image.default\">\n\t\t\t\t\t\t\t\t\t\t\t\t<figure class=\"wp-caption\">\n\t\t\t\t\t\t\t\t\t\t<img decoding=\"async\" width=\"300\" height=\"150\" src=\"https:\/\/www.sudariumchristi.com\/wp-content\/uploads\/2025\/12\/via_dolorosa.jpg\" class=\"attachment-large size-large wp-image-1737\" alt=\"\" \/>\t\t\t\t\t\t\t\t\t\t\t<figcaption class=\"widget-image-caption wp-caption-text\">Ierusalim, Via Dolorosa, VI.<\/figcaption>\n\t\t\t\t\t\t\t\t\t\t<\/figure>\n\t\t\t\t\t\t\t\t\t<\/div>\n\t\t\t\t<div class=\"elementor-element elementor-element-fc5dfb1 elementor-widget elementor-widget-image\" data-id=\"fc5dfb1\" data-element_type=\"widget\" data-e-type=\"widget\" data-widget_type=\"image.default\">\n\t\t\t\t\t\t\t\t\t\t\t\t<figure class=\"wp-caption\">\n\t\t\t\t\t\t\t\t\t\t<img fetchpriority=\"high\" decoding=\"async\" width=\"300\" height=\"200\" src=\"https:\/\/www.sudariumchristi.com\/wp-content\/uploads\/2025\/12\/mythen_1.jpg\" class=\"attachment-large size-large wp-image-1738\" alt=\"\" \/>\t\t\t\t\t\t\t\t\t\t\t<figcaption class=\"widget-image-caption wp-caption-text\">\u00cemp\u0103ratul Abgar V., goblen olandez, sec. al 15-lea<\/figcaption>\n\t\t\t\t\t\t\t\t\t\t<\/figure>\n\t\t\t\t\t\t\t\t\t<\/div>\n\t\t\t\t<div class=\"elementor-element elementor-element-9c8c7a4 elementor-widget elementor-widget-image\" data-id=\"9c8c7a4\" data-element_type=\"widget\" data-e-type=\"widget\" data-widget_type=\"image.default\">\n\t\t\t\t\t\t\t\t\t\t\t\t<figure class=\"wp-caption\">\n\t\t\t\t\t\t\t\t\t\t<img decoding=\"async\" width=\"300\" height=\"400\" src=\"https:\/\/www.sudariumchristi.com\/wp-content\/uploads\/2025\/12\/mythen_2.jpg\" class=\"attachment-large size-large wp-image-1739\" alt=\"\" srcset=\"https:\/\/www.sudariumchristi.com\/wp-content\/uploads\/2025\/12\/mythen_2.jpg 300w, https:\/\/www.sudariumchristi.com\/wp-content\/uploads\/2025\/12\/mythen_2-225x300.jpg 225w\" sizes=\"(max-width: 300px) 100vw, 300px\" \/>\t\t\t\t\t\t\t\t\t\t\t<figcaption class=\"widget-image-caption wp-caption-text\">Giulgiul maestrului Fl\u00e9malle, \u00een jurul anului 1430<\/figcaption>\n\t\t\t\t\t\t\t\t\t\t<\/figure>\n\t\t\t\t\t\t\t\t\t<\/div>\n\t\t\t\t<div class=\"elementor-element elementor-element-0c068ff elementor-widget elementor-widget-image\" data-id=\"0c068ff\" data-element_type=\"widget\" data-e-type=\"widget\" data-widget_type=\"image.default\">\n\t\t\t\t\t\t\t\t\t\t\t\t<figure class=\"wp-caption\">\n\t\t\t\t\t\t\t\t\t\t<img loading=\"lazy\" decoding=\"async\" width=\"300\" height=\"249\" src=\"https:\/\/www.sudariumchristi.com\/wp-content\/uploads\/2025\/12\/mythen_3.jpg\" class=\"attachment-large size-large wp-image-1740\" alt=\"\" \/>\t\t\t\t\t\t\t\t\t\t\t<figcaption class=\"widget-image-caption wp-caption-text\">Sp\u00e4tmitEpitaf din evul mediu t\u00e2rziu, Sankt Emmeram, Regensburgtelalterliches Epitaph, Sankt Emmeram, Regensburg<\/figcaption>\n\t\t\t\t\t\t\t\t\t\t<\/figure>\n\t\t\t\t\t\t\t\t\t<\/div>\n\t\t\t\t<\/div>\n\t\t\t\t\t<\/div>\n\t\t\t\t<\/div>\n\t\t\t\t<\/div>\n\t\t","protected":false},"excerpt":{"rendered":"<p>Numeroase drumuri de cruce vestesc despre sim\u0163ul milostiv al Veronic\u0103i, care &#8211; conform unei legende ap\u0103rute \u00een sec. al 12-lea &#8211; \u00een Drumul Golgothei, \u00cei \u00eenm\u00e2neaz\u0103 lui Iisus un v\u0103l cu care Acesta avea s\u0103-\u015ei \u015ftearg\u0103 sudoarea \u015fi s\u00e2ngele de pe fa\u0163\u0103. Pe acest v\u0103l r\u0103m\u00e2n imprimate tr\u0103s\u0103turile Chipului S\u0103u. Numele de \u201eVeronica\u201c provine din [&hellip;]<\/p>\n","protected":false},"author":1,"featured_media":0,"parent":349,"menu_order":0,"comment_status":"closed","ping_status":"closed","template":"","meta":{"footnotes":""},"class_list":["post-366","page","type-page","status-publish","hentry"],"_links":{"self":[{"href":"https:\/\/www.sudariumchristi.com\/ro\/wp-json\/wp\/v2\/pages\/366","targetHints":{"allow":["GET"]}}],"collection":[{"href":"https:\/\/www.sudariumchristi.com\/ro\/wp-json\/wp\/v2\/pages"}],"about":[{"href":"https:\/\/www.sudariumchristi.com\/ro\/wp-json\/wp\/v2\/types\/page"}],"author":[{"embeddable":true,"href":"https:\/\/www.sudariumchristi.com\/ro\/wp-json\/wp\/v2\/users\/1"}],"replies":[{"embeddable":true,"href":"https:\/\/www.sudariumchristi.com\/ro\/wp-json\/wp\/v2\/comments?post=366"}],"version-history":[{"count":4,"href":"https:\/\/www.sudariumchristi.com\/ro\/wp-json\/wp\/v2\/pages\/366\/revisions"}],"predecessor-version":[{"id":3691,"href":"https:\/\/www.sudariumchristi.com\/ro\/wp-json\/wp\/v2\/pages\/366\/revisions\/3691"}],"up":[{"embeddable":true,"href":"https:\/\/www.sudariumchristi.com\/ro\/wp-json\/wp\/v2\/pages\/349"}],"wp:attachment":[{"href":"https:\/\/www.sudariumchristi.com\/ro\/wp-json\/wp\/v2\/media?parent=366"}],"curies":[{"name":"wp","href":"https:\/\/api.w.org\/{rel}","templated":true}]}}