{"id":390,"date":"2025-11-05T16:47:07","date_gmt":"2025-11-05T15:47:07","guid":{"rendered":"http:\/\/sudariumchristi.stage.bergwerk-it.de\/marama-ni-se-dezvaluie\/"},"modified":"2025-12-19T13:44:42","modified_gmt":"2025-12-19T12:44:42","slug":"marama-ni-se-dezvaluie","status":"publish","type":"page","link":"https:\/\/www.sudariumchristi.com\/ro\/poezie-si-adevar\/marama-ni-se-dezvaluie\/","title":{"rendered":"Marama ni se dezv\u0103luie"},"content":{"rendered":"\t\t<div data-elementor-type=\"wp-page\" data-elementor-id=\"390\" class=\"elementor elementor-390 elementor-41\" data-elementor-post-type=\"page\">\n\t\t\t\t<div class=\"elementor-element elementor-element-b9eddc1 e-flex e-con-boxed e-con e-parent\" data-id=\"b9eddc1\" data-element_type=\"container\" data-e-type=\"container\">\n\t\t\t\t\t<div class=\"e-con-inner\">\n\t\t<div class=\"elementor-element elementor-element-e67f4bb e-con-full e-flex e-con e-child\" data-id=\"e67f4bb\" data-element_type=\"container\" data-e-type=\"container\">\n\t\t\t\t<div class=\"elementor-element elementor-element-7874ebf elementor-widget elementor-widget-text-editor\" data-id=\"7874ebf\" data-element_type=\"widget\" data-e-type=\"widget\" data-widget_type=\"text-editor.default\">\n\t\t\t\t\t\t\t\t\t<p class=\"txt1\">\u00cen anul 1977, cu ocazia Congresului Euharistic, monahul capucin Domenico da Cese, pentru canonizarea c\u0103ruia ast\u0103zi se fac str\u0103danii mari, organizeaz\u0103 \u00een Pescara o expozi\u0163ie cu fotografii ale maramei, expozi\u0163ie despre care ne relatez\u0103 jurnalistul italian Renzo Allegri. \u00cen 1979, articolul acestuia cade \u00een m\u00e2inile surorii Blandina Paschalis Schl\u00f6mer, sor\u0103 a ordinului trapist care distinge pe Chipul M\u00e2ntuitorului, reprezentat pe marama de la Manoppello \u015fi cel reprezentat pe Giulgiul de la Torino asem\u0103n\u0103ri majore la nivelul fe\u0163ei. Pictor iconograf german cu preg\u0103tire \u00een farmaceutic\u0103, sora Blandina dezvolt\u0103 prin intermediul unor puncte orientative o tehnic\u0103 de juxtapunere, numit\u0103 Soprapostion, cu ajutorul c\u0103reia dovede\u015fte c\u0103 fa\u0163a de pe marama de la Manoppello \u015fi cea de pe Giulgiul de la Torino au acelea\u015fi dimensiuni. \u00cencep\u00e2nd cu anul 2003, sora Blandina tr\u0103ie\u015fte \u00een Manoppello ca monah pustnic.   <\/p><p class=\"txt1\">Ea a fost totodat\u0103 cea care i-a st\u00e2rnit interesul pentru maram\u0103 Dr.-lui Heinrich Pfeiffer S.J., profesor de istoria artei cre\u015ftine la Universitatea Papal\u0103 Gregorian\u0103 din Roma. Analiz\u00e2nd \u00eendelung aceast\u0103 sf\u00e2nt\u0103 relicv\u0103, acesta ajunge la convingerea c\u0103 marama de la Manoppello este de fapt n\u0103frama pierdut\u0103 a Veronic\u0103i, aflat\u0103 \u00een Vatican.<\/p><p class=\"txt1\">La 23 septembrie 2004 \u00een ziarul german WELT apare un articol intitulat \u201eAdev\u0103ratul Chip a lui Hristos\u201c. \u00cen acest articol, jurnalistul german Paul Badde ne face pentru prima oar\u0103 p\u0103rta\u015fi la \u00eendelungatele sale investig\u0103ri despre marama de la Manoppello.<\/p><p class=\"txt1\">La 1 septembrie 2006, Papa Benedikt al XVI-lea viziteaz\u0103 marama de la Manoppello.<\/p>\t\t\t\t\t\t\t\t<\/div>\n\t\t\t\t<div class=\"elementor-element elementor-element-73e0241 elementor-widget elementor-widget-text-editor\" data-id=\"73e0241\" data-element_type=\"widget\" data-e-type=\"widget\" data-widget_type=\"text-editor.default\">\n\t\t\t\t\t\t\t\t\t<div class=\"thoughts2\"><a href=\"https:\/\/www.sudariumchristi.com\/wp-content\/uploads\/2025\/12\/speech.pdf\">Jesus Christus, Mittler und F\u00fclle der Offenbarung (PDF herunterladen)<\/a><br>Ansprache von Papst Benedikt XVI. bei der Generalaudienz am 16. Januar 2013<br><i>Vatikanstadt, 16. Januar 2013 (ZENIT.org).<\/i><\/div>\t\t\t\t\t\t\t\t<\/div>\n\t\t\t\t<\/div>\n\t\t<div class=\"elementor-element elementor-element-c5e86ff e-con-full e-flex e-con e-child\" data-id=\"c5e86ff\" data-element_type=\"container\" data-e-type=\"container\">\n\t\t\t\t<div class=\"elementor-element elementor-element-b525252 elementor-widget elementor-widget-image\" data-id=\"b525252\" data-element_type=\"widget\" data-e-type=\"widget\" data-widget_type=\"image.default\">\n\t\t\t\t\t\t\t\t\t\t\t\t<figure class=\"wp-caption\">\n\t\t\t\t\t\t\t\t\t\t<img fetchpriority=\"high\" decoding=\"async\" width=\"300\" height=\"400\" src=\"https:\/\/www.sudariumchristi.com\/wp-content\/uploads\/2025\/12\/veil.jpg\" class=\"attachment-large size-large wp-image-1501\" alt=\"\" srcset=\"https:\/\/www.sudariumchristi.com\/wp-content\/uploads\/2025\/12\/veil.jpg 300w, https:\/\/www.sudariumchristi.com\/wp-content\/uploads\/2025\/12\/veil-225x300.jpg 225w\" sizes=\"(max-width: 300px) 100vw, 300px\" \/>\t\t\t\t\t\t\t\t\t\t\t<figcaption class=\"widget-image-caption wp-caption-text\">Juxtapunerea maramei lui Hristos cu Giulgiul de la Torino<\/figcaption>\n\t\t\t\t\t\t\t\t\t\t<\/figure>\n\t\t\t\t\t\t\t\t\t<\/div>\n\t\t\t\t<div class=\"elementor-element elementor-element-c0ef2c3 elementor-widget elementor-widget-image\" data-id=\"c0ef2c3\" data-element_type=\"widget\" data-e-type=\"widget\" data-widget_type=\"image.default\">\n\t\t\t\t\t\t\t\t\t\t\t\t<figure class=\"wp-caption\">\n\t\t\t\t\t\t\t\t\t\t<img decoding=\"async\" width=\"300\" height=\"185\" src=\"https:\/\/www.sudariumchristi.com\/wp-content\/uploads\/2025\/12\/pope.jpg\" class=\"attachment-large size-large wp-image-1502\" alt=\"\" \/>\t\t\t\t\t\t\t\t\t\t\t<figcaption class=\"widget-image-caption wp-caption-text\">La 1 septembrie 2006, Papa Benedikt al XVI-lea viziteaz\u0103 marama de la Manoppello.<\/figcaption>\n\t\t\t\t\t\t\t\t\t\t<\/figure>\n\t\t\t\t\t\t\t\t\t<\/div>\n\t\t\t\t<\/div>\n\t\t\t\t\t<\/div>\n\t\t\t\t<\/div>\n\t\t\t\t<\/div>\n\t\t","protected":false},"excerpt":{"rendered":"<p>\u00cen anul 1977, cu ocazia Congresului Euharistic, monahul capucin Domenico da Cese, pentru canonizarea c\u0103ruia ast\u0103zi se fac str\u0103danii mari, organizeaz\u0103 \u00een Pescara o expozi\u0163ie cu fotografii ale maramei, expozi\u0163ie despre care ne relatez\u0103 jurnalistul italian Renzo Allegri. \u00cen 1979, articolul acestuia cade \u00een m\u00e2inile surorii Blandina Paschalis Schl\u00f6mer, sor\u0103 a ordinului trapist care distinge [&hellip;]<\/p>\n","protected":false},"author":1,"featured_media":0,"parent":349,"menu_order":0,"comment_status":"closed","ping_status":"closed","template":"","meta":{"footnotes":""},"class_list":["post-390","page","type-page","status-publish","hentry"],"_links":{"self":[{"href":"https:\/\/www.sudariumchristi.com\/ro\/wp-json\/wp\/v2\/pages\/390","targetHints":{"allow":["GET"]}}],"collection":[{"href":"https:\/\/www.sudariumchristi.com\/ro\/wp-json\/wp\/v2\/pages"}],"about":[{"href":"https:\/\/www.sudariumchristi.com\/ro\/wp-json\/wp\/v2\/types\/page"}],"author":[{"embeddable":true,"href":"https:\/\/www.sudariumchristi.com\/ro\/wp-json\/wp\/v2\/users\/1"}],"replies":[{"embeddable":true,"href":"https:\/\/www.sudariumchristi.com\/ro\/wp-json\/wp\/v2\/comments?post=390"}],"version-history":[{"count":4,"href":"https:\/\/www.sudariumchristi.com\/ro\/wp-json\/wp\/v2\/pages\/390\/revisions"}],"predecessor-version":[{"id":3722,"href":"https:\/\/www.sudariumchristi.com\/ro\/wp-json\/wp\/v2\/pages\/390\/revisions\/3722"}],"up":[{"embeddable":true,"href":"https:\/\/www.sudariumchristi.com\/ro\/wp-json\/wp\/v2\/pages\/349"}],"wp:attachment":[{"href":"https:\/\/www.sudariumchristi.com\/ro\/wp-json\/wp\/v2\/media?parent=390"}],"curies":[{"name":"wp","href":"https:\/\/api.w.org\/{rel}","templated":true}]}}