{"id":4122,"date":"2025-11-05T16:42:09","date_gmt":"2025-11-05T15:42:09","guid":{"rendered":"https:\/\/www.sudariumchristi.com\/veniti-de-vedeti\/"},"modified":"2026-03-23T09:37:28","modified_gmt":"2026-03-23T08:37:28","slug":"veniti-de-vedeti","status":"publish","type":"page","link":"https:\/\/www.sudariumchristi.com\/ro\/veniti-de-vedeti\/","title":{"rendered":"Veni\u0163i de vede\u0163i!"},"content":{"rendered":"\t\t<div data-elementor-type=\"wp-page\" data-elementor-id=\"4122\" class=\"elementor elementor-4122 elementor-19\" data-elementor-post-type=\"page\">\n\t\t\t\t<div class=\"elementor-element elementor-element-2559779 e-flex e-con-boxed e-con e-parent\" data-id=\"2559779\" data-element_type=\"container\" data-e-type=\"container\">\n\t\t\t\t\t<div class=\"e-con-inner\">\n\t\t\t\t<div class=\"elementor-element elementor-element-1e4a1d3 elementor-blockquote--skin-quotation elementor-blockquote--align-left elementor-widget elementor-widget-blockquote\" data-id=\"1e4a1d3\" data-element_type=\"widget\" data-e-type=\"widget\" data-widget_type=\"blockquote.default\">\n\t\t\t\t\t\t\t<blockquote class=\"elementor-blockquote\">\n\t\t\t<p class=\"elementor-blockquote__content\">\n\t\t\t\t\u201e\u00cenv\u0103\u0163\u0103torule -, unde locuie\u015fti?\u201c El le-a zis: \u201eVeni\u0163i \u015fi ve\u0163i vedea\u201c.<br>(Ioan 1, 38-39) \t\t\t<\/p>\n\t\t\t\t\t\t\t<div class=\"e-q-footer\">\n\t\t\t\t\t\t\t\t\t\t\t<cite class=\"elementor-blockquote__author\">\u2013 Joh 1,38-39<\/cite>\n\t\t\t\t\t\t\t\t\t\t\t\t\t\t<\/div>\n\t\t\t\t\t<\/blockquote>\n\t\t\t\t\t\t<\/div>\n\t\t\t\t<div class=\"elementor-element elementor-element-866364b elementor-widget elementor-widget-text-editor\" data-id=\"866364b\" data-element_type=\"widget\" data-e-type=\"widget\" data-widget_type=\"text-editor.default\">\n\t\t\t\t\t\t\t\t\t<p> <\/p><p>\u201eSantuario del Volto Santo\u201c sau \u201eBiserica Sf\u00e2ntul Chip\u201c este o biseric\u0103 de pelerinaj aflat\u0103 \u00een grija monahilor capucini. Construit\u0103 pe un deal, nu departe de ora\u015ful vechi, aceast\u0103 biseric\u0103 ascunde in interiorul zidurilor ei Chipul Fe\u0163ei lui Iisus Hristos \u00cenviat. Biserica a fost ridicat\u0103 \u00een anul 1620 iar \u00een anul 1960, c\u00e2nd au \u00eenceput contruc\u0163iile de restaurare, bisericii i s-a ata\u015fat o fasad\u0103 din pietre de culoare ro\u015fie \u015fi alb\u0103 ce amintesc de biserica romano-gotic\u0103 Santa Maria di Collemaggio din L\u00b4Aquila. \u00cen anul 1999 l\u00e2ng\u0103 biseric\u0103 a fost \u00eenfiin\u0163at\u0103 o expozi\u0163ie ce poart\u0103 denumirea de \u201ePenuel\u201c (\u00een limba ebraic\u0103: Chipul M\u00e2ntuitorului). De v\u0103zut sunt de asemenea \u015fi gazetele pe tema \u201cTransformarea lui Iisus \u00een iconografia din partea de vest \u015fi cea din est\u201d (etajul I)   <\/p><p>\u00cen fiecare an au loc dou\u0103 procesiuni la care este expus Sf\u00e2ntul Chip al M\u00e2ntuitorului. Una dintre acestea, de durat\u0103 mai lung\u0103, are loc in a treia duminic\u0103 din luna mai iar cea de-a doua, de durat\u0103 mai scurt\u0103, \u00een data de 6 august, c\u00e2nd se s\u0103rb\u0103tore\u015fte Schimbarea la Fa\u0163\u0103 a M\u00e2ntuitorului pe muntele Tabor. \u00cen diminea\u0163a zilei de procesiune a lunii mai, statuia Sf\u00e2ntului Pancra\u0163iu, care mai t\u00e2rziu va conduce procesiunea \u00eenchinat\u0103 maramei, este purtata de la biserica din localitate la bazilica Sf\u00e2ntul Chip. \u015ei apocrifele Noului Testament dezv\u0103luie o legatur\u0103 \u00eentre maram\u0103 \u015fi un anume Sf\u00e2nt Pancra\u0163iu. \u00centr-un decret al Sf\u00e2ntului Apostol Petru din actele Sf\u00e2ntului Pancra\u0163iu , cel dint\u00e2i Episcop din Taormina (Sicilia) \u00eent\u00e2lnim urm\u0103toarele: \u201ePoart\u0103 chipul Domnului nostru Iisus Hristos \u015fi imprim\u0103-l pe el in Pirgisio, ca s\u0103 vad\u0103 poporul forma pe care a luat-o Fiul lui Dumnezeu.\u201c   <\/p>\t\t\t\t\t\t\t\t<\/div>\n\t\t\t\t<div class=\"elementor-element elementor-element-aabef69 elementor-widget elementor-widget-video\" data-id=\"aabef69\" data-element_type=\"widget\" data-e-type=\"widget\" data-settings=\"{&quot;video_type&quot;:&quot;hosted&quot;,&quot;autoplay&quot;:&quot;yes&quot;,&quot;play_on_mobile&quot;:&quot;yes&quot;,&quot;start&quot;:1,&quot;end&quot;:1,&quot;mute&quot;:&quot;yes&quot;,&quot;loop&quot;:&quot;yes&quot;,&quot;controls&quot;:&quot;yes&quot;}\" data-widget_type=\"video.default\">\n\t\t\t\t\t\t\t<div class=\"e-hosted-video elementor-wrapper elementor-open-inline\">\n\t\t\t\t\t<video class=\"elementor-video\" src=\"https:\/\/www.sudariumchristi.com\/wp-content\/uploads\/2026\/03\/come-min.mp4#t=1,1\" autoplay=\"\" loop=\"\" controls=\"\" muted=\"muted\" playsinline=\"\" controlsList=\"nodownload\" poster=\"https:\/\/www.sudariumchristi.com\/wp-content\/uploads\/2025\/12\/santuario.jpg\"><\/video>\n\t\t\t\t<\/div>\n\t\t\t\t\t\t<\/div>\n\t\t\t\t\t<\/div>\n\t\t\t\t<\/div>\n\t\t\t\t<\/div>\n\t\t","protected":false},"excerpt":{"rendered":"<p>\u201e\u00cenv\u0103\u0163\u0103torule -, unde locuie\u015fti?\u201c El le-a zis: \u201eVeni\u0163i \u015fi ve\u0163i vedea\u201c.(Ioan 1, 38-39) \u2013 Joh 1,38-39 \u201eSantuario del Volto Santo\u201c sau \u201eBiserica Sf\u00e2ntul Chip\u201c este o biseric\u0103 de pelerinaj aflat\u0103 \u00een grija monahilor capucini. Construit\u0103 pe un deal, nu departe de ora\u015ful vechi, aceast\u0103 biseric\u0103 ascunde in interiorul zidurilor ei Chipul Fe\u0163ei lui Iisus Hristos [&hellip;]<\/p>\n","protected":false},"author":1,"featured_media":0,"parent":0,"menu_order":0,"comment_status":"closed","ping_status":"closed","template":"","meta":{"footnotes":""},"class_list":["post-4122","page","type-page","status-publish","hentry"],"_links":{"self":[{"href":"https:\/\/www.sudariumchristi.com\/ro\/wp-json\/wp\/v2\/pages\/4122","targetHints":{"allow":["GET"]}}],"collection":[{"href":"https:\/\/www.sudariumchristi.com\/ro\/wp-json\/wp\/v2\/pages"}],"about":[{"href":"https:\/\/www.sudariumchristi.com\/ro\/wp-json\/wp\/v2\/types\/page"}],"author":[{"embeddable":true,"href":"https:\/\/www.sudariumchristi.com\/ro\/wp-json\/wp\/v2\/users\/1"}],"replies":[{"embeddable":true,"href":"https:\/\/www.sudariumchristi.com\/ro\/wp-json\/wp\/v2\/comments?post=4122"}],"version-history":[{"count":1,"href":"https:\/\/www.sudariumchristi.com\/ro\/wp-json\/wp\/v2\/pages\/4122\/revisions"}],"predecessor-version":[{"id":4124,"href":"https:\/\/www.sudariumchristi.com\/ro\/wp-json\/wp\/v2\/pages\/4122\/revisions\/4124"}],"wp:attachment":[{"href":"https:\/\/www.sudariumchristi.com\/ro\/wp-json\/wp\/v2\/media?parent=4122"}],"curies":[{"name":"wp","href":"https:\/\/api.w.org\/{rel}","templated":true}]}}