{"id":4128,"date":"2025-11-05T16:51:07","date_gmt":"2025-11-05T15:51:07","guid":{"rendered":"https:\/\/www.sudariumchristi.com\/maria-din-absam\/"},"modified":"2026-03-23T09:45:53","modified_gmt":"2026-03-23T08:45:53","slug":"maria-din-absam","status":"publish","type":"page","link":"https:\/\/www.sudariumchristi.com\/ro\/maria-din-absam\/","title":{"rendered":"Maria din Absam"},"content":{"rendered":"\t\t<div data-elementor-type=\"wp-page\" data-elementor-id=\"4128\" class=\"elementor elementor-4128 elementor-61\" data-elementor-post-type=\"page\">\n\t\t\t\t<div class=\"elementor-element elementor-element-85abdd6 e-flex e-con-boxed e-con e-parent\" data-id=\"85abdd6\" data-element_type=\"container\" data-e-type=\"container\">\n\t\t\t\t\t<div class=\"e-con-inner\">\n\t\t<div class=\"elementor-element elementor-element-5f1ea6c e-con-full e-flex e-con e-child\" data-id=\"5f1ea6c\" data-element_type=\"container\" data-e-type=\"container\">\n\t\t\t\t<div class=\"elementor-element elementor-element-bab94e6 elementor-widget elementor-widget-heading\" data-id=\"bab94e6\" data-element_type=\"widget\" data-e-type=\"widget\" data-widget_type=\"heading.default\">\n\t\t\t\t\t<h2 class=\"elementor-heading-title elementor-size-default\">Icoana din Absam<\/h2>\t\t\t\t<\/div>\n\t\t\t\t<div class=\"elementor-element elementor-element-ca6141b elementor-widget-divider--view-line elementor-widget elementor-widget-divider\" data-id=\"ca6141b\" data-element_type=\"widget\" data-e-type=\"widget\" data-widget_type=\"divider.default\">\n\t\t\t\t\t\t\t<div class=\"elementor-divider\">\n\t\t\t<span class=\"elementor-divider-separator\">\n\t\t\t\t\t\t<\/span>\n\t\t<\/div>\n\t\t\t\t\t\t<\/div>\n\t\t\t\t<div class=\"elementor-element elementor-element-fa56deb elementor-widget elementor-widget-text-editor\" data-id=\"fa56deb\" data-element_type=\"widget\" data-e-type=\"widget\" data-widget_type=\"text-editor.default\">\n\t\t\t\t\t\t\t\t\t<p class=\"txt1\">La data de 17 ianuarie 1797, \u00eentre orele 15 si 16, o t\u00e2n\u0103r\u0103 de 18 ani, Rosina Bucher, descoper\u0103 portretul Fecioarei Maria pe geamul de la parterul casei sale p\u0103rinte\u0219ti din Absam\/Tirol.<\/p><p class=\"txt1\">Dup\u0103 aceast\u0103 apari\u021bie, imaginea a fost studiat\u0103 minu\u021bios at\u00e2t de autorita\u021bi laice si clerice, c\u00e2t \u0219i de oameni de \u0219tiin\u021b\u0103 \u0219i me\u0219te\u0219ugari:<\/p><p class=\"txt1\">Pe suprafa\u021ba neted\u0103 de sticl\u0103 nu s-au constatat nici un fel de urm\u0103 a vreunei ac\u021biuni exterioare, precum \u0219i nici o diferen\u021b\u0103 \u00een ceea ce prive\u0219te compozi\u021bia suprafe\u021bei. Motivul poate fi \u0219ters \u00eens\u0103, din cauza opacit\u0103\u021bii sticlei, reapare \u00een scurt timp. Nici cu ajutorul substan\u021belor chimice, portretul nu a putut fi \u0219ters complet. Dup\u0103 ce s-au folosit \u00eens\u0103 anumite tehnici de \u0219lefuire \u0219i lustruire, imaginea nu mai reapare, mai ales \u00een locurile in care sticla fusese \u0219lefuit\u0103 cu diatomit.   <\/p><p class=\"txt1\">Chiar dac\u0103 dup\u0103 aceste analize autorita\u021bile au scos din calcul varianta unei minuni, popula\u021bia locului a dus Icoana \u00een biserica parohial\u0103 Sf. Mihail. Aceasta devine cea mai cunoscut\u0103 biseric\u0103 de pelerinaj din Tirol iar \u00een anul 2000 Papa Ioan Paul al-II-lea o ridic\u0103 la rang de Bazilic\u0103.<\/p><p class=\"txt1\">Portretul a ap\u0103rut pe a patra parte a jum\u0103t\u0103\u021bii superioare a unei ferestre interioare, pe o slicl\u0103 de dimensiuni de aprox. 0,18 m x 0,13 m, fiind transpus\u0103 spre col\u021bul st\u00e2ng al ferestrei, nicidecum pe mijloc.<\/p><p class=\"txt1\">Imaginea ne duce cu g\u00e2ndul mai mult la o sculptur\u0103 expresionist\u0103 pe lemn, \u00een variant\u0103 alb negru, dec\u00e2t la o fotografie, care \u00een lips\u0103 de culoare \u0219i contururi fine, puncteaz\u0103 doar aspectele esen\u021biale.<\/p><p class=\"txt1\">At\u00e2t la Maria din Guadalupe c\u00e2t \u0219i la Maria din Absam, chipul Fecioarei apare acoperit de o manta, \u00eemprejmuit\u0103 de raze solare (la Maria din Guadalupe) \u0219i de o aur\u0103 sf\u00e2nt\u0103 (la Maria din Absam). <\/p><p class=\"txt1\">Pe ambele portrete, capul Fecioarei este u\u0219or \u00eenclinat spre partea dreapt\u0103. \u00cen timp ce Maria din Guadalupe prive\u0219te \u00een dreapta jos, privirea Mariei din Absam este una pierdut\u0103 cu ochiul drept l\u0103crim\u00e2nd.  <\/p><p class=\"txt1\">Cele patru icoane ale Fecioarei Maria \u0219i ale M\u00e2ntuitorului, nez\u0103mislite de m\u00e2n\u0103 de om se aseam\u0103n\u0103 \u00eentre ele reprezent\u00e2nd fiecare un portret al fe\u021bei \u0219i un portret al \u00eentregului corp, cu un nas \u00eengust \u0219i lung.<\/p>\t\t\t\t\t\t\t\t<\/div>\n\t\t\t\t<\/div>\n\t\t<div class=\"elementor-element elementor-element-aa93c3c e-con-full e-flex e-con e-child\" data-id=\"aa93c3c\" data-element_type=\"container\" data-e-type=\"container\">\n\t\t\t\t<div class=\"elementor-element elementor-element-4ec6908 elementor-widget elementor-widget-image\" data-id=\"4ec6908\" data-element_type=\"widget\" data-e-type=\"widget\" data-widget_type=\"image.default\">\n\t\t\t\t\t\t\t\t\t\t\t\t<figure class=\"wp-caption\">\n\t\t\t\t\t\t\t\t\t\t<img fetchpriority=\"high\" decoding=\"async\" width=\"300\" height=\"200\" src=\"https:\/\/www.sudariumchristi.com\/wp-content\/uploads\/2025\/12\/absam_1.jpg\" class=\"attachment-large size-large wp-image-3062\" alt=\"\" \/>\t\t\t\t\t\t\t\t\t\t\t<figcaption class=\"widget-image-caption wp-caption-text\">Icoana din Absam<\/figcaption>\n\t\t\t\t\t\t\t\t\t\t<\/figure>\n\t\t\t\t\t\t\t\t\t<\/div>\n\t\t\t\t<div class=\"elementor-element elementor-element-1af7f79 elementor-widget elementor-widget-image\" data-id=\"1af7f79\" data-element_type=\"widget\" data-e-type=\"widget\" data-widget_type=\"image.default\">\n\t\t\t\t\t\t\t\t\t\t\t\t<figure class=\"wp-caption\">\n\t\t\t\t\t\t\t\t\t\t<img decoding=\"async\" width=\"300\" height=\"200\" src=\"https:\/\/www.sudariumchristi.com\/wp-content\/uploads\/2025\/12\/absam_2.jpg\" class=\"attachment-large size-large wp-image-3063\" alt=\"\" \/>\t\t\t\t\t\t\t\t\t\t\t<figcaption class=\"widget-image-caption wp-caption-text\">Darstellungen des Sudariums in der Marienbasilika Absam<\/figcaption>\n\t\t\t\t\t\t\t\t\t\t<\/figure>\n\t\t\t\t\t\t\t\t\t<\/div>\n\t\t\t\t<div class=\"elementor-element elementor-element-819d305 elementor-widget elementor-widget-image\" data-id=\"819d305\" data-element_type=\"widget\" data-e-type=\"widget\" data-widget_type=\"image.default\">\n\t\t\t\t\t\t\t\t\t\t\t\t<figure class=\"wp-caption\">\n\t\t\t\t\t\t\t\t\t\t<img decoding=\"async\" width=\"300\" height=\"200\" src=\"https:\/\/www.sudariumchristi.com\/wp-content\/uploads\/2025\/12\/absam_3.jpg\" class=\"attachment-large size-large wp-image-3064\" alt=\"\" \/>\t\t\t\t\t\t\t\t\t\t\t<figcaption class=\"widget-image-caption wp-caption-text\"><\/figcaption>\n\t\t\t\t\t\t\t\t\t\t<\/figure>\n\t\t\t\t\t\t\t\t\t<\/div>\n\t\t\t\t<\/div>\n\t\t\t\t\t<\/div>\n\t\t\t\t<\/div>\n\t\t\t\t<\/div>\n\t\t","protected":false},"excerpt":{"rendered":"<p>Icoana din Absam La data de 17 ianuarie 1797, \u00eentre orele 15 si 16, o t\u00e2n\u0103r\u0103 de 18 ani, Rosina Bucher, descoper\u0103 portretul Fecioarei Maria pe geamul de la parterul casei sale p\u0103rinte\u0219ti din Absam\/Tirol. Dup\u0103 aceast\u0103 apari\u021bie, imaginea a fost studiat\u0103 minu\u021bios at\u00e2t de autorita\u021bi laice si clerice, c\u00e2t \u0219i de oameni de \u0219tiin\u021b\u0103 [&hellip;]<\/p>\n","protected":false},"author":1,"featured_media":0,"parent":0,"menu_order":0,"comment_status":"closed","ping_status":"closed","template":"","meta":{"footnotes":""},"class_list":["post-4128","page","type-page","status-publish","hentry"],"_links":{"self":[{"href":"https:\/\/www.sudariumchristi.com\/ro\/wp-json\/wp\/v2\/pages\/4128","targetHints":{"allow":["GET"]}}],"collection":[{"href":"https:\/\/www.sudariumchristi.com\/ro\/wp-json\/wp\/v2\/pages"}],"about":[{"href":"https:\/\/www.sudariumchristi.com\/ro\/wp-json\/wp\/v2\/types\/page"}],"author":[{"embeddable":true,"href":"https:\/\/www.sudariumchristi.com\/ro\/wp-json\/wp\/v2\/users\/1"}],"replies":[{"embeddable":true,"href":"https:\/\/www.sudariumchristi.com\/ro\/wp-json\/wp\/v2\/comments?post=4128"}],"version-history":[{"count":3,"href":"https:\/\/www.sudariumchristi.com\/ro\/wp-json\/wp\/v2\/pages\/4128\/revisions"}],"predecessor-version":[{"id":4131,"href":"https:\/\/www.sudariumchristi.com\/ro\/wp-json\/wp\/v2\/pages\/4128\/revisions\/4131"}],"wp:attachment":[{"href":"https:\/\/www.sudariumchristi.com\/ro\/wp-json\/wp\/v2\/media?parent=4128"}],"curies":[{"name":"wp","href":"https:\/\/api.w.org\/{rel}","templated":true}]}}