{"id":4145,"date":"2025-11-05T16:42:21","date_gmt":"2025-11-05T15:42:21","guid":{"rendered":"https:\/\/www.sudariumchristi.com\/fata-in-fata-cu-mantuitorul-2\/"},"modified":"2026-03-23T09:52:48","modified_gmt":"2026-03-23T08:52:48","slug":"fata-in-fata-cu-mantuitorul-2","status":"publish","type":"page","link":"https:\/\/www.sudariumchristi.com\/ro\/fata-in-fata-cu-mantuitorul-2\/","title":{"rendered":"Fa\u0163\u0103 \u00een fa\u0163\u0103 cu M\u00e2ntuitorul"},"content":{"rendered":"\t\t<div data-elementor-type=\"wp-page\" data-elementor-id=\"4145\" class=\"elementor elementor-4145 elementor-21\" data-elementor-post-type=\"page\">\n\t\t\t\t<div class=\"elementor-element elementor-element-9bf9c96 e-flex e-con-boxed e-con e-parent\" data-id=\"9bf9c96\" data-element_type=\"container\" data-e-type=\"container\">\n\t\t\t\t\t<div class=\"e-con-inner\">\n\t\t\t\t<div class=\"elementor-element elementor-element-0b30fa1 elementor-widget elementor-widget-heading\" data-id=\"0b30fa1\" data-element_type=\"widget\" data-e-type=\"widget\" data-widget_type=\"heading.default\">\n\t\t\t\t\t<h2 class=\"elementor-heading-title elementor-size-default\">Descrierea maramei<\/h2>\t\t\t\t<\/div>\n\t\t\t\t<div class=\"elementor-element elementor-element-850a43e elementor-blockquote--skin-quotation elementor-blockquote--align-left elementor-widget elementor-widget-blockquote\" data-id=\"850a43e\" data-element_type=\"widget\" data-e-type=\"widget\" data-widget_type=\"blockquote.default\">\n\t\t\t\t\t\t\t<blockquote class=\"elementor-blockquote\">\n\t\t\t<p class=\"elementor-blockquote__content\">\n\t\t\t\tTu e\u015fti \u00eembr\u0103cat cu str\u0103lucire \u015fi m\u0103re\u0163ie.\t\t\t<\/p>\n\t\t\t\t\t\t\t<div class=\"e-q-footer\">\n\t\t\t\t\t\t\t\t\t\t\t<cite class=\"elementor-blockquote__author\">\u2013 Ps 104,2<\/cite>\n\t\t\t\t\t\t\t\t\t\t\t\t\t\t<\/div>\n\t\t\t\t\t<\/blockquote>\n\t\t\t\t\t\t<\/div>\n\t\t\t\t<div class=\"elementor-element elementor-element-6118315 elementor-widget__width-initial elementor-widget elementor-widget-image-carousel\" data-id=\"6118315\" data-element_type=\"widget\" data-e-type=\"widget\" data-settings=\"{&quot;slides_to_show&quot;:&quot;1&quot;,&quot;navigation&quot;:&quot;none&quot;,&quot;lazyload&quot;:&quot;yes&quot;,&quot;autoplay&quot;:&quot;yes&quot;,&quot;pause_on_hover&quot;:&quot;yes&quot;,&quot;pause_on_interaction&quot;:&quot;yes&quot;,&quot;autoplay_speed&quot;:5000,&quot;infinite&quot;:&quot;yes&quot;,&quot;effect&quot;:&quot;slide&quot;,&quot;speed&quot;:500}\" data-widget_type=\"image-carousel.default\">\n\t\t\t\t\t\t\t<div class=\"elementor-image-carousel-wrapper swiper\" role=\"region\" aria-roledescription=\"carousel\" aria-label=\"Bild Karussell\" dir=\"ltr\">\n\t\t\t<div class=\"elementor-image-carousel swiper-wrapper swiper-image-stretch\" aria-live=\"off\">\n\t\t\t\t\t\t\t\t<div class=\"swiper-slide\" role=\"group\" aria-roledescription=\"slide\" aria-label=\"1 din 13\"><figure class=\"swiper-slide-inner\"><img class=\"swiper-slide-image swiper-lazy\" data-src=\"https:\/\/www.sudariumchristi.com\/wp-content\/uploads\/2025\/12\/canvas.png\" alt=\"canvas\" \/><div class=\"swiper-lazy-preloader\"><\/div><\/figure><\/div><div class=\"swiper-slide\" role=\"group\" aria-roledescription=\"slide\" aria-label=\"2 din 13\"><figure class=\"swiper-slide-inner\"><img class=\"swiper-slide-image swiper-lazy\" data-src=\"https:\/\/www.sudariumchristi.com\/wp-content\/uploads\/2025\/12\/canvas1.png\" alt=\"canvas1\" \/><div class=\"swiper-lazy-preloader\"><\/div><\/figure><\/div><div class=\"swiper-slide\" role=\"group\" aria-roledescription=\"slide\" aria-label=\"3 din 13\"><figure class=\"swiper-slide-inner\"><img class=\"swiper-slide-image swiper-lazy\" data-src=\"https:\/\/www.sudariumchristi.com\/wp-content\/uploads\/2025\/12\/canvas2.png\" alt=\"canvas2\" \/><div class=\"swiper-lazy-preloader\"><\/div><\/figure><\/div><div class=\"swiper-slide\" role=\"group\" aria-roledescription=\"slide\" aria-label=\"4 din 13\"><figure class=\"swiper-slide-inner\"><img class=\"swiper-slide-image swiper-lazy\" data-src=\"https:\/\/www.sudariumchristi.com\/wp-content\/uploads\/2025\/12\/canvas3.png\" alt=\"canvas3\" \/><div class=\"swiper-lazy-preloader\"><\/div><\/figure><\/div><div class=\"swiper-slide\" role=\"group\" aria-roledescription=\"slide\" aria-label=\"5 din 13\"><figure class=\"swiper-slide-inner\"><img class=\"swiper-slide-image swiper-lazy\" data-src=\"https:\/\/www.sudariumchristi.com\/wp-content\/uploads\/2025\/12\/canvas4.png\" alt=\"canvas4\" \/><div class=\"swiper-lazy-preloader\"><\/div><\/figure><\/div><div class=\"swiper-slide\" role=\"group\" aria-roledescription=\"slide\" aria-label=\"6 din 13\"><figure class=\"swiper-slide-inner\"><img class=\"swiper-slide-image swiper-lazy\" data-src=\"https:\/\/www.sudariumchristi.com\/wp-content\/uploads\/2025\/12\/canvas5.png\" alt=\"canvas5\" \/><div class=\"swiper-lazy-preloader\"><\/div><\/figure><\/div><div class=\"swiper-slide\" role=\"group\" aria-roledescription=\"slide\" aria-label=\"7 din 13\"><figure class=\"swiper-slide-inner\"><img class=\"swiper-slide-image swiper-lazy\" data-src=\"https:\/\/www.sudariumchristi.com\/wp-content\/uploads\/2025\/12\/canvas6.png\" alt=\"canvas6\" \/><div class=\"swiper-lazy-preloader\"><\/div><\/figure><\/div><div class=\"swiper-slide\" role=\"group\" aria-roledescription=\"slide\" aria-label=\"8 din 13\"><figure class=\"swiper-slide-inner\"><img class=\"swiper-slide-image swiper-lazy\" data-src=\"https:\/\/www.sudariumchristi.com\/wp-content\/uploads\/2025\/12\/canvas7.png\" alt=\"canvas7\" \/><div class=\"swiper-lazy-preloader\"><\/div><\/figure><\/div><div class=\"swiper-slide\" role=\"group\" aria-roledescription=\"slide\" aria-label=\"9 din 13\"><figure class=\"swiper-slide-inner\"><img class=\"swiper-slide-image swiper-lazy\" data-src=\"https:\/\/www.sudariumchristi.com\/wp-content\/uploads\/2025\/12\/canvas8.png\" alt=\"canvas8\" \/><div class=\"swiper-lazy-preloader\"><\/div><\/figure><\/div><div class=\"swiper-slide\" role=\"group\" aria-roledescription=\"slide\" aria-label=\"10 din 13\"><figure class=\"swiper-slide-inner\"><img class=\"swiper-slide-image swiper-lazy\" data-src=\"https:\/\/www.sudariumchristi.com\/wp-content\/uploads\/2025\/12\/canvas9.png\" alt=\"canvas9\" \/><div class=\"swiper-lazy-preloader\"><\/div><\/figure><\/div><div class=\"swiper-slide\" role=\"group\" aria-roledescription=\"slide\" aria-label=\"11 din 13\"><figure class=\"swiper-slide-inner\"><img class=\"swiper-slide-image swiper-lazy\" data-src=\"https:\/\/www.sudariumchristi.com\/wp-content\/uploads\/2025\/12\/canvas10.png\" alt=\"canvas10\" \/><div class=\"swiper-lazy-preloader\"><\/div><\/figure><\/div><div class=\"swiper-slide\" role=\"group\" aria-roledescription=\"slide\" aria-label=\"12 din 13\"><figure class=\"swiper-slide-inner\"><img class=\"swiper-slide-image swiper-lazy\" data-src=\"https:\/\/www.sudariumchristi.com\/wp-content\/uploads\/2025\/12\/canvas11.png\" alt=\"canvas11\" \/><div class=\"swiper-lazy-preloader\"><\/div><\/figure><\/div><div class=\"swiper-slide\" role=\"group\" aria-roledescription=\"slide\" aria-label=\"13 din 13\"><figure class=\"swiper-slide-inner\"><img class=\"swiper-slide-image swiper-lazy\" data-src=\"https:\/\/www.sudariumchristi.com\/wp-content\/uploads\/2025\/12\/canvas12.png\" alt=\"canvas12\" \/><div class=\"swiper-lazy-preloader\"><\/div><\/figure><\/div>\t\t\t<\/div>\n\t\t\t\t\t\t\t\n\t\t\t\t\t\t\t\t\t<\/div>\n\t\t\t\t\t\t<\/div>\n\t\t\t\t<div class=\"elementor-element elementor-element-c07af07 elementor-widget elementor-widget-text-editor\" data-id=\"c07af07\" data-element_type=\"widget\" data-e-type=\"widget\" data-widget_type=\"text-editor.default\">\n\t\t\t\t\t\t\t\t\t<p><strong>Cu ochii de forma migdalei<\/strong>, spr\u00e2ncenele arcuite, nasul \u00eengust, gura u\u015for \u00eentredeschis\u0103 \u2013 astfel ne este \u00eenf\u0103\u0163i\u015fat M\u00e2ntuitorul pe maram\u0103 \u2013 cu fa\u0163a simetric\u0103, barba rar\u0103, p\u0103rul lung, desf\u0103cut pe cre\u015ftet \u015fi o mic\u0103 \u015fuvi\u0163\u0103 de p\u0103r c\u0103zut\u0103 pe frunte. Dac\u0103 st\u0103m s\u0103 privim v\u0103lul mai \u00eendeaproape, observ\u0103m o mic\u0103 umfl\u0103tur\u0103 pe obrazul drept \u015fi pe nas o ran\u0103. <\/p><p>R\u0103nile, localizate pe giulgiul din Torino datorit\u0103 urmelor de s\u00e2nge, par a fi vindecate iar umbra de sub gur\u0103 las\u0103 ca tr\u0103s\u0103turile fe\u0163ei s\u0103 p\u0103leasc\u0103 \u00een fa\u0163a mor\u0163ii. Cu toate acestea nu doar gura M\u00e2ntuitorului este deschis\u0103, ci \u015fi buzele, parc\u0103 vr\u00e2nd a pronun\u021ba litera \u201eA\u201c precum \u201eAbba\u201c, tat\u0103 \u00een limba armeneasc\u0103.  <\/p><p>\u00centruc\u00e2t materialul e o \u0163es\u0103tur\u0103 fin\u0103, transparent\u0103 de dimensiuni 24 x 17,5 cm, motivul imprimat pare s\u0103 se schimbe in func\u0163ie de lumin\u0103 si perspectiv\u0103. Totodat\u0103 una dintre pupile se arat\u0103 a fi mai mare dec\u00e2t cealalt\u0103, ca \u015fi cum, datorit\u0103 r\u0103nilor, pupila \u015fi-ar pierde capacitatea de a se adapta divinit\u0103\u0163ii. Dovad\u0103 vizibil\u0103 a cestui lucru st\u0103 \u015fi acumularea de lichid de sub iris:  <\/p>\t\t\t\t\t\t\t\t<\/div>\n\t\t\t\t<div class=\"elementor-element elementor-element-873e820 elementor-widget elementor-widget-image\" data-id=\"873e820\" data-element_type=\"widget\" data-e-type=\"widget\" data-widget_type=\"image.default\">\n\t\t\t\t\t\t\t\t\t\t\t\t\t\t\t<img fetchpriority=\"high\" decoding=\"async\" width=\"344\" height=\"192\" src=\"https:\/\/www.sudariumchristi.com\/wp-content\/uploads\/2025\/12\/description_1.jpg\" class=\"attachment-large size-large wp-image-3103\" alt=\"\" srcset=\"https:\/\/www.sudariumchristi.com\/wp-content\/uploads\/2025\/12\/description_1.jpg 344w, https:\/\/www.sudariumchristi.com\/wp-content\/uploads\/2025\/12\/description_1-300x167.jpg 300w\" sizes=\"(max-width: 344px) 100vw, 344px\" \/>\t\t\t\t\t\t\t\t\t\t\t\t\t\t\t<\/div>\n\t\t\t\t<div class=\"elementor-element elementor-element-6bc6a62 elementor-widget elementor-widget-text-editor\" data-id=\"6bc6a62\" data-element_type=\"widget\" data-e-type=\"widget\" data-widget_type=\"text-editor.default\">\n\t\t\t\t\t\t\t\t\t<p>Uneori parc\u0103 privirea i\u015fi schimb\u0103 direc\u0163ia:<\/p>\t\t\t\t\t\t\t\t<\/div>\n\t\t\t\t<div class=\"elementor-element elementor-element-8382003 elementor-widget elementor-widget-image\" data-id=\"8382003\" data-element_type=\"widget\" data-e-type=\"widget\" data-widget_type=\"image.default\">\n\t\t\t\t\t\t\t\t\t\t\t\t\t\t\t<img decoding=\"async\" width=\"344\" height=\"160\" src=\"https:\/\/www.sudariumchristi.com\/wp-content\/uploads\/2025\/12\/description_2.jpg\" class=\"attachment-large size-large wp-image-3104\" alt=\"\" srcset=\"https:\/\/www.sudariumchristi.com\/wp-content\/uploads\/2025\/12\/description_2.jpg 344w, https:\/\/www.sudariumchristi.com\/wp-content\/uploads\/2025\/12\/description_2-300x140.jpg 300w\" sizes=\"(max-width: 344px) 100vw, 344px\" \/>\t\t\t\t\t\t\t\t\t\t\t\t\t\t\t<\/div>\n\t\t\t\t<div class=\"elementor-element elementor-element-6fce4f3 elementor-widget elementor-widget-text-editor\" data-id=\"6fce4f3\" data-element_type=\"widget\" data-e-type=\"widget\" data-widget_type=\"text-editor.default\">\n\t\t\t\t\t\t\t\t\t<p>Chipul se poate vedea \u2013 in mod miraculos \u2013 din ambele p\u0103r\u0163i, \u00eens\u0103 pe fiecare parte este reprezentat diferit. Dinspre altar Iisus ne apare z\u00e2mbind, ca Biruitor asupra mor\u0163ii. <\/p><p>La fel ca \u015fi pe Giulgiul de la Torino, pe maram\u0103 se reg\u0103sesc doar pu\u0163ine pigmente de culoare. Cu toate acestea, paleta ei de culori include, \u00een func\u0163ie de lumin\u0103, diferite nuan\u0163e de maro, rumegu\u015f de sist sau galben auriu. Tonul de culoare roz de pe frunte ne duce cu g\u00e2ndul la o persoan\u0103 care tocmai fusese reanimat\u0103.Dac\u0103 e puternic luminat\u0103, marama devine alb\u0103 iar imaginea imposibil de deslu\u015fit. Culorile ei se disting, la fel ca \u015fi cele ale curcubeului \u015fi a aripilor de fluture, prin suprapunerea undelor de lumin\u0103.    <\/p>\t\t\t\t\t\t\t\t<\/div>\n\t\t\t\t\t<\/div>\n\t\t\t\t<\/div>\n\t\t\t\t<\/div>\n\t\t","protected":false},"excerpt":{"rendered":"<p>Descrierea maramei Tu e\u015fti \u00eembr\u0103cat cu str\u0103lucire \u015fi m\u0103re\u0163ie. \u2013 Ps 104,2 Cu ochii de forma migdalei, spr\u00e2ncenele arcuite, nasul \u00eengust, gura u\u015for \u00eentredeschis\u0103 \u2013 astfel ne este \u00eenf\u0103\u0163i\u015fat M\u00e2ntuitorul pe maram\u0103 \u2013 cu fa\u0163a simetric\u0103, barba rar\u0103, p\u0103rul lung, desf\u0103cut pe cre\u015ftet \u015fi o mic\u0103 \u015fuvi\u0163\u0103 de p\u0103r c\u0103zut\u0103 pe frunte. Dac\u0103 st\u0103m s\u0103 [&hellip;]<\/p>\n","protected":false},"author":1,"featured_media":0,"parent":0,"menu_order":0,"comment_status":"closed","ping_status":"closed","template":"","meta":{"footnotes":""},"class_list":["post-4145","page","type-page","status-publish","hentry"],"_links":{"self":[{"href":"https:\/\/www.sudariumchristi.com\/ro\/wp-json\/wp\/v2\/pages\/4145","targetHints":{"allow":["GET"]}}],"collection":[{"href":"https:\/\/www.sudariumchristi.com\/ro\/wp-json\/wp\/v2\/pages"}],"about":[{"href":"https:\/\/www.sudariumchristi.com\/ro\/wp-json\/wp\/v2\/types\/page"}],"author":[{"embeddable":true,"href":"https:\/\/www.sudariumchristi.com\/ro\/wp-json\/wp\/v2\/users\/1"}],"replies":[{"embeddable":true,"href":"https:\/\/www.sudariumchristi.com\/ro\/wp-json\/wp\/v2\/comments?post=4145"}],"version-history":[{"count":1,"href":"https:\/\/www.sudariumchristi.com\/ro\/wp-json\/wp\/v2\/pages\/4145\/revisions"}],"predecessor-version":[{"id":4146,"href":"https:\/\/www.sudariumchristi.com\/ro\/wp-json\/wp\/v2\/pages\/4145\/revisions\/4146"}],"wp:attachment":[{"href":"https:\/\/www.sudariumchristi.com\/ro\/wp-json\/wp\/v2\/media?parent=4145"}],"curies":[{"name":"wp","href":"https:\/\/api.w.org\/{rel}","templated":true}]}}