{"id":4147,"date":"2025-11-05T14:06:44","date_gmt":"2025-11-05T13:06:44","guid":{"rendered":"https:\/\/www.sudariumchristi.com\/willkommen\/"},"modified":"2026-03-23T09:56:15","modified_gmt":"2026-03-23T08:56:15","slug":"willkommen","status":"publish","type":"page","link":"https:\/\/www.sudariumchristi.com\/ro\/","title":{"rendered":"Willkommen"},"content":{"rendered":"\t\t<div data-elementor-type=\"wp-page\" data-elementor-id=\"4147\" class=\"elementor elementor-4147 elementor-9\" data-elementor-post-type=\"page\">\n\t\t\t\t<div class=\"elementor-element elementor-element-0027e72 e-flex e-con-boxed e-con e-parent\" data-id=\"0027e72\" data-element_type=\"container\" data-e-type=\"container\">\n\t\t\t\t\t<div class=\"e-con-inner\">\n\t\t<div class=\"elementor-element elementor-element-552bc82 e-con-full e-flex e-con e-child\" data-id=\"552bc82\" data-element_type=\"container\" data-e-type=\"container\">\n\t\t\t\t<div class=\"elementor-element elementor-element-4645ec2 elementor-blockquote--skin-quotation elementor-blockquote--align-left elementor-widget elementor-widget-blockquote\" data-id=\"4645ec2\" data-element_type=\"widget\" data-e-type=\"widget\" data-widget_type=\"blockquote.default\">\n\t\t\t\t\t\t\t<blockquote class=\"elementor-blockquote\">\n\t\t\t<p class=\"elementor-blockquote__content\">\n\t\t\t\tCel ce M-a v\u0103zut pe Mine, a v\u0103zut pe Tat\u0103l. (Evanghelia dup\u0103 Ioan, cap.14,9)\t\t\t<\/p>\n\t\t\t\t\t\t\t<div class=\"e-q-footer\">\n\t\t\t\t\t\t\t\t\t\t\t<cite class=\"elementor-blockquote__author\">(Joh 14,9)<\/cite>\n\t\t\t\t\t\t\t\t\t\t\t\t\t\t<\/div>\n\t\t\t\t\t<\/blockquote>\n\t\t\t\t\t\t<\/div>\n\t\t\t\t<div class=\"elementor-element elementor-element-b417377 elementor-widget elementor-widget-text-editor\" data-id=\"b417377\" data-element_type=\"widget\" data-e-type=\"widget\" data-widget_type=\"text-editor.default\">\n\t\t\t\t\t\t\t\t\t<p><strong>\u00cenc\u0103 din perioada cre\u015ftin\u0103 timpurie<\/strong> s-a pomenit at\u00e2t pe cale oral\u0103 c\u00e2t \u015fi \u00een scris despre o \u0163es\u0103tur\u0103 ce-L \u00eenf\u0103\u0163i\u015feaz\u0103 pe Iisus Hristos. Pe de alt\u0103 parte, o serie de denumiri mistice, precum v\u0103lul din Camulia, Mandylion, Acheiropoietoi, n\u0103frama Veronic\u0103i sau Volto Santo au \u00eenso\u0163it marama \u00een lungul ei drum din Ierusalim, prin Odessa, Constantinopol \u015fi Roma la Manoppello, un \u0163inut retras din mun\u0163ii Abruzzen (Italia). <\/p><p>Numeroase \u0163es\u0103turi relicv\u0103, precum <strong>Sudarium de la Oviedo (Nordul Spaniei), Fesul Sf\u00e2nt de la Cahors, Giulgiul de la Torino \u015fi \u021bes\u0103turile de la Kornelim\u00fcnster <\/strong>sunt Sf\u00e2ntul Apostol Ioan face referire la mai multe v\u0103luri \u00een Evanghelia Sa Pascal\u0103.<\/p><p>Blandina Paschalis Schl\u00f6mer, membr\u0103 a ordinului monahal trapist a reu\u015fit prin tehnica de suprapunere \u2013 Supraposition \u2013 s\u0103 aduc\u0103 dovezi concrete, c\u0103 \u00een imaginea de pe marama din Manoppello si cea de pe giulgiul din Torino este vorba despre una si acea\u015fi persoan\u0103. Mai t\u00e2rziu, folose\u015fte aceea\u015fi tehnic\u0103 pentru a analiza \u0163es\u0103tura de la Oviedo \u015fi ajunge la acelea\u015fi rezultate. <\/p><p>Marama din Manoppello este confec\u0163ionat\u0103 din p\u00e2nz\u0103 de byssus, numit\u0103 \u015fi m\u0103tas\u0103 de scoici, acest lucru presupun\u00e2nd o schimbare a maramei in func\u0163ie de reflec\u0163ia luminii.<\/p><p>Relicve, precum giulgiul din Torino, marama din Manoppello dar si icoana Sfintei Fecioare Maria din Guadalupe sau icoana din Absam pot fi denumite icoane acheiropoiete (\u201ene-facut de m\u00e2n\u0103 omeneasc\u0103\u201c).<\/p>\t\t\t\t\t\t\t\t<\/div>\n\t\t\t\t<\/div>\n\t\t<div class=\"elementor-element elementor-element-cce47c0 e-con-full e-flex e-con e-child\" data-id=\"cce47c0\" data-element_type=\"container\" data-e-type=\"container\">\n\t\t\t\t<div class=\"elementor-element elementor-element-2e6101e elementor-widget elementor-widget-video\" data-id=\"2e6101e\" data-element_type=\"widget\" data-e-type=\"widget\" data-settings=\"{&quot;video_type&quot;:&quot;hosted&quot;,&quot;controls&quot;:&quot;yes&quot;}\" data-widget_type=\"video.default\">\n\t\t\t\t\t\t\t<div class=\"e-hosted-video elementor-wrapper elementor-open-inline\">\n\t\t\t\t\t<video class=\"elementor-video\" src=\"https:\/\/www.sudariumchristi.com\/wp-content\/uploads\/2025\/12\/start.mp4\" controls=\"\" preload=\"metadata\" controlsList=\"nodownload\" poster=\"https:\/\/www.sudariumchristi.com\/wp-content\/uploads\/2025\/12\/start.jpg\"><\/video>\n\t\t\t\t<\/div>\n\t\t\t\t\t\t<\/div>\n\t\t\t\t<\/div>\n\t\t\t\t\t<\/div>\n\t\t\t\t<\/div>\n\t\t\t\t<\/div>\n\t\t","protected":false},"excerpt":{"rendered":"<p>Cel ce M-a v\u0103zut pe Mine, a v\u0103zut pe Tat\u0103l. (Evanghelia dup\u0103 Ioan, cap.14,9) (Joh 14,9) \u00cenc\u0103 din perioada cre\u015ftin\u0103 timpurie s-a pomenit at\u00e2t pe cale oral\u0103 c\u00e2t \u015fi \u00een scris despre o \u0163es\u0103tur\u0103 ce-L \u00eenf\u0103\u0163i\u015feaz\u0103 pe Iisus Hristos. Pe de alt\u0103 parte, o serie de denumiri mistice, precum v\u0103lul din Camulia, Mandylion, Acheiropoietoi, n\u0103frama [&hellip;]<\/p>\n","protected":false},"author":1,"featured_media":0,"parent":0,"menu_order":0,"comment_status":"closed","ping_status":"closed","template":"","meta":{"footnotes":""},"class_list":["post-4147","page","type-page","status-publish","hentry"],"_links":{"self":[{"href":"https:\/\/www.sudariumchristi.com\/ro\/wp-json\/wp\/v2\/pages\/4147","targetHints":{"allow":["GET"]}}],"collection":[{"href":"https:\/\/www.sudariumchristi.com\/ro\/wp-json\/wp\/v2\/pages"}],"about":[{"href":"https:\/\/www.sudariumchristi.com\/ro\/wp-json\/wp\/v2\/types\/page"}],"author":[{"embeddable":true,"href":"https:\/\/www.sudariumchristi.com\/ro\/wp-json\/wp\/v2\/users\/1"}],"replies":[{"embeddable":true,"href":"https:\/\/www.sudariumchristi.com\/ro\/wp-json\/wp\/v2\/comments?post=4147"}],"version-history":[{"count":1,"href":"https:\/\/www.sudariumchristi.com\/ro\/wp-json\/wp\/v2\/pages\/4147\/revisions"}],"predecessor-version":[{"id":4150,"href":"https:\/\/www.sudariumchristi.com\/ro\/wp-json\/wp\/v2\/pages\/4147\/revisions\/4150"}],"wp:attachment":[{"href":"https:\/\/www.sudariumchristi.com\/ro\/wp-json\/wp\/v2\/media?parent=4147"}],"curies":[{"name":"wp","href":"https:\/\/api.w.org\/{rel}","templated":true}]}}