{"id":420,"date":"2025-11-05T16:49:46","date_gmt":"2025-11-05T15:49:46","guid":{"rendered":"http:\/\/sudariumchristi.stage.bergwerk-it.de\/maria-din-guadalupe\/nezamislit-de-mana-omeneasca-o-comparatie\/"},"modified":"2025-12-19T13:41:48","modified_gmt":"2025-12-19T12:41:48","slug":"nezamislit-de-mana-omeneasca-o-comparatie","status":"publish","type":"page","link":"https:\/\/www.sudariumchristi.com\/ro\/maria-din-guadalupe\/nezamislit-de-mana-omeneasca-o-comparatie\/","title":{"rendered":"Nez\u0103mislit de m\u00e2n\u0103 omeneasc\u0103 \u2013 o compara\u0163ie"},"content":{"rendered":"\t\t<div data-elementor-type=\"wp-page\" data-elementor-id=\"420\" class=\"elementor elementor-420 elementor-55\" data-elementor-post-type=\"page\">\n\t\t\t\t<div class=\"elementor-element elementor-element-a55d9d8 e-flex e-con-boxed e-con e-parent\" data-id=\"a55d9d8\" data-element_type=\"container\" data-e-type=\"container\">\n\t\t\t\t\t<div class=\"e-con-inner\">\n\t\t\t\t<div class=\"elementor-element elementor-element-fb8fbe6 elementor-widget__width-initial elementor-widget elementor-widget-image-carousel\" data-id=\"fb8fbe6\" data-element_type=\"widget\" data-e-type=\"widget\" data-settings=\"{&quot;slides_to_show&quot;:&quot;1&quot;,&quot;navigation&quot;:&quot;none&quot;,&quot;lazyload&quot;:&quot;yes&quot;,&quot;autoplay&quot;:&quot;yes&quot;,&quot;pause_on_hover&quot;:&quot;yes&quot;,&quot;pause_on_interaction&quot;:&quot;yes&quot;,&quot;autoplay_speed&quot;:5000,&quot;infinite&quot;:&quot;yes&quot;,&quot;effect&quot;:&quot;slide&quot;,&quot;speed&quot;:500}\" data-widget_type=\"image-carousel.default\">\n\t\t\t\t\t\t\t<div class=\"elementor-image-carousel-wrapper swiper\" role=\"region\" aria-roledescription=\"carousel\" aria-label=\"Bild Karussell\" dir=\"ltr\">\n\t\t\t<div class=\"elementor-image-carousel swiper-wrapper swiper-image-stretch\" aria-live=\"off\">\n\t\t\t\t\t\t\t\t<div class=\"swiper-slide\" role=\"group\" aria-roledescription=\"slide\" aria-label=\"1 din 9\"><figure class=\"swiper-slide-inner\"><img class=\"swiper-slide-image swiper-lazy\" data-src=\"https:\/\/www.sudariumchristi.com\/wp-content\/uploads\/2025\/12\/la-villa_07.jpg\" alt=\"La Villa, Mexico D.F.\" \/><div class=\"swiper-lazy-preloader\"><\/div><figcaption class=\"elementor-image-carousel-caption\">La Villa, Mexico D.F.<\/figcaption><\/figure><\/div><div class=\"swiper-slide\" role=\"group\" aria-roledescription=\"slide\" aria-label=\"2 din 9\"><figure class=\"swiper-slide-inner\"><img class=\"swiper-slide-image swiper-lazy\" data-src=\"https:\/\/www.sudariumchristi.com\/wp-content\/uploads\/2025\/12\/la-villa_08.jpg\" alt=\"La Villa, Mexico D.F.\" \/><div class=\"swiper-lazy-preloader\"><\/div><figcaption class=\"elementor-image-carousel-caption\">La Villa, Mexico D.F.<\/figcaption><\/figure><\/div><div class=\"swiper-slide\" role=\"group\" aria-roledescription=\"slide\" aria-label=\"3 din 9\"><figure class=\"swiper-slide-inner\"><img class=\"swiper-slide-image swiper-lazy\" data-src=\"https:\/\/www.sudariumchristi.com\/wp-content\/uploads\/2025\/12\/la-villa_09.jpg\" alt=\"La Villa, Mexico D.F.\" \/><div class=\"swiper-lazy-preloader\"><\/div><figcaption class=\"elementor-image-carousel-caption\">La Villa, Mexico D.F.<\/figcaption><\/figure><\/div><div class=\"swiper-slide\" role=\"group\" aria-roledescription=\"slide\" aria-label=\"4 din 9\"><figure class=\"swiper-slide-inner\"><img class=\"swiper-slide-image swiper-lazy\" data-src=\"https:\/\/www.sudariumchristi.com\/wp-content\/uploads\/2025\/12\/la-villa_10.jpg\" alt=\"La Villa, Mexico D.F.\" \/><div class=\"swiper-lazy-preloader\"><\/div><figcaption class=\"elementor-image-carousel-caption\">La Villa, Mexico D.F.<\/figcaption><\/figure><\/div><div class=\"swiper-slide\" role=\"group\" aria-roledescription=\"slide\" aria-label=\"5 din 9\"><figure class=\"swiper-slide-inner\"><img class=\"swiper-slide-image swiper-lazy\" data-src=\"https:\/\/www.sudariumchristi.com\/wp-content\/uploads\/2025\/12\/la-villa_11.jpg\" alt=\"La Villa, Mexico D.F.\" \/><div class=\"swiper-lazy-preloader\"><\/div><figcaption class=\"elementor-image-carousel-caption\">La Villa, Mexico D.F.<\/figcaption><\/figure><\/div><div class=\"swiper-slide\" role=\"group\" aria-roledescription=\"slide\" aria-label=\"6 din 9\"><figure class=\"swiper-slide-inner\"><img class=\"swiper-slide-image swiper-lazy\" data-src=\"https:\/\/www.sudariumchristi.com\/wp-content\/uploads\/2025\/12\/capilla-del-pocito_01.jpg\" alt=\"Capilla del Pocito\" \/><div class=\"swiper-lazy-preloader\"><\/div><figcaption class=\"elementor-image-carousel-caption\">Capilla del Pocito<\/figcaption><\/figure><\/div><div class=\"swiper-slide\" role=\"group\" aria-roledescription=\"slide\" aria-label=\"7 din 9\"><figure class=\"swiper-slide-inner\"><img class=\"swiper-slide-image swiper-lazy\" data-src=\"https:\/\/www.sudariumchristi.com\/wp-content\/uploads\/2025\/12\/basilica_01.jpg\" alt=\"Basilica del Volto Santo, Manoppello\" \/><div class=\"swiper-lazy-preloader\"><\/div><figcaption class=\"elementor-image-carousel-caption\">Basilica del Volto Santo, Manoppello<\/figcaption><\/figure><\/div><div class=\"swiper-slide\" role=\"group\" aria-roledescription=\"slide\" aria-label=\"8 din 9\"><figure class=\"swiper-slide-inner\"><img class=\"swiper-slide-image swiper-lazy\" data-src=\"https:\/\/www.sudariumchristi.com\/wp-content\/uploads\/2025\/12\/la-villa_12.jpg\" alt=\"La Villa, Mexico D.F.\" \/><div class=\"swiper-lazy-preloader\"><\/div><figcaption class=\"elementor-image-carousel-caption\">La Villa, Mexico D.F.<\/figcaption><\/figure><\/div><div class=\"swiper-slide\" role=\"group\" aria-roledescription=\"slide\" aria-label=\"9 din 9\"><figure class=\"swiper-slide-inner\"><img class=\"swiper-slide-image swiper-lazy\" data-src=\"https:\/\/www.sudariumchristi.com\/wp-content\/uploads\/2025\/12\/la-villa_13.jpg\" alt=\"La Villa, Mexico D.F.\" \/><div class=\"swiper-lazy-preloader\"><\/div><figcaption class=\"elementor-image-carousel-caption\">La Villa, Mexico D.F.<\/figcaption><\/figure><\/div>\t\t\t<\/div>\n\t\t\t\t\t\t\t\n\t\t\t\t\t\t\t\t\t<\/div>\n\t\t\t\t\t\t<\/div>\n\t\t\t\t<div class=\"elementor-element elementor-element-12396a9 elementor-widget elementor-widget-text-editor\" data-id=\"12396a9\" data-element_type=\"widget\" data-e-type=\"widget\" data-widget_type=\"text-editor.default\">\n\t\t\t\t\t\t\t\t\t<div class=\"main\"><p class=\"txt1\">Datorit\u0103 perspectivei lor frontale, giulgiul de la Torino \u015fi marama de la Manoppello dau impresia unei fotografii, unei imagini biometrice. Spre deosebire de acestea, portretul Mariei din Guadalupe aminte\u015fte \u00een mare m\u0103sur\u0103 de o pictur\u0103 artistic\u0103. Pare c\u0103 la crearea acesteia s-au folosit diferite elemente de pictur\u0103, precum uleiul, tempera, acuarela \u015fi tempera prelucrat\u0103. Cu toate acestea \u00eens\u0103, pe materialul cu imaginea imprimat\u0103 a Fecioarei nu se poate distinge vreo urm\u0103 de pensul\u0103.  <\/p><p class=\"txt1\">\u015etim c\u0103 materialele folosite \u00een vremea aceea la \u00eenmorm\u00e2nt\u0103ri erau de o calitate superioar\u0103. \u0162es\u0103tura ce ne-o \u00eenf\u0103\u0163i\u015feaz\u0103 pe Maria din Guadalupe este \u00eens\u0103 una de calitate inferioar\u0103, care nu poate fi conservat\u0103 mai mult de 20 de ani. Aceast\u0103 tilm\u0103, pe care Juan Diego a purtat-o ca un fel de cap\u0103 roman\u0103, este format\u0103 dintr-un material foarte aspru, asemenea fibrelor unei agave. Pentru a putea picta pe un astfel de material, e nevoie de un grund (apret). Acesta \u00eens\u0103 lipse\u015fte, deoarece motivul putem deslu\u015fi motivul \u015fi din partea din spate. De\u015fi exist\u0103 unele iregularit\u0103\u0163i pe material, ce confer\u0103 fe\u0163ei profunzime, suprafa\u0163a r\u0103m\u00e2ne una neted\u0103. Pentru oamenii de \u015ftiin\u0163\u0103 acest lucru r\u0103m\u00e2ne inexplicabil. Spre deosebire de marama din Manoppello, a c\u0103rei portret \u00eel putem observa din ambele p\u0103r\u0163i, portretul Mariei din Guadalupe d\u0103 dovad\u0103 de o transparen\u0163\u0103 unilateral\u0103. Exist\u0103 pe tilm\u0103 o pat\u0103 de culoare verde, pe care nu o putem dstinge din spate.      <\/p><p class=\"txt1\">La fel ca \u015fi celelalte \u0163es\u0103turi, pare c\u0103 este vorba de un portret \u00een m\u0103rime natural. Chipul ei firav de aprox. 1,43 metri este imprimat pe o suprafa\u0163\u0103 de circa 1,67 lungime \u015fi 1,05 l\u0103\u0163ime. De la distan\u0163\u0103, portretul pare mai mare \u015fi mai clar.<\/p><p class=\"txt1\">Compar\u00e2nd cu giulgiul \u015fi marama, portretul Mariei din Guadalupe a fost \u015fi este accesibil maselor de oameni \u00eenc\u0103 de la apari\u0163ia lui. De aici putem deduce faptul c\u0103 o perioad\u0103 lung\u0103 de timp, acesta nu a fost deloc p\u0103zit. Portretul se afl\u0103 de altfel \u00eentr-o stare foarte bun\u0103, \u0163in\u00e2nd cont de multe fenomene, precum influen\u0163e nocive de temperatur\u0103, lumina de la lum\u00e2n\u0103ri, funingine \u015fi t\u0103m\u00e2ie, atingerile pelerinilor, un accident cu acid nitric \u015fi un atentat asupra ei, fenomene, ce ar fi putut distruge nu doar materialul ci \u015fi culorile. Tonurile de culoare roz de pe portret pot fi distinse \u00een mod miraculos cu ajutorul tehnologiei moderne cu lumin\u0103 infrarot. Orice urm\u0103 de colorant vegetal ori mineral este exclus\u0103. Precum \u015fi \u00een cazul maramei \u015fi a aripilor de fluturi, culorile, ce par a se schimba \u00een func\u0163ie de perspectiv\u0103, se produc prin refraxie de lumin\u0103.   <\/p><p class=\"txt1\">O importan\u0163\u0103 deosebit\u0103 la acest Acheiropoietos (\u201eNez\u0103mislit de m\u00e2n\u0103 omeneasc\u0103\u201c) o au ochii Fecioarei. Din dep\u0103rtare, ace\u015ftia par a fi \u00eenchi\u015fi. In sec. al 19-lea s-au descoperit o serie de fenomene la nivel de reflexie a luminii asupra ochiului omenesc (Helmholtz) \u015fi alte reflexii (Purkinje-Samson), fenomene, care pot fi transpuse asupra portretului Mariei din Guadalupe. Pe deasupra, \u00een pupilele acesteia se reflect\u0103 scena form\u0103rii imaginii, asemenea unui ochi viu, cu distorsion\u0103rile cauzate de \u00eencovoierile corneei \u015fi dislocarea la nivelul celui de-al doilea ochi. Pe cristalinul ochilor ei avem reflexia vie a \u00eentregului grup de persoane, care au participat la acest eveniment istoric.    <\/p><\/div>\t\t\t\t\t\t\t\t<\/div>\n\t\t\t\t\t<\/div>\n\t\t\t\t<\/div>\n\t\t\t\t<\/div>\n\t\t","protected":false},"excerpt":{"rendered":"<p>La Villa, Mexico D.F. La Villa, Mexico D.F. La Villa, Mexico D.F. La Villa, Mexico D.F. La Villa, Mexico D.F. Capilla del Pocito Basilica del Volto Santo, Manoppello La Villa, Mexico D.F. La Villa, Mexico D.F. Datorit\u0103 perspectivei lor frontale, giulgiul de la Torino \u015fi marama de la Manoppello dau impresia unei fotografii, unei imagini [&hellip;]<\/p>\n","protected":false},"author":1,"featured_media":0,"parent":404,"menu_order":0,"comment_status":"closed","ping_status":"closed","template":"","meta":{"footnotes":""},"class_list":["post-420","page","type-page","status-publish","hentry"],"_links":{"self":[{"href":"https:\/\/www.sudariumchristi.com\/ro\/wp-json\/wp\/v2\/pages\/420","targetHints":{"allow":["GET"]}}],"collection":[{"href":"https:\/\/www.sudariumchristi.com\/ro\/wp-json\/wp\/v2\/pages"}],"about":[{"href":"https:\/\/www.sudariumchristi.com\/ro\/wp-json\/wp\/v2\/types\/page"}],"author":[{"embeddable":true,"href":"https:\/\/www.sudariumchristi.com\/ro\/wp-json\/wp\/v2\/users\/1"}],"replies":[{"embeddable":true,"href":"https:\/\/www.sudariumchristi.com\/ro\/wp-json\/wp\/v2\/comments?post=420"}],"version-history":[{"count":6,"href":"https:\/\/www.sudariumchristi.com\/ro\/wp-json\/wp\/v2\/pages\/420\/revisions"}],"predecessor-version":[{"id":3647,"href":"https:\/\/www.sudariumchristi.com\/ro\/wp-json\/wp\/v2\/pages\/420\/revisions\/3647"}],"up":[{"embeddable":true,"href":"https:\/\/www.sudariumchristi.com\/ro\/wp-json\/wp\/v2\/pages\/404"}],"wp:attachment":[{"href":"https:\/\/www.sudariumchristi.com\/ro\/wp-json\/wp\/v2\/media?parent=420"}],"curies":[{"name":"wp","href":"https:\/\/api.w.org\/{rel}","templated":true}]}}