{"id":429,"date":"2025-11-05T16:49:54","date_gmt":"2025-11-05T15:49:54","guid":{"rendered":"http:\/\/sudariumchristi.stage.bergwerk-it.de\/maria-din-guadalupe\/soare-luna-si-stele\/"},"modified":"2025-12-19T13:45:57","modified_gmt":"2025-12-19T12:45:57","slug":"soare-luna-si-stele","status":"publish","type":"page","link":"https:\/\/www.sudariumchristi.com\/ro\/maria-din-guadalupe\/soare-luna-si-stele\/","title":{"rendered":"Soare, lun\u0103 \u015fi stele"},"content":{"rendered":"\t\t<div data-elementor-type=\"wp-page\" data-elementor-id=\"429\" class=\"elementor elementor-429 elementor-56\" data-elementor-post-type=\"page\">\n\t\t\t\t<div class=\"elementor-element elementor-element-e618e8f e-flex e-con-boxed e-con e-parent\" data-id=\"e618e8f\" data-element_type=\"container\" data-e-type=\"container\">\n\t\t\t\t\t<div class=\"e-con-inner\">\n\t\t\t\t<div class=\"elementor-element elementor-element-5de1774 elementor-blockquote--skin-quotation elementor-blockquote--align-left elementor-widget elementor-widget-blockquote\" data-id=\"5de1774\" data-element_type=\"widget\" data-e-type=\"widget\" data-widget_type=\"blockquote.default\">\n\t\t\t\t\t\t\t<blockquote class=\"elementor-blockquote\">\n\t\t\t<p class=\"elementor-blockquote__content\">\n\t\t\t\t\u201e\u015ei-un mare semn s-a ar\u0103tat \u00een cer: O Femeie \u00eenve\u015fm\u00e2ntat\u0103 cu soarele; \u015fi sub picioarele ei, luna; \u015fi pe capul s\u0103u, o cunun\u0103 din dou\u0103sprezece stele.\u201c\n(Apocalipsa lui Ioan 12,1)\t\t\t<\/p>\n\t\t\t\t\t\t\t<div class=\"e-q-footer\">\n\t\t\t\t\t\t\t\t\t\t\t<cite class=\"elementor-blockquote__author\">\u2013 Ps 126,5 f.<\/cite>\n\t\t\t\t\t\t\t\t\t\t\t\t\t\t<\/div>\n\t\t\t\t\t<\/blockquote>\n\t\t\t\t\t\t<\/div>\n\t\t\t\t<div class=\"elementor-element elementor-element-b8a4e96 elementor-widget__width-initial elementor-widget elementor-widget-image-carousel\" data-id=\"b8a4e96\" data-element_type=\"widget\" data-e-type=\"widget\" data-settings=\"{&quot;slides_to_show&quot;:&quot;1&quot;,&quot;navigation&quot;:&quot;none&quot;,&quot;lazyload&quot;:&quot;yes&quot;,&quot;autoplay&quot;:&quot;yes&quot;,&quot;pause_on_hover&quot;:&quot;yes&quot;,&quot;pause_on_interaction&quot;:&quot;yes&quot;,&quot;autoplay_speed&quot;:5000,&quot;infinite&quot;:&quot;yes&quot;,&quot;effect&quot;:&quot;slide&quot;,&quot;speed&quot;:500}\" data-widget_type=\"image-carousel.default\">\n\t\t\t\t\t\t\t<div class=\"elementor-image-carousel-wrapper swiper\" role=\"region\" aria-roledescription=\"carousel\" aria-label=\"Bild Karussell\" dir=\"ltr\">\n\t\t\t<div class=\"elementor-image-carousel swiper-wrapper swiper-image-stretch\" aria-live=\"off\">\n\t\t\t\t\t\t\t\t<div class=\"swiper-slide\" role=\"group\" aria-roledescription=\"slide\" aria-label=\"1 din 8\"><figure class=\"swiper-slide-inner\"><img class=\"swiper-slide-image swiper-lazy\" data-src=\"https:\/\/www.sudariumchristi.com\/wp-content\/uploads\/2025\/12\/la-villa_14.jpg\" alt=\"La Villa, Mexico D.F.\" \/><div class=\"swiper-lazy-preloader\"><\/div><figcaption class=\"elementor-image-carousel-caption\">La Villa, Mexico D.F.<\/figcaption><\/figure><\/div><div class=\"swiper-slide\" role=\"group\" aria-roledescription=\"slide\" aria-label=\"2 din 8\"><figure class=\"swiper-slide-inner\"><img class=\"swiper-slide-image swiper-lazy\" data-src=\"https:\/\/www.sudariumchristi.com\/wp-content\/uploads\/2025\/12\/la-villa_15.jpg\" alt=\"La Villa, Mexico D.F.\" \/><div class=\"swiper-lazy-preloader\"><\/div><figcaption class=\"elementor-image-carousel-caption\">La Villa, Mexico D.F.<\/figcaption><\/figure><\/div><div class=\"swiper-slide\" role=\"group\" aria-roledescription=\"slide\" aria-label=\"3 din 8\"><figure class=\"swiper-slide-inner\"><img class=\"swiper-slide-image swiper-lazy\" data-src=\"https:\/\/www.sudariumchristi.com\/wp-content\/uploads\/2025\/12\/la-villa_16.jpg\" alt=\"La Villa, Mexico D.F.\" \/><div class=\"swiper-lazy-preloader\"><\/div><figcaption class=\"elementor-image-carousel-caption\">La Villa, Mexico D.F.<\/figcaption><\/figure><\/div><div class=\"swiper-slide\" role=\"group\" aria-roledescription=\"slide\" aria-label=\"4 din 8\"><figure class=\"swiper-slide-inner\"><img class=\"swiper-slide-image swiper-lazy\" data-src=\"https:\/\/www.sudariumchristi.com\/wp-content\/uploads\/2025\/12\/la-villa_17.jpg\" alt=\"La Villa, Mexico D.F.\" \/><div class=\"swiper-lazy-preloader\"><\/div><figcaption class=\"elementor-image-carousel-caption\">La Villa, Mexico D.F.<\/figcaption><\/figure><\/div><div class=\"swiper-slide\" role=\"group\" aria-roledescription=\"slide\" aria-label=\"5 din 8\"><figure class=\"swiper-slide-inner\"><img class=\"swiper-slide-image swiper-lazy\" data-src=\"https:\/\/www.sudariumchristi.com\/wp-content\/uploads\/2025\/12\/la-villa_18.jpg\" alt=\"La Villa, Mexico D.F.\" \/><div class=\"swiper-lazy-preloader\"><\/div><figcaption class=\"elementor-image-carousel-caption\">La Villa, Mexico D.F.<\/figcaption><\/figure><\/div><div class=\"swiper-slide\" role=\"group\" aria-roledescription=\"slide\" aria-label=\"6 din 8\"><figure class=\"swiper-slide-inner\"><img class=\"swiper-slide-image swiper-lazy\" data-src=\"https:\/\/www.sudariumchristi.com\/wp-content\/uploads\/2025\/12\/la-villa_19.jpg\" alt=\"La Villa, Mexico D.F.\" \/><div class=\"swiper-lazy-preloader\"><\/div><figcaption class=\"elementor-image-carousel-caption\">La Villa, Mexico D.F.<\/figcaption><\/figure><\/div><div class=\"swiper-slide\" role=\"group\" aria-roledescription=\"slide\" aria-label=\"7 din 8\"><figure class=\"swiper-slide-inner\"><img class=\"swiper-slide-image swiper-lazy\" data-src=\"https:\/\/www.sudariumchristi.com\/wp-content\/uploads\/2025\/12\/la-villa_20.jpg\" alt=\"La Villa, Mexico D.F.\" \/><div class=\"swiper-lazy-preloader\"><\/div><figcaption class=\"elementor-image-carousel-caption\">La Villa, Mexico D.F.<\/figcaption><\/figure><\/div><div class=\"swiper-slide\" role=\"group\" aria-roledescription=\"slide\" aria-label=\"8 din 8\"><figure class=\"swiper-slide-inner\"><img class=\"swiper-slide-image swiper-lazy\" data-src=\"https:\/\/www.sudariumchristi.com\/wp-content\/uploads\/2025\/12\/la-villa_21.jpg\" alt=\"La Villa, Mexico D.F.\" \/><div class=\"swiper-lazy-preloader\"><\/div><figcaption class=\"elementor-image-carousel-caption\">La Villa, Mexico D.F.<\/figcaption><\/figure><\/div>\t\t\t<\/div>\n\t\t\t\t\t\t\t\n\t\t\t\t\t\t\t\t\t<\/div>\n\t\t\t\t\t\t<\/div>\n\t\t\t\t<div class=\"elementor-element elementor-element-9c94565 elementor-widget elementor-widget-text-editor\" data-id=\"9c94565\" data-element_type=\"widget\" data-e-type=\"widget\" data-widget_type=\"text-editor.default\">\n\t\t\t\t\t\t\t\t\t<p class=\"txt1\">Pe sudarium \u015fi pe giulgiul din Turin nu se reg\u0103sesc elemente de \u00eembr\u0103c\u0103minte, care s\u0103 ne distrag\u0103 aten\u0163ia. Nu tot la fel ni se prezint\u0103 Fecioara Maria din Gudalupe, care ne apare, cu excep\u0163ia fe\u0163ei \u015fi a m\u00e2inilor, complet \u00eenv\u0103luit\u0103. Ea apare pe nori, \u00eenconjurat\u0103 de raze de soare, st\u00e2nd pe o semilun\u0103 neagr\u0103, sub care plute\u015fte un \u00eenger. Aceast\u0103 ilustrare este bogat\u0103 \u00een simboluri, ce pot fi descifrate cu ajutorul limbajului de imagine aztec.  <\/p><p class=\"txt1\">Tenul Feciarei este u\u015for \u00eenchis iar p\u0103rul, pe care \u00eel poart\u0103 desf\u0103cut, de culoare neagr\u0103. Acest lucru reprezint\u0103 pentru azteci un indiciu, c\u0103 Fecioara este \u00eens\u0103rcinat\u0103. M\u00e2inile \u00eempreunate \u015fi de culori u\u015for diferite- m\u00e2na dreapt\u0103 de culoare mai deschis\u0103, cea st\u00e2ng\u0103 mai \u00eenchis\u0103- pot simboliza unirea a dou\u0103 popoare. <\/p><p class=\"txt1\">Numeroasele ornamente ale tunicii trimit cu g\u00e2ndul la p\u0103m\u00e2ntul \u015fi v\u0103ile mexicane, precum \u015fi la istoria poporului aztec. Sub m\u00e2inile \u00eempreunate ale Fecioarei se pot observa panglicile negre ale unei curele, care indic\u0103 o sarcin\u0103. Marginile \u00een form\u0103 de trapez fac referire la o na\u015ftere apropiat\u0103. \u00cen locul unde pruncul nen\u0103scut se odihne\u015fte \u00een p\u00e2ntecul mamei, se afl\u0103 o floare de iasomie cu patru petale (\u201eNahui Ollin\u201c), ce reprezint\u0103 centrul de spa\u0163iu \u015fi de timp \u015fi indic\u0103 prezen\u0163a zeului creator aztec. Acest motiv are un rol principal pe piatra calendarului aztec. La o m\u0103rire a imaginii se poate de asemenea observa chipul unui sugar cresc\u00e2nd.     <\/p><p class=\"txt1\">Mantaua Fecioarei este de culoare verde-albastr\u0103, culori ale \u00eemp\u0103ra\u0163ilor azteci, semne ale divinit\u0103\u0163ii \u015fi a universului. Aceasta este \u00eempodobit\u0103 cu 46 de stele, ce redau harta cerului de pe data de 12 decembrie 1531 (v\u0103zut\u0103 de sus). <\/p><p class=\"txt1\">Apari\u0163ia icoanei miraculoase, chiar \u00een acel moment, nu este deloc o coinciden\u0163\u0103, \u00eentruc\u00e2t \u00een aceea\u015fi zi a avut loc solsti\u0163iul de iarn\u0103, care avea s\u0103 prezic\u0103 pentru azteci na\u015fterea noului soare, \u00eentoarcerea la via\u0163\u0103. Cometa Halley ajunge la zenit \u015fi \u00een cadrul unei conjunc\u0163ii dintre soare \u015fi planeta Venus, cele dou\u0103 corpuri solare se \u00eent\u00e2lnesc. Acest fenomen este \u00eent\u00e2lnit doar o singur\u0103 dat\u0103 la aprox. opt ani. Aztecii \u00eel interpreteaz\u0103 drept \u00eentoarcere a zeului creator Venus. Pe icoan\u0103, Fecioara \u00ee\u015fi manifest\u0103 \u00eent\u00e2ietatea fa\u0163\u0103 de acest zeu al soarelui, deoarece ea acoper\u0103 soarele ce d\u0103 s\u0103 apun\u0103 \u015fi care o cuprinde cu razele lui ca pe o f\u0103ptur\u0103 divin\u0103.   <\/p><p class=\"txt1\">\u00cen limbajul b\u0103\u015ftina\u015filor, Mexic are semnifica\u0163ia de \u201eMijloc al Lunii\u201c. \u00cen acela\u015fi timp, semiluna este simbolul zeului \u015farpe cu pene Quetzalc\u00f3atl. \u00cen acest fel, imaginea Fecioarei Maria pe semilun\u0103 face aluzie la pozi\u0163ia inferioar\u0103 a zeului aztec. Este posibil ca numele de Guadalupe s\u0103 fi ap\u0103rut \u00een urma unei gre\u015feli de auz din limba Coatlaxopeuh, \u00eensemn\u00e2nd \u201e\u00cenving\u0103toarea \u015earpelui\u201c. Dincolo de toate acestea, luna reprezint\u0103 un simbol al fertilit\u0103\u0163ii.   <\/p><p class=\"txt1\">Adesea \u00eengerul cu aripi de vultur este identificat cu Juan Diego. De aici \u015fi semnifica\u0163ia numelui \u00een limba indian\u0103: \u201eCel care gr\u0103ie\u015fte ca un vultur\u201c. Cu o m\u00e2n\u0103 la cer \u015fi cu una la cap\u0103, el reprezint\u0103 unitatea dintre cer \u015fi p\u0103m\u00e2nt. Se presupune c\u0103 \u00eengerul, \u00eempreun\u0103 cu alte c\u00e2teva elemente ar fi ap\u0103rut mai t\u00e2rziu \u00een imagine. Posibil ca monahii s\u0103 fi recurs la un astfel de obicei, tocmai din dorin\u0163a ca imaginea Fecioarei s\u0103 corespund\u0103 mai bine cu imagina\u0163ia lor.   <\/p><p class=\"txt1\">\u0162in\u00e2nd cont de locul unde s-a ar\u0103tat Fecioara, de timpul \u00een care a ap\u0103rut, de \u00eenf\u0103\u0163i\u015fare \u015fi simboluri, Maria din Guadalupe reprezint\u0103 o contopire perfect\u0103 a trecutului aztec \u015fi al cre\u015ftinismului autohton, a lumii vechi \u015fi a lumii noi. Apari\u0163ia ei a avut drept urmare convertirea la credin\u0163a catolic\u0103 a milioane de azteci, care \u00eenainte au refuzat vehement s\u0103-L \u00eembr\u0103\u0163i\u015feze pe Hristos. <\/p>\t\t\t\t\t\t\t\t<\/div>\n\t\t\t\t\t<\/div>\n\t\t\t\t<\/div>\n\t\t<div class=\"elementor-element elementor-element-46a1bdf e-flex e-con-boxed e-con e-parent\" data-id=\"46a1bdf\" data-element_type=\"container\" data-e-type=\"container\">\n\t\t\t\t\t<div class=\"e-con-inner\">\n\t\t\t\t\t<\/div>\n\t\t\t\t<\/div>\n\t\t\t\t<\/div>\n\t\t","protected":false},"excerpt":{"rendered":"<p>\u201e\u015ei-un mare semn s-a ar\u0103tat \u00een cer: O Femeie \u00eenve\u015fm\u00e2ntat\u0103 cu soarele; \u015fi sub picioarele ei, luna; \u015fi pe capul s\u0103u, o cunun\u0103 din dou\u0103sprezece stele.\u201c (Apocalipsa lui Ioan 12,1) \u2013 Ps 126,5 f. La Villa, Mexico D.F. La Villa, Mexico D.F. La Villa, Mexico D.F. La Villa, Mexico D.F. La Villa, Mexico D.F. La [&hellip;]<\/p>\n","protected":false},"author":1,"featured_media":0,"parent":404,"menu_order":0,"comment_status":"closed","ping_status":"closed","template":"","meta":{"footnotes":""},"class_list":["post-429","page","type-page","status-publish","hentry"],"_links":{"self":[{"href":"https:\/\/www.sudariumchristi.com\/ro\/wp-json\/wp\/v2\/pages\/429","targetHints":{"allow":["GET"]}}],"collection":[{"href":"https:\/\/www.sudariumchristi.com\/ro\/wp-json\/wp\/v2\/pages"}],"about":[{"href":"https:\/\/www.sudariumchristi.com\/ro\/wp-json\/wp\/v2\/types\/page"}],"author":[{"embeddable":true,"href":"https:\/\/www.sudariumchristi.com\/ro\/wp-json\/wp\/v2\/users\/1"}],"replies":[{"embeddable":true,"href":"https:\/\/www.sudariumchristi.com\/ro\/wp-json\/wp\/v2\/comments?post=429"}],"version-history":[{"count":5,"href":"https:\/\/www.sudariumchristi.com\/ro\/wp-json\/wp\/v2\/pages\/429\/revisions"}],"predecessor-version":[{"id":3760,"href":"https:\/\/www.sudariumchristi.com\/ro\/wp-json\/wp\/v2\/pages\/429\/revisions\/3760"}],"up":[{"embeddable":true,"href":"https:\/\/www.sudariumchristi.com\/ro\/wp-json\/wp\/v2\/pages\/404"}],"wp:attachment":[{"href":"https:\/\/www.sudariumchristi.com\/ro\/wp-json\/wp\/v2\/media?parent=429"}],"curies":[{"name":"wp","href":"https:\/\/api.w.org\/{rel}","templated":true}]}}