{"id":500,"date":"2025-11-05T16:52:22","date_gmt":"2025-11-05T15:52:22","guid":{"rendered":"http:\/\/sudariumchristi.stage.bergwerk-it.de\/informatii-utile\/punct-de-pornire\/"},"modified":"2025-12-16T14:05:33","modified_gmt":"2025-12-16T13:05:33","slug":"punct-de-pornire","status":"publish","type":"page","link":"https:\/\/www.sudariumchristi.com\/ro\/informatii-utile\/punct-de-pornire\/","title":{"rendered":"Punct de pornire"},"content":{"rendered":"\t\t<div data-elementor-type=\"wp-page\" data-elementor-id=\"500\" class=\"elementor elementor-500 elementor-72\" data-elementor-post-type=\"page\">\n\t\t\t\t<div class=\"elementor-element elementor-element-9e5099a e-flex e-con-boxed e-con e-parent\" data-id=\"9e5099a\" data-element_type=\"container\" data-e-type=\"container\">\n\t\t\t\t\t<div class=\"e-con-inner\">\n\t\t<div class=\"elementor-element elementor-element-a1b1b55 e-con-full e-flex e-con e-child\" data-id=\"a1b1b55\" data-element_type=\"container\" data-e-type=\"container\">\n\t\t\t\t<div class=\"elementor-element elementor-element-807fd2f elementor-widget elementor-widget-text-editor\" data-id=\"807fd2f\" data-element_type=\"widget\" data-e-type=\"widget\" data-widget_type=\"text-editor.default\">\n\t\t\t\t\t\t\t\t\t<p class=\"directions\">Manoppello ist eine italienische Gemeinde mit ca. 6.700 Einwohnern in der Provinz Pescara in den Abruzzen, ca. 30 km westlich von Pescara (Adria) und ca. 2 Autostunden nord\u00f6stlich von Rom gelegen.<\/p><p class=\"directions\">Accesul \u00een biseric\u0103 este mereu permis. Pentru a ajunge \u00eensa \u00een imediata apropiere a maramei, \u00een spatele altarului, este necesar a urca \u00eenca o treapt\u0103. <\/p><p class=\"directions\">CU AUTOVEHICULUL<br><b>De la Roma<\/b> urma\u0163i autostrada A 25 \u00een direc\u0163ia Pescara, ie\u015fi\u0163i de pe autostrad\u0103 la Alanno-Scafa iar apoi urma\u0163i indicatoarele spre biserica \u201eSantuario del Volto Santo.\u201c<br><b>De la Pescara<\/b> urma\u0163i drumul na\u0163ional Ss 5 (Tiburtina-Valeria) \u00een direc\u0163ia Popoli, ie\u015fi\u0163i la Ponte Alba iar apoi urma\u0163i indicatoarele spre biserica \u201eSantuario del Volto Santo.\u201c<br><b>De la Bologna<\/b> urma\u0163i autostrada A 14 spre sud iar apoi de la Pescara autostrada A25 \u00een direc\u0163ia Roma. Ie\u015fi\u0163i de pe autostrad\u0103 la Alanno-Scafa \u015fi urma\u0163i indicatoarele spre biserica \u201eSantuario del Volto Santo\u201c.<br><b>De la Bari <\/b>urma\u0163i autostrada A 14 spre nord iar apoi de la Pescara autostrada A25 \u00een direc\u0163ia Roma. Ie\u015fi\u0163i de pe autostrad\u0103 la Alanno-Scafa \u015fi urma\u0163i indicatoarele spre biserica \u201eSantuario del Volto Santo\u201c.<\/p><p class=\"directions\">CU AUTOBUSUL<br><b>De la Roma,<\/b> cu plecare de la sta\u0163ia feroviar\u0103 Tiburtina \u00een direc\u0163ia Pescara iar \u00een Pescara lua\u0163i linia de autobus ARPA Pescara-Manoppello-Serramonacesca<br><a href=\"http:\/\/www.gruppolapanoramica.it\/\">www.gruppolapanoramica.it<\/a><br><a href=\"http:\/\/www.arpaonline.com\/\">www.arpaonline.com<\/a><br><a href=\"http:\/\/www.regione.abruzzo.it\/turismo\">www.regione.abruzzo.it\/turismo<\/a><\/p><p class=\"directions\">CU TRENUL<br><b>De la Roma,<\/b> cu plecare de la sta\u0163ia Tiburtina \u00een direc\u0163a Pescara \u015fi cobor\u00e2re la gara din Manoppello Scalo<br><b>De la Pescara <\/b>\u00een direc\u0163ia Sulmona-Roma cu cobor\u00e2re \u00een gara din Manoppello Scalo<br><a href=\"http:\/\/www.trenitalia.com\/\">www.trenitalia.com<\/a><\/p><p class=\"directions\">CU AVIONUL<br>Aeroporto Internazionale d\u00b4Abruzzo in Pescara<br><a href=\"http:\/\/www.abruzzoairport.com\/\">www.abruzzoairport.com<\/a><\/p>\t\t\t\t\t\t\t\t<\/div>\n\t\t\t\t<\/div>\n\t\t<div class=\"elementor-element elementor-element-7ccfff7 e-con-full e-flex e-con e-child\" data-id=\"7ccfff7\" data-element_type=\"container\" data-e-type=\"container\">\n\t\t\t\t<div class=\"elementor-element elementor-element-1f5fe77 elementor-widget elementor-widget-image\" data-id=\"1f5fe77\" data-element_type=\"widget\" data-e-type=\"widget\" data-widget_type=\"image.default\">\n\t\t\t\t\t\t\t\t\t\t\t\t\t\t\t<img fetchpriority=\"high\" decoding=\"async\" width=\"300\" height=\"300\" src=\"https:\/\/www.sudariumchristi.com\/wp-content\/uploads\/2025\/12\/anfahrt.gif\" class=\"attachment-large size-large wp-image-1681\" alt=\"\" \/>\t\t\t\t\t\t\t\t\t\t\t\t\t\t\t<\/div>\n\t\t\t\t<\/div>\n\t\t\t\t\t<\/div>\n\t\t\t\t<\/div>\n\t\t\t\t<\/div>\n\t\t","protected":false},"excerpt":{"rendered":"<p>Manoppello ist eine italienische Gemeinde mit ca. 6.700 Einwohnern in der Provinz Pescara in den Abruzzen, ca. 30 km westlich von Pescara (Adria) und ca. 2 Autostunden nord\u00f6stlich von Rom gelegen. Accesul \u00een biseric\u0103 este mereu permis. Pentru a ajunge \u00eensa \u00een imediata apropiere a maramei, \u00een spatele altarului, este necesar a urca \u00eenca o [&hellip;]<\/p>\n","protected":false},"author":1,"featured_media":0,"parent":452,"menu_order":0,"comment_status":"closed","ping_status":"closed","template":"","meta":{"footnotes":""},"class_list":["post-500","page","type-page","status-publish","hentry"],"_links":{"self":[{"href":"https:\/\/www.sudariumchristi.com\/ro\/wp-json\/wp\/v2\/pages\/500","targetHints":{"allow":["GET"]}}],"collection":[{"href":"https:\/\/www.sudariumchristi.com\/ro\/wp-json\/wp\/v2\/pages"}],"about":[{"href":"https:\/\/www.sudariumchristi.com\/ro\/wp-json\/wp\/v2\/types\/page"}],"author":[{"embeddable":true,"href":"https:\/\/www.sudariumchristi.com\/ro\/wp-json\/wp\/v2\/users\/1"}],"replies":[{"embeddable":true,"href":"https:\/\/www.sudariumchristi.com\/ro\/wp-json\/wp\/v2\/comments?post=500"}],"version-history":[{"count":3,"href":"https:\/\/www.sudariumchristi.com\/ro\/wp-json\/wp\/v2\/pages\/500\/revisions"}],"predecessor-version":[{"id":1850,"href":"https:\/\/www.sudariumchristi.com\/ro\/wp-json\/wp\/v2\/pages\/500\/revisions\/1850"}],"up":[{"embeddable":true,"href":"https:\/\/www.sudariumchristi.com\/ro\/wp-json\/wp\/v2\/pages\/452"}],"wp:attachment":[{"href":"https:\/\/www.sudariumchristi.com\/ro\/wp-json\/wp\/v2\/media?parent=500"}],"curies":[{"name":"wp","href":"https:\/\/api.w.org\/{rel}","templated":true}]}}