{"id":521,"date":"2025-11-05T14:32:31","date_gmt":"2025-11-05T13:32:31","guid":{"rendered":"http:\/\/sudariumchristi.stage.bergwerk-it.de\/impressum\/"},"modified":"2025-11-14T13:56:52","modified_gmt":"2025-11-14T12:56:52","slug":"impressum","status":"publish","type":"page","link":"https:\/\/www.sudariumchristi.com\/ro\/impressum\/","title":{"rendered":"Impressum"},"content":{"rendered":"\n<p>Manfred Prosch<br\/>Bauernallee 23<br\/>19288 Ludwigslust<\/p>\n\n<p>Tel.: +49 3874 4240251<br\/>Fax: +49 3874 4240252<br\/>Mail: info@sudariumchristi.com<\/p>\n\n<p>Surs\u0103 fotografii marama de la Manoppello:<br\/>Blandina Paschalis Schl\u00f6mer, Paul Badde, Prof. Andreas Resch, Dr. Raphaela Pallin<\/p>\n\n<p>Pozele sunt proprietatea lui Blandina Paschalis Schl\u00f6mer, Paul Badde \u015fi Eva-Maria Proksch.<\/p>\n\n<p>Surse:<br\/>Badde, Paul: Das G\u00f6ttliche Gesicht, M\u00fcnchen 2006<br\/>Badde, Paul: Das Grabtuch von Turin oder das Geheimnis der heiligen Bilder, M\u00fcnchen 2010<br\/>Badde, Paul: Maria von Guadalupe, Berlin 2004<br\/>Badde, Paul: Woher kommt Marias unsichtbarer Schleier, Die Welt, 25.12.10<br\/>Belting, Hans: Bild und Kult \u2013 Eine Geschichte des Bildes vor dem Zeitalter der Kunst, M\u00fcnchen 1991<br\/>Berger, Klaus: Jesusportrait sorgt f\u00fcr Aufsehen, Die Welt, 05.02.07<br\/>Frascadore, Antonio: Il Sacro Velo il Volto Santo di Manoppello, DVD 2010<br\/>Resch, Andreas: Das Antlitz Christi, Innsbruck 2006<br\/>The Human Face of God, Blagovest Media, 2010<br\/>Schl\u00f6mer, Blandina Paschalis: Jezus Chrystus swiadestwo jego calun\u00f3w, Radom 2009<br\/>Schl\u00f6mer, Blandina Paschalis und Basti, Lidia: Il Volto della Parola Ges\u00fa &#8211; Jesus das Gesicht des Wortes, Teramo 2010<br\/>http:\/\/www.alte-messe.de\/04_gewand.html<br\/>http:\/\/austria-catholica.blogspot.de\/2006\/02\/das-gnadenbild-von-absam-in-tirol_10.html<br\/>http:\/\/de.wikipedia.org<br\/>http:\/\/www.hall-wattens.at\/de\/das-gnadenbild-von-absam.html<br\/>http:\/\/kath-zdw.ch<br\/>http:\/\/www.mexiko-lexikon.de<br\/>http:\/\/www.virgendeguadalupe.org.mx<\/p>\n\n<p>Texte:<br\/>Blandina Paschalis Schl\u00f6mer, Astrid Schwarz,<br\/>Paul Badde, Eva-Maria Proksch<\/p>\n\n<p>Informa\u0163ii legale:<br\/>Pagina noastr\u0103 de internet cuprinde linkuri externe iar con\u0163inuturile acestora este proprietatea respectivului operator de re\u0163ea. Prin urmare, nu avem nici o influen\u0163\u0103 asupra lor \u015fi de aceea nu vom garanta pentru ele. C\u00e2nd au fost introduse pe pagina noastr\u0103 de internet, acestea au fost verificate referitor la posibile viol\u0103ri de drepturi dar nu s-au g\u0103sit con\u0163inuturi ilegale. Un control permanent asupra lor, f\u0103r\u0103 vreo dovad\u0103 concret\u0103 de ilegalitate, ar fi ira\u0163ional. \u00cens\u0103 odat\u0103 ce vom lua la cuno\u015ftin\u0163\u0103 existen\u0163a vreunei ilegalit\u0103\u0163i, vom \u015fterge de pe siteul nostru linkurile respective.      <\/p>\n\n<p>Realizator pagin\u0103 web:<br\/>Janner &amp; Sch\u00f6ne Medien GmbH, Schwerin<\/p>\n","protected":false},"excerpt":{"rendered":"<p>Manfred ProschBauernallee 2319288 Ludwigslust Tel.: +49 3874 4240251Fax: +49 3874 4240252Mail: info@sudariumchristi.com Surs\u0103 fotografii marama de la Manoppello:Blandina Paschalis Schl\u00f6mer, Paul Badde, Prof. Andreas Resch, Dr. Raphaela Pallin Pozele sunt proprietatea lui Blandina Paschalis Schl\u00f6mer, Paul Badde \u015fi Eva-Maria Proksch. Surse:Badde, Paul: Das G\u00f6ttliche Gesicht, M\u00fcnchen 2006Badde, Paul: Das Grabtuch von Turin oder das Geheimnis [&hellip;]<\/p>\n","protected":false},"author":1,"featured_media":0,"parent":0,"menu_order":0,"comment_status":"closed","ping_status":"closed","template":"","meta":{"footnotes":""},"class_list":["post-521","page","type-page","status-publish","hentry"],"_links":{"self":[{"href":"https:\/\/www.sudariumchristi.com\/ro\/wp-json\/wp\/v2\/pages\/521","targetHints":{"allow":["GET"]}}],"collection":[{"href":"https:\/\/www.sudariumchristi.com\/ro\/wp-json\/wp\/v2\/pages"}],"about":[{"href":"https:\/\/www.sudariumchristi.com\/ro\/wp-json\/wp\/v2\/types\/page"}],"author":[{"embeddable":true,"href":"https:\/\/www.sudariumchristi.com\/ro\/wp-json\/wp\/v2\/users\/1"}],"replies":[{"embeddable":true,"href":"https:\/\/www.sudariumchristi.com\/ro\/wp-json\/wp\/v2\/comments?post=521"}],"version-history":[{"count":1,"href":"https:\/\/www.sudariumchristi.com\/ro\/wp-json\/wp\/v2\/pages\/521\/revisions"}],"predecessor-version":[{"id":522,"href":"https:\/\/www.sudariumchristi.com\/ro\/wp-json\/wp\/v2\/pages\/521\/revisions\/522"}],"wp:attachment":[{"href":"https:\/\/www.sudariumchristi.com\/ro\/wp-json\/wp\/v2\/media?parent=521"}],"curies":[{"name":"wp","href":"https:\/\/api.w.org\/{rel}","templated":true}]}}