{"id":537,"date":"2025-11-05T14:03:40","date_gmt":"2025-11-05T13:03:40","guid":{"rendered":"http:\/\/sudariumchristi.stage.bergwerk-it.de\/protectia-datelor\/"},"modified":"2025-11-14T14:34:56","modified_gmt":"2025-11-14T13:34:56","slug":"protectia-datelor","status":"publish","type":"page","link":"https:\/\/www.sudariumchristi.com\/ro\/protectia-datelor\/","title":{"rendered":"Protec\u0163ia datelor"},"content":{"rendered":"\n<h2 class=\"wp-block-heading\">1. Colectarea \u015fi stocarea datelor cu caracter personal, modul \u015fi scopul prelucr\u0103rii acestora<\/h2>\n\n<p><strong>a) La vizitarea website-ului<\/strong><\/p>\n\n<p>La deschiderea website-ului nostru, browser-ul folosit de vizitator trimite automat anumite informa\u0163ii serverului care g\u0103zduie\u015fte site-ul. Aceste informa\u0163ii sunt stocate \u00eentr-un fi\u015fier numit &#8222;logfile\u201d. Urm\u0103toarele informa\u0163ii vor fi colectate \u015fi stocate f\u0103r\u0103 sesizarea vizitatorului:  <\/p>\n\n<ul class=\"wp-block-list\">\n<li>site-ul web vizitat,<\/li>\n\n\n\n<li>tipul \u015fi versiunea browser-ului,<\/li>\n\n\n\n<li>sistemul de operare folosit,<\/li>\n\n\n\n<li>volumul de date transmis, m\u0103surat \u00een octe\u0163i,<\/li>\n\n\n\n<li>sursa\/link-ul de la care a\u0163i ajuns pe acest website,<\/li>\n\n\n\n<li>denumirea host a calculatorului din re\u0163ea,<\/li>\n\n\n\n<li>data\/ora interog\u0103rii serverului,<\/li>\n\n\n\n<li>adresa IP folosit\u0103.<\/li>\n<\/ul>\n\n<p>Cu aceste date nu se poate afla identitatea unei persoane. Aceste informa\u0163ii nu vor fi corelate cu date provenite din ter\u0163e surse. Ne rezerv\u0103m dreptul de a verifica ulterior aceste date, \u00een cazul \u00een care apar indicii cu privire la orice utilizare ilegal\u0103.  <\/p>\n\n<p>Datele men\u0163ionate vor fi folosite de noi \u00een urm\u0103torul scop:<\/p>\n\n<ul class=\"wp-block-list\">\n<li>asigurarea unui acces neproblematic la website,<\/li>\n\n\n\n<li>asigurarea confortului de utilizare a website-ului,<\/li>\n\n\n\n<li>analiza securit\u0103\u0163ii \u015fi stabilit\u0103\u0163ii sistemului \u015fi<\/li>\n\n\n\n<li>alte scopuri administrative.<\/li>\n<\/ul>\n\n<p><strong>b) \u00cen cazul folosirii adresei noastre e-mail<\/strong><\/p>\n\n<p>Pentru solicit\u0103rile de orice gen v\u0103 oferim posibilitatea de a ne contacta la una din adresele e-mail men\u0163ionate pe website-ul nostru. Pentru aceasta va trebui s\u0103 v\u0103 men\u0163iona\u0163i adresa e-mail \u015fi numele, pentru a \u015fti de la cine provine solicitarea respectiv\u0103 \u015fi c\u0103rei persoane \u00eei vom r\u0103spunde. Celelalte date din formular se completeaz\u0103 benevol.  <\/p>\n\n<p>Prelucrarea datelor necesare la contactarea noastr\u0103 se va efectua cu respectarea prev. art. 6 alin. 1 pct. 1 lit. a din Regulamentul General privind Protec\u0163ia Datelor (Germania: \u201eDSGVO\u201d).  <\/p>\n\n<p>Datele cu caracter personal colectate \u00een urma folosirii adresei noastre de e-mail vor fi stocate pentru solu\u0163ionarea solicit\u0103rii trimise \u015fi pentru alte rela\u0163ii suplimentare.<\/p>\n\n<h2 class=\"wp-block-heading\">2. \u015etergerea, resp. blocarea datelor<\/h2>\n\n<p>Vom respecta principiile privind evitarea colect\u0103rii datelor sau reducerea la minim a volumului de date colectate. Vom p\u0103stra datele cu caracter personal numai at\u00e2ta timp c\u00e2t e necesar pentru a atinge scopul men\u0163ionat aici, sau p\u00e2n\u0103 la termenul limit\u0103 de stocare prev\u0103zut de legisla\u0163ia \u00een vigoare. Dup\u0103 atingerea scopului men\u0163ionat, resp. expirarea termenului limit\u0103 de stocare prev\u0103zut de lege, datele respective vor fi blocate sau \u015fterse, cu respectarea prevederilor legale \u00een vigoare.  <\/p>\n\n<h2 class=\"wp-block-heading\">3. Dreptul la informare, la interven\u0163ie, la blocarea \u015fi \u015ftergerea datelor \u015fi dreptul de opozi\u021bie al persoanelor vizate<\/h2>\n\n<p>Drepturile pe care le ave\u0163i sunt urm\u0103toarele:<\/p>\n\n<ul class=\"wp-block-list\">\n<li>dreptul de a fi informat conform prev. art. 15 DSGVO cu privire la datele cu caracter personal prelucrate de noi. Ave\u0163i de asemenea \u015fi dreptul de a corecta, bloca sau, indiferent de modul de stocare a datelor \u00een vederea proces\u0103rii cererii, de a \u015fterge datele cu caracter personal.<br\/>Pentru a se putea proceda oric\u00e2nd la blocarea datelor, acestea trebuie re\u0163inute \u00eentr-un fi\u015fier blocat, \u00een vederea unui control ulterior. Pute\u0163i solicita \u015fi \u015ftergerea datelor cu caracter personal, cu condi\u0163ia ca legea s\u0103 nu ne oblige s\u0103 le arhiv\u0103m corespunz\u0103tor. \u00cen cazul \u00een care vom avea o astfel de obliga\u0163ie, datele vor fi blocate la solicitarea persoanei vizate;   <\/li>\n\n\n\n<li>dreptul de a solicita conf. prev. art. 16 DSGVO corectarea sau completarea ne\u00eent\u00e2rziat\u0103 a datelor cu caracter personal stocate de noi;<\/li>\n\n\n\n<li>dreptul prev\u0103zut la art. 17 DSGVO de a solicita \u015ftergerea datelor cu caracter personal stocate de noi, cu excep\u0163ia cazului \u00een care prelucrarea acestora este necesar\u0103 pentru exercitarea dreptului la libera opinie \u015fi informare, pentru \u00eendeplinirea unor obliga\u0163ii legale, din motive care \u0163in de interesul public sau \u00een vederea formul\u0103rii, exercit\u0103rii sau ap\u0103r\u0103rii unor drepturi legale;<\/li>\n\n\n\n<li>dreptul prev\u0103zut la art. 18 GSGVO de a solicita restric\u0163ionarea prelucr\u0103rii datelor cu caracter personal, \u00een cazul \u00een care a\u0163i reclamat corectitudinea acestora, sau dac\u0103 prelucrarea acestora este ilegal\u0103 \u015fi dvs. refuza\u0163i \u015ftergerea datelor dup\u0103 ce noi nu vom mai avea nevoie de ele, \u00eens\u0103 datele v\u0103 sunt \u00een continuare necesare pentru a v\u0103 formula, exercita sau ap\u0103ra drepturile legale, resp. dac\u0103 a\u0163i contestat anterior prelucrarea acestor date conf. prev. art. 21 DSGVO;<\/li>\n\n\n\n<li>dreptul prev\u0103zut la art. 20 GSDVO de a primi datele cu caracter personal pe care ni le-a\u0163i furnizat, \u00eentr-o form\u0103 structurat\u0103, uzual\u0103 \u015fi lizibil\u0103 automat sau de a solicita transmiterea acestor date unei alte persoane responsabile;<\/li>\n\n\n\n<li>dreptul prev\u0103zut la art. 7 alin. 3 DSGVO de a v\u0103 retrage oric\u00e2nd consim\u0163\u0103m\u00e2ntul acordat anterior. Din acest moment nu vom mai avea dreptul s\u0103 prelucr\u0103m datele \u00een baza consim\u0163\u0103m\u00e2ntului respectiv, iar dvs. ve\u0163i avea  <\/li>\n\n\n\n<li>dreptul prev\u0103zut la art. 77 DSGVO de a depune o notificare la autoritatea de supraveghere. Pentru aceasta, v\u0103 ve\u0163i putea adresa autorit\u0103\u0163ii de supraveghere din localitatea de domiciliu sau \u00een care ave\u0163i locul de munc\u0103, resp. de la sediul \u00eentreprinderii noastre. <\/li>\n<\/ul>\n\n<h2 class=\"wp-block-heading\">4. Dreptul de opozi\u0163ie<\/h2>\n\n<ul class=\"wp-block-list\">\n<li>\u00cen condi\u0163iile \u00een care datele cu caracter personal v\u0103 sunt prelucrate \u00een baza unor interese justificate \u00een conformitate cu prev. art. 6 alin. 1 prop. 1 lit. f DSGVO, ve\u0163i avea dreptul prev\u0103zut la art. 21 DSGVO de a v\u0103 opune \u00eempotriva prelucr\u0103rii datelor cu caracter personal care v\u0103 vizeaz\u0103, din motive legitime legate de situa\u0163ia particular\u0103 personal\u0103, sau de a v\u0103 opune prelucr\u0103rii datelor \u00een scop de marketing direct. \u00cen cazul din urm\u0103, ave\u0163i un drept general de opozi\u0163ie, pe care \u00eel vom respecta f\u0103r\u0103 s\u0103 trebuiasc\u0103 s\u0103 justifica\u0163i solicitarea cu situa\u0163ia particular\u0103 \u00een care v\u0103 afla\u0163i.   <\/li>\n\n\n\n<li>\u00cen cazul \u00een care ve\u0163i dori s\u0103 face\u0163i uz de dreptul de opozi\u0163ie, este suficient s\u0103 trimite\u0163i pe e-mail o notificare corespunz\u0103toare la adresa <a href=\"mailto:info@sudariumchristi.com\">info@sudariumchristi.com<\/a>, care \u00ee\u015fi va face efectul \u00een viitor.<\/li>\n<\/ul>\n\n<h2 class=\"wp-block-heading\">5. Transmiterea datelor<\/h2>\n\n<p>Datele cu caracter personal nu se vor transmite unor ter\u0163i, dec\u00e2t \u00een scopul men\u0163ionat mai jos. Vom transmite unor ter\u0163i datele care v\u0103 vizeaz\u0103 numai \u00een urm\u0103toarele cazuri: <\/p>\n\n<ul class=\"wp-block-list\">\n<li>\u00een cazul \u00een care va-\u0163i dat explicit consim\u0163\u0103m\u00e2ntul prev\u0103zut la art. 6 alin. 1 prop. 1 lit. a DSGVO,  <\/li>\n\n\n\n<li>\u00een cazul \u00een care avem o obliga\u0163ie legal\u0103 de a transmite datele respective conf. prev. art. 6 alin. 1 prop.1 lit. c DSGVO \u015fi dac\u0103 acest lucru e permis de lege \u015fi e necesar pentru procesare cererii dvs., \u00een conformitate cu prev. art. 6 alin. 1 prop. 1 lit. b DSGVO.    <\/li>\n<\/ul>\n\n<h2 class=\"wp-block-heading\">6. Cookies, instrumentele de analiz\u0103, re\u0163elele de socializare \u015fi plug-in-urile YouTube<\/h2>\n\n<p>Pe website-ul nostru nu vom folosi coockies, instrumente de analiz\u0103, re\u0163ele de socializare \u015fi plug-in-uri YouTube.<\/p>\n\n<h2 class=\"wp-block-heading\">7. Actualizarea \u015fi modificarea declara\u0163iei privind protec\u0163ia datelor<\/h2>\n\n<p>Prezenta declara\u0163ie privind protec\u0163ia datelor a fost actualizat\u0103 \u00een <strong>mai 2018.<\/strong><\/p>\n\n<p>Odat\u0103 cu dezvoltarea continu\u0103 a website-ului \u015fi a ofertei noastre, va fi probabil necesar\u0103 \u00een viitor o actualizare a prezentei declara\u0163ii privind datele personale, \u00een conformitate cu prevederile legale \u00een vigoare. Varianta actual\u0103 a declara\u0163iei privind protec\u0163ia datelor personale se poate deschide \u015fi printa de la adresa <a href=\"http:\/\/www.sudariumchristi.com\/de\/privacy\/index.htm\">https:\/\/www.sudariumchristi.com\/ro\/privacy\/index.htm<\/a>. <\/p>\n","protected":false},"excerpt":{"rendered":"<p>1. Colectarea \u015fi stocarea datelor cu caracter personal, modul \u015fi scopul prelucr\u0103rii acestora a) La vizitarea website-ului La deschiderea website-ului nostru, browser-ul folosit de vizitator trimite automat anumite informa\u0163ii serverului care g\u0103zduie\u015fte site-ul. Aceste informa\u0163ii sunt stocate \u00eentr-un fi\u015fier numit &#8222;logfile\u201d. Urm\u0103toarele informa\u0163ii vor fi colectate \u015fi stocate f\u0103r\u0103 sesizarea vizitatorului: Cu aceste date nu [&hellip;]<\/p>\n","protected":false},"author":1,"featured_media":0,"parent":0,"menu_order":0,"comment_status":"closed","ping_status":"closed","template":"","meta":{"footnotes":""},"class_list":["post-537","page","type-page","status-publish","hentry"],"_links":{"self":[{"href":"https:\/\/www.sudariumchristi.com\/ro\/wp-json\/wp\/v2\/pages\/537","targetHints":{"allow":["GET"]}}],"collection":[{"href":"https:\/\/www.sudariumchristi.com\/ro\/wp-json\/wp\/v2\/pages"}],"about":[{"href":"https:\/\/www.sudariumchristi.com\/ro\/wp-json\/wp\/v2\/types\/page"}],"author":[{"embeddable":true,"href":"https:\/\/www.sudariumchristi.com\/ro\/wp-json\/wp\/v2\/users\/1"}],"replies":[{"embeddable":true,"href":"https:\/\/www.sudariumchristi.com\/ro\/wp-json\/wp\/v2\/comments?post=537"}],"version-history":[{"count":1,"href":"https:\/\/www.sudariumchristi.com\/ro\/wp-json\/wp\/v2\/pages\/537\/revisions"}],"predecessor-version":[{"id":538,"href":"https:\/\/www.sudariumchristi.com\/ro\/wp-json\/wp\/v2\/pages\/537\/revisions\/538"}],"wp:attachment":[{"href":"https:\/\/www.sudariumchristi.com\/ro\/wp-json\/wp\/v2\/media?parent=537"}],"curies":[{"name":"wp","href":"https:\/\/api.w.org\/{rel}","templated":true}]}}