{"id":383,"date":"2025-11-05T16:46:57","date_gmt":"2025-11-05T15:46:57","guid":{"rendered":""},"modified":"2025-12-19T13:44:19","modified_gmt":"2025-12-19T12:44:19","slug":"%d0%bd%d0%b5%d1%81%d0%be%d0%be%d1%82%d0%b2%d0%b5%d1%82%d1%81%d1%82%d0%b2%d0%b8%d0%b5-%d0%bd%d0%b0-%d0%ba%d0%be%d0%bb%d0%be%d0%bd%d0%bd%d0%b5-%d1%81%d0%b2%d1%8f%d1%82%d0%be%d0%b9-%d0%b2%d0%b5%d1%80","status":"publish","type":"page","link":"https:\/\/www.sudariumchristi.com\/ru\/%d0%bf%d0%be%d1%8d%d0%b7%d0%b8%d1%8f-%d0%b8-%d0%b8%d1%81%d1%82%d0%b8%d0%bd%d0%b0\/%d0%bd%d0%b5%d1%81%d0%be%d0%be%d1%82%d0%b2%d0%b5%d1%82%d1%81%d1%82%d0%b2%d0%b8%d0%b5-%d0%bd%d0%b0-%d0%ba%d0%be%d0%bb%d0%be%d0%bd%d0%bd%d0%b5-%d1%81%d0%b2%d1%8f%d1%82%d0%be%d0%b9-%d0%b2%d0%b5%d1%80\/","title":{"rendered":"\u041d\u0435\u0441\u043e\u043e\u0442\u0432\u0435\u0442\u0441\u0442\u0432\u0438\u0435 \u043d\u0430 \u043a\u043e\u043b\u043e\u043d\u043d\u0435 \u0441\u0432\u044f\u0442\u043e\u0439 \u0412\u0435\u0440\u043e\u043d\u0438\u043a\u0438"},"content":{"rendered":"\t\t<div data-elementor-type=\"wp-page\" data-elementor-id=\"383\" class=\"elementor elementor-383 elementor-45\" data-elementor-post-type=\"page\">\n\t\t\t\t<div class=\"elementor-element elementor-element-afb83c0 e-flex e-con-boxed e-con e-parent\" data-id=\"afb83c0\" data-element_type=\"container\" data-e-type=\"container\">\n\t\t\t\t\t<div class=\"e-con-inner\">\n\t\t\t\t<div class=\"elementor-element elementor-element-4b76fd5 elementor-blockquote--skin-quotation elementor-blockquote--align-left elementor-widget elementor-widget-blockquote\" data-id=\"4b76fd5\" data-element_type=\"widget\" data-e-type=\"widget\" data-widget_type=\"blockquote.default\">\n\t\t\t\t\t\t\t<blockquote class=\"elementor-blockquote\">\n\t\t\t<p class=\"elementor-blockquote__content\">\n\t\t\t\tVULTUM TUUM DEPRECABUNTUR \u2013 \u2026\u0431\u0443\u0434\u0443\u0442 \u0443\u043c\u043e\u043b\u044f\u0442\u044c \u043b\u0438\u0446\u0435 \u0422\u0432\u043e\u0435\t\t\t<\/p>\n\t\t\t\t\t\t\t<div class=\"e-q-footer\">\n\t\t\t\t\t\t\t\t\t\t\t<cite class=\"elementor-blockquote__author\">(Ps 45,13)<\/cite>\n\t\t\t\t\t\t\t\t\t\t\t\t\t\t<\/div>\n\t\t\t\t\t<\/blockquote>\n\t\t\t\t\t\t<\/div>\n\t\t\t\t<div class=\"elementor-element elementor-element-ec493d8 elementor-widget__width-initial elementor-widget elementor-widget-image-carousel\" data-id=\"ec493d8\" data-element_type=\"widget\" data-e-type=\"widget\" data-settings=\"{&quot;slides_to_show&quot;:&quot;1&quot;,&quot;navigation&quot;:&quot;none&quot;,&quot;lazyload&quot;:&quot;yes&quot;,&quot;autoplay&quot;:&quot;yes&quot;,&quot;pause_on_hover&quot;:&quot;yes&quot;,&quot;pause_on_interaction&quot;:&quot;yes&quot;,&quot;autoplay_speed&quot;:5000,&quot;infinite&quot;:&quot;yes&quot;,&quot;effect&quot;:&quot;slide&quot;,&quot;speed&quot;:500}\" data-widget_type=\"image-carousel.default\">\n\t\t\t\t\t\t\t<div class=\"elementor-image-carousel-wrapper swiper\" role=\"region\" aria-roledescription=\"carousel\" aria-label=\"Bild Karussell\" dir=\"ltr\">\n\t\t\t<div class=\"elementor-image-carousel swiper-wrapper swiper-image-stretch\" aria-live=\"off\">\n\t\t\t\t\t\t\t\t<div class=\"swiper-slide\" role=\"group\" aria-roledescription=\"slide\" aria-label=\"1 \u0438\u0437 7\"><figure class=\"swiper-slide-inner\"><img class=\"swiper-slide-image swiper-lazy\" data-src=\"https:\/\/www.sudariumchristi.com\/wp-content\/uploads\/2025\/12\/veronica_01.jpg\" alt=\"Veronika-Pfeiler\" \/><div class=\"swiper-lazy-preloader\"><\/div><figcaption class=\"elementor-image-carousel-caption\">Veronika-Pfeiler<\/figcaption><\/figure><\/div><div class=\"swiper-slide\" role=\"group\" aria-roledescription=\"slide\" aria-label=\"2 \u0438\u0437 7\"><figure class=\"swiper-slide-inner\"><img class=\"swiper-slide-image swiper-lazy\" data-src=\"https:\/\/www.sudariumchristi.com\/wp-content\/uploads\/2025\/12\/veronica_02.jpg\" alt=\"Veronika mit Schwei\u00dftuch\" \/><div class=\"swiper-lazy-preloader\"><\/div><figcaption class=\"elementor-image-carousel-caption\">Veronika mit Schwei\u00dftuch<\/figcaption><\/figure><\/div><div class=\"swiper-slide\" role=\"group\" aria-roledescription=\"slide\" aria-label=\"3 \u0438\u0437 7\"><figure class=\"swiper-slide-inner\"><img class=\"swiper-slide-image swiper-lazy\" data-src=\"https:\/\/www.sudariumchristi.com\/wp-content\/uploads\/2025\/12\/veronica_03.jpg\" alt=\"Veronika mit Schwei\u00dftuch\" \/><div class=\"swiper-lazy-preloader\"><\/div><figcaption class=\"elementor-image-carousel-caption\">Veronika mit Schwei\u00dftuch<\/figcaption><\/figure><\/div><div class=\"swiper-slide\" role=\"group\" aria-roledescription=\"slide\" aria-label=\"4 \u0438\u0437 7\"><figure class=\"swiper-slide-inner\"><img class=\"swiper-slide-image swiper-lazy\" data-src=\"https:\/\/www.sudariumchristi.com\/wp-content\/uploads\/2025\/12\/veronica_04.jpg\" alt=\"Veronika mit Schwei\u00dftuch\" \/><div class=\"swiper-lazy-preloader\"><\/div><figcaption class=\"elementor-image-carousel-caption\">Veronika mit Schwei\u00dftuch<\/figcaption><\/figure><\/div><div class=\"swiper-slide\" role=\"group\" aria-roledescription=\"slide\" aria-label=\"5 \u0438\u0437 7\"><figure class=\"swiper-slide-inner\"><img class=\"swiper-slide-image swiper-lazy\" data-src=\"https:\/\/www.sudariumchristi.com\/wp-content\/uploads\/2025\/12\/veronica_05.jpg\" alt=\"Engel mit dem Sudarium Christi\" \/><div class=\"swiper-lazy-preloader\"><\/div><figcaption class=\"elementor-image-carousel-caption\">Engel mit dem Sudarium Christi<\/figcaption><\/figure><\/div><div class=\"swiper-slide\" role=\"group\" aria-roledescription=\"slide\" aria-label=\"6 \u0438\u0437 7\"><figure class=\"swiper-slide-inner\"><img class=\"swiper-slide-image swiper-lazy\" data-src=\"https:\/\/www.sudariumchristi.com\/wp-content\/uploads\/2025\/12\/veronica_06.jpg\" alt=\"Engel mit dem Sudarium Christi\" \/><div class=\"swiper-lazy-preloader\"><\/div><figcaption class=\"elementor-image-carousel-caption\">Engel mit dem Sudarium Christi<\/figcaption><\/figure><\/div><div class=\"swiper-slide\" role=\"group\" aria-roledescription=\"slide\" aria-label=\"7 \u0438\u0437 7\"><figure class=\"swiper-slide-inner\"><img class=\"swiper-slide-image swiper-lazy\" data-src=\"https:\/\/www.sudariumchristi.com\/wp-content\/uploads\/2025\/12\/veronica_07.jpg\" alt=\"Engel mit dem Sudarium Christi\" \/><div class=\"swiper-lazy-preloader\"><\/div><figcaption class=\"elementor-image-carousel-caption\">Engel mit dem Sudarium Christi<\/figcaption><\/figure><\/div>\t\t\t<\/div>\n\t\t\t\t\t\t\t\n\t\t\t\t\t\t\t\t\t<\/div>\n\t\t\t\t\t\t<\/div>\n\t\t\t\t<div class=\"elementor-element elementor-element-1e1a280 elementor-widget elementor-widget-text-editor\" data-id=\"1e1a280\" data-element_type=\"widget\" data-e-type=\"widget\" data-widget_type=\"text-editor.default\">\n\t\t\t\t\t\t\t\t\t<p class=\"txt1\">\u041d\u0430 \u043a\u043e\u043b\u043e\u043d\u043d\u0435 \u0441\u0432\u044f\u0442\u043e\u0439 \u0412\u0435\u0440\u043e\u043d\u0438\u043a\u0438 \u0432 \u0421\u043e\u0431\u043e\u0440\u0435 \u0421\u0432\u044f\u0442\u043e\u0433\u043e \u041f\u0435\u0442\u0440\u0430 \u0432 \u0420\u0438\u043c\u0435 \u0431\u044b\u043b\u043e \u043d\u0430\u0439\u0434\u0435\u043d\u043e \u043d\u0435\u0441\u043e\u043e\u0442\u0432\u0435\u0442\u0441\u0442\u0432\u0438\u0435, \u0432\u044b\u0441\u0435\u0447\u0435\u043d\u043d\u043e\u0435 \u0432 \u043a\u0430\u043c\u043d\u0435. \u041d\u0430 \u0441\u043a\u0443\u043b\u044c\u043f\u0442\u0443\u0440\u0435, \u0443\u043a\u0440\u0430\u0448\u0430\u044e\u0449\u0435\u0439 \u043d\u0438\u0436\u043d\u044e\u044e \u0447\u0430\u0441\u0442\u044c \u043a\u043e\u043b\u043e\u043d\u043d\u044b, \u0441\u043e\u0437\u0434\u0430\u043d\u043d\u043e\u0439 \u0432 1646 \u0433\u043e\u0434\u0443 \u0424\u0440\u0430\u043d\u0447\u0435\u0441\u043a\u043e \u041c\u043e\u043a\u0438, \u0412\u0435\u0440\u043e\u043d\u0438\u043a\u0430 \u0434\u0435\u0440\u0436\u0438\u0442 \u043f\u043b\u0430\u0442\u043e\u043a \u0434\u043b\u044f \u0432\u044b\u0442\u0438\u0440\u0430\u043d\u0438\u044f \u043f\u043e\u0442\u0430 \u0441 \u043e\u0431\u0440\u0430\u0437\u043e\u043c, \u043d\u0430 \u043a\u043e\u0442\u043e\u0440\u043e\u043c \u0432\u0438\u0434\u043d\u044b \u0437\u0430\u043a\u0440\u044b\u0442\u044b\u0435 \u0433\u043b\u0430\u0437\u0430. \u0421 \u0434\u0440\u0443\u0433\u043e\u0439 \u0441\u0442\u043e\u0440\u043e\u043d\u044b, \u0430\u043d\u0433\u0435\u043b \u043d\u0430\u0434 \u0431\u0430\u043b\u043a\u043e\u043d\u043e\u043c, \u0432\u0435\u0440\u043e\u044f\u0442\u043d\u043e, \u0441\u043e\u0437\u0434\u0430\u043d\u043d\u044b\u0439 \u0441\u043a\u0443\u043b\u044c\u043f\u0442\u043e\u0440\u043e\u043c \u0448\u043a\u043e\u043b\u044b \u0414\u0436\u0430\u043d\u043b\u043e\u0440\u0435\u043d\u0446\u043e \u0411\u0435\u0440\u043d\u0438\u043d\u0438, \u0434\u0435\u0440\u0436\u0438\u0442 \u043f\u043b\u0430\u0442\u043e\u043a \u0441 \u043e\u0431\u0440\u0430\u0437\u043e\u043c, \u0433\u043b\u0430\u0437\u0430 \u043a\u043e\u0442\u043e\u0440\u043e\u0433\u043e \u043e\u0442\u043a\u0440\u044b\u0442\u044b. \u041e\u0431\u0440\u0430\u0437 \u043f\u043e\u0445\u043e\u0436 \u043d\u0430 \u043b\u0438\u043a \u043d\u0430 \u0441\u0443\u0434\u0430\u0440\u0438\u0443\u043c\u0435 \u0438\u0437 \u041c\u0430\u043d\u043e\u043f\u0435\u043b\u043b\u043e \u2013 \u044d\u0442\u043e \u043b\u0438\u043a \u0425\u0440\u0438\u0441\u0442\u0430.   <\/p><p class=\"txt1\">\u041f\u0440\u043e\u0438\u0437\u0432\u0435\u0434\u0435\u043d\u0438\u0435 <b>\u042f\u043a\u043e\u043f\u043e \u0413\u0440\u0438\u043c\u0430\u043b\u044c\u0434\u0438<\/b> \u201cOpusculum de Sacrosanto Veronicae Sudario\u201d (\u00ab\u041c\u0430\u043b\u0435\u043d\u044c\u043a\u0438\u0439 \u043e\u043f\u0443\u0441 \u043e \u0441\u0432\u044f\u0449\u0435\u043d\u043d\u043e\u043c \u043f\u043b\u0430\u0442\u043a\u0435 \u0412\u0435\u0440\u043e\u043d\u0438\u043a\u0438\u00bb), \u043a\u043e\u0442\u043e\u0440\u044b\u0439 \u0441\u043e\u0441\u0442\u0430\u0432\u0438\u043b \u0434\u0435\u0442\u0430\u043b\u044c\u043d\u0443\u044e \u043e\u043f\u0438\u0441\u044c \u0441\u043e\u043a\u0440\u043e\u0432\u0438\u0449 \u0441\u0442\u0430\u0440\u043e\u0439 \u0431\u0430\u0437\u0438\u043b\u0438\u043a\u0438 \u0441\u0432\u044f\u0442\u043e\u0433\u043e \u041f\u0435\u0442\u0440\u0430, \u0442\u0430\u043a\u0436\u0435 \u0432\u043f\u0435\u0447\u0430\u0442\u043b\u044f\u044e\u0449\u0438\u043c \u043e\u0431\u0440\u0430\u0437\u043e\u043c \u043e\u043f\u0438\u0441\u044b\u0432\u0430\u0435\u0442 \u0438\u0437\u043c\u0435\u043d\u0435\u043d\u0438\u044f \u0432 \u0438\u0437\u043e\u0431\u0440\u0430\u0436\u0435\u043d\u0438\u0438 \u0425\u0440\u0438\u0441\u0442\u0430 \u0432 \u0442\u0435\u0447\u0435\u043d\u0438\u0435 17 \u0432\u0435\u043a\u0430. \u0421\u0443\u0434\u0430\u0440\u0438\u0443\u043c \u043f\u043e\u043a\u0430\u0437\u0430\u043d \u043d\u0430 \u0442\u0438\u0442\u0443\u043b\u044c\u043d\u043e\u0439 \u0441\u0442\u0440\u0430\u043d\u0438\u0446\u0435 \u0442\u043e\u043c\u0430; \u0432 \u0440\u0435\u0434\u0430\u043a\u0446\u0438\u044f\u0445 1618 \u0438 1620 \u0433\u043e\u0434\u043e\u0432 \u043d\u0430 \u043d\u0435\u0439 \u0438\u0437\u043e\u0431\u0440\u0430\u0436\u0435\u043d \u0437\u043d\u0430\u043a\u043e\u043c\u044b\u0439 \u043b\u0438\u043a \u0441 \u043e\u0442\u043a\u0440\u044b\u0442\u044b\u043c\u0438 \u0433\u043b\u0430\u0437\u0430\u043c\u0438, \u043d\u043e \u0432 \u0442\u043e\u0447\u043d\u043e\u0439 \u043a\u043e\u043f\u0438\u0438 \u043e\u0442 1635 \u0433\u043e\u0434\u0430 \u0438\u0437\u043e\u0431\u0440\u0430\u0436\u0435\u043d \u0434\u0440\u0443\u0433\u043e\u0439 \u043b\u0438\u043a \u0441 \u0437\u0430\u043a\u0440\u044b\u0442\u044b\u043c\u0438 \u0433\u043b\u0430\u0437\u0430\u043c\u0438. <\/p>\t\t\t\t\t\t\t\t<\/div>\n\t\t\t\t\t<\/div>\n\t\t\t\t<\/div>\n\t\t\t\t<\/div>\n\t\t","protected":false},"excerpt":{"rendered":"<p>VULTUM TUUM DEPRECABUNTUR \u2013 \u2026\u0431\u0443\u0434\u0443\u0442 \u0443\u043c\u043e\u043b\u044f\u0442\u044c \u043b\u0438\u0446\u0435 \u0422\u0432\u043e\u0435 (Ps 45,13) Veronika-Pfeiler Veronika mit Schwei\u00dftuch Veronika mit Schwei\u00dftuch Veronika mit Schwei\u00dftuch Engel mit dem Sudarium Christi Engel mit dem Sudarium Christi Engel mit dem Sudarium Christi \u041d\u0430 \u043a\u043e\u043b\u043e\u043d\u043d\u0435 \u0441\u0432\u044f\u0442\u043e\u0439 \u0412\u0435\u0440\u043e\u043d\u0438\u043a\u0438 \u0432 \u0421\u043e\u0431\u043e\u0440\u0435 \u0421\u0432\u044f\u0442\u043e\u0433\u043e \u041f\u0435\u0442\u0440\u0430 \u0432 \u0420\u0438\u043c\u0435 \u0431\u044b\u043b\u043e \u043d\u0430\u0439\u0434\u0435\u043d\u043e \u043d\u0435\u0441\u043e\u043e\u0442\u0432\u0435\u0442\u0441\u0442\u0432\u0438\u0435, \u0432\u044b\u0441\u0435\u0447\u0435\u043d\u043d\u043e\u0435 \u0432 \u043a\u0430\u043c\u043d\u0435. \u041d\u0430 \u0441\u043a\u0443\u043b\u044c\u043f\u0442\u0443\u0440\u0435, \u0443\u043a\u0440\u0430\u0448\u0430\u044e\u0449\u0435\u0439 \u043d\u0438\u0436\u043d\u044e\u044e [&hellip;]<\/p>\n","protected":false},"author":1,"featured_media":0,"parent":350,"menu_order":0,"comment_status":"closed","ping_status":"closed","template":"","meta":{"footnotes":""},"class_list":["post-383","page","type-page","status-publish","hentry"],"_links":{"self":[{"href":"https:\/\/www.sudariumchristi.com\/ru\/wp-json\/wp\/v2\/pages\/383","targetHints":{"allow":["GET"]}}],"collection":[{"href":"https:\/\/www.sudariumchristi.com\/ru\/wp-json\/wp\/v2\/pages"}],"about":[{"href":"https:\/\/www.sudariumchristi.com\/ru\/wp-json\/wp\/v2\/types\/page"}],"author":[{"embeddable":true,"href":"https:\/\/www.sudariumchristi.com\/ru\/wp-json\/wp\/v2\/users\/1"}],"replies":[{"embeddable":true,"href":"https:\/\/www.sudariumchristi.com\/ru\/wp-json\/wp\/v2\/comments?post=383"}],"version-history":[{"count":7,"href":"https:\/\/www.sudariumchristi.com\/ru\/wp-json\/wp\/v2\/pages\/383\/revisions"}],"predecessor-version":[{"id":3712,"href":"https:\/\/www.sudariumchristi.com\/ru\/wp-json\/wp\/v2\/pages\/383\/revisions\/3712"}],"up":[{"embeddable":true,"href":"https:\/\/www.sudariumchristi.com\/ru\/wp-json\/wp\/v2\/pages\/350"}],"wp:attachment":[{"href":"https:\/\/www.sudariumchristi.com\/ru\/wp-json\/wp\/v2\/media?parent=383"}],"curies":[{"name":"wp","href":"https:\/\/api.w.org\/{rel}","templated":true}]}}